{"id":8236,"date":"2021-06-15T08:43:53","date_gmt":"2021-06-15T08:43:53","guid":{"rendered":"https:\/\/triangulorequintado.com\/?post_type=product&#038;p=8236"},"modified":"2022-01-16T21:42:38","modified_gmt":"2022-01-16T21:42:38","slug":"regua-tampa-acrilica-reg-30-personalizar","status":"publish","type":"product","link":"https:\/\/hiperfilme.com\/Site-TR\/catalogo-brindes\/uncategorized\/regua-tampa-acrilica-reg-30-personalizar\/","title":{"rendered":"R\u00e9gua Tampa Acr\u00edlica REG-30 para Personalizar"},"content":{"rendered":"<ul>\n<li>Material: pl\u00e1stico<\/li>\n<li>30 cm<\/li>\n<\/ul>\n","protected":false},"excerpt":{"rendered":"<p>R\u00e9gua transparente REG-30, com tampa acr\u00edlica e escala de 30cm impressa para personalizar. Personaliz\u00e1vel em 1 face com inser\u00e7\u00e3o de papel.<\/p>\n<p>Valor apresentado para o Brinde n\u00e3o personalizado. Contacte-nos para or\u00e7amentos de personaliza\u00e7\u00e3o e vantagens na compra de grandes quantidades.<\/p>\n","protected":false},"featured_media":8240,"template":"","meta":[],"product_cat":[15,155],"product_tag":[245],"yoast_head":"<!-- This site is optimized with the Yoast SEO plugin v17.8 - https:\/\/yoast.com\/wordpress\/plugins\/seo\/ -->\n<title>R\u00e9gua Tampa Acr\u00edlica REG-30 para Personalizar | Brindes Online<\/title>\n<meta name=\"description\" content=\"R\u00e9gua transparente REG-30, com tampa acr\u00edlica e escala de 30cm impressa para personalizar. Personaliz\u00e1vel em 1 face com inser\u00e7\u00e3o de papel.\" \/>\n<meta name=\"robots\" content=\"index, follow, max-snippet:-1, max-image-preview:large, max-video-preview:-1\" \/>\n<link rel=\"canonical\" href=\"https:\/\/hiperfilme.com\/Site-TR\/catalogo-brindes\/uncategorized\/regua-tampa-acrilica-reg-30-personalizar\/\" \/>\n<meta property=\"og:locale\" content=\"pt_PT\" \/>\n<meta property=\"og:type\" content=\"article\" \/>\n<meta property=\"og:title\" content=\"R\u00e9gua Tampa Acr\u00edlica REG-30 para Personalizar | Brindes Online\" \/>\n<meta property=\"og:description\" content=\"R\u00e9gua transparente REG-30, com tampa acr\u00edlica e escala de 30cm impressa para personalizar. Personaliz\u00e1vel em 1 face com inser\u00e7\u00e3o de papel.\" \/>\n<meta property=\"og:url\" content=\"https:\/\/hiperfilme.com\/Site-TR\/catalogo-brindes\/uncategorized\/regua-tampa-acrilica-reg-30-personalizar\/\" \/>\n<meta property=\"og:site_name\" content=\"Hiperfilme_TR\" \/>\n<meta property=\"article:modified_time\" content=\"2022-01-16T21:42:38+00:00\" \/>\n<meta property=\"og:image\" content=\"https:\/\/hiperfilme.com\/Site-TR\/wp-content\/uploads\/2021\/06\/REG-transparente.jpg\" \/>\n\t<meta property=\"og:image:width\" content=\"225\" \/>\n\t<meta property=\"og:image:height\" content=\"225\" \/>\n<meta name=\"twitter:card\" content=\"summary_large_image\" \/>\n<script type=\"application\/ld+json\" class=\"yoast-schema-graph\">{\"@context\":\"https:\/\/schema.org\",\"@graph\":[{\"@type\":\"Organization\",\"@id\":\"https:\/\/hiperfilme.com\/Site-TR\/#organization\",\"name\":\"Triangulo Requintado\",\"url\":\"https:\/\/hiperfilme.com\/Site-TR\/\",\"sameAs\":[],\"logo\":{\"@type\":\"ImageObject\",\"@id\":\"https:\/\/hiperfilme.com\/Site-TR\/#logo\",\"inLanguage\":\"pt-PT\",\"url\":\"https:\/\/triangulorequintado.com\/wp-content\/uploads\/2020\/10\/logo-triangulo-requintado-color-248.png\",\"contentUrl\":\"https:\/\/triangulorequintado.com\/wp-content\/uploads\/2020\/10\/logo-triangulo-requintado-color-248.png\",\"width\":248,\"height\":96,\"caption\":\"Triangulo Requintado\"},\"image\":{\"@id\":\"https:\/\/hiperfilme.com\/Site-TR\/#logo\"}},{\"@type\":\"WebSite\",\"@id\":\"https:\/\/hiperfilme.com\/Site-TR\/#website\",\"url\":\"https:\/\/hiperfilme.com\/Site-TR\/\",\"name\":\"Triangulo Requintado\",\"description\":\"Estampagens e Brindes\",\"publisher\":{\"@id\":\"https:\/\/hiperfilme.com\/Site-TR\/#organization\"},\"potentialAction\":[{\"@type\":\"SearchAction\",\"target\":{\"@type\":\"EntryPoint\",\"urlTemplate\":\"https:\/\/hiperfilme.com\/Site-TR\/?s={search_term_string}\"},\"query-input\":\"required name=search_term_string\"}],\"inLanguage\":\"pt-PT\"},{\"@type\":\"ImageObject\",\"@id\":\"https:\/\/hiperfilme.com\/Site-TR\/catalogo-brindes\/uncategorized\/regua-tampa-acrilica-reg-30-personalizar\/#primaryimage\",\"inLanguage\":\"pt-PT\",\"url\":\"https:\/\/hiperfilme.com\/Site-TR\/wp-content\/uploads\/2021\/06\/REG-transparente.jpg\",\"contentUrl\":\"https:\/\/hiperfilme.com\/Site-TR\/wp-content\/uploads\/2021\/06\/REG-transparente.jpg\",\"width\":225,\"height\":225},{\"@type\":\"WebPage\",\"@id\":\"https:\/\/hiperfilme.com\/Site-TR\/catalogo-brindes\/uncategorized\/regua-tampa-acrilica-reg-30-personalizar\/#webpage\",\"url\":\"https:\/\/hiperfilme.com\/Site-TR\/catalogo-brindes\/uncategorized\/regua-tampa-acrilica-reg-30-personalizar\/\",\"name\":\"R\\u00e9gua Tampa Acr\\u00edlica REG-30 para Personalizar | Brindes Online\",\"isPartOf\":{\"@id\":\"https:\/\/hiperfilme.com\/Site-TR\/#website\"},\"primaryImageOfPage\":{\"@id\":\"https:\/\/hiperfilme.com\/Site-TR\/catalogo-brindes\/uncategorized\/regua-tampa-acrilica-reg-30-personalizar\/#primaryimage\"},\"datePublished\":\"2021-06-15T08:43:53+00:00\",\"dateModified\":\"2022-01-16T21:42:38+00:00\",\"description\":\"R\\u00e9gua transparente REG-30, com tampa acr\\u00edlica e escala de 30cm impressa para personalizar. Personaliz\\u00e1vel em 1 face com inser\\u00e7\\u00e3o de papel.\",\"breadcrumb\":{\"@id\":\"https:\/\/hiperfilme.com\/Site-TR\/catalogo-brindes\/uncategorized\/regua-tampa-acrilica-reg-30-personalizar\/#breadcrumb\"},\"inLanguage\":\"pt-PT\",\"potentialAction\":[{\"@type\":\"ReadAction\",\"target\":[\"https:\/\/hiperfilme.com\/Site-TR\/catalogo-brindes\/uncategorized\/regua-tampa-acrilica-reg-30-personalizar\/\"]}]},{\"@type\":\"BreadcrumbList\",\"@id\":\"https:\/\/hiperfilme.com\/Site-TR\/catalogo-brindes\/uncategorized\/regua-tampa-acrilica-reg-30-personalizar\/#breadcrumb\",\"itemListElement\":[{\"@type\":\"ListItem\",\"position\":1,\"name\":\"In\\u00edcio\",\"item\":\"https:\/\/hiperfilme.com\/Site-TR\/\"},{\"@type\":\"ListItem\",\"position\":2,\"name\":\"Cat\\u00e1logo de Brindes\",\"item\":\"https:\/\/hiperfilme.com\/Site-TR\/catalogo-brindes\/\"},{\"@type\":\"ListItem\",\"position\":3,\"name\":\"R\\u00e9gua Tampa Acr\\u00edlica REG-30 para Personalizar\"}]}]}<\/script>\n<!-- \/ Yoast SEO plugin. -->","yoast_head_json":{"title":"R\u00e9gua Tampa Acr\u00edlica REG-30 para Personalizar | Brindes Online","description":"R\u00e9gua transparente REG-30, com tampa acr\u00edlica e escala de 30cm impressa para personalizar. Personaliz\u00e1vel em 1 face com inser\u00e7\u00e3o de papel.","robots":{"index":"index","follow":"follow","max-snippet":"max-snippet:-1","max-image-preview":"max-image-preview:large","max-video-preview":"max-video-preview:-1"},"canonical":"https:\/\/hiperfilme.com\/Site-TR\/catalogo-brindes\/uncategorized\/regua-tampa-acrilica-reg-30-personalizar\/","og_locale":"pt_PT","og_type":"article","og_title":"R\u00e9gua Tampa Acr\u00edlica REG-30 para Personalizar | Brindes Online","og_description":"R\u00e9gua transparente REG-30, com tampa acr\u00edlica e escala de 30cm impressa para personalizar. Personaliz\u00e1vel em 1 face com inser\u00e7\u00e3o de papel.","og_url":"https:\/\/hiperfilme.com\/Site-TR\/catalogo-brindes\/uncategorized\/regua-tampa-acrilica-reg-30-personalizar\/","og_site_name":"Hiperfilme_TR","article_modified_time":"2022-01-16T21:42:38+00:00","og_image":[{"width":225,"height":225,"url":"https:\/\/hiperfilme.com\/Site-TR\/wp-content\/uploads\/2021\/06\/REG-transparente.jpg","type":"image\/jpeg"}],"twitter_card":"summary_large_image","schema":{"@context":"https:\/\/schema.org","@graph":[{"@type":"Organization","@id":"https:\/\/hiperfilme.com\/Site-TR\/#organization","name":"Triangulo Requintado","url":"https:\/\/hiperfilme.com\/Site-TR\/","sameAs":[],"logo":{"@type":"ImageObject","@id":"https:\/\/hiperfilme.com\/Site-TR\/#logo","inLanguage":"pt-PT","url":"https:\/\/triangulorequintado.com\/wp-content\/uploads\/2020\/10\/logo-triangulo-requintado-color-248.png","contentUrl":"https:\/\/triangulorequintado.com\/wp-content\/uploads\/2020\/10\/logo-triangulo-requintado-color-248.png","width":248,"height":96,"caption":"Triangulo Requintado"},"image":{"@id":"https:\/\/hiperfilme.com\/Site-TR\/#logo"}},{"@type":"WebSite","@id":"https:\/\/hiperfilme.com\/Site-TR\/#website","url":"https:\/\/hiperfilme.com\/Site-TR\/","name":"Triangulo Requintado","description":"Estampagens e Brindes","publisher":{"@id":"https:\/\/hiperfilme.com\/Site-TR\/#organization"},"potentialAction":[{"@type":"SearchAction","target":{"@type":"EntryPoint","urlTemplate":"https:\/\/hiperfilme.com\/Site-TR\/?s={search_term_string}"},"query-input":"required name=search_term_string"}],"inLanguage":"pt-PT"},{"@type":"ImageObject","@id":"https:\/\/hiperfilme.com\/Site-TR\/catalogo-brindes\/uncategorized\/regua-tampa-acrilica-reg-30-personalizar\/#primaryimage","inLanguage":"pt-PT","url":"https:\/\/hiperfilme.com\/Site-TR\/wp-content\/uploads\/2021\/06\/REG-transparente.jpg","contentUrl":"https:\/\/hiperfilme.com\/Site-TR\/wp-content\/uploads\/2021\/06\/REG-transparente.jpg","width":225,"height":225},{"@type":"WebPage","@id":"https:\/\/hiperfilme.com\/Site-TR\/catalogo-brindes\/uncategorized\/regua-tampa-acrilica-reg-30-personalizar\/#webpage","url":"https:\/\/hiperfilme.com\/Site-TR\/catalogo-brindes\/uncategorized\/regua-tampa-acrilica-reg-30-personalizar\/","name":"R\u00e9gua Tampa Acr\u00edlica REG-30 para Personalizar | Brindes Online","isPartOf":{"@id":"https:\/\/hiperfilme.com\/Site-TR\/#website"},"primaryImageOfPage":{"@id":"https:\/\/hiperfilme.com\/Site-TR\/catalogo-brindes\/uncategorized\/regua-tampa-acrilica-reg-30-personalizar\/#primaryimage"},"datePublished":"2021-06-15T08:43:53+00:00","dateModified":"2022-01-16T21:42:38+00:00","description":"R\u00e9gua transparente REG-30, com tampa acr\u00edlica e escala de 30cm impressa para personalizar. Personaliz\u00e1vel em 1 face com inser\u00e7\u00e3o de papel.","breadcrumb":{"@id":"https:\/\/hiperfilme.com\/Site-TR\/catalogo-brindes\/uncategorized\/regua-tampa-acrilica-reg-30-personalizar\/#breadcrumb"},"inLanguage":"pt-PT","potentialAction":[{"@type":"ReadAction","target":["https:\/\/hiperfilme.com\/Site-TR\/catalogo-brindes\/uncategorized\/regua-tampa-acrilica-reg-30-personalizar\/"]}]},{"@type":"BreadcrumbList","@id":"https:\/\/hiperfilme.com\/Site-TR\/catalogo-brindes\/uncategorized\/regua-tampa-acrilica-reg-30-personalizar\/#breadcrumb","itemListElement":[{"@type":"ListItem","position":1,"name":"In\u00edcio","item":"https:\/\/hiperfilme.com\/Site-TR\/"},{"@type":"ListItem","position":2,"name":"Cat\u00e1logo de Brindes","item":"https:\/\/hiperfilme.com\/Site-TR\/catalogo-brindes\/"},{"@type":"ListItem","position":3,"name":"R\u00e9gua Tampa Acr\u00edlica REG-30 para Personalizar"}]}]}},"_links":{"self":[{"href":"https:\/\/hiperfilme.com\/Site-TR\/wp-json\/wp\/v2\/product\/8236"}],"collection":[{"href":"https:\/\/hiperfilme.com\/Site-TR\/wp-json\/wp\/v2\/product"}],"about":[{"href":"https:\/\/hiperfilme.com\/Site-TR\/wp-json\/wp\/v2\/types\/product"}],"wp:featuredmedia":[{"embeddable":true,"href":"https:\/\/hiperfilme.com\/Site-TR\/wp-json\/wp\/v2\/media\/8240"}],"wp:attachment":[{"href":"https:\/\/hiperfilme.com\/Site-TR\/wp-json\/wp\/v2\/media?parent=8236"}],"wp:term":[{"taxonomy":"product_cat","embeddable":true,"href":"https:\/\/hiperfilme.com\/Site-TR\/wp-json\/wp\/v2\/product_cat?post=8236"},{"taxonomy":"product_tag","embeddable":true,"href":"https:\/\/hiperfilme.com\/Site-TR\/wp-json\/wp\/v2\/product_tag?post=8236"}],"curies":[{"name":"wp","href":"https:\/\/api.w.org\/{rel}","templated":true}]}}