{"id":7290,"date":"2021-06-08T15:06:34","date_gmt":"2021-06-08T15:06:34","guid":{"rendered":"https:\/\/triangulorequintado.com\/?post_type=product&#038;p=7290"},"modified":"2021-06-08T15:06:35","modified_gmt":"2021-06-08T15:06:35","slug":"esferografica-swirl-personalizar","status":"publish","type":"product","link":"https:\/\/hiperfilme.com\/Site-TR\/catalogo-brindes\/escrita\/esferograficas\/esferografica-swirl-personalizar\/","title":{"rendered":"Esferogr\u00e1fica Swirl para Personalizar"},"content":{"rendered":"<ul>\n<li>Material: Pl\u00e1stico \/ Clipe de metal<\/li>\n<li>Sistema: Pulsar \/ Bot\u00e3o<\/li>\n<li>Escrita: Azul<\/li>\n<\/ul>\n","protected":false},"excerpt":{"rendered":"<p>Esferogr\u00e1fica de pl\u00e1stico clip de metal para personalizar. Escrita azul, sistema pulsar. Clip em metal prateado. Dispon\u00edvel em v\u00e1rias cores.<\/p>\n<p>Valor apresentado para o Brinde n\u00e3o personalizado. Contacte-nos para or\u00e7amentos de personaliza\u00e7\u00e3o e vantagens na compra de grandes quantidades.<\/p>\n","protected":false},"featured_media":7302,"template":"","meta":[],"product_cat":[192,193],"product_tag":[245],"yoast_head":"<!-- This site is optimized with the Yoast SEO plugin v17.8 - https:\/\/yoast.com\/wordpress\/plugins\/seo\/ -->\n<title>Esferogr\u00e1fica Swirl para Personalizar | Brindes Online<\/title>\n<meta name=\"description\" content=\"Esferogr\u00e1fica de pl\u00e1stico clip de metal para personalizar. Escrita azul, sistema pulsar. Clip em metal prateado. Dispon\u00edvel em v\u00e1rias cores\" \/>\n<meta name=\"robots\" content=\"index, follow, max-snippet:-1, max-image-preview:large, max-video-preview:-1\" \/>\n<link rel=\"canonical\" href=\"https:\/\/hiperfilme.com\/Site-TR\/catalogo-brindes\/escrita\/esferograficas\/esferografica-swirl-personalizar\/\" \/>\n<meta property=\"og:locale\" content=\"pt_PT\" \/>\n<meta property=\"og:type\" content=\"article\" \/>\n<meta property=\"og:title\" content=\"Esferogr\u00e1fica Swirl para Personalizar | Brindes Online\" \/>\n<meta property=\"og:description\" content=\"Esferogr\u00e1fica de pl\u00e1stico clip de metal para personalizar. Escrita azul, sistema pulsar. Clip em metal prateado. Dispon\u00edvel em v\u00e1rias cores\" \/>\n<meta property=\"og:url\" content=\"https:\/\/hiperfilme.com\/Site-TR\/catalogo-brindes\/escrita\/esferograficas\/esferografica-swirl-personalizar\/\" \/>\n<meta property=\"og:site_name\" content=\"Hiperfilme_TR\" \/>\n<meta property=\"article:modified_time\" content=\"2021-06-08T15:06:35+00:00\" \/>\n<meta property=\"og:image\" content=\"https:\/\/hiperfilme.com\/Site-TR\/wp-content\/uploads\/2021\/06\/131432-verde.jpg\" \/>\n\t<meta property=\"og:image:width\" content=\"600\" \/>\n\t<meta property=\"og:image:height\" content=\"600\" \/>\n<meta name=\"twitter:card\" content=\"summary_large_image\" \/>\n<script type=\"application\/ld+json\" class=\"yoast-schema-graph\">{\"@context\":\"https:\/\/schema.org\",\"@graph\":[{\"@type\":\"Organization\",\"@id\":\"https:\/\/hiperfilme.com\/Site-TR\/#organization\",\"name\":\"Triangulo Requintado\",\"url\":\"https:\/\/hiperfilme.com\/Site-TR\/\",\"sameAs\":[],\"logo\":{\"@type\":\"ImageObject\",\"@id\":\"https:\/\/hiperfilme.com\/Site-TR\/#logo\",\"inLanguage\":\"pt-PT\",\"url\":\"https:\/\/triangulorequintado.com\/wp-content\/uploads\/2020\/10\/logo-triangulo-requintado-color-248.png\",\"contentUrl\":\"https:\/\/triangulorequintado.com\/wp-content\/uploads\/2020\/10\/logo-triangulo-requintado-color-248.png\",\"width\":248,\"height\":96,\"caption\":\"Triangulo Requintado\"},\"image\":{\"@id\":\"https:\/\/hiperfilme.com\/Site-TR\/#logo\"}},{\"@type\":\"WebSite\",\"@id\":\"https:\/\/hiperfilme.com\/Site-TR\/#website\",\"url\":\"https:\/\/hiperfilme.com\/Site-TR\/\",\"name\":\"Triangulo Requintado\",\"description\":\"Estampagens e Brindes\",\"publisher\":{\"@id\":\"https:\/\/hiperfilme.com\/Site-TR\/#organization\"},\"potentialAction\":[{\"@type\":\"SearchAction\",\"target\":{\"@type\":\"EntryPoint\",\"urlTemplate\":\"https:\/\/hiperfilme.com\/Site-TR\/?s={search_term_string}\"},\"query-input\":\"required name=search_term_string\"}],\"inLanguage\":\"pt-PT\"},{\"@type\":\"ImageObject\",\"@id\":\"https:\/\/hiperfilme.com\/Site-TR\/catalogo-brindes\/escrita\/esferograficas\/esferografica-swirl-personalizar\/#primaryimage\",\"inLanguage\":\"pt-PT\",\"url\":\"https:\/\/hiperfilme.com\/Site-TR\/wp-content\/uploads\/2021\/06\/131432-verde.jpg\",\"contentUrl\":\"https:\/\/hiperfilme.com\/Site-TR\/wp-content\/uploads\/2021\/06\/131432-verde.jpg\",\"width\":600,\"height\":600},{\"@type\":\"WebPage\",\"@id\":\"https:\/\/hiperfilme.com\/Site-TR\/catalogo-brindes\/escrita\/esferograficas\/esferografica-swirl-personalizar\/#webpage\",\"url\":\"https:\/\/hiperfilme.com\/Site-TR\/catalogo-brindes\/escrita\/esferograficas\/esferografica-swirl-personalizar\/\",\"name\":\"Esferogr\\u00e1fica Swirl para Personalizar | Brindes Online\",\"isPartOf\":{\"@id\":\"https:\/\/hiperfilme.com\/Site-TR\/#website\"},\"primaryImageOfPage\":{\"@id\":\"https:\/\/hiperfilme.com\/Site-TR\/catalogo-brindes\/escrita\/esferograficas\/esferografica-swirl-personalizar\/#primaryimage\"},\"datePublished\":\"2021-06-08T15:06:34+00:00\",\"dateModified\":\"2021-06-08T15:06:35+00:00\",\"description\":\"Esferogr\\u00e1fica de pl\\u00e1stico clip de metal para personalizar. Escrita azul, sistema pulsar. Clip em metal prateado. Dispon\\u00edvel em v\\u00e1rias cores\",\"breadcrumb\":{\"@id\":\"https:\/\/hiperfilme.com\/Site-TR\/catalogo-brindes\/escrita\/esferograficas\/esferografica-swirl-personalizar\/#breadcrumb\"},\"inLanguage\":\"pt-PT\",\"potentialAction\":[{\"@type\":\"ReadAction\",\"target\":[\"https:\/\/hiperfilme.com\/Site-TR\/catalogo-brindes\/escrita\/esferograficas\/esferografica-swirl-personalizar\/\"]}]},{\"@type\":\"BreadcrumbList\",\"@id\":\"https:\/\/hiperfilme.com\/Site-TR\/catalogo-brindes\/escrita\/esferograficas\/esferografica-swirl-personalizar\/#breadcrumb\",\"itemListElement\":[{\"@type\":\"ListItem\",\"position\":1,\"name\":\"In\\u00edcio\",\"item\":\"https:\/\/hiperfilme.com\/Site-TR\/\"},{\"@type\":\"ListItem\",\"position\":2,\"name\":\"Cat\\u00e1logo de Brindes\",\"item\":\"https:\/\/hiperfilme.com\/Site-TR\/catalogo-brindes\/\"},{\"@type\":\"ListItem\",\"position\":3,\"name\":\"Esferogr\\u00e1fica Swirl para Personalizar\"}]}]}<\/script>\n<!-- \/ Yoast SEO plugin. -->","yoast_head_json":{"title":"Esferogr\u00e1fica Swirl para Personalizar | Brindes Online","description":"Esferogr\u00e1fica de pl\u00e1stico clip de metal para personalizar. Escrita azul, sistema pulsar. Clip em metal prateado. Dispon\u00edvel em v\u00e1rias cores","robots":{"index":"index","follow":"follow","max-snippet":"max-snippet:-1","max-image-preview":"max-image-preview:large","max-video-preview":"max-video-preview:-1"},"canonical":"https:\/\/hiperfilme.com\/Site-TR\/catalogo-brindes\/escrita\/esferograficas\/esferografica-swirl-personalizar\/","og_locale":"pt_PT","og_type":"article","og_title":"Esferogr\u00e1fica Swirl para Personalizar | Brindes Online","og_description":"Esferogr\u00e1fica de pl\u00e1stico clip de metal para personalizar. Escrita azul, sistema pulsar. Clip em metal prateado. Dispon\u00edvel em v\u00e1rias cores","og_url":"https:\/\/hiperfilme.com\/Site-TR\/catalogo-brindes\/escrita\/esferograficas\/esferografica-swirl-personalizar\/","og_site_name":"Hiperfilme_TR","article_modified_time":"2021-06-08T15:06:35+00:00","og_image":[{"width":600,"height":600,"url":"https:\/\/hiperfilme.com\/Site-TR\/wp-content\/uploads\/2021\/06\/131432-verde.jpg","type":"image\/jpeg"}],"twitter_card":"summary_large_image","schema":{"@context":"https:\/\/schema.org","@graph":[{"@type":"Organization","@id":"https:\/\/hiperfilme.com\/Site-TR\/#organization","name":"Triangulo Requintado","url":"https:\/\/hiperfilme.com\/Site-TR\/","sameAs":[],"logo":{"@type":"ImageObject","@id":"https:\/\/hiperfilme.com\/Site-TR\/#logo","inLanguage":"pt-PT","url":"https:\/\/triangulorequintado.com\/wp-content\/uploads\/2020\/10\/logo-triangulo-requintado-color-248.png","contentUrl":"https:\/\/triangulorequintado.com\/wp-content\/uploads\/2020\/10\/logo-triangulo-requintado-color-248.png","width":248,"height":96,"caption":"Triangulo Requintado"},"image":{"@id":"https:\/\/hiperfilme.com\/Site-TR\/#logo"}},{"@type":"WebSite","@id":"https:\/\/hiperfilme.com\/Site-TR\/#website","url":"https:\/\/hiperfilme.com\/Site-TR\/","name":"Triangulo Requintado","description":"Estampagens e Brindes","publisher":{"@id":"https:\/\/hiperfilme.com\/Site-TR\/#organization"},"potentialAction":[{"@type":"SearchAction","target":{"@type":"EntryPoint","urlTemplate":"https:\/\/hiperfilme.com\/Site-TR\/?s={search_term_string}"},"query-input":"required name=search_term_string"}],"inLanguage":"pt-PT"},{"@type":"ImageObject","@id":"https:\/\/hiperfilme.com\/Site-TR\/catalogo-brindes\/escrita\/esferograficas\/esferografica-swirl-personalizar\/#primaryimage","inLanguage":"pt-PT","url":"https:\/\/hiperfilme.com\/Site-TR\/wp-content\/uploads\/2021\/06\/131432-verde.jpg","contentUrl":"https:\/\/hiperfilme.com\/Site-TR\/wp-content\/uploads\/2021\/06\/131432-verde.jpg","width":600,"height":600},{"@type":"WebPage","@id":"https:\/\/hiperfilme.com\/Site-TR\/catalogo-brindes\/escrita\/esferograficas\/esferografica-swirl-personalizar\/#webpage","url":"https:\/\/hiperfilme.com\/Site-TR\/catalogo-brindes\/escrita\/esferograficas\/esferografica-swirl-personalizar\/","name":"Esferogr\u00e1fica Swirl para Personalizar | Brindes Online","isPartOf":{"@id":"https:\/\/hiperfilme.com\/Site-TR\/#website"},"primaryImageOfPage":{"@id":"https:\/\/hiperfilme.com\/Site-TR\/catalogo-brindes\/escrita\/esferograficas\/esferografica-swirl-personalizar\/#primaryimage"},"datePublished":"2021-06-08T15:06:34+00:00","dateModified":"2021-06-08T15:06:35+00:00","description":"Esferogr\u00e1fica de pl\u00e1stico clip de metal para personalizar. Escrita azul, sistema pulsar. Clip em metal prateado. Dispon\u00edvel em v\u00e1rias cores","breadcrumb":{"@id":"https:\/\/hiperfilme.com\/Site-TR\/catalogo-brindes\/escrita\/esferograficas\/esferografica-swirl-personalizar\/#breadcrumb"},"inLanguage":"pt-PT","potentialAction":[{"@type":"ReadAction","target":["https:\/\/hiperfilme.com\/Site-TR\/catalogo-brindes\/escrita\/esferograficas\/esferografica-swirl-personalizar\/"]}]},{"@type":"BreadcrumbList","@id":"https:\/\/hiperfilme.com\/Site-TR\/catalogo-brindes\/escrita\/esferograficas\/esferografica-swirl-personalizar\/#breadcrumb","itemListElement":[{"@type":"ListItem","position":1,"name":"In\u00edcio","item":"https:\/\/hiperfilme.com\/Site-TR\/"},{"@type":"ListItem","position":2,"name":"Cat\u00e1logo de Brindes","item":"https:\/\/hiperfilme.com\/Site-TR\/catalogo-brindes\/"},{"@type":"ListItem","position":3,"name":"Esferogr\u00e1fica Swirl para Personalizar"}]}]}},"_links":{"self":[{"href":"https:\/\/hiperfilme.com\/Site-TR\/wp-json\/wp\/v2\/product\/7290"}],"collection":[{"href":"https:\/\/hiperfilme.com\/Site-TR\/wp-json\/wp\/v2\/product"}],"about":[{"href":"https:\/\/hiperfilme.com\/Site-TR\/wp-json\/wp\/v2\/types\/product"}],"wp:featuredmedia":[{"embeddable":true,"href":"https:\/\/hiperfilme.com\/Site-TR\/wp-json\/wp\/v2\/media\/7302"}],"wp:attachment":[{"href":"https:\/\/hiperfilme.com\/Site-TR\/wp-json\/wp\/v2\/media?parent=7290"}],"wp:term":[{"taxonomy":"product_cat","embeddable":true,"href":"https:\/\/hiperfilme.com\/Site-TR\/wp-json\/wp\/v2\/product_cat?post=7290"},{"taxonomy":"product_tag","embeddable":true,"href":"https:\/\/hiperfilme.com\/Site-TR\/wp-json\/wp\/v2\/product_tag?post=7290"}],"curies":[{"name":"wp","href":"https:\/\/api.w.org\/{rel}","templated":true}]}}