{"id":5944,"date":"2021-06-02T16:57:38","date_gmt":"2021-06-02T16:57:38","guid":{"rendered":"https:\/\/triangulorequintado.com\/?post_type=product&#038;p=5944"},"modified":"2021-06-02T16:57:38","modified_gmt":"2021-06-02T16:57:38","slug":"camisa-manga-comprida-oxford-masculina-personalizar","status":"publish","type":"product","link":"https:\/\/hiperfilme.com\/Site-TR\/catalogo-brindes\/texteis\/camisa-manga-comprida-oxford-masculina-personalizar\/","title":{"rendered":"Camisa Manga Comprida Oxford Masculina para Personalizar"},"content":{"rendered":"<ul>\n<li>Material: 100% Algod\u00e3o Org\u00e2nico<\/li>\n<li>Manga Comprida<\/li>\n<li>Gramagem: 130 g\/m<\/li>\n<\/ul>\n","protected":false},"excerpt":{"rendered":"<p>Camisa Oxford manga comprida 140 gramas feita 100% de algod\u00e3o org\u00e2nico. Varias cores para personaliza\u00e7\u00e3o.<\/p>\n<p>Valor apresentado para o Brinde n\u00e3o personalizado. Contacte-nos para or\u00e7amentos de personaliza\u00e7\u00e3o e vantagens na compra de grandes quantidades.<\/p>\n","protected":false},"featured_media":5967,"template":"","meta":[],"product_cat":[160],"product_tag":[249],"yoast_head":"<!-- This site is optimized with the Yoast SEO plugin v17.8 - https:\/\/yoast.com\/wordpress\/plugins\/seo\/ -->\n<title>Camisa Manga Comprida Oxford Masculina Personalizar | Brindes Online<\/title>\n<meta name=\"description\" content=\"Camisa Oxford manga comprida 140 gramas feita 100% de algod\u00e3o org\u00e2nico. Varias cores para personaliza\u00e7\u00e3o.\" \/>\n<meta name=\"robots\" content=\"index, follow, max-snippet:-1, max-image-preview:large, max-video-preview:-1\" \/>\n<link rel=\"canonical\" href=\"https:\/\/hiperfilme.com\/Site-TR\/catalogo-brindes\/texteis\/camisa-manga-comprida-oxford-masculina-personalizar\/\" \/>\n<meta property=\"og:locale\" content=\"pt_PT\" \/>\n<meta property=\"og:type\" content=\"article\" \/>\n<meta property=\"og:title\" content=\"Camisa Manga Comprida Oxford Masculina Personalizar | Brindes Online\" \/>\n<meta property=\"og:description\" content=\"Camisa Oxford manga comprida 140 gramas feita 100% de algod\u00e3o org\u00e2nico. Varias cores para personaliza\u00e7\u00e3o.\" \/>\n<meta property=\"og:url\" content=\"https:\/\/hiperfilme.com\/Site-TR\/catalogo-brindes\/texteis\/camisa-manga-comprida-oxford-masculina-personalizar\/\" \/>\n<meta property=\"og:site_name\" content=\"Hiperfilme_TR\" \/>\n<meta property=\"og:image\" content=\"https:\/\/hiperfilme.com\/Site-TR\/wp-content\/uploads\/2021\/06\/RU570185TR-camisa-oxford-para-ser-personalizada1.jpg\" \/>\n\t<meta property=\"og:image:width\" content=\"600\" \/>\n\t<meta property=\"og:image:height\" content=\"600\" \/>\n<meta name=\"twitter:card\" content=\"summary_large_image\" \/>\n<script type=\"application\/ld+json\" class=\"yoast-schema-graph\">{\"@context\":\"https:\/\/schema.org\",\"@graph\":[{\"@type\":\"Organization\",\"@id\":\"https:\/\/hiperfilme.com\/Site-TR\/#organization\",\"name\":\"Triangulo Requintado\",\"url\":\"https:\/\/hiperfilme.com\/Site-TR\/\",\"sameAs\":[],\"logo\":{\"@type\":\"ImageObject\",\"@id\":\"https:\/\/hiperfilme.com\/Site-TR\/#logo\",\"inLanguage\":\"pt-PT\",\"url\":\"https:\/\/triangulorequintado.com\/wp-content\/uploads\/2020\/10\/logo-triangulo-requintado-color-248.png\",\"contentUrl\":\"https:\/\/triangulorequintado.com\/wp-content\/uploads\/2020\/10\/logo-triangulo-requintado-color-248.png\",\"width\":248,\"height\":96,\"caption\":\"Triangulo Requintado\"},\"image\":{\"@id\":\"https:\/\/hiperfilme.com\/Site-TR\/#logo\"}},{\"@type\":\"WebSite\",\"@id\":\"https:\/\/hiperfilme.com\/Site-TR\/#website\",\"url\":\"https:\/\/hiperfilme.com\/Site-TR\/\",\"name\":\"Triangulo Requintado\",\"description\":\"Estampagens e Brindes\",\"publisher\":{\"@id\":\"https:\/\/hiperfilme.com\/Site-TR\/#organization\"},\"potentialAction\":[{\"@type\":\"SearchAction\",\"target\":{\"@type\":\"EntryPoint\",\"urlTemplate\":\"https:\/\/hiperfilme.com\/Site-TR\/?s={search_term_string}\"},\"query-input\":\"required name=search_term_string\"}],\"inLanguage\":\"pt-PT\"},{\"@type\":\"ImageObject\",\"@id\":\"https:\/\/hiperfilme.com\/Site-TR\/catalogo-brindes\/texteis\/camisa-manga-comprida-oxford-masculina-personalizar\/#primaryimage\",\"inLanguage\":\"pt-PT\",\"url\":\"https:\/\/hiperfilme.com\/Site-TR\/wp-content\/uploads\/2021\/06\/RU570185TR-camisa-oxford-para-ser-personalizada1.jpg\",\"contentUrl\":\"https:\/\/hiperfilme.com\/Site-TR\/wp-content\/uploads\/2021\/06\/RU570185TR-camisa-oxford-para-ser-personalizada1.jpg\",\"width\":600,\"height\":600},{\"@type\":\"WebPage\",\"@id\":\"https:\/\/hiperfilme.com\/Site-TR\/catalogo-brindes\/texteis\/camisa-manga-comprida-oxford-masculina-personalizar\/#webpage\",\"url\":\"https:\/\/hiperfilme.com\/Site-TR\/catalogo-brindes\/texteis\/camisa-manga-comprida-oxford-masculina-personalizar\/\",\"name\":\"Camisa Manga Comprida Oxford Masculina Personalizar | Brindes Online\",\"isPartOf\":{\"@id\":\"https:\/\/hiperfilme.com\/Site-TR\/#website\"},\"primaryImageOfPage\":{\"@id\":\"https:\/\/hiperfilme.com\/Site-TR\/catalogo-brindes\/texteis\/camisa-manga-comprida-oxford-masculina-personalizar\/#primaryimage\"},\"datePublished\":\"2021-06-02T16:57:38+00:00\",\"dateModified\":\"2021-06-02T16:57:38+00:00\",\"description\":\"Camisa Oxford manga comprida 140 gramas feita 100% de algod\\u00e3o org\\u00e2nico. Varias cores para personaliza\\u00e7\\u00e3o.\",\"breadcrumb\":{\"@id\":\"https:\/\/hiperfilme.com\/Site-TR\/catalogo-brindes\/texteis\/camisa-manga-comprida-oxford-masculina-personalizar\/#breadcrumb\"},\"inLanguage\":\"pt-PT\",\"potentialAction\":[{\"@type\":\"ReadAction\",\"target\":[\"https:\/\/hiperfilme.com\/Site-TR\/catalogo-brindes\/texteis\/camisa-manga-comprida-oxford-masculina-personalizar\/\"]}]},{\"@type\":\"BreadcrumbList\",\"@id\":\"https:\/\/hiperfilme.com\/Site-TR\/catalogo-brindes\/texteis\/camisa-manga-comprida-oxford-masculina-personalizar\/#breadcrumb\",\"itemListElement\":[{\"@type\":\"ListItem\",\"position\":1,\"name\":\"In\\u00edcio\",\"item\":\"https:\/\/hiperfilme.com\/Site-TR\/\"},{\"@type\":\"ListItem\",\"position\":2,\"name\":\"Cat\\u00e1logo de Brindes\",\"item\":\"https:\/\/hiperfilme.com\/Site-TR\/catalogo-brindes\/\"},{\"@type\":\"ListItem\",\"position\":3,\"name\":\"Camisa Manga Comprida Oxford Masculina para Personalizar\"}]}]}<\/script>\n<!-- \/ Yoast SEO plugin. -->","yoast_head_json":{"title":"Camisa Manga Comprida Oxford Masculina Personalizar | Brindes Online","description":"Camisa Oxford manga comprida 140 gramas feita 100% de algod\u00e3o org\u00e2nico. Varias cores para personaliza\u00e7\u00e3o.","robots":{"index":"index","follow":"follow","max-snippet":"max-snippet:-1","max-image-preview":"max-image-preview:large","max-video-preview":"max-video-preview:-1"},"canonical":"https:\/\/hiperfilme.com\/Site-TR\/catalogo-brindes\/texteis\/camisa-manga-comprida-oxford-masculina-personalizar\/","og_locale":"pt_PT","og_type":"article","og_title":"Camisa Manga Comprida Oxford Masculina Personalizar | Brindes Online","og_description":"Camisa Oxford manga comprida 140 gramas feita 100% de algod\u00e3o org\u00e2nico. Varias cores para personaliza\u00e7\u00e3o.","og_url":"https:\/\/hiperfilme.com\/Site-TR\/catalogo-brindes\/texteis\/camisa-manga-comprida-oxford-masculina-personalizar\/","og_site_name":"Hiperfilme_TR","og_image":[{"width":600,"height":600,"url":"https:\/\/hiperfilme.com\/Site-TR\/wp-content\/uploads\/2021\/06\/RU570185TR-camisa-oxford-para-ser-personalizada1.jpg","type":"image\/jpeg"}],"twitter_card":"summary_large_image","schema":{"@context":"https:\/\/schema.org","@graph":[{"@type":"Organization","@id":"https:\/\/hiperfilme.com\/Site-TR\/#organization","name":"Triangulo Requintado","url":"https:\/\/hiperfilme.com\/Site-TR\/","sameAs":[],"logo":{"@type":"ImageObject","@id":"https:\/\/hiperfilme.com\/Site-TR\/#logo","inLanguage":"pt-PT","url":"https:\/\/triangulorequintado.com\/wp-content\/uploads\/2020\/10\/logo-triangulo-requintado-color-248.png","contentUrl":"https:\/\/triangulorequintado.com\/wp-content\/uploads\/2020\/10\/logo-triangulo-requintado-color-248.png","width":248,"height":96,"caption":"Triangulo Requintado"},"image":{"@id":"https:\/\/hiperfilme.com\/Site-TR\/#logo"}},{"@type":"WebSite","@id":"https:\/\/hiperfilme.com\/Site-TR\/#website","url":"https:\/\/hiperfilme.com\/Site-TR\/","name":"Triangulo Requintado","description":"Estampagens e Brindes","publisher":{"@id":"https:\/\/hiperfilme.com\/Site-TR\/#organization"},"potentialAction":[{"@type":"SearchAction","target":{"@type":"EntryPoint","urlTemplate":"https:\/\/hiperfilme.com\/Site-TR\/?s={search_term_string}"},"query-input":"required name=search_term_string"}],"inLanguage":"pt-PT"},{"@type":"ImageObject","@id":"https:\/\/hiperfilme.com\/Site-TR\/catalogo-brindes\/texteis\/camisa-manga-comprida-oxford-masculina-personalizar\/#primaryimage","inLanguage":"pt-PT","url":"https:\/\/hiperfilme.com\/Site-TR\/wp-content\/uploads\/2021\/06\/RU570185TR-camisa-oxford-para-ser-personalizada1.jpg","contentUrl":"https:\/\/hiperfilme.com\/Site-TR\/wp-content\/uploads\/2021\/06\/RU570185TR-camisa-oxford-para-ser-personalizada1.jpg","width":600,"height":600},{"@type":"WebPage","@id":"https:\/\/hiperfilme.com\/Site-TR\/catalogo-brindes\/texteis\/camisa-manga-comprida-oxford-masculina-personalizar\/#webpage","url":"https:\/\/hiperfilme.com\/Site-TR\/catalogo-brindes\/texteis\/camisa-manga-comprida-oxford-masculina-personalizar\/","name":"Camisa Manga Comprida Oxford Masculina Personalizar | Brindes Online","isPartOf":{"@id":"https:\/\/hiperfilme.com\/Site-TR\/#website"},"primaryImageOfPage":{"@id":"https:\/\/hiperfilme.com\/Site-TR\/catalogo-brindes\/texteis\/camisa-manga-comprida-oxford-masculina-personalizar\/#primaryimage"},"datePublished":"2021-06-02T16:57:38+00:00","dateModified":"2021-06-02T16:57:38+00:00","description":"Camisa Oxford manga comprida 140 gramas feita 100% de algod\u00e3o org\u00e2nico. Varias cores para personaliza\u00e7\u00e3o.","breadcrumb":{"@id":"https:\/\/hiperfilme.com\/Site-TR\/catalogo-brindes\/texteis\/camisa-manga-comprida-oxford-masculina-personalizar\/#breadcrumb"},"inLanguage":"pt-PT","potentialAction":[{"@type":"ReadAction","target":["https:\/\/hiperfilme.com\/Site-TR\/catalogo-brindes\/texteis\/camisa-manga-comprida-oxford-masculina-personalizar\/"]}]},{"@type":"BreadcrumbList","@id":"https:\/\/hiperfilme.com\/Site-TR\/catalogo-brindes\/texteis\/camisa-manga-comprida-oxford-masculina-personalizar\/#breadcrumb","itemListElement":[{"@type":"ListItem","position":1,"name":"In\u00edcio","item":"https:\/\/hiperfilme.com\/Site-TR\/"},{"@type":"ListItem","position":2,"name":"Cat\u00e1logo de Brindes","item":"https:\/\/hiperfilme.com\/Site-TR\/catalogo-brindes\/"},{"@type":"ListItem","position":3,"name":"Camisa Manga Comprida Oxford Masculina para Personalizar"}]}]}},"_links":{"self":[{"href":"https:\/\/hiperfilme.com\/Site-TR\/wp-json\/wp\/v2\/product\/5944"}],"collection":[{"href":"https:\/\/hiperfilme.com\/Site-TR\/wp-json\/wp\/v2\/product"}],"about":[{"href":"https:\/\/hiperfilme.com\/Site-TR\/wp-json\/wp\/v2\/types\/product"}],"wp:featuredmedia":[{"embeddable":true,"href":"https:\/\/hiperfilme.com\/Site-TR\/wp-json\/wp\/v2\/media\/5967"}],"wp:attachment":[{"href":"https:\/\/hiperfilme.com\/Site-TR\/wp-json\/wp\/v2\/media?parent=5944"}],"wp:term":[{"taxonomy":"product_cat","embeddable":true,"href":"https:\/\/hiperfilme.com\/Site-TR\/wp-json\/wp\/v2\/product_cat?post=5944"},{"taxonomy":"product_tag","embeddable":true,"href":"https:\/\/hiperfilme.com\/Site-TR\/wp-json\/wp\/v2\/product_tag?post=5944"}],"curies":[{"name":"wp","href":"https:\/\/api.w.org\/{rel}","templated":true}]}}