{"id":5857,"date":"2021-06-02T11:40:12","date_gmt":"2021-06-02T11:40:12","guid":{"rendered":"https:\/\/triangulorequintado.com\/?post_type=product&#038;p=5857"},"modified":"2021-06-02T11:40:12","modified_gmt":"2021-06-02T11:40:12","slug":"saco-asas-curtas-shorthandle-personalizar","status":"publish","type":"product","link":"https:\/\/hiperfilme.com\/Site-TR\/catalogo-brindes\/mochilas-sacos-bolsas\/sacos\/saco-asas-curtas-shorthandle-personalizar\/","title":{"rendered":"Saco de Asas Curtas Shorthandle para Personalizar"},"content":{"rendered":"<ul>\n<li>Medidas: 38 x 42 cm<\/li>\n<li>Peso: 95gm<\/li>\n<li>Material: 100% Algod\u00e3o<\/li>\n<li>Asas Curtas<\/li>\n<\/ul>\n","protected":false},"excerpt":{"rendered":"<p>Saco com asas curtas 100% algod\u00e3o 95 gramas. Apenas uma \u00fanica cor para personaliza\u00e7\u00e3o.<\/p>\n<p>Valor apresentado para o Brinde n\u00e3o personalizado. Contacte-nos para or\u00e7amentos de personaliza\u00e7\u00e3o e vantagens na compra de grandes quantidades.<\/p>\n","protected":false},"featured_media":5860,"template":"","meta":[],"product_cat":[180,182],"product_tag":[245],"yoast_head":"<!-- This site is optimized with the Yoast SEO plugin v17.8 - https:\/\/yoast.com\/wordpress\/plugins\/seo\/ -->\n<title>Saco de Asas Curtas Shorthandle para Personalizar | Brindes Online<\/title>\n<meta name=\"description\" content=\"Saco com asas curtas 100% algod\u00e3o 95 gramas. Apenas uma \u00fanica cor para personaliza\u00e7\u00e3o.\" \/>\n<meta name=\"robots\" content=\"index, follow, max-snippet:-1, max-image-preview:large, max-video-preview:-1\" \/>\n<link rel=\"canonical\" href=\"https:\/\/hiperfilme.com\/Site-TR\/catalogo-brindes\/mochilas-sacos-bolsas\/sacos\/saco-asas-curtas-shorthandle-personalizar\/\" \/>\n<meta property=\"og:locale\" content=\"pt_PT\" \/>\n<meta property=\"og:type\" content=\"article\" \/>\n<meta property=\"og:title\" content=\"Saco de Asas Curtas Shorthandle para Personalizar | Brindes Online\" \/>\n<meta property=\"og:description\" content=\"Saco com asas curtas 100% algod\u00e3o 95 gramas. Apenas uma \u00fanica cor para personaliza\u00e7\u00e3o.\" \/>\n<meta property=\"og:url\" content=\"https:\/\/hiperfilme.com\/Site-TR\/catalogo-brindes\/mochilas-sacos-bolsas\/sacos\/saco-asas-curtas-shorthandle-personalizar\/\" \/>\n<meta property=\"og:site_name\" content=\"Hiperfilme_TR\" \/>\n<meta property=\"og:image\" content=\"https:\/\/hiperfilme.com\/Site-TR\/wp-content\/uploads\/2021\/06\/311005TR-saco-shorthandle-para-ser-personalizado.jpg\" \/>\n\t<meta property=\"og:image:width\" content=\"600\" \/>\n\t<meta property=\"og:image:height\" content=\"600\" \/>\n<meta name=\"twitter:card\" content=\"summary_large_image\" \/>\n<script type=\"application\/ld+json\" class=\"yoast-schema-graph\">{\"@context\":\"https:\/\/schema.org\",\"@graph\":[{\"@type\":\"Organization\",\"@id\":\"https:\/\/hiperfilme.com\/Site-TR\/#organization\",\"name\":\"Triangulo Requintado\",\"url\":\"https:\/\/hiperfilme.com\/Site-TR\/\",\"sameAs\":[],\"logo\":{\"@type\":\"ImageObject\",\"@id\":\"https:\/\/hiperfilme.com\/Site-TR\/#logo\",\"inLanguage\":\"pt-PT\",\"url\":\"https:\/\/triangulorequintado.com\/wp-content\/uploads\/2020\/10\/logo-triangulo-requintado-color-248.png\",\"contentUrl\":\"https:\/\/triangulorequintado.com\/wp-content\/uploads\/2020\/10\/logo-triangulo-requintado-color-248.png\",\"width\":248,\"height\":96,\"caption\":\"Triangulo Requintado\"},\"image\":{\"@id\":\"https:\/\/hiperfilme.com\/Site-TR\/#logo\"}},{\"@type\":\"WebSite\",\"@id\":\"https:\/\/hiperfilme.com\/Site-TR\/#website\",\"url\":\"https:\/\/hiperfilme.com\/Site-TR\/\",\"name\":\"Triangulo Requintado\",\"description\":\"Estampagens e Brindes\",\"publisher\":{\"@id\":\"https:\/\/hiperfilme.com\/Site-TR\/#organization\"},\"potentialAction\":[{\"@type\":\"SearchAction\",\"target\":{\"@type\":\"EntryPoint\",\"urlTemplate\":\"https:\/\/hiperfilme.com\/Site-TR\/?s={search_term_string}\"},\"query-input\":\"required name=search_term_string\"}],\"inLanguage\":\"pt-PT\"},{\"@type\":\"ImageObject\",\"@id\":\"https:\/\/hiperfilme.com\/Site-TR\/catalogo-brindes\/mochilas-sacos-bolsas\/sacos\/saco-asas-curtas-shorthandle-personalizar\/#primaryimage\",\"inLanguage\":\"pt-PT\",\"url\":\"https:\/\/hiperfilme.com\/Site-TR\/wp-content\/uploads\/2021\/06\/311005TR-saco-shorthandle-para-ser-personalizado.jpg\",\"contentUrl\":\"https:\/\/hiperfilme.com\/Site-TR\/wp-content\/uploads\/2021\/06\/311005TR-saco-shorthandle-para-ser-personalizado.jpg\",\"width\":600,\"height\":600},{\"@type\":\"WebPage\",\"@id\":\"https:\/\/hiperfilme.com\/Site-TR\/catalogo-brindes\/mochilas-sacos-bolsas\/sacos\/saco-asas-curtas-shorthandle-personalizar\/#webpage\",\"url\":\"https:\/\/hiperfilme.com\/Site-TR\/catalogo-brindes\/mochilas-sacos-bolsas\/sacos\/saco-asas-curtas-shorthandle-personalizar\/\",\"name\":\"Saco de Asas Curtas Shorthandle para Personalizar | Brindes Online\",\"isPartOf\":{\"@id\":\"https:\/\/hiperfilme.com\/Site-TR\/#website\"},\"primaryImageOfPage\":{\"@id\":\"https:\/\/hiperfilme.com\/Site-TR\/catalogo-brindes\/mochilas-sacos-bolsas\/sacos\/saco-asas-curtas-shorthandle-personalizar\/#primaryimage\"},\"datePublished\":\"2021-06-02T11:40:12+00:00\",\"dateModified\":\"2021-06-02T11:40:12+00:00\",\"description\":\"Saco com asas curtas 100% algod\\u00e3o 95 gramas. Apenas uma \\u00fanica cor para personaliza\\u00e7\\u00e3o.\",\"breadcrumb\":{\"@id\":\"https:\/\/hiperfilme.com\/Site-TR\/catalogo-brindes\/mochilas-sacos-bolsas\/sacos\/saco-asas-curtas-shorthandle-personalizar\/#breadcrumb\"},\"inLanguage\":\"pt-PT\",\"potentialAction\":[{\"@type\":\"ReadAction\",\"target\":[\"https:\/\/hiperfilme.com\/Site-TR\/catalogo-brindes\/mochilas-sacos-bolsas\/sacos\/saco-asas-curtas-shorthandle-personalizar\/\"]}]},{\"@type\":\"BreadcrumbList\",\"@id\":\"https:\/\/hiperfilme.com\/Site-TR\/catalogo-brindes\/mochilas-sacos-bolsas\/sacos\/saco-asas-curtas-shorthandle-personalizar\/#breadcrumb\",\"itemListElement\":[{\"@type\":\"ListItem\",\"position\":1,\"name\":\"In\\u00edcio\",\"item\":\"https:\/\/hiperfilme.com\/Site-TR\/\"},{\"@type\":\"ListItem\",\"position\":2,\"name\":\"Cat\\u00e1logo de Brindes\",\"item\":\"https:\/\/hiperfilme.com\/Site-TR\/catalogo-brindes\/\"},{\"@type\":\"ListItem\",\"position\":3,\"name\":\"Saco de Asas Curtas Shorthandle para Personalizar\"}]}]}<\/script>\n<!-- \/ Yoast SEO plugin. -->","yoast_head_json":{"title":"Saco de Asas Curtas Shorthandle para Personalizar | Brindes Online","description":"Saco com asas curtas 100% algod\u00e3o 95 gramas. Apenas uma \u00fanica cor para personaliza\u00e7\u00e3o.","robots":{"index":"index","follow":"follow","max-snippet":"max-snippet:-1","max-image-preview":"max-image-preview:large","max-video-preview":"max-video-preview:-1"},"canonical":"https:\/\/hiperfilme.com\/Site-TR\/catalogo-brindes\/mochilas-sacos-bolsas\/sacos\/saco-asas-curtas-shorthandle-personalizar\/","og_locale":"pt_PT","og_type":"article","og_title":"Saco de Asas Curtas Shorthandle para Personalizar | Brindes Online","og_description":"Saco com asas curtas 100% algod\u00e3o 95 gramas. Apenas uma \u00fanica cor para personaliza\u00e7\u00e3o.","og_url":"https:\/\/hiperfilme.com\/Site-TR\/catalogo-brindes\/mochilas-sacos-bolsas\/sacos\/saco-asas-curtas-shorthandle-personalizar\/","og_site_name":"Hiperfilme_TR","og_image":[{"width":600,"height":600,"url":"https:\/\/hiperfilme.com\/Site-TR\/wp-content\/uploads\/2021\/06\/311005TR-saco-shorthandle-para-ser-personalizado.jpg","type":"image\/jpeg"}],"twitter_card":"summary_large_image","schema":{"@context":"https:\/\/schema.org","@graph":[{"@type":"Organization","@id":"https:\/\/hiperfilme.com\/Site-TR\/#organization","name":"Triangulo Requintado","url":"https:\/\/hiperfilme.com\/Site-TR\/","sameAs":[],"logo":{"@type":"ImageObject","@id":"https:\/\/hiperfilme.com\/Site-TR\/#logo","inLanguage":"pt-PT","url":"https:\/\/triangulorequintado.com\/wp-content\/uploads\/2020\/10\/logo-triangulo-requintado-color-248.png","contentUrl":"https:\/\/triangulorequintado.com\/wp-content\/uploads\/2020\/10\/logo-triangulo-requintado-color-248.png","width":248,"height":96,"caption":"Triangulo Requintado"},"image":{"@id":"https:\/\/hiperfilme.com\/Site-TR\/#logo"}},{"@type":"WebSite","@id":"https:\/\/hiperfilme.com\/Site-TR\/#website","url":"https:\/\/hiperfilme.com\/Site-TR\/","name":"Triangulo Requintado","description":"Estampagens e Brindes","publisher":{"@id":"https:\/\/hiperfilme.com\/Site-TR\/#organization"},"potentialAction":[{"@type":"SearchAction","target":{"@type":"EntryPoint","urlTemplate":"https:\/\/hiperfilme.com\/Site-TR\/?s={search_term_string}"},"query-input":"required name=search_term_string"}],"inLanguage":"pt-PT"},{"@type":"ImageObject","@id":"https:\/\/hiperfilme.com\/Site-TR\/catalogo-brindes\/mochilas-sacos-bolsas\/sacos\/saco-asas-curtas-shorthandle-personalizar\/#primaryimage","inLanguage":"pt-PT","url":"https:\/\/hiperfilme.com\/Site-TR\/wp-content\/uploads\/2021\/06\/311005TR-saco-shorthandle-para-ser-personalizado.jpg","contentUrl":"https:\/\/hiperfilme.com\/Site-TR\/wp-content\/uploads\/2021\/06\/311005TR-saco-shorthandle-para-ser-personalizado.jpg","width":600,"height":600},{"@type":"WebPage","@id":"https:\/\/hiperfilme.com\/Site-TR\/catalogo-brindes\/mochilas-sacos-bolsas\/sacos\/saco-asas-curtas-shorthandle-personalizar\/#webpage","url":"https:\/\/hiperfilme.com\/Site-TR\/catalogo-brindes\/mochilas-sacos-bolsas\/sacos\/saco-asas-curtas-shorthandle-personalizar\/","name":"Saco de Asas Curtas Shorthandle para Personalizar | Brindes Online","isPartOf":{"@id":"https:\/\/hiperfilme.com\/Site-TR\/#website"},"primaryImageOfPage":{"@id":"https:\/\/hiperfilme.com\/Site-TR\/catalogo-brindes\/mochilas-sacos-bolsas\/sacos\/saco-asas-curtas-shorthandle-personalizar\/#primaryimage"},"datePublished":"2021-06-02T11:40:12+00:00","dateModified":"2021-06-02T11:40:12+00:00","description":"Saco com asas curtas 100% algod\u00e3o 95 gramas. Apenas uma \u00fanica cor para personaliza\u00e7\u00e3o.","breadcrumb":{"@id":"https:\/\/hiperfilme.com\/Site-TR\/catalogo-brindes\/mochilas-sacos-bolsas\/sacos\/saco-asas-curtas-shorthandle-personalizar\/#breadcrumb"},"inLanguage":"pt-PT","potentialAction":[{"@type":"ReadAction","target":["https:\/\/hiperfilme.com\/Site-TR\/catalogo-brindes\/mochilas-sacos-bolsas\/sacos\/saco-asas-curtas-shorthandle-personalizar\/"]}]},{"@type":"BreadcrumbList","@id":"https:\/\/hiperfilme.com\/Site-TR\/catalogo-brindes\/mochilas-sacos-bolsas\/sacos\/saco-asas-curtas-shorthandle-personalizar\/#breadcrumb","itemListElement":[{"@type":"ListItem","position":1,"name":"In\u00edcio","item":"https:\/\/hiperfilme.com\/Site-TR\/"},{"@type":"ListItem","position":2,"name":"Cat\u00e1logo de Brindes","item":"https:\/\/hiperfilme.com\/Site-TR\/catalogo-brindes\/"},{"@type":"ListItem","position":3,"name":"Saco de Asas Curtas Shorthandle para Personalizar"}]}]}},"_links":{"self":[{"href":"https:\/\/hiperfilme.com\/Site-TR\/wp-json\/wp\/v2\/product\/5857"}],"collection":[{"href":"https:\/\/hiperfilme.com\/Site-TR\/wp-json\/wp\/v2\/product"}],"about":[{"href":"https:\/\/hiperfilme.com\/Site-TR\/wp-json\/wp\/v2\/types\/product"}],"wp:featuredmedia":[{"embeddable":true,"href":"https:\/\/hiperfilme.com\/Site-TR\/wp-json\/wp\/v2\/media\/5860"}],"wp:attachment":[{"href":"https:\/\/hiperfilme.com\/Site-TR\/wp-json\/wp\/v2\/media?parent=5857"}],"wp:term":[{"taxonomy":"product_cat","embeddable":true,"href":"https:\/\/hiperfilme.com\/Site-TR\/wp-json\/wp\/v2\/product_cat?post=5857"},{"taxonomy":"product_tag","embeddable":true,"href":"https:\/\/hiperfilme.com\/Site-TR\/wp-json\/wp\/v2\/product_tag?post=5857"}],"curies":[{"name":"wp","href":"https:\/\/api.w.org\/{rel}","templated":true}]}}