{"id":5379,"date":"2021-03-12T12:51:31","date_gmt":"2021-03-12T12:51:31","guid":{"rendered":"https:\/\/triangulorequintado.com\/?post_type=product&#038;p=5379"},"modified":"2021-03-12T12:51:31","modified_gmt":"2021-03-12T12:51:31","slug":"roll-up-personalizado-estrutura","status":"publish","type":"product","link":"https:\/\/hiperfilme.com\/Site-TR\/catalogo-brindes\/suportes-publicitarios\/roll-ups\/roll-up-personalizado-estrutura\/","title":{"rendered":"Roll-up Personalizado com Estrutura Inclu\u00edda"},"content":{"rendered":"<ul>\n<li>Medidas: 200&#215;85 cm<\/li>\n<li>Com estrutura inclu\u00edda<\/li>\n<li>Com impress\u00e3o inclu\u00edda<\/li>\n<li>F\u00e1cil e r\u00e1pido de montar<\/li>\n<li>Estrutura de alum\u00ednio cinza<\/li>\n<li>Inclui saco de transporte<\/li>\n<\/ul>\n","protected":false},"excerpt":{"rendered":"<p>Roll-up com 200&#215;85 cm com estrutura inclu\u00edda. F\u00e1cil e r\u00e1pido de montar. Inclui saco de transporte. Personalize como pretender.<\/p>\n<p>Contacte-nos para or\u00e7amentos de personaliza\u00e7\u00e3o e\/ou outras medidas e vantagens na compra de grandes quantidades.<\/p>\n","protected":false},"featured_media":5380,"template":"","meta":[],"product_cat":[220,217],"product_tag":[],"yoast_head":"<!-- This site is optimized with the Yoast SEO plugin v17.8 - https:\/\/yoast.com\/wordpress\/plugins\/seo\/ -->\n<title>Roll-up Personalizado com Estrutura Inclu\u00edda | Brindes Publicit\u00e1rios Online<\/title>\n<meta name=\"description\" content=\"Roll-up com 200x85 cm com estrutura inclu\u00edda. F\u00e1cil e r\u00e1pido de montar. Inclui saco de transporte. Personalize como pretender.\" \/>\n<meta name=\"robots\" content=\"index, follow, max-snippet:-1, max-image-preview:large, max-video-preview:-1\" \/>\n<link rel=\"canonical\" href=\"https:\/\/hiperfilme.com\/Site-TR\/catalogo-brindes\/suportes-publicitarios\/roll-ups\/roll-up-personalizado-estrutura\/\" \/>\n<meta property=\"og:locale\" content=\"pt_PT\" \/>\n<meta property=\"og:type\" content=\"article\" \/>\n<meta property=\"og:title\" content=\"Roll-up Personalizado com Estrutura Inclu\u00edda | Brindes Publicit\u00e1rios Online\" \/>\n<meta property=\"og:description\" content=\"Roll-up com 200x85 cm com estrutura inclu\u00edda. F\u00e1cil e r\u00e1pido de montar. Inclui saco de transporte. Personalize como pretender.\" \/>\n<meta property=\"og:url\" content=\"https:\/\/hiperfilme.com\/Site-TR\/catalogo-brindes\/suportes-publicitarios\/roll-ups\/roll-up-personalizado-estrutura\/\" \/>\n<meta property=\"og:site_name\" content=\"Hiperfilme_TR\" \/>\n<meta property=\"og:image\" content=\"https:\/\/hiperfilme.com\/Site-TR\/wp-content\/uploads\/2021\/03\/Roll-Up.jpg\" \/>\n\t<meta property=\"og:image:width\" content=\"700\" \/>\n\t<meta property=\"og:image:height\" content=\"700\" \/>\n<meta name=\"twitter:card\" content=\"summary_large_image\" \/>\n<script type=\"application\/ld+json\" class=\"yoast-schema-graph\">{\"@context\":\"https:\/\/schema.org\",\"@graph\":[{\"@type\":\"Organization\",\"@id\":\"https:\/\/hiperfilme.com\/Site-TR\/#organization\",\"name\":\"Triangulo Requintado\",\"url\":\"https:\/\/hiperfilme.com\/Site-TR\/\",\"sameAs\":[],\"logo\":{\"@type\":\"ImageObject\",\"@id\":\"https:\/\/hiperfilme.com\/Site-TR\/#logo\",\"inLanguage\":\"pt-PT\",\"url\":\"https:\/\/triangulorequintado.com\/wp-content\/uploads\/2020\/10\/logo-triangulo-requintado-color-248.png\",\"contentUrl\":\"https:\/\/triangulorequintado.com\/wp-content\/uploads\/2020\/10\/logo-triangulo-requintado-color-248.png\",\"width\":248,\"height\":96,\"caption\":\"Triangulo Requintado\"},\"image\":{\"@id\":\"https:\/\/hiperfilme.com\/Site-TR\/#logo\"}},{\"@type\":\"WebSite\",\"@id\":\"https:\/\/hiperfilme.com\/Site-TR\/#website\",\"url\":\"https:\/\/hiperfilme.com\/Site-TR\/\",\"name\":\"Triangulo Requintado\",\"description\":\"Estampagens e Brindes\",\"publisher\":{\"@id\":\"https:\/\/hiperfilme.com\/Site-TR\/#organization\"},\"potentialAction\":[{\"@type\":\"SearchAction\",\"target\":{\"@type\":\"EntryPoint\",\"urlTemplate\":\"https:\/\/hiperfilme.com\/Site-TR\/?s={search_term_string}\"},\"query-input\":\"required name=search_term_string\"}],\"inLanguage\":\"pt-PT\"},{\"@type\":\"ImageObject\",\"@id\":\"https:\/\/hiperfilme.com\/Site-TR\/catalogo-brindes\/suportes-publicitarios\/roll-ups\/roll-up-personalizado-estrutura\/#primaryimage\",\"inLanguage\":\"pt-PT\",\"url\":\"https:\/\/hiperfilme.com\/Site-TR\/wp-content\/uploads\/2021\/03\/Roll-Up.jpg\",\"contentUrl\":\"https:\/\/hiperfilme.com\/Site-TR\/wp-content\/uploads\/2021\/03\/Roll-Up.jpg\",\"width\":700,\"height\":700},{\"@type\":\"WebPage\",\"@id\":\"https:\/\/hiperfilme.com\/Site-TR\/catalogo-brindes\/suportes-publicitarios\/roll-ups\/roll-up-personalizado-estrutura\/#webpage\",\"url\":\"https:\/\/hiperfilme.com\/Site-TR\/catalogo-brindes\/suportes-publicitarios\/roll-ups\/roll-up-personalizado-estrutura\/\",\"name\":\"Roll-up Personalizado com Estrutura Inclu\\u00edda | Brindes Publicit\\u00e1rios Online\",\"isPartOf\":{\"@id\":\"https:\/\/hiperfilme.com\/Site-TR\/#website\"},\"primaryImageOfPage\":{\"@id\":\"https:\/\/hiperfilme.com\/Site-TR\/catalogo-brindes\/suportes-publicitarios\/roll-ups\/roll-up-personalizado-estrutura\/#primaryimage\"},\"datePublished\":\"2021-03-12T12:51:31+00:00\",\"dateModified\":\"2021-03-12T12:51:31+00:00\",\"description\":\"Roll-up com 200x85 cm com estrutura inclu\\u00edda. F\\u00e1cil e r\\u00e1pido de montar. Inclui saco de transporte. Personalize como pretender.\",\"breadcrumb\":{\"@id\":\"https:\/\/hiperfilme.com\/Site-TR\/catalogo-brindes\/suportes-publicitarios\/roll-ups\/roll-up-personalizado-estrutura\/#breadcrumb\"},\"inLanguage\":\"pt-PT\",\"potentialAction\":[{\"@type\":\"ReadAction\",\"target\":[\"https:\/\/hiperfilme.com\/Site-TR\/catalogo-brindes\/suportes-publicitarios\/roll-ups\/roll-up-personalizado-estrutura\/\"]}]},{\"@type\":\"BreadcrumbList\",\"@id\":\"https:\/\/hiperfilme.com\/Site-TR\/catalogo-brindes\/suportes-publicitarios\/roll-ups\/roll-up-personalizado-estrutura\/#breadcrumb\",\"itemListElement\":[{\"@type\":\"ListItem\",\"position\":1,\"name\":\"In\\u00edcio\",\"item\":\"https:\/\/hiperfilme.com\/Site-TR\/\"},{\"@type\":\"ListItem\",\"position\":2,\"name\":\"Cat\\u00e1logo de Brindes\",\"item\":\"https:\/\/hiperfilme.com\/Site-TR\/catalogo-brindes\/\"},{\"@type\":\"ListItem\",\"position\":3,\"name\":\"Roll-up Personalizado com Estrutura Inclu\\u00edda\"}]}]}<\/script>\n<!-- \/ Yoast SEO plugin. -->","yoast_head_json":{"title":"Roll-up Personalizado com Estrutura Inclu\u00edda | Brindes Publicit\u00e1rios Online","description":"Roll-up com 200x85 cm com estrutura inclu\u00edda. F\u00e1cil e r\u00e1pido de montar. Inclui saco de transporte. Personalize como pretender.","robots":{"index":"index","follow":"follow","max-snippet":"max-snippet:-1","max-image-preview":"max-image-preview:large","max-video-preview":"max-video-preview:-1"},"canonical":"https:\/\/hiperfilme.com\/Site-TR\/catalogo-brindes\/suportes-publicitarios\/roll-ups\/roll-up-personalizado-estrutura\/","og_locale":"pt_PT","og_type":"article","og_title":"Roll-up Personalizado com Estrutura Inclu\u00edda | Brindes Publicit\u00e1rios Online","og_description":"Roll-up com 200x85 cm com estrutura inclu\u00edda. F\u00e1cil e r\u00e1pido de montar. Inclui saco de transporte. Personalize como pretender.","og_url":"https:\/\/hiperfilme.com\/Site-TR\/catalogo-brindes\/suportes-publicitarios\/roll-ups\/roll-up-personalizado-estrutura\/","og_site_name":"Hiperfilme_TR","og_image":[{"width":700,"height":700,"url":"https:\/\/hiperfilme.com\/Site-TR\/wp-content\/uploads\/2021\/03\/Roll-Up.jpg","type":"image\/jpeg"}],"twitter_card":"summary_large_image","schema":{"@context":"https:\/\/schema.org","@graph":[{"@type":"Organization","@id":"https:\/\/hiperfilme.com\/Site-TR\/#organization","name":"Triangulo Requintado","url":"https:\/\/hiperfilme.com\/Site-TR\/","sameAs":[],"logo":{"@type":"ImageObject","@id":"https:\/\/hiperfilme.com\/Site-TR\/#logo","inLanguage":"pt-PT","url":"https:\/\/triangulorequintado.com\/wp-content\/uploads\/2020\/10\/logo-triangulo-requintado-color-248.png","contentUrl":"https:\/\/triangulorequintado.com\/wp-content\/uploads\/2020\/10\/logo-triangulo-requintado-color-248.png","width":248,"height":96,"caption":"Triangulo Requintado"},"image":{"@id":"https:\/\/hiperfilme.com\/Site-TR\/#logo"}},{"@type":"WebSite","@id":"https:\/\/hiperfilme.com\/Site-TR\/#website","url":"https:\/\/hiperfilme.com\/Site-TR\/","name":"Triangulo Requintado","description":"Estampagens e Brindes","publisher":{"@id":"https:\/\/hiperfilme.com\/Site-TR\/#organization"},"potentialAction":[{"@type":"SearchAction","target":{"@type":"EntryPoint","urlTemplate":"https:\/\/hiperfilme.com\/Site-TR\/?s={search_term_string}"},"query-input":"required name=search_term_string"}],"inLanguage":"pt-PT"},{"@type":"ImageObject","@id":"https:\/\/hiperfilme.com\/Site-TR\/catalogo-brindes\/suportes-publicitarios\/roll-ups\/roll-up-personalizado-estrutura\/#primaryimage","inLanguage":"pt-PT","url":"https:\/\/hiperfilme.com\/Site-TR\/wp-content\/uploads\/2021\/03\/Roll-Up.jpg","contentUrl":"https:\/\/hiperfilme.com\/Site-TR\/wp-content\/uploads\/2021\/03\/Roll-Up.jpg","width":700,"height":700},{"@type":"WebPage","@id":"https:\/\/hiperfilme.com\/Site-TR\/catalogo-brindes\/suportes-publicitarios\/roll-ups\/roll-up-personalizado-estrutura\/#webpage","url":"https:\/\/hiperfilme.com\/Site-TR\/catalogo-brindes\/suportes-publicitarios\/roll-ups\/roll-up-personalizado-estrutura\/","name":"Roll-up Personalizado com Estrutura Inclu\u00edda | Brindes Publicit\u00e1rios Online","isPartOf":{"@id":"https:\/\/hiperfilme.com\/Site-TR\/#website"},"primaryImageOfPage":{"@id":"https:\/\/hiperfilme.com\/Site-TR\/catalogo-brindes\/suportes-publicitarios\/roll-ups\/roll-up-personalizado-estrutura\/#primaryimage"},"datePublished":"2021-03-12T12:51:31+00:00","dateModified":"2021-03-12T12:51:31+00:00","description":"Roll-up com 200x85 cm com estrutura inclu\u00edda. F\u00e1cil e r\u00e1pido de montar. Inclui saco de transporte. Personalize como pretender.","breadcrumb":{"@id":"https:\/\/hiperfilme.com\/Site-TR\/catalogo-brindes\/suportes-publicitarios\/roll-ups\/roll-up-personalizado-estrutura\/#breadcrumb"},"inLanguage":"pt-PT","potentialAction":[{"@type":"ReadAction","target":["https:\/\/hiperfilme.com\/Site-TR\/catalogo-brindes\/suportes-publicitarios\/roll-ups\/roll-up-personalizado-estrutura\/"]}]},{"@type":"BreadcrumbList","@id":"https:\/\/hiperfilme.com\/Site-TR\/catalogo-brindes\/suportes-publicitarios\/roll-ups\/roll-up-personalizado-estrutura\/#breadcrumb","itemListElement":[{"@type":"ListItem","position":1,"name":"In\u00edcio","item":"https:\/\/hiperfilme.com\/Site-TR\/"},{"@type":"ListItem","position":2,"name":"Cat\u00e1logo de Brindes","item":"https:\/\/hiperfilme.com\/Site-TR\/catalogo-brindes\/"},{"@type":"ListItem","position":3,"name":"Roll-up Personalizado com Estrutura Inclu\u00edda"}]}]}},"_links":{"self":[{"href":"https:\/\/hiperfilme.com\/Site-TR\/wp-json\/wp\/v2\/product\/5379"}],"collection":[{"href":"https:\/\/hiperfilme.com\/Site-TR\/wp-json\/wp\/v2\/product"}],"about":[{"href":"https:\/\/hiperfilme.com\/Site-TR\/wp-json\/wp\/v2\/types\/product"}],"wp:featuredmedia":[{"embeddable":true,"href":"https:\/\/hiperfilme.com\/Site-TR\/wp-json\/wp\/v2\/media\/5380"}],"wp:attachment":[{"href":"https:\/\/hiperfilme.com\/Site-TR\/wp-json\/wp\/v2\/media?parent=5379"}],"wp:term":[{"taxonomy":"product_cat","embeddable":true,"href":"https:\/\/hiperfilme.com\/Site-TR\/wp-json\/wp\/v2\/product_cat?post=5379"},{"taxonomy":"product_tag","embeddable":true,"href":"https:\/\/hiperfilme.com\/Site-TR\/wp-json\/wp\/v2\/product_tag?post=5379"}],"curies":[{"name":"wp","href":"https:\/\/api.w.org\/{rel}","templated":true}]}}