{"id":5235,"date":"2021-03-08T16:57:38","date_gmt":"2021-03-08T16:57:38","guid":{"rendered":"https:\/\/triangulorequintado.com\/?post_type=product&#038;p=5235"},"modified":"2021-03-08T16:57:38","modified_gmt":"2021-03-08T16:57:38","slug":"saco-de-asa-comprida-algodao-personalizavel","status":"publish","type":"product","link":"https:\/\/hiperfilme.com\/Site-TR\/catalogo-brindes\/mochilas-sacos-bolsas\/sacos\/saco-de-asa-comprida-algodao-personalizavel\/","title":{"rendered":"Saco de Asa de Comprida de Algod\u00e3o Personaliz\u00e1vel"},"content":{"rendered":"<ul>\n<li>Material: Algod\u00e3o<\/li>\n<li>Gramagem: 95 gr.<\/li>\n<li>Asa Comprida<\/li>\n<li>Medidas: 38 x 42 cm<\/li>\n<\/ul>\n","protected":false},"excerpt":{"rendered":"<p>Saco de pano cr\u00fa de asa comprida com uma gramagem de 95gr. Apenas dispon\u00edvel nesta cor. Ideal para personalizar.<\/p>\n<p>Valor apresentado para o Brinde n\u00e3o personalizado. Contacte-nos para or\u00e7amentos de personaliza\u00e7\u00e3o e vantagens na compra de grandes quantidades.<\/p>\n","protected":false},"featured_media":5236,"template":"","meta":[],"product_cat":[180,182],"product_tag":[302],"yoast_head":"<!-- This site is optimized with the Yoast SEO plugin v17.8 - https:\/\/yoast.com\/wordpress\/plugins\/seo\/ -->\n<title>Saco de Asa de Comprida de Algod\u00e3o Personaliz\u00e1vel | Brindes Online<\/title>\n<meta name=\"description\" content=\"Saco de pano cr\u00fa de asa comprida com uma gramagem de 95gr. Apenas dispon\u00edvel nesta cor. Ideal para personalizar\" \/>\n<meta name=\"robots\" content=\"index, follow, max-snippet:-1, max-image-preview:large, max-video-preview:-1\" \/>\n<link rel=\"canonical\" href=\"https:\/\/hiperfilme.com\/Site-TR\/catalogo-brindes\/mochilas-sacos-bolsas\/sacos\/saco-de-asa-comprida-algodao-personalizavel\/\" \/>\n<meta property=\"og:locale\" content=\"pt_PT\" \/>\n<meta property=\"og:type\" content=\"article\" \/>\n<meta property=\"og:title\" content=\"Saco de Asa de Comprida de Algod\u00e3o Personaliz\u00e1vel | Brindes Online\" \/>\n<meta property=\"og:description\" content=\"Saco de pano cr\u00fa de asa comprida com uma gramagem de 95gr. Apenas dispon\u00edvel nesta cor. Ideal para personalizar\" \/>\n<meta property=\"og:url\" content=\"https:\/\/hiperfilme.com\/Site-TR\/catalogo-brindes\/mochilas-sacos-bolsas\/sacos\/saco-de-asa-comprida-algodao-personalizavel\/\" \/>\n<meta property=\"og:site_name\" content=\"Hiperfilme_TR\" \/>\n<meta property=\"og:image\" content=\"https:\/\/hiperfilme.com\/Site-TR\/wp-content\/uploads\/2021\/03\/311006TR-saco-asa-comprida-95gr.jpg\" \/>\n\t<meta property=\"og:image:width\" content=\"700\" \/>\n\t<meta property=\"og:image:height\" content=\"700\" \/>\n<meta name=\"twitter:card\" content=\"summary_large_image\" \/>\n<script type=\"application\/ld+json\" class=\"yoast-schema-graph\">{\"@context\":\"https:\/\/schema.org\",\"@graph\":[{\"@type\":\"Organization\",\"@id\":\"https:\/\/hiperfilme.com\/Site-TR\/#organization\",\"name\":\"Triangulo Requintado\",\"url\":\"https:\/\/hiperfilme.com\/Site-TR\/\",\"sameAs\":[],\"logo\":{\"@type\":\"ImageObject\",\"@id\":\"https:\/\/hiperfilme.com\/Site-TR\/#logo\",\"inLanguage\":\"pt-PT\",\"url\":\"https:\/\/triangulorequintado.com\/wp-content\/uploads\/2020\/10\/logo-triangulo-requintado-color-248.png\",\"contentUrl\":\"https:\/\/triangulorequintado.com\/wp-content\/uploads\/2020\/10\/logo-triangulo-requintado-color-248.png\",\"width\":248,\"height\":96,\"caption\":\"Triangulo Requintado\"},\"image\":{\"@id\":\"https:\/\/hiperfilme.com\/Site-TR\/#logo\"}},{\"@type\":\"WebSite\",\"@id\":\"https:\/\/hiperfilme.com\/Site-TR\/#website\",\"url\":\"https:\/\/hiperfilme.com\/Site-TR\/\",\"name\":\"Triangulo Requintado\",\"description\":\"Estampagens e Brindes\",\"publisher\":{\"@id\":\"https:\/\/hiperfilme.com\/Site-TR\/#organization\"},\"potentialAction\":[{\"@type\":\"SearchAction\",\"target\":{\"@type\":\"EntryPoint\",\"urlTemplate\":\"https:\/\/hiperfilme.com\/Site-TR\/?s={search_term_string}\"},\"query-input\":\"required name=search_term_string\"}],\"inLanguage\":\"pt-PT\"},{\"@type\":\"ImageObject\",\"@id\":\"https:\/\/hiperfilme.com\/Site-TR\/catalogo-brindes\/mochilas-sacos-bolsas\/sacos\/saco-de-asa-comprida-algodao-personalizavel\/#primaryimage\",\"inLanguage\":\"pt-PT\",\"url\":\"https:\/\/hiperfilme.com\/Site-TR\/wp-content\/uploads\/2021\/03\/311006TR-saco-asa-comprida-95gr.jpg\",\"contentUrl\":\"https:\/\/hiperfilme.com\/Site-TR\/wp-content\/uploads\/2021\/03\/311006TR-saco-asa-comprida-95gr.jpg\",\"width\":700,\"height\":700},{\"@type\":\"WebPage\",\"@id\":\"https:\/\/hiperfilme.com\/Site-TR\/catalogo-brindes\/mochilas-sacos-bolsas\/sacos\/saco-de-asa-comprida-algodao-personalizavel\/#webpage\",\"url\":\"https:\/\/hiperfilme.com\/Site-TR\/catalogo-brindes\/mochilas-sacos-bolsas\/sacos\/saco-de-asa-comprida-algodao-personalizavel\/\",\"name\":\"Saco de Asa de Comprida de Algod\\u00e3o Personaliz\\u00e1vel | Brindes Online\",\"isPartOf\":{\"@id\":\"https:\/\/hiperfilme.com\/Site-TR\/#website\"},\"primaryImageOfPage\":{\"@id\":\"https:\/\/hiperfilme.com\/Site-TR\/catalogo-brindes\/mochilas-sacos-bolsas\/sacos\/saco-de-asa-comprida-algodao-personalizavel\/#primaryimage\"},\"datePublished\":\"2021-03-08T16:57:38+00:00\",\"dateModified\":\"2021-03-08T16:57:38+00:00\",\"description\":\"Saco de pano cr\\u00fa de asa comprida com uma gramagem de 95gr. Apenas dispon\\u00edvel nesta cor. Ideal para personalizar\",\"breadcrumb\":{\"@id\":\"https:\/\/hiperfilme.com\/Site-TR\/catalogo-brindes\/mochilas-sacos-bolsas\/sacos\/saco-de-asa-comprida-algodao-personalizavel\/#breadcrumb\"},\"inLanguage\":\"pt-PT\",\"potentialAction\":[{\"@type\":\"ReadAction\",\"target\":[\"https:\/\/hiperfilme.com\/Site-TR\/catalogo-brindes\/mochilas-sacos-bolsas\/sacos\/saco-de-asa-comprida-algodao-personalizavel\/\"]}]},{\"@type\":\"BreadcrumbList\",\"@id\":\"https:\/\/hiperfilme.com\/Site-TR\/catalogo-brindes\/mochilas-sacos-bolsas\/sacos\/saco-de-asa-comprida-algodao-personalizavel\/#breadcrumb\",\"itemListElement\":[{\"@type\":\"ListItem\",\"position\":1,\"name\":\"In\\u00edcio\",\"item\":\"https:\/\/hiperfilme.com\/Site-TR\/\"},{\"@type\":\"ListItem\",\"position\":2,\"name\":\"Cat\\u00e1logo de Brindes\",\"item\":\"https:\/\/hiperfilme.com\/Site-TR\/catalogo-brindes\/\"},{\"@type\":\"ListItem\",\"position\":3,\"name\":\"Saco de Asa de Comprida de Algod\\u00e3o Personaliz\\u00e1vel\"}]}]}<\/script>\n<!-- \/ Yoast SEO plugin. -->","yoast_head_json":{"title":"Saco de Asa de Comprida de Algod\u00e3o Personaliz\u00e1vel | Brindes Online","description":"Saco de pano cr\u00fa de asa comprida com uma gramagem de 95gr. Apenas dispon\u00edvel nesta cor. Ideal para personalizar","robots":{"index":"index","follow":"follow","max-snippet":"max-snippet:-1","max-image-preview":"max-image-preview:large","max-video-preview":"max-video-preview:-1"},"canonical":"https:\/\/hiperfilme.com\/Site-TR\/catalogo-brindes\/mochilas-sacos-bolsas\/sacos\/saco-de-asa-comprida-algodao-personalizavel\/","og_locale":"pt_PT","og_type":"article","og_title":"Saco de Asa de Comprida de Algod\u00e3o Personaliz\u00e1vel | Brindes Online","og_description":"Saco de pano cr\u00fa de asa comprida com uma gramagem de 95gr. Apenas dispon\u00edvel nesta cor. Ideal para personalizar","og_url":"https:\/\/hiperfilme.com\/Site-TR\/catalogo-brindes\/mochilas-sacos-bolsas\/sacos\/saco-de-asa-comprida-algodao-personalizavel\/","og_site_name":"Hiperfilme_TR","og_image":[{"width":700,"height":700,"url":"https:\/\/hiperfilme.com\/Site-TR\/wp-content\/uploads\/2021\/03\/311006TR-saco-asa-comprida-95gr.jpg","type":"image\/jpeg"}],"twitter_card":"summary_large_image","schema":{"@context":"https:\/\/schema.org","@graph":[{"@type":"Organization","@id":"https:\/\/hiperfilme.com\/Site-TR\/#organization","name":"Triangulo Requintado","url":"https:\/\/hiperfilme.com\/Site-TR\/","sameAs":[],"logo":{"@type":"ImageObject","@id":"https:\/\/hiperfilme.com\/Site-TR\/#logo","inLanguage":"pt-PT","url":"https:\/\/triangulorequintado.com\/wp-content\/uploads\/2020\/10\/logo-triangulo-requintado-color-248.png","contentUrl":"https:\/\/triangulorequintado.com\/wp-content\/uploads\/2020\/10\/logo-triangulo-requintado-color-248.png","width":248,"height":96,"caption":"Triangulo Requintado"},"image":{"@id":"https:\/\/hiperfilme.com\/Site-TR\/#logo"}},{"@type":"WebSite","@id":"https:\/\/hiperfilme.com\/Site-TR\/#website","url":"https:\/\/hiperfilme.com\/Site-TR\/","name":"Triangulo Requintado","description":"Estampagens e Brindes","publisher":{"@id":"https:\/\/hiperfilme.com\/Site-TR\/#organization"},"potentialAction":[{"@type":"SearchAction","target":{"@type":"EntryPoint","urlTemplate":"https:\/\/hiperfilme.com\/Site-TR\/?s={search_term_string}"},"query-input":"required name=search_term_string"}],"inLanguage":"pt-PT"},{"@type":"ImageObject","@id":"https:\/\/hiperfilme.com\/Site-TR\/catalogo-brindes\/mochilas-sacos-bolsas\/sacos\/saco-de-asa-comprida-algodao-personalizavel\/#primaryimage","inLanguage":"pt-PT","url":"https:\/\/hiperfilme.com\/Site-TR\/wp-content\/uploads\/2021\/03\/311006TR-saco-asa-comprida-95gr.jpg","contentUrl":"https:\/\/hiperfilme.com\/Site-TR\/wp-content\/uploads\/2021\/03\/311006TR-saco-asa-comprida-95gr.jpg","width":700,"height":700},{"@type":"WebPage","@id":"https:\/\/hiperfilme.com\/Site-TR\/catalogo-brindes\/mochilas-sacos-bolsas\/sacos\/saco-de-asa-comprida-algodao-personalizavel\/#webpage","url":"https:\/\/hiperfilme.com\/Site-TR\/catalogo-brindes\/mochilas-sacos-bolsas\/sacos\/saco-de-asa-comprida-algodao-personalizavel\/","name":"Saco de Asa de Comprida de Algod\u00e3o Personaliz\u00e1vel | Brindes Online","isPartOf":{"@id":"https:\/\/hiperfilme.com\/Site-TR\/#website"},"primaryImageOfPage":{"@id":"https:\/\/hiperfilme.com\/Site-TR\/catalogo-brindes\/mochilas-sacos-bolsas\/sacos\/saco-de-asa-comprida-algodao-personalizavel\/#primaryimage"},"datePublished":"2021-03-08T16:57:38+00:00","dateModified":"2021-03-08T16:57:38+00:00","description":"Saco de pano cr\u00fa de asa comprida com uma gramagem de 95gr. Apenas dispon\u00edvel nesta cor. Ideal para personalizar","breadcrumb":{"@id":"https:\/\/hiperfilme.com\/Site-TR\/catalogo-brindes\/mochilas-sacos-bolsas\/sacos\/saco-de-asa-comprida-algodao-personalizavel\/#breadcrumb"},"inLanguage":"pt-PT","potentialAction":[{"@type":"ReadAction","target":["https:\/\/hiperfilme.com\/Site-TR\/catalogo-brindes\/mochilas-sacos-bolsas\/sacos\/saco-de-asa-comprida-algodao-personalizavel\/"]}]},{"@type":"BreadcrumbList","@id":"https:\/\/hiperfilme.com\/Site-TR\/catalogo-brindes\/mochilas-sacos-bolsas\/sacos\/saco-de-asa-comprida-algodao-personalizavel\/#breadcrumb","itemListElement":[{"@type":"ListItem","position":1,"name":"In\u00edcio","item":"https:\/\/hiperfilme.com\/Site-TR\/"},{"@type":"ListItem","position":2,"name":"Cat\u00e1logo de Brindes","item":"https:\/\/hiperfilme.com\/Site-TR\/catalogo-brindes\/"},{"@type":"ListItem","position":3,"name":"Saco de Asa de Comprida de Algod\u00e3o Personaliz\u00e1vel"}]}]}},"_links":{"self":[{"href":"https:\/\/hiperfilme.com\/Site-TR\/wp-json\/wp\/v2\/product\/5235"}],"collection":[{"href":"https:\/\/hiperfilme.com\/Site-TR\/wp-json\/wp\/v2\/product"}],"about":[{"href":"https:\/\/hiperfilme.com\/Site-TR\/wp-json\/wp\/v2\/types\/product"}],"wp:featuredmedia":[{"embeddable":true,"href":"https:\/\/hiperfilme.com\/Site-TR\/wp-json\/wp\/v2\/media\/5236"}],"wp:attachment":[{"href":"https:\/\/hiperfilme.com\/Site-TR\/wp-json\/wp\/v2\/media?parent=5235"}],"wp:term":[{"taxonomy":"product_cat","embeddable":true,"href":"https:\/\/hiperfilme.com\/Site-TR\/wp-json\/wp\/v2\/product_cat?post=5235"},{"taxonomy":"product_tag","embeddable":true,"href":"https:\/\/hiperfilme.com\/Site-TR\/wp-json\/wp\/v2\/product_tag?post=5235"}],"curies":[{"name":"wp","href":"https:\/\/api.w.org\/{rel}","templated":true}]}}