{"id":5180,"date":"2021-02-09T11:17:07","date_gmt":"2021-02-09T11:17:07","guid":{"rendered":"https:\/\/triangulorequintado.com\/?post_type=product&#038;p=5180"},"modified":"2021-02-09T11:17:51","modified_gmt":"2021-02-09T11:17:51","slug":"calculadora-cartao-reciclado-personalizado","status":"publish","type":"product","link":"https:\/\/hiperfilme.com\/Site-TR\/catalogo-brindes\/escritorio\/calculadoras\/calculadora-cartao-reciclado-personalizado\/","title":{"rendered":"Calculadora em Cart\u00e3o Reciclado para ser Personalizado"},"content":{"rendered":"<ul>\n<li>Medidas: <span style=\"font-size: 1rem\">10 x 16 x 0,5 cm<\/span><\/li>\n<li>Material: Cart\u00e3o Reciclado<\/li>\n<\/ul>\n<div class=\"feature_field\"><\/div>\n","protected":false},"excerpt":{"rendered":"<p>Calculadora de 8 d\u00edgitos em cart\u00e3o reciclado, a energia solar. Obtenha uma grava\u00e7\u00e3o totalmente personalizada.<\/p>\n<p>Valor apresentado para o Brinde n\u00e3o personalizado. Contacte-nos para or\u00e7amentos de personaliza\u00e7\u00e3o e vantagens na compra de grandes quantidades.<\/p>\n","protected":false},"featured_media":5181,"template":"","meta":[],"product_cat":[150,147],"product_tag":[225],"yoast_head":"<!-- This site is optimized with the Yoast SEO plugin v17.8 - https:\/\/yoast.com\/wordpress\/plugins\/seo\/ -->\n<title>Calculadora em Cart\u00e3o Reciclado para ser Personalizado | Brindes<\/title>\n<meta name=\"description\" content=\"Calculadora de 8 d\u00edgitos em cart\u00e3o reciclado, a energia solar. Obtenha uma grava\u00e7\u00e3o totalmente personalizada.\" \/>\n<meta name=\"robots\" content=\"index, follow, max-snippet:-1, max-image-preview:large, max-video-preview:-1\" \/>\n<link rel=\"canonical\" href=\"https:\/\/hiperfilme.com\/Site-TR\/catalogo-brindes\/escritorio\/calculadoras\/calculadora-cartao-reciclado-personalizado\/\" \/>\n<meta property=\"og:locale\" content=\"pt_PT\" \/>\n<meta property=\"og:type\" content=\"article\" \/>\n<meta property=\"og:title\" content=\"Calculadora em Cart\u00e3o Reciclado para ser Personalizado | Brindes\" \/>\n<meta property=\"og:description\" content=\"Calculadora de 8 d\u00edgitos em cart\u00e3o reciclado, a energia solar. Obtenha uma grava\u00e7\u00e3o totalmente personalizada.\" \/>\n<meta property=\"og:url\" content=\"https:\/\/hiperfilme.com\/Site-TR\/catalogo-brindes\/escritorio\/calculadoras\/calculadora-cartao-reciclado-personalizado\/\" \/>\n<meta property=\"og:site_name\" content=\"Hiperfilme_TR\" \/>\n<meta property=\"article:modified_time\" content=\"2021-02-09T11:17:51+00:00\" \/>\n<meta property=\"og:image\" content=\"https:\/\/hiperfilme.com\/Site-TR\/wp-content\/uploads\/2021\/02\/150476TR-calculadora-funnymath-reciclada.jpg\" \/>\n\t<meta property=\"og:image:width\" content=\"700\" \/>\n\t<meta property=\"og:image:height\" content=\"700\" \/>\n<meta name=\"twitter:card\" content=\"summary_large_image\" \/>\n<script type=\"application\/ld+json\" class=\"yoast-schema-graph\">{\"@context\":\"https:\/\/schema.org\",\"@graph\":[{\"@type\":\"Organization\",\"@id\":\"https:\/\/hiperfilme.com\/Site-TR\/#organization\",\"name\":\"Triangulo Requintado\",\"url\":\"https:\/\/hiperfilme.com\/Site-TR\/\",\"sameAs\":[],\"logo\":{\"@type\":\"ImageObject\",\"@id\":\"https:\/\/hiperfilme.com\/Site-TR\/#logo\",\"inLanguage\":\"pt-PT\",\"url\":\"https:\/\/triangulorequintado.com\/wp-content\/uploads\/2020\/10\/logo-triangulo-requintado-color-248.png\",\"contentUrl\":\"https:\/\/triangulorequintado.com\/wp-content\/uploads\/2020\/10\/logo-triangulo-requintado-color-248.png\",\"width\":248,\"height\":96,\"caption\":\"Triangulo Requintado\"},\"image\":{\"@id\":\"https:\/\/hiperfilme.com\/Site-TR\/#logo\"}},{\"@type\":\"WebSite\",\"@id\":\"https:\/\/hiperfilme.com\/Site-TR\/#website\",\"url\":\"https:\/\/hiperfilme.com\/Site-TR\/\",\"name\":\"Triangulo Requintado\",\"description\":\"Estampagens e Brindes\",\"publisher\":{\"@id\":\"https:\/\/hiperfilme.com\/Site-TR\/#organization\"},\"potentialAction\":[{\"@type\":\"SearchAction\",\"target\":{\"@type\":\"EntryPoint\",\"urlTemplate\":\"https:\/\/hiperfilme.com\/Site-TR\/?s={search_term_string}\"},\"query-input\":\"required name=search_term_string\"}],\"inLanguage\":\"pt-PT\"},{\"@type\":\"ImageObject\",\"@id\":\"https:\/\/hiperfilme.com\/Site-TR\/catalogo-brindes\/escritorio\/calculadoras\/calculadora-cartao-reciclado-personalizado\/#primaryimage\",\"inLanguage\":\"pt-PT\",\"url\":\"https:\/\/hiperfilme.com\/Site-TR\/wp-content\/uploads\/2021\/02\/150476TR-calculadora-funnymath-reciclada.jpg\",\"contentUrl\":\"https:\/\/hiperfilme.com\/Site-TR\/wp-content\/uploads\/2021\/02\/150476TR-calculadora-funnymath-reciclada.jpg\",\"width\":700,\"height\":700},{\"@type\":\"WebPage\",\"@id\":\"https:\/\/hiperfilme.com\/Site-TR\/catalogo-brindes\/escritorio\/calculadoras\/calculadora-cartao-reciclado-personalizado\/#webpage\",\"url\":\"https:\/\/hiperfilme.com\/Site-TR\/catalogo-brindes\/escritorio\/calculadoras\/calculadora-cartao-reciclado-personalizado\/\",\"name\":\"Calculadora em Cart\\u00e3o Reciclado para ser Personalizado | Brindes\",\"isPartOf\":{\"@id\":\"https:\/\/hiperfilme.com\/Site-TR\/#website\"},\"primaryImageOfPage\":{\"@id\":\"https:\/\/hiperfilme.com\/Site-TR\/catalogo-brindes\/escritorio\/calculadoras\/calculadora-cartao-reciclado-personalizado\/#primaryimage\"},\"datePublished\":\"2021-02-09T11:17:07+00:00\",\"dateModified\":\"2021-02-09T11:17:51+00:00\",\"description\":\"Calculadora de 8 d\\u00edgitos em cart\\u00e3o reciclado, a energia solar. Obtenha uma grava\\u00e7\\u00e3o totalmente personalizada.\",\"breadcrumb\":{\"@id\":\"https:\/\/hiperfilme.com\/Site-TR\/catalogo-brindes\/escritorio\/calculadoras\/calculadora-cartao-reciclado-personalizado\/#breadcrumb\"},\"inLanguage\":\"pt-PT\",\"potentialAction\":[{\"@type\":\"ReadAction\",\"target\":[\"https:\/\/hiperfilme.com\/Site-TR\/catalogo-brindes\/escritorio\/calculadoras\/calculadora-cartao-reciclado-personalizado\/\"]}]},{\"@type\":\"BreadcrumbList\",\"@id\":\"https:\/\/hiperfilme.com\/Site-TR\/catalogo-brindes\/escritorio\/calculadoras\/calculadora-cartao-reciclado-personalizado\/#breadcrumb\",\"itemListElement\":[{\"@type\":\"ListItem\",\"position\":1,\"name\":\"In\\u00edcio\",\"item\":\"https:\/\/hiperfilme.com\/Site-TR\/\"},{\"@type\":\"ListItem\",\"position\":2,\"name\":\"Cat\\u00e1logo de Brindes\",\"item\":\"https:\/\/hiperfilme.com\/Site-TR\/catalogo-brindes\/\"},{\"@type\":\"ListItem\",\"position\":3,\"name\":\"Calculadora em Cart\\u00e3o Reciclado para ser Personalizado\"}]}]}<\/script>\n<!-- \/ Yoast SEO plugin. -->","yoast_head_json":{"title":"Calculadora em Cart\u00e3o Reciclado para ser Personalizado | Brindes","description":"Calculadora de 8 d\u00edgitos em cart\u00e3o reciclado, a energia solar. Obtenha uma grava\u00e7\u00e3o totalmente personalizada.","robots":{"index":"index","follow":"follow","max-snippet":"max-snippet:-1","max-image-preview":"max-image-preview:large","max-video-preview":"max-video-preview:-1"},"canonical":"https:\/\/hiperfilme.com\/Site-TR\/catalogo-brindes\/escritorio\/calculadoras\/calculadora-cartao-reciclado-personalizado\/","og_locale":"pt_PT","og_type":"article","og_title":"Calculadora em Cart\u00e3o Reciclado para ser Personalizado | Brindes","og_description":"Calculadora de 8 d\u00edgitos em cart\u00e3o reciclado, a energia solar. Obtenha uma grava\u00e7\u00e3o totalmente personalizada.","og_url":"https:\/\/hiperfilme.com\/Site-TR\/catalogo-brindes\/escritorio\/calculadoras\/calculadora-cartao-reciclado-personalizado\/","og_site_name":"Hiperfilme_TR","article_modified_time":"2021-02-09T11:17:51+00:00","og_image":[{"width":700,"height":700,"url":"https:\/\/hiperfilme.com\/Site-TR\/wp-content\/uploads\/2021\/02\/150476TR-calculadora-funnymath-reciclada.jpg","type":"image\/jpeg"}],"twitter_card":"summary_large_image","schema":{"@context":"https:\/\/schema.org","@graph":[{"@type":"Organization","@id":"https:\/\/hiperfilme.com\/Site-TR\/#organization","name":"Triangulo Requintado","url":"https:\/\/hiperfilme.com\/Site-TR\/","sameAs":[],"logo":{"@type":"ImageObject","@id":"https:\/\/hiperfilme.com\/Site-TR\/#logo","inLanguage":"pt-PT","url":"https:\/\/triangulorequintado.com\/wp-content\/uploads\/2020\/10\/logo-triangulo-requintado-color-248.png","contentUrl":"https:\/\/triangulorequintado.com\/wp-content\/uploads\/2020\/10\/logo-triangulo-requintado-color-248.png","width":248,"height":96,"caption":"Triangulo Requintado"},"image":{"@id":"https:\/\/hiperfilme.com\/Site-TR\/#logo"}},{"@type":"WebSite","@id":"https:\/\/hiperfilme.com\/Site-TR\/#website","url":"https:\/\/hiperfilme.com\/Site-TR\/","name":"Triangulo Requintado","description":"Estampagens e Brindes","publisher":{"@id":"https:\/\/hiperfilme.com\/Site-TR\/#organization"},"potentialAction":[{"@type":"SearchAction","target":{"@type":"EntryPoint","urlTemplate":"https:\/\/hiperfilme.com\/Site-TR\/?s={search_term_string}"},"query-input":"required name=search_term_string"}],"inLanguage":"pt-PT"},{"@type":"ImageObject","@id":"https:\/\/hiperfilme.com\/Site-TR\/catalogo-brindes\/escritorio\/calculadoras\/calculadora-cartao-reciclado-personalizado\/#primaryimage","inLanguage":"pt-PT","url":"https:\/\/hiperfilme.com\/Site-TR\/wp-content\/uploads\/2021\/02\/150476TR-calculadora-funnymath-reciclada.jpg","contentUrl":"https:\/\/hiperfilme.com\/Site-TR\/wp-content\/uploads\/2021\/02\/150476TR-calculadora-funnymath-reciclada.jpg","width":700,"height":700},{"@type":"WebPage","@id":"https:\/\/hiperfilme.com\/Site-TR\/catalogo-brindes\/escritorio\/calculadoras\/calculadora-cartao-reciclado-personalizado\/#webpage","url":"https:\/\/hiperfilme.com\/Site-TR\/catalogo-brindes\/escritorio\/calculadoras\/calculadora-cartao-reciclado-personalizado\/","name":"Calculadora em Cart\u00e3o Reciclado para ser Personalizado | Brindes","isPartOf":{"@id":"https:\/\/hiperfilme.com\/Site-TR\/#website"},"primaryImageOfPage":{"@id":"https:\/\/hiperfilme.com\/Site-TR\/catalogo-brindes\/escritorio\/calculadoras\/calculadora-cartao-reciclado-personalizado\/#primaryimage"},"datePublished":"2021-02-09T11:17:07+00:00","dateModified":"2021-02-09T11:17:51+00:00","description":"Calculadora de 8 d\u00edgitos em cart\u00e3o reciclado, a energia solar. Obtenha uma grava\u00e7\u00e3o totalmente personalizada.","breadcrumb":{"@id":"https:\/\/hiperfilme.com\/Site-TR\/catalogo-brindes\/escritorio\/calculadoras\/calculadora-cartao-reciclado-personalizado\/#breadcrumb"},"inLanguage":"pt-PT","potentialAction":[{"@type":"ReadAction","target":["https:\/\/hiperfilme.com\/Site-TR\/catalogo-brindes\/escritorio\/calculadoras\/calculadora-cartao-reciclado-personalizado\/"]}]},{"@type":"BreadcrumbList","@id":"https:\/\/hiperfilme.com\/Site-TR\/catalogo-brindes\/escritorio\/calculadoras\/calculadora-cartao-reciclado-personalizado\/#breadcrumb","itemListElement":[{"@type":"ListItem","position":1,"name":"In\u00edcio","item":"https:\/\/hiperfilme.com\/Site-TR\/"},{"@type":"ListItem","position":2,"name":"Cat\u00e1logo de Brindes","item":"https:\/\/hiperfilme.com\/Site-TR\/catalogo-brindes\/"},{"@type":"ListItem","position":3,"name":"Calculadora em Cart\u00e3o Reciclado para ser Personalizado"}]}]}},"_links":{"self":[{"href":"https:\/\/hiperfilme.com\/Site-TR\/wp-json\/wp\/v2\/product\/5180"}],"collection":[{"href":"https:\/\/hiperfilme.com\/Site-TR\/wp-json\/wp\/v2\/product"}],"about":[{"href":"https:\/\/hiperfilme.com\/Site-TR\/wp-json\/wp\/v2\/types\/product"}],"wp:featuredmedia":[{"embeddable":true,"href":"https:\/\/hiperfilme.com\/Site-TR\/wp-json\/wp\/v2\/media\/5181"}],"wp:attachment":[{"href":"https:\/\/hiperfilme.com\/Site-TR\/wp-json\/wp\/v2\/media?parent=5180"}],"wp:term":[{"taxonomy":"product_cat","embeddable":true,"href":"https:\/\/hiperfilme.com\/Site-TR\/wp-json\/wp\/v2\/product_cat?post=5180"},{"taxonomy":"product_tag","embeddable":true,"href":"https:\/\/hiperfilme.com\/Site-TR\/wp-json\/wp\/v2\/product_tag?post=5180"}],"curies":[{"name":"wp","href":"https:\/\/api.w.org\/{rel}","templated":true}]}}