{"id":5137,"date":"2021-02-08T10:51:31","date_gmt":"2021-02-08T10:51:31","guid":{"rendered":"https:\/\/triangulorequintado.com\/?post_type=product&#038;p=5137"},"modified":"2021-02-08T10:51:31","modified_gmt":"2021-02-08T10:51:31","slug":"powerbank-carregamento-via-wireless-neblin-personalizavel","status":"publish","type":"product","link":"https:\/\/hiperfilme.com\/Site-TR\/catalogo-brindes\/tecnologicos\/powerbanks\/powerbank-carregamento-via-wireless-neblin-personalizavel\/","title":{"rendered":"Powerbank Carregamento Wireless Neblin Personaliz\u00e1vel"},"content":{"rendered":"<ul>\n<li>Carregamento via Wireless<\/li>\n<li>Cabo Inclu\u00eddo<\/li>\n<li>Medidas: 1.1 cm | 9.8 \u00d8<\/li>\n<li>Peso:<span style=\"font-size: 1rem\">\u00a060 gr.<\/span><\/li>\n<\/ul>\n","protected":false},"excerpt":{"rendered":"<p>Powerbank com carregamento via wireless com cabo inclu\u00eddo. Dispon\u00edvel em quatro cores.<\/p>\n<p>Valor apresentado para o Brinde n\u00e3o personalizado. Contacte-nos para or\u00e7amentos de personaliza\u00e7\u00e3o e vantagens na compra de grandes quantidades.<\/p>\n","protected":false},"featured_media":5141,"template":"","meta":[],"product_cat":[158,156],"product_tag":[],"yoast_head":"<!-- This site is optimized with the Yoast SEO plugin v17.8 - https:\/\/yoast.com\/wordpress\/plugins\/seo\/ -->\n<title>Powerbank Carregamento Wireless Neblin Personaliz\u00e1vel | Brindes<\/title>\n<meta name=\"description\" content=\"Powerbank com carregamento via wireless com cabo inclu\u00eddo. Dispon\u00edvel em quatro cores.\" \/>\n<meta name=\"robots\" content=\"index, follow, max-snippet:-1, max-image-preview:large, max-video-preview:-1\" \/>\n<link rel=\"canonical\" href=\"https:\/\/hiperfilme.com\/Site-TR\/catalogo-brindes\/tecnologicos\/powerbanks\/powerbank-carregamento-via-wireless-neblin-personalizavel\/\" \/>\n<meta property=\"og:locale\" content=\"pt_PT\" \/>\n<meta property=\"og:type\" content=\"article\" \/>\n<meta property=\"og:title\" content=\"Powerbank Carregamento Wireless Neblin Personaliz\u00e1vel | Brindes\" \/>\n<meta property=\"og:description\" content=\"Powerbank com carregamento via wireless com cabo inclu\u00eddo. Dispon\u00edvel em quatro cores.\" \/>\n<meta property=\"og:url\" content=\"https:\/\/hiperfilme.com\/Site-TR\/catalogo-brindes\/tecnologicos\/powerbanks\/powerbank-carregamento-via-wireless-neblin-personalizavel\/\" \/>\n<meta property=\"og:site_name\" content=\"Hiperfilme_TR\" \/>\n<meta property=\"og:image\" content=\"https:\/\/hiperfilme.com\/Site-TR\/wp-content\/uploads\/2021\/02\/5763TR-powerbank-neblin-preto.jpg\" \/>\n\t<meta property=\"og:image:width\" content=\"700\" \/>\n\t<meta property=\"og:image:height\" content=\"700\" \/>\n<meta name=\"twitter:card\" content=\"summary_large_image\" \/>\n<script type=\"application\/ld+json\" class=\"yoast-schema-graph\">{\"@context\":\"https:\/\/schema.org\",\"@graph\":[{\"@type\":\"Organization\",\"@id\":\"https:\/\/hiperfilme.com\/Site-TR\/#organization\",\"name\":\"Triangulo Requintado\",\"url\":\"https:\/\/hiperfilme.com\/Site-TR\/\",\"sameAs\":[],\"logo\":{\"@type\":\"ImageObject\",\"@id\":\"https:\/\/hiperfilme.com\/Site-TR\/#logo\",\"inLanguage\":\"pt-PT\",\"url\":\"https:\/\/triangulorequintado.com\/wp-content\/uploads\/2020\/10\/logo-triangulo-requintado-color-248.png\",\"contentUrl\":\"https:\/\/triangulorequintado.com\/wp-content\/uploads\/2020\/10\/logo-triangulo-requintado-color-248.png\",\"width\":248,\"height\":96,\"caption\":\"Triangulo Requintado\"},\"image\":{\"@id\":\"https:\/\/hiperfilme.com\/Site-TR\/#logo\"}},{\"@type\":\"WebSite\",\"@id\":\"https:\/\/hiperfilme.com\/Site-TR\/#website\",\"url\":\"https:\/\/hiperfilme.com\/Site-TR\/\",\"name\":\"Triangulo Requintado\",\"description\":\"Estampagens e Brindes\",\"publisher\":{\"@id\":\"https:\/\/hiperfilme.com\/Site-TR\/#organization\"},\"potentialAction\":[{\"@type\":\"SearchAction\",\"target\":{\"@type\":\"EntryPoint\",\"urlTemplate\":\"https:\/\/hiperfilme.com\/Site-TR\/?s={search_term_string}\"},\"query-input\":\"required name=search_term_string\"}],\"inLanguage\":\"pt-PT\"},{\"@type\":\"ImageObject\",\"@id\":\"https:\/\/hiperfilme.com\/Site-TR\/catalogo-brindes\/tecnologicos\/powerbanks\/powerbank-carregamento-via-wireless-neblin-personalizavel\/#primaryimage\",\"inLanguage\":\"pt-PT\",\"url\":\"https:\/\/hiperfilme.com\/Site-TR\/wp-content\/uploads\/2021\/02\/5763TR-powerbank-neblin-preto.jpg\",\"contentUrl\":\"https:\/\/hiperfilme.com\/Site-TR\/wp-content\/uploads\/2021\/02\/5763TR-powerbank-neblin-preto.jpg\",\"width\":700,\"height\":700},{\"@type\":\"WebPage\",\"@id\":\"https:\/\/hiperfilme.com\/Site-TR\/catalogo-brindes\/tecnologicos\/powerbanks\/powerbank-carregamento-via-wireless-neblin-personalizavel\/#webpage\",\"url\":\"https:\/\/hiperfilme.com\/Site-TR\/catalogo-brindes\/tecnologicos\/powerbanks\/powerbank-carregamento-via-wireless-neblin-personalizavel\/\",\"name\":\"Powerbank Carregamento Wireless Neblin Personaliz\\u00e1vel | Brindes\",\"isPartOf\":{\"@id\":\"https:\/\/hiperfilme.com\/Site-TR\/#website\"},\"primaryImageOfPage\":{\"@id\":\"https:\/\/hiperfilme.com\/Site-TR\/catalogo-brindes\/tecnologicos\/powerbanks\/powerbank-carregamento-via-wireless-neblin-personalizavel\/#primaryimage\"},\"datePublished\":\"2021-02-08T10:51:31+00:00\",\"dateModified\":\"2021-02-08T10:51:31+00:00\",\"description\":\"Powerbank com carregamento via wireless com cabo inclu\\u00eddo. Dispon\\u00edvel em quatro cores.\",\"breadcrumb\":{\"@id\":\"https:\/\/hiperfilme.com\/Site-TR\/catalogo-brindes\/tecnologicos\/powerbanks\/powerbank-carregamento-via-wireless-neblin-personalizavel\/#breadcrumb\"},\"inLanguage\":\"pt-PT\",\"potentialAction\":[{\"@type\":\"ReadAction\",\"target\":[\"https:\/\/hiperfilme.com\/Site-TR\/catalogo-brindes\/tecnologicos\/powerbanks\/powerbank-carregamento-via-wireless-neblin-personalizavel\/\"]}]},{\"@type\":\"BreadcrumbList\",\"@id\":\"https:\/\/hiperfilme.com\/Site-TR\/catalogo-brindes\/tecnologicos\/powerbanks\/powerbank-carregamento-via-wireless-neblin-personalizavel\/#breadcrumb\",\"itemListElement\":[{\"@type\":\"ListItem\",\"position\":1,\"name\":\"In\\u00edcio\",\"item\":\"https:\/\/hiperfilme.com\/Site-TR\/\"},{\"@type\":\"ListItem\",\"position\":2,\"name\":\"Cat\\u00e1logo de Brindes\",\"item\":\"https:\/\/hiperfilme.com\/Site-TR\/catalogo-brindes\/\"},{\"@type\":\"ListItem\",\"position\":3,\"name\":\"Powerbank Carregamento Wireless Neblin Personaliz\\u00e1vel\"}]}]}<\/script>\n<!-- \/ Yoast SEO plugin. -->","yoast_head_json":{"title":"Powerbank Carregamento Wireless Neblin Personaliz\u00e1vel | Brindes","description":"Powerbank com carregamento via wireless com cabo inclu\u00eddo. Dispon\u00edvel em quatro cores.","robots":{"index":"index","follow":"follow","max-snippet":"max-snippet:-1","max-image-preview":"max-image-preview:large","max-video-preview":"max-video-preview:-1"},"canonical":"https:\/\/hiperfilme.com\/Site-TR\/catalogo-brindes\/tecnologicos\/powerbanks\/powerbank-carregamento-via-wireless-neblin-personalizavel\/","og_locale":"pt_PT","og_type":"article","og_title":"Powerbank Carregamento Wireless Neblin Personaliz\u00e1vel | Brindes","og_description":"Powerbank com carregamento via wireless com cabo inclu\u00eddo. Dispon\u00edvel em quatro cores.","og_url":"https:\/\/hiperfilme.com\/Site-TR\/catalogo-brindes\/tecnologicos\/powerbanks\/powerbank-carregamento-via-wireless-neblin-personalizavel\/","og_site_name":"Hiperfilme_TR","og_image":[{"width":700,"height":700,"url":"https:\/\/hiperfilme.com\/Site-TR\/wp-content\/uploads\/2021\/02\/5763TR-powerbank-neblin-preto.jpg","type":"image\/jpeg"}],"twitter_card":"summary_large_image","schema":{"@context":"https:\/\/schema.org","@graph":[{"@type":"Organization","@id":"https:\/\/hiperfilme.com\/Site-TR\/#organization","name":"Triangulo Requintado","url":"https:\/\/hiperfilme.com\/Site-TR\/","sameAs":[],"logo":{"@type":"ImageObject","@id":"https:\/\/hiperfilme.com\/Site-TR\/#logo","inLanguage":"pt-PT","url":"https:\/\/triangulorequintado.com\/wp-content\/uploads\/2020\/10\/logo-triangulo-requintado-color-248.png","contentUrl":"https:\/\/triangulorequintado.com\/wp-content\/uploads\/2020\/10\/logo-triangulo-requintado-color-248.png","width":248,"height":96,"caption":"Triangulo Requintado"},"image":{"@id":"https:\/\/hiperfilme.com\/Site-TR\/#logo"}},{"@type":"WebSite","@id":"https:\/\/hiperfilme.com\/Site-TR\/#website","url":"https:\/\/hiperfilme.com\/Site-TR\/","name":"Triangulo Requintado","description":"Estampagens e Brindes","publisher":{"@id":"https:\/\/hiperfilme.com\/Site-TR\/#organization"},"potentialAction":[{"@type":"SearchAction","target":{"@type":"EntryPoint","urlTemplate":"https:\/\/hiperfilme.com\/Site-TR\/?s={search_term_string}"},"query-input":"required name=search_term_string"}],"inLanguage":"pt-PT"},{"@type":"ImageObject","@id":"https:\/\/hiperfilme.com\/Site-TR\/catalogo-brindes\/tecnologicos\/powerbanks\/powerbank-carregamento-via-wireless-neblin-personalizavel\/#primaryimage","inLanguage":"pt-PT","url":"https:\/\/hiperfilme.com\/Site-TR\/wp-content\/uploads\/2021\/02\/5763TR-powerbank-neblin-preto.jpg","contentUrl":"https:\/\/hiperfilme.com\/Site-TR\/wp-content\/uploads\/2021\/02\/5763TR-powerbank-neblin-preto.jpg","width":700,"height":700},{"@type":"WebPage","@id":"https:\/\/hiperfilme.com\/Site-TR\/catalogo-brindes\/tecnologicos\/powerbanks\/powerbank-carregamento-via-wireless-neblin-personalizavel\/#webpage","url":"https:\/\/hiperfilme.com\/Site-TR\/catalogo-brindes\/tecnologicos\/powerbanks\/powerbank-carregamento-via-wireless-neblin-personalizavel\/","name":"Powerbank Carregamento Wireless Neblin Personaliz\u00e1vel | Brindes","isPartOf":{"@id":"https:\/\/hiperfilme.com\/Site-TR\/#website"},"primaryImageOfPage":{"@id":"https:\/\/hiperfilme.com\/Site-TR\/catalogo-brindes\/tecnologicos\/powerbanks\/powerbank-carregamento-via-wireless-neblin-personalizavel\/#primaryimage"},"datePublished":"2021-02-08T10:51:31+00:00","dateModified":"2021-02-08T10:51:31+00:00","description":"Powerbank com carregamento via wireless com cabo inclu\u00eddo. Dispon\u00edvel em quatro cores.","breadcrumb":{"@id":"https:\/\/hiperfilme.com\/Site-TR\/catalogo-brindes\/tecnologicos\/powerbanks\/powerbank-carregamento-via-wireless-neblin-personalizavel\/#breadcrumb"},"inLanguage":"pt-PT","potentialAction":[{"@type":"ReadAction","target":["https:\/\/hiperfilme.com\/Site-TR\/catalogo-brindes\/tecnologicos\/powerbanks\/powerbank-carregamento-via-wireless-neblin-personalizavel\/"]}]},{"@type":"BreadcrumbList","@id":"https:\/\/hiperfilme.com\/Site-TR\/catalogo-brindes\/tecnologicos\/powerbanks\/powerbank-carregamento-via-wireless-neblin-personalizavel\/#breadcrumb","itemListElement":[{"@type":"ListItem","position":1,"name":"In\u00edcio","item":"https:\/\/hiperfilme.com\/Site-TR\/"},{"@type":"ListItem","position":2,"name":"Cat\u00e1logo de Brindes","item":"https:\/\/hiperfilme.com\/Site-TR\/catalogo-brindes\/"},{"@type":"ListItem","position":3,"name":"Powerbank Carregamento Wireless Neblin Personaliz\u00e1vel"}]}]}},"_links":{"self":[{"href":"https:\/\/hiperfilme.com\/Site-TR\/wp-json\/wp\/v2\/product\/5137"}],"collection":[{"href":"https:\/\/hiperfilme.com\/Site-TR\/wp-json\/wp\/v2\/product"}],"about":[{"href":"https:\/\/hiperfilme.com\/Site-TR\/wp-json\/wp\/v2\/types\/product"}],"wp:featuredmedia":[{"embeddable":true,"href":"https:\/\/hiperfilme.com\/Site-TR\/wp-json\/wp\/v2\/media\/5141"}],"wp:attachment":[{"href":"https:\/\/hiperfilme.com\/Site-TR\/wp-json\/wp\/v2\/media?parent=5137"}],"wp:term":[{"taxonomy":"product_cat","embeddable":true,"href":"https:\/\/hiperfilme.com\/Site-TR\/wp-json\/wp\/v2\/product_cat?post=5137"},{"taxonomy":"product_tag","embeddable":true,"href":"https:\/\/hiperfilme.com\/Site-TR\/wp-json\/wp\/v2\/product_tag?post=5137"}],"curies":[{"name":"wp","href":"https:\/\/api.w.org\/{rel}","templated":true}]}}