{"id":5106,"date":"2021-02-08T09:29:48","date_gmt":"2021-02-08T09:29:48","guid":{"rendered":"https:\/\/triangulorequintado.com\/?post_type=product&#038;p=5106"},"modified":"2021-02-08T09:29:49","modified_gmt":"2021-02-08T09:29:49","slug":"powerbank-wireless-charger-dickens-personalizado","status":"publish","type":"product","link":"https:\/\/hiperfilme.com\/Site-TR\/catalogo-brindes\/tecnologicos\/powerbanks\/powerbank-wireless-charger-dickens-personalizado\/","title":{"rendered":"Powerbank Wireless Charger Dickens para ser Personalizado"},"content":{"rendered":"<ul>\n<li>8000 mAh<\/li>\n<li>2 Sa\u00eddas USB<\/li>\n<li>Entrada Micro USB e Tipo C<\/li>\n<li>Cabo Inclu\u00eddo<\/li>\n<li>Medidas: 7.1 x 13.5 x 1.5 cm<\/li>\n<li>Peso:<span style=\"font-size: 1rem\">\u00a0<\/span><span style=\"font-size: 1rem\">180 gr.<\/span><\/li>\n<li>Material: Bambu<\/li>\n<\/ul>\n","protected":false},"excerpt":{"rendered":"<p>Powerbank em bambu com pot\u00eancia de 8000 mAh. Possu\u00ed duas sa\u00eddas USB e entrada Micro USB e Tipo C e tem ainda um carregamento via wireless.<\/p>\n<p>Valor apresentado para o Brinde n\u00e3o personalizado. Contacte-nos para or\u00e7amentos de personaliza\u00e7\u00e3o e vantagens na compra de grandes quantidades.<\/p>\n","protected":false},"featured_media":5107,"template":"","meta":[],"product_cat":[158,156],"product_tag":[301],"yoast_head":"<!-- This site is optimized with the Yoast SEO plugin v17.8 - https:\/\/yoast.com\/wordpress\/plugins\/seo\/ -->\n<title>Powerbank Wireless Charger Dickens para ser Personalizado | Brindes<\/title>\n<meta name=\"description\" content=\"Powerbank em bambu com pot\u00eancia de 8000 mAh. Possu\u00ed duas sa\u00eddas USB e entrada Micro USB e Tipo C e tem ainda um carregamento via wireless.\" \/>\n<meta name=\"robots\" content=\"index, follow, max-snippet:-1, max-image-preview:large, max-video-preview:-1\" \/>\n<link rel=\"canonical\" href=\"https:\/\/hiperfilme.com\/Site-TR\/catalogo-brindes\/tecnologicos\/powerbanks\/powerbank-wireless-charger-dickens-personalizado\/\" \/>\n<meta property=\"og:locale\" content=\"pt_PT\" \/>\n<meta property=\"og:type\" content=\"article\" \/>\n<meta property=\"og:title\" content=\"Powerbank Wireless Charger Dickens para ser Personalizado | Brindes\" \/>\n<meta property=\"og:description\" content=\"Powerbank em bambu com pot\u00eancia de 8000 mAh. Possu\u00ed duas sa\u00eddas USB e entrada Micro USB e Tipo C e tem ainda um carregamento via wireless.\" \/>\n<meta property=\"og:url\" content=\"https:\/\/hiperfilme.com\/Site-TR\/catalogo-brindes\/tecnologicos\/powerbanks\/powerbank-wireless-charger-dickens-personalizado\/\" \/>\n<meta property=\"og:site_name\" content=\"Hiperfilme_TR\" \/>\n<meta property=\"article:modified_time\" content=\"2021-02-08T09:29:49+00:00\" \/>\n<meta property=\"og:image\" content=\"https:\/\/hiperfilme.com\/Site-TR\/wp-content\/uploads\/2021\/02\/6273TR-powerbank-wireless-charger-bambu-dickens.jpg\" \/>\n\t<meta property=\"og:image:width\" content=\"700\" \/>\n\t<meta property=\"og:image:height\" content=\"700\" \/>\n<meta name=\"twitter:card\" content=\"summary_large_image\" \/>\n<script type=\"application\/ld+json\" class=\"yoast-schema-graph\">{\"@context\":\"https:\/\/schema.org\",\"@graph\":[{\"@type\":\"Organization\",\"@id\":\"https:\/\/hiperfilme.com\/Site-TR\/#organization\",\"name\":\"Triangulo Requintado\",\"url\":\"https:\/\/hiperfilme.com\/Site-TR\/\",\"sameAs\":[],\"logo\":{\"@type\":\"ImageObject\",\"@id\":\"https:\/\/hiperfilme.com\/Site-TR\/#logo\",\"inLanguage\":\"pt-PT\",\"url\":\"https:\/\/triangulorequintado.com\/wp-content\/uploads\/2020\/10\/logo-triangulo-requintado-color-248.png\",\"contentUrl\":\"https:\/\/triangulorequintado.com\/wp-content\/uploads\/2020\/10\/logo-triangulo-requintado-color-248.png\",\"width\":248,\"height\":96,\"caption\":\"Triangulo Requintado\"},\"image\":{\"@id\":\"https:\/\/hiperfilme.com\/Site-TR\/#logo\"}},{\"@type\":\"WebSite\",\"@id\":\"https:\/\/hiperfilme.com\/Site-TR\/#website\",\"url\":\"https:\/\/hiperfilme.com\/Site-TR\/\",\"name\":\"Triangulo Requintado\",\"description\":\"Estampagens e Brindes\",\"publisher\":{\"@id\":\"https:\/\/hiperfilme.com\/Site-TR\/#organization\"},\"potentialAction\":[{\"@type\":\"SearchAction\",\"target\":{\"@type\":\"EntryPoint\",\"urlTemplate\":\"https:\/\/hiperfilme.com\/Site-TR\/?s={search_term_string}\"},\"query-input\":\"required name=search_term_string\"}],\"inLanguage\":\"pt-PT\"},{\"@type\":\"ImageObject\",\"@id\":\"https:\/\/hiperfilme.com\/Site-TR\/catalogo-brindes\/tecnologicos\/powerbanks\/powerbank-wireless-charger-dickens-personalizado\/#primaryimage\",\"inLanguage\":\"pt-PT\",\"url\":\"https:\/\/hiperfilme.com\/Site-TR\/wp-content\/uploads\/2021\/02\/6273TR-powerbank-wireless-charger-bambu-dickens.jpg\",\"contentUrl\":\"https:\/\/hiperfilme.com\/Site-TR\/wp-content\/uploads\/2021\/02\/6273TR-powerbank-wireless-charger-bambu-dickens.jpg\",\"width\":700,\"height\":700},{\"@type\":\"WebPage\",\"@id\":\"https:\/\/hiperfilme.com\/Site-TR\/catalogo-brindes\/tecnologicos\/powerbanks\/powerbank-wireless-charger-dickens-personalizado\/#webpage\",\"url\":\"https:\/\/hiperfilme.com\/Site-TR\/catalogo-brindes\/tecnologicos\/powerbanks\/powerbank-wireless-charger-dickens-personalizado\/\",\"name\":\"Powerbank Wireless Charger Dickens para ser Personalizado | Brindes\",\"isPartOf\":{\"@id\":\"https:\/\/hiperfilme.com\/Site-TR\/#website\"},\"primaryImageOfPage\":{\"@id\":\"https:\/\/hiperfilme.com\/Site-TR\/catalogo-brindes\/tecnologicos\/powerbanks\/powerbank-wireless-charger-dickens-personalizado\/#primaryimage\"},\"datePublished\":\"2021-02-08T09:29:48+00:00\",\"dateModified\":\"2021-02-08T09:29:49+00:00\",\"description\":\"Powerbank em bambu com pot\\u00eancia de 8000 mAh. Possu\\u00ed duas sa\\u00eddas USB e entrada Micro USB e Tipo C e tem ainda um carregamento via wireless.\",\"breadcrumb\":{\"@id\":\"https:\/\/hiperfilme.com\/Site-TR\/catalogo-brindes\/tecnologicos\/powerbanks\/powerbank-wireless-charger-dickens-personalizado\/#breadcrumb\"},\"inLanguage\":\"pt-PT\",\"potentialAction\":[{\"@type\":\"ReadAction\",\"target\":[\"https:\/\/hiperfilme.com\/Site-TR\/catalogo-brindes\/tecnologicos\/powerbanks\/powerbank-wireless-charger-dickens-personalizado\/\"]}]},{\"@type\":\"BreadcrumbList\",\"@id\":\"https:\/\/hiperfilme.com\/Site-TR\/catalogo-brindes\/tecnologicos\/powerbanks\/powerbank-wireless-charger-dickens-personalizado\/#breadcrumb\",\"itemListElement\":[{\"@type\":\"ListItem\",\"position\":1,\"name\":\"In\\u00edcio\",\"item\":\"https:\/\/hiperfilme.com\/Site-TR\/\"},{\"@type\":\"ListItem\",\"position\":2,\"name\":\"Cat\\u00e1logo de Brindes\",\"item\":\"https:\/\/hiperfilme.com\/Site-TR\/catalogo-brindes\/\"},{\"@type\":\"ListItem\",\"position\":3,\"name\":\"Powerbank Wireless Charger Dickens para ser Personalizado\"}]}]}<\/script>\n<!-- \/ Yoast SEO plugin. -->","yoast_head_json":{"title":"Powerbank Wireless Charger Dickens para ser Personalizado | Brindes","description":"Powerbank em bambu com pot\u00eancia de 8000 mAh. Possu\u00ed duas sa\u00eddas USB e entrada Micro USB e Tipo C e tem ainda um carregamento via wireless.","robots":{"index":"index","follow":"follow","max-snippet":"max-snippet:-1","max-image-preview":"max-image-preview:large","max-video-preview":"max-video-preview:-1"},"canonical":"https:\/\/hiperfilme.com\/Site-TR\/catalogo-brindes\/tecnologicos\/powerbanks\/powerbank-wireless-charger-dickens-personalizado\/","og_locale":"pt_PT","og_type":"article","og_title":"Powerbank Wireless Charger Dickens para ser Personalizado | Brindes","og_description":"Powerbank em bambu com pot\u00eancia de 8000 mAh. Possu\u00ed duas sa\u00eddas USB e entrada Micro USB e Tipo C e tem ainda um carregamento via wireless.","og_url":"https:\/\/hiperfilme.com\/Site-TR\/catalogo-brindes\/tecnologicos\/powerbanks\/powerbank-wireless-charger-dickens-personalizado\/","og_site_name":"Hiperfilme_TR","article_modified_time":"2021-02-08T09:29:49+00:00","og_image":[{"width":700,"height":700,"url":"https:\/\/hiperfilme.com\/Site-TR\/wp-content\/uploads\/2021\/02\/6273TR-powerbank-wireless-charger-bambu-dickens.jpg","type":"image\/jpeg"}],"twitter_card":"summary_large_image","schema":{"@context":"https:\/\/schema.org","@graph":[{"@type":"Organization","@id":"https:\/\/hiperfilme.com\/Site-TR\/#organization","name":"Triangulo Requintado","url":"https:\/\/hiperfilme.com\/Site-TR\/","sameAs":[],"logo":{"@type":"ImageObject","@id":"https:\/\/hiperfilme.com\/Site-TR\/#logo","inLanguage":"pt-PT","url":"https:\/\/triangulorequintado.com\/wp-content\/uploads\/2020\/10\/logo-triangulo-requintado-color-248.png","contentUrl":"https:\/\/triangulorequintado.com\/wp-content\/uploads\/2020\/10\/logo-triangulo-requintado-color-248.png","width":248,"height":96,"caption":"Triangulo Requintado"},"image":{"@id":"https:\/\/hiperfilme.com\/Site-TR\/#logo"}},{"@type":"WebSite","@id":"https:\/\/hiperfilme.com\/Site-TR\/#website","url":"https:\/\/hiperfilme.com\/Site-TR\/","name":"Triangulo Requintado","description":"Estampagens e Brindes","publisher":{"@id":"https:\/\/hiperfilme.com\/Site-TR\/#organization"},"potentialAction":[{"@type":"SearchAction","target":{"@type":"EntryPoint","urlTemplate":"https:\/\/hiperfilme.com\/Site-TR\/?s={search_term_string}"},"query-input":"required name=search_term_string"}],"inLanguage":"pt-PT"},{"@type":"ImageObject","@id":"https:\/\/hiperfilme.com\/Site-TR\/catalogo-brindes\/tecnologicos\/powerbanks\/powerbank-wireless-charger-dickens-personalizado\/#primaryimage","inLanguage":"pt-PT","url":"https:\/\/hiperfilme.com\/Site-TR\/wp-content\/uploads\/2021\/02\/6273TR-powerbank-wireless-charger-bambu-dickens.jpg","contentUrl":"https:\/\/hiperfilme.com\/Site-TR\/wp-content\/uploads\/2021\/02\/6273TR-powerbank-wireless-charger-bambu-dickens.jpg","width":700,"height":700},{"@type":"WebPage","@id":"https:\/\/hiperfilme.com\/Site-TR\/catalogo-brindes\/tecnologicos\/powerbanks\/powerbank-wireless-charger-dickens-personalizado\/#webpage","url":"https:\/\/hiperfilme.com\/Site-TR\/catalogo-brindes\/tecnologicos\/powerbanks\/powerbank-wireless-charger-dickens-personalizado\/","name":"Powerbank Wireless Charger Dickens para ser Personalizado | Brindes","isPartOf":{"@id":"https:\/\/hiperfilme.com\/Site-TR\/#website"},"primaryImageOfPage":{"@id":"https:\/\/hiperfilme.com\/Site-TR\/catalogo-brindes\/tecnologicos\/powerbanks\/powerbank-wireless-charger-dickens-personalizado\/#primaryimage"},"datePublished":"2021-02-08T09:29:48+00:00","dateModified":"2021-02-08T09:29:49+00:00","description":"Powerbank em bambu com pot\u00eancia de 8000 mAh. Possu\u00ed duas sa\u00eddas USB e entrada Micro USB e Tipo C e tem ainda um carregamento via wireless.","breadcrumb":{"@id":"https:\/\/hiperfilme.com\/Site-TR\/catalogo-brindes\/tecnologicos\/powerbanks\/powerbank-wireless-charger-dickens-personalizado\/#breadcrumb"},"inLanguage":"pt-PT","potentialAction":[{"@type":"ReadAction","target":["https:\/\/hiperfilme.com\/Site-TR\/catalogo-brindes\/tecnologicos\/powerbanks\/powerbank-wireless-charger-dickens-personalizado\/"]}]},{"@type":"BreadcrumbList","@id":"https:\/\/hiperfilme.com\/Site-TR\/catalogo-brindes\/tecnologicos\/powerbanks\/powerbank-wireless-charger-dickens-personalizado\/#breadcrumb","itemListElement":[{"@type":"ListItem","position":1,"name":"In\u00edcio","item":"https:\/\/hiperfilme.com\/Site-TR\/"},{"@type":"ListItem","position":2,"name":"Cat\u00e1logo de Brindes","item":"https:\/\/hiperfilme.com\/Site-TR\/catalogo-brindes\/"},{"@type":"ListItem","position":3,"name":"Powerbank Wireless Charger Dickens para ser Personalizado"}]}]}},"_links":{"self":[{"href":"https:\/\/hiperfilme.com\/Site-TR\/wp-json\/wp\/v2\/product\/5106"}],"collection":[{"href":"https:\/\/hiperfilme.com\/Site-TR\/wp-json\/wp\/v2\/product"}],"about":[{"href":"https:\/\/hiperfilme.com\/Site-TR\/wp-json\/wp\/v2\/types\/product"}],"wp:featuredmedia":[{"embeddable":true,"href":"https:\/\/hiperfilme.com\/Site-TR\/wp-json\/wp\/v2\/media\/5107"}],"wp:attachment":[{"href":"https:\/\/hiperfilme.com\/Site-TR\/wp-json\/wp\/v2\/media?parent=5106"}],"wp:term":[{"taxonomy":"product_cat","embeddable":true,"href":"https:\/\/hiperfilme.com\/Site-TR\/wp-json\/wp\/v2\/product_cat?post=5106"},{"taxonomy":"product_tag","embeddable":true,"href":"https:\/\/hiperfilme.com\/Site-TR\/wp-json\/wp\/v2\/product_tag?post=5106"}],"curies":[{"name":"wp","href":"https:\/\/api.w.org\/{rel}","templated":true}]}}