{"id":5103,"date":"2021-02-06T17:17:08","date_gmt":"2021-02-06T17:17:08","guid":{"rendered":"https:\/\/triangulorequintado.com\/?post_type=product&#038;p=5103"},"modified":"2021-02-06T17:17:08","modified_gmt":"2021-02-06T17:17:08","slug":"powerbank-bambu-kalery-personalizado","status":"publish","type":"product","link":"https:\/\/hiperfilme.com\/Site-TR\/catalogo-brindes\/tecnologicos\/powerbanks\/powerbank-bambu-kalery-personalizado\/","title":{"rendered":"Powerbank em bambu Kalery para ser Personalizado"},"content":{"rendered":"<ul>\n<li><span style=\"font-size: 1rem\">6000 mAh<\/span><\/li>\n<li>2 Sa\u00eddas USB<\/li>\n<li>Entrada Micro USB e Tipo C<\/li>\n<li>Cabo Inclu\u00eddo<\/li>\n<li>Material: Bambu<\/li>\n<li>Medidas: 7.4 x 14.8 x 1.7 cm<\/li>\n<li>Peso: 155 gr.<\/li>\n<\/ul>\n","protected":false},"excerpt":{"rendered":"<p>Elegante Powerbank em bambu com pot\u00eancia 6000 mAh. Tem 2 Sa\u00eddas USB e entrada Micro USB e Tipo C. Possui tecnologia de carregamento sem fios.<\/p>\n<p>Valor apresentado para o Brinde n\u00e3o personalizado. Contacte-nos para or\u00e7amentos de personaliza\u00e7\u00e3o e vantagens na compra de grandes quantidades.<\/p>\n","protected":false},"featured_media":5105,"template":"","meta":[],"product_cat":[158,156],"product_tag":[301],"yoast_head":"<!-- This site is optimized with the Yoast SEO plugin v17.8 - https:\/\/yoast.com\/wordpress\/plugins\/seo\/ -->\n<title>Powerbank em bambu Kalery para ser Personalizado<\/title>\n<meta name=\"description\" content=\"Elegante Powerbank em bambu com pot\u00eancia 6000 mAh. Tem 2 Sa\u00eddas USB e entrada Micro USB e Tipo C. Possui tecnologia de carregamento sem fios.\" \/>\n<meta name=\"robots\" content=\"index, follow, max-snippet:-1, max-image-preview:large, max-video-preview:-1\" \/>\n<link rel=\"canonical\" href=\"https:\/\/hiperfilme.com\/Site-TR\/catalogo-brindes\/tecnologicos\/powerbanks\/powerbank-bambu-kalery-personalizado\/\" \/>\n<meta property=\"og:locale\" content=\"pt_PT\" \/>\n<meta property=\"og:type\" content=\"article\" \/>\n<meta property=\"og:title\" content=\"Powerbank em bambu Kalery para ser Personalizado\" \/>\n<meta property=\"og:description\" content=\"Elegante Powerbank em bambu com pot\u00eancia 6000 mAh. Tem 2 Sa\u00eddas USB e entrada Micro USB e Tipo C. Possui tecnologia de carregamento sem fios.\" \/>\n<meta property=\"og:url\" content=\"https:\/\/hiperfilme.com\/Site-TR\/catalogo-brindes\/tecnologicos\/powerbanks\/powerbank-bambu-kalery-personalizado\/\" \/>\n<meta property=\"og:site_name\" content=\"Hiperfilme_TR\" \/>\n<meta property=\"og:image\" content=\"https:\/\/hiperfilme.com\/Site-TR\/wp-content\/uploads\/2021\/02\/6524TR-powerbank-bambu-kalery-1.jpg\" \/>\n\t<meta property=\"og:image:width\" content=\"700\" \/>\n\t<meta property=\"og:image:height\" content=\"700\" \/>\n<meta name=\"twitter:card\" content=\"summary_large_image\" \/>\n<script type=\"application\/ld+json\" class=\"yoast-schema-graph\">{\"@context\":\"https:\/\/schema.org\",\"@graph\":[{\"@type\":\"Organization\",\"@id\":\"https:\/\/hiperfilme.com\/Site-TR\/#organization\",\"name\":\"Triangulo Requintado\",\"url\":\"https:\/\/hiperfilme.com\/Site-TR\/\",\"sameAs\":[],\"logo\":{\"@type\":\"ImageObject\",\"@id\":\"https:\/\/hiperfilme.com\/Site-TR\/#logo\",\"inLanguage\":\"pt-PT\",\"url\":\"https:\/\/triangulorequintado.com\/wp-content\/uploads\/2020\/10\/logo-triangulo-requintado-color-248.png\",\"contentUrl\":\"https:\/\/triangulorequintado.com\/wp-content\/uploads\/2020\/10\/logo-triangulo-requintado-color-248.png\",\"width\":248,\"height\":96,\"caption\":\"Triangulo Requintado\"},\"image\":{\"@id\":\"https:\/\/hiperfilme.com\/Site-TR\/#logo\"}},{\"@type\":\"WebSite\",\"@id\":\"https:\/\/hiperfilme.com\/Site-TR\/#website\",\"url\":\"https:\/\/hiperfilme.com\/Site-TR\/\",\"name\":\"Triangulo Requintado\",\"description\":\"Estampagens e Brindes\",\"publisher\":{\"@id\":\"https:\/\/hiperfilme.com\/Site-TR\/#organization\"},\"potentialAction\":[{\"@type\":\"SearchAction\",\"target\":{\"@type\":\"EntryPoint\",\"urlTemplate\":\"https:\/\/hiperfilme.com\/Site-TR\/?s={search_term_string}\"},\"query-input\":\"required name=search_term_string\"}],\"inLanguage\":\"pt-PT\"},{\"@type\":\"ImageObject\",\"@id\":\"https:\/\/hiperfilme.com\/Site-TR\/catalogo-brindes\/tecnologicos\/powerbanks\/powerbank-bambu-kalery-personalizado\/#primaryimage\",\"inLanguage\":\"pt-PT\",\"url\":\"https:\/\/hiperfilme.com\/Site-TR\/wp-content\/uploads\/2021\/02\/6524TR-powerbank-bambu-kalery-1.jpg\",\"contentUrl\":\"https:\/\/hiperfilme.com\/Site-TR\/wp-content\/uploads\/2021\/02\/6524TR-powerbank-bambu-kalery-1.jpg\",\"width\":700,\"height\":700},{\"@type\":\"WebPage\",\"@id\":\"https:\/\/hiperfilme.com\/Site-TR\/catalogo-brindes\/tecnologicos\/powerbanks\/powerbank-bambu-kalery-personalizado\/#webpage\",\"url\":\"https:\/\/hiperfilme.com\/Site-TR\/catalogo-brindes\/tecnologicos\/powerbanks\/powerbank-bambu-kalery-personalizado\/\",\"name\":\"Powerbank em bambu Kalery para ser Personalizado\",\"isPartOf\":{\"@id\":\"https:\/\/hiperfilme.com\/Site-TR\/#website\"},\"primaryImageOfPage\":{\"@id\":\"https:\/\/hiperfilme.com\/Site-TR\/catalogo-brindes\/tecnologicos\/powerbanks\/powerbank-bambu-kalery-personalizado\/#primaryimage\"},\"datePublished\":\"2021-02-06T17:17:08+00:00\",\"dateModified\":\"2021-02-06T17:17:08+00:00\",\"description\":\"Elegante Powerbank em bambu com pot\\u00eancia 6000 mAh. Tem 2 Sa\\u00eddas USB e entrada Micro USB e Tipo C. Possui tecnologia de carregamento sem fios.\",\"breadcrumb\":{\"@id\":\"https:\/\/hiperfilme.com\/Site-TR\/catalogo-brindes\/tecnologicos\/powerbanks\/powerbank-bambu-kalery-personalizado\/#breadcrumb\"},\"inLanguage\":\"pt-PT\",\"potentialAction\":[{\"@type\":\"ReadAction\",\"target\":[\"https:\/\/hiperfilme.com\/Site-TR\/catalogo-brindes\/tecnologicos\/powerbanks\/powerbank-bambu-kalery-personalizado\/\"]}]},{\"@type\":\"BreadcrumbList\",\"@id\":\"https:\/\/hiperfilme.com\/Site-TR\/catalogo-brindes\/tecnologicos\/powerbanks\/powerbank-bambu-kalery-personalizado\/#breadcrumb\",\"itemListElement\":[{\"@type\":\"ListItem\",\"position\":1,\"name\":\"In\\u00edcio\",\"item\":\"https:\/\/hiperfilme.com\/Site-TR\/\"},{\"@type\":\"ListItem\",\"position\":2,\"name\":\"Cat\\u00e1logo de Brindes\",\"item\":\"https:\/\/hiperfilme.com\/Site-TR\/catalogo-brindes\/\"},{\"@type\":\"ListItem\",\"position\":3,\"name\":\"Powerbank em bambu Kalery para ser Personalizado\"}]}]}<\/script>\n<!-- \/ Yoast SEO plugin. -->","yoast_head_json":{"title":"Powerbank em bambu Kalery para ser Personalizado","description":"Elegante Powerbank em bambu com pot\u00eancia 6000 mAh. Tem 2 Sa\u00eddas USB e entrada Micro USB e Tipo C. Possui tecnologia de carregamento sem fios.","robots":{"index":"index","follow":"follow","max-snippet":"max-snippet:-1","max-image-preview":"max-image-preview:large","max-video-preview":"max-video-preview:-1"},"canonical":"https:\/\/hiperfilme.com\/Site-TR\/catalogo-brindes\/tecnologicos\/powerbanks\/powerbank-bambu-kalery-personalizado\/","og_locale":"pt_PT","og_type":"article","og_title":"Powerbank em bambu Kalery para ser Personalizado","og_description":"Elegante Powerbank em bambu com pot\u00eancia 6000 mAh. Tem 2 Sa\u00eddas USB e entrada Micro USB e Tipo C. Possui tecnologia de carregamento sem fios.","og_url":"https:\/\/hiperfilme.com\/Site-TR\/catalogo-brindes\/tecnologicos\/powerbanks\/powerbank-bambu-kalery-personalizado\/","og_site_name":"Hiperfilme_TR","og_image":[{"width":700,"height":700,"url":"https:\/\/hiperfilme.com\/Site-TR\/wp-content\/uploads\/2021\/02\/6524TR-powerbank-bambu-kalery-1.jpg","type":"image\/jpeg"}],"twitter_card":"summary_large_image","schema":{"@context":"https:\/\/schema.org","@graph":[{"@type":"Organization","@id":"https:\/\/hiperfilme.com\/Site-TR\/#organization","name":"Triangulo Requintado","url":"https:\/\/hiperfilme.com\/Site-TR\/","sameAs":[],"logo":{"@type":"ImageObject","@id":"https:\/\/hiperfilme.com\/Site-TR\/#logo","inLanguage":"pt-PT","url":"https:\/\/triangulorequintado.com\/wp-content\/uploads\/2020\/10\/logo-triangulo-requintado-color-248.png","contentUrl":"https:\/\/triangulorequintado.com\/wp-content\/uploads\/2020\/10\/logo-triangulo-requintado-color-248.png","width":248,"height":96,"caption":"Triangulo Requintado"},"image":{"@id":"https:\/\/hiperfilme.com\/Site-TR\/#logo"}},{"@type":"WebSite","@id":"https:\/\/hiperfilme.com\/Site-TR\/#website","url":"https:\/\/hiperfilme.com\/Site-TR\/","name":"Triangulo Requintado","description":"Estampagens e Brindes","publisher":{"@id":"https:\/\/hiperfilme.com\/Site-TR\/#organization"},"potentialAction":[{"@type":"SearchAction","target":{"@type":"EntryPoint","urlTemplate":"https:\/\/hiperfilme.com\/Site-TR\/?s={search_term_string}"},"query-input":"required name=search_term_string"}],"inLanguage":"pt-PT"},{"@type":"ImageObject","@id":"https:\/\/hiperfilme.com\/Site-TR\/catalogo-brindes\/tecnologicos\/powerbanks\/powerbank-bambu-kalery-personalizado\/#primaryimage","inLanguage":"pt-PT","url":"https:\/\/hiperfilme.com\/Site-TR\/wp-content\/uploads\/2021\/02\/6524TR-powerbank-bambu-kalery-1.jpg","contentUrl":"https:\/\/hiperfilme.com\/Site-TR\/wp-content\/uploads\/2021\/02\/6524TR-powerbank-bambu-kalery-1.jpg","width":700,"height":700},{"@type":"WebPage","@id":"https:\/\/hiperfilme.com\/Site-TR\/catalogo-brindes\/tecnologicos\/powerbanks\/powerbank-bambu-kalery-personalizado\/#webpage","url":"https:\/\/hiperfilme.com\/Site-TR\/catalogo-brindes\/tecnologicos\/powerbanks\/powerbank-bambu-kalery-personalizado\/","name":"Powerbank em bambu Kalery para ser Personalizado","isPartOf":{"@id":"https:\/\/hiperfilme.com\/Site-TR\/#website"},"primaryImageOfPage":{"@id":"https:\/\/hiperfilme.com\/Site-TR\/catalogo-brindes\/tecnologicos\/powerbanks\/powerbank-bambu-kalery-personalizado\/#primaryimage"},"datePublished":"2021-02-06T17:17:08+00:00","dateModified":"2021-02-06T17:17:08+00:00","description":"Elegante Powerbank em bambu com pot\u00eancia 6000 mAh. Tem 2 Sa\u00eddas USB e entrada Micro USB e Tipo C. Possui tecnologia de carregamento sem fios.","breadcrumb":{"@id":"https:\/\/hiperfilme.com\/Site-TR\/catalogo-brindes\/tecnologicos\/powerbanks\/powerbank-bambu-kalery-personalizado\/#breadcrumb"},"inLanguage":"pt-PT","potentialAction":[{"@type":"ReadAction","target":["https:\/\/hiperfilme.com\/Site-TR\/catalogo-brindes\/tecnologicos\/powerbanks\/powerbank-bambu-kalery-personalizado\/"]}]},{"@type":"BreadcrumbList","@id":"https:\/\/hiperfilme.com\/Site-TR\/catalogo-brindes\/tecnologicos\/powerbanks\/powerbank-bambu-kalery-personalizado\/#breadcrumb","itemListElement":[{"@type":"ListItem","position":1,"name":"In\u00edcio","item":"https:\/\/hiperfilme.com\/Site-TR\/"},{"@type":"ListItem","position":2,"name":"Cat\u00e1logo de Brindes","item":"https:\/\/hiperfilme.com\/Site-TR\/catalogo-brindes\/"},{"@type":"ListItem","position":3,"name":"Powerbank em bambu Kalery para ser Personalizado"}]}]}},"_links":{"self":[{"href":"https:\/\/hiperfilme.com\/Site-TR\/wp-json\/wp\/v2\/product\/5103"}],"collection":[{"href":"https:\/\/hiperfilme.com\/Site-TR\/wp-json\/wp\/v2\/product"}],"about":[{"href":"https:\/\/hiperfilme.com\/Site-TR\/wp-json\/wp\/v2\/types\/product"}],"wp:featuredmedia":[{"embeddable":true,"href":"https:\/\/hiperfilme.com\/Site-TR\/wp-json\/wp\/v2\/media\/5105"}],"wp:attachment":[{"href":"https:\/\/hiperfilme.com\/Site-TR\/wp-json\/wp\/v2\/media?parent=5103"}],"wp:term":[{"taxonomy":"product_cat","embeddable":true,"href":"https:\/\/hiperfilme.com\/Site-TR\/wp-json\/wp\/v2\/product_cat?post=5103"},{"taxonomy":"product_tag","embeddable":true,"href":"https:\/\/hiperfilme.com\/Site-TR\/wp-json\/wp\/v2\/product_tag?post=5103"}],"curies":[{"name":"wp","href":"https:\/\/api.w.org\/{rel}","templated":true}]}}