{"id":4991,"date":"2021-02-06T14:48:07","date_gmt":"2021-02-06T14:48:07","guid":{"rendered":"https:\/\/triangulorequintado.com\/?post_type=product&#038;p=4991"},"modified":"2021-02-09T09:29:35","modified_gmt":"2021-02-09T09:29:35","slug":"conjunto-sweat-dia-namorados","status":"publish","type":"product","link":"https:\/\/hiperfilme.com\/Site-TR\/catalogo-brindes\/texteis\/sweats\/conjunto-sweat-dia-namorados\/","title":{"rendered":"Conjunto de Sweat S\/ Capuz para Dia dos Namorados"},"content":{"rendered":"<ul>\n<li>Duas Sweat Inclu\u00eddas<\/li>\n<li>Personaliza\u00e7\u00e3o Inclu\u00edda<\/li>\n<li>Tamanhos do S ao XXL<\/li>\n<li>Sem Capuz<\/li>\n<\/ul>\n","protected":false},"excerpt":{"rendered":"<p>Conjunto de duas sweats sem capuz para oferecer no Dia dos Namorados. Dispon\u00edvel em v\u00e1rios tamanhos. Tem a possibilidade de mudar a impress\u00e3o.<\/p>\n","protected":false},"featured_media":5002,"template":"","meta":[],"product_cat":[173,160],"product_tag":[244,260],"yoast_head":"<!-- This site is optimized with the Yoast SEO plugin v17.8 - https:\/\/yoast.com\/wordpress\/plugins\/seo\/ -->\n<title>Conjunto de Sweat S\/ Capuz para Dia dos Namorados | Brindes Online<\/title>\n<meta name=\"description\" content=\"Conjunto de duas sweats sem capuz para oferecer no Dia dos Namorados. Dispon\u00edvel em v\u00e1rios tamanhos. Tem a possibilidade de mudar a impress\u00e3o.\" \/>\n<meta name=\"robots\" content=\"index, follow, max-snippet:-1, max-image-preview:large, max-video-preview:-1\" \/>\n<link rel=\"canonical\" href=\"https:\/\/hiperfilme.com\/Site-TR\/catalogo-brindes\/texteis\/sweats\/conjunto-sweat-dia-namorados\/\" \/>\n<meta property=\"og:locale\" content=\"pt_PT\" \/>\n<meta property=\"og:type\" content=\"article\" \/>\n<meta property=\"og:title\" content=\"Conjunto de Sweat S\/ Capuz para Dia dos Namorados | Brindes Online\" \/>\n<meta property=\"og:description\" content=\"Conjunto de duas sweats sem capuz para oferecer no Dia dos Namorados. Dispon\u00edvel em v\u00e1rios tamanhos. Tem a possibilidade de mudar a impress\u00e3o.\" \/>\n<meta property=\"og:url\" content=\"https:\/\/hiperfilme.com\/Site-TR\/catalogo-brindes\/texteis\/sweats\/conjunto-sweat-dia-namorados\/\" \/>\n<meta property=\"og:site_name\" content=\"Hiperfilme_TR\" \/>\n<meta property=\"article:modified_time\" content=\"2021-02-09T09:29:35+00:00\" \/>\n<meta property=\"og:image\" content=\"https:\/\/hiperfilme.com\/Site-TR\/wp-content\/uploads\/2021\/02\/SWEATTR-sweat-king-queen-sem-capuz.jpg\" \/>\n\t<meta property=\"og:image:width\" content=\"700\" \/>\n\t<meta property=\"og:image:height\" content=\"700\" \/>\n<meta name=\"twitter:card\" content=\"summary_large_image\" \/>\n<script type=\"application\/ld+json\" class=\"yoast-schema-graph\">{\"@context\":\"https:\/\/schema.org\",\"@graph\":[{\"@type\":\"Organization\",\"@id\":\"https:\/\/hiperfilme.com\/Site-TR\/#organization\",\"name\":\"Triangulo Requintado\",\"url\":\"https:\/\/hiperfilme.com\/Site-TR\/\",\"sameAs\":[],\"logo\":{\"@type\":\"ImageObject\",\"@id\":\"https:\/\/hiperfilme.com\/Site-TR\/#logo\",\"inLanguage\":\"pt-PT\",\"url\":\"https:\/\/triangulorequintado.com\/wp-content\/uploads\/2020\/10\/logo-triangulo-requintado-color-248.png\",\"contentUrl\":\"https:\/\/triangulorequintado.com\/wp-content\/uploads\/2020\/10\/logo-triangulo-requintado-color-248.png\",\"width\":248,\"height\":96,\"caption\":\"Triangulo Requintado\"},\"image\":{\"@id\":\"https:\/\/hiperfilme.com\/Site-TR\/#logo\"}},{\"@type\":\"WebSite\",\"@id\":\"https:\/\/hiperfilme.com\/Site-TR\/#website\",\"url\":\"https:\/\/hiperfilme.com\/Site-TR\/\",\"name\":\"Triangulo Requintado\",\"description\":\"Estampagens e Brindes\",\"publisher\":{\"@id\":\"https:\/\/hiperfilme.com\/Site-TR\/#organization\"},\"potentialAction\":[{\"@type\":\"SearchAction\",\"target\":{\"@type\":\"EntryPoint\",\"urlTemplate\":\"https:\/\/hiperfilme.com\/Site-TR\/?s={search_term_string}\"},\"query-input\":\"required name=search_term_string\"}],\"inLanguage\":\"pt-PT\"},{\"@type\":\"ImageObject\",\"@id\":\"https:\/\/hiperfilme.com\/Site-TR\/catalogo-brindes\/texteis\/sweats\/conjunto-sweat-dia-namorados\/#primaryimage\",\"inLanguage\":\"pt-PT\",\"url\":\"https:\/\/hiperfilme.com\/Site-TR\/wp-content\/uploads\/2021\/02\/SWEATTR-sweat-king-queen-sem-capuz.jpg\",\"contentUrl\":\"https:\/\/hiperfilme.com\/Site-TR\/wp-content\/uploads\/2021\/02\/SWEATTR-sweat-king-queen-sem-capuz.jpg\",\"width\":700,\"height\":700},{\"@type\":\"WebPage\",\"@id\":\"https:\/\/hiperfilme.com\/Site-TR\/catalogo-brindes\/texteis\/sweats\/conjunto-sweat-dia-namorados\/#webpage\",\"url\":\"https:\/\/hiperfilme.com\/Site-TR\/catalogo-brindes\/texteis\/sweats\/conjunto-sweat-dia-namorados\/\",\"name\":\"Conjunto de Sweat S\/ Capuz para Dia dos Namorados | Brindes Online\",\"isPartOf\":{\"@id\":\"https:\/\/hiperfilme.com\/Site-TR\/#website\"},\"primaryImageOfPage\":{\"@id\":\"https:\/\/hiperfilme.com\/Site-TR\/catalogo-brindes\/texteis\/sweats\/conjunto-sweat-dia-namorados\/#primaryimage\"},\"datePublished\":\"2021-02-06T14:48:07+00:00\",\"dateModified\":\"2021-02-09T09:29:35+00:00\",\"description\":\"Conjunto de duas sweats sem capuz para oferecer no Dia dos Namorados. Dispon\\u00edvel em v\\u00e1rios tamanhos. Tem a possibilidade de mudar a impress\\u00e3o.\",\"breadcrumb\":{\"@id\":\"https:\/\/hiperfilme.com\/Site-TR\/catalogo-brindes\/texteis\/sweats\/conjunto-sweat-dia-namorados\/#breadcrumb\"},\"inLanguage\":\"pt-PT\",\"potentialAction\":[{\"@type\":\"ReadAction\",\"target\":[\"https:\/\/hiperfilme.com\/Site-TR\/catalogo-brindes\/texteis\/sweats\/conjunto-sweat-dia-namorados\/\"]}]},{\"@type\":\"BreadcrumbList\",\"@id\":\"https:\/\/hiperfilme.com\/Site-TR\/catalogo-brindes\/texteis\/sweats\/conjunto-sweat-dia-namorados\/#breadcrumb\",\"itemListElement\":[{\"@type\":\"ListItem\",\"position\":1,\"name\":\"In\\u00edcio\",\"item\":\"https:\/\/hiperfilme.com\/Site-TR\/\"},{\"@type\":\"ListItem\",\"position\":2,\"name\":\"Cat\\u00e1logo de Brindes\",\"item\":\"https:\/\/hiperfilme.com\/Site-TR\/catalogo-brindes\/\"},{\"@type\":\"ListItem\",\"position\":3,\"name\":\"Conjunto de Sweat S\/ Capuz para Dia dos Namorados\"}]}]}<\/script>\n<!-- \/ Yoast SEO plugin. -->","yoast_head_json":{"title":"Conjunto de Sweat S\/ Capuz para Dia dos Namorados | Brindes Online","description":"Conjunto de duas sweats sem capuz para oferecer no Dia dos Namorados. Dispon\u00edvel em v\u00e1rios tamanhos. Tem a possibilidade de mudar a impress\u00e3o.","robots":{"index":"index","follow":"follow","max-snippet":"max-snippet:-1","max-image-preview":"max-image-preview:large","max-video-preview":"max-video-preview:-1"},"canonical":"https:\/\/hiperfilme.com\/Site-TR\/catalogo-brindes\/texteis\/sweats\/conjunto-sweat-dia-namorados\/","og_locale":"pt_PT","og_type":"article","og_title":"Conjunto de Sweat S\/ Capuz para Dia dos Namorados | Brindes Online","og_description":"Conjunto de duas sweats sem capuz para oferecer no Dia dos Namorados. Dispon\u00edvel em v\u00e1rios tamanhos. Tem a possibilidade de mudar a impress\u00e3o.","og_url":"https:\/\/hiperfilme.com\/Site-TR\/catalogo-brindes\/texteis\/sweats\/conjunto-sweat-dia-namorados\/","og_site_name":"Hiperfilme_TR","article_modified_time":"2021-02-09T09:29:35+00:00","og_image":[{"width":700,"height":700,"url":"https:\/\/hiperfilme.com\/Site-TR\/wp-content\/uploads\/2021\/02\/SWEATTR-sweat-king-queen-sem-capuz.jpg","type":"image\/jpeg"}],"twitter_card":"summary_large_image","schema":{"@context":"https:\/\/schema.org","@graph":[{"@type":"Organization","@id":"https:\/\/hiperfilme.com\/Site-TR\/#organization","name":"Triangulo Requintado","url":"https:\/\/hiperfilme.com\/Site-TR\/","sameAs":[],"logo":{"@type":"ImageObject","@id":"https:\/\/hiperfilme.com\/Site-TR\/#logo","inLanguage":"pt-PT","url":"https:\/\/triangulorequintado.com\/wp-content\/uploads\/2020\/10\/logo-triangulo-requintado-color-248.png","contentUrl":"https:\/\/triangulorequintado.com\/wp-content\/uploads\/2020\/10\/logo-triangulo-requintado-color-248.png","width":248,"height":96,"caption":"Triangulo Requintado"},"image":{"@id":"https:\/\/hiperfilme.com\/Site-TR\/#logo"}},{"@type":"WebSite","@id":"https:\/\/hiperfilme.com\/Site-TR\/#website","url":"https:\/\/hiperfilme.com\/Site-TR\/","name":"Triangulo Requintado","description":"Estampagens e Brindes","publisher":{"@id":"https:\/\/hiperfilme.com\/Site-TR\/#organization"},"potentialAction":[{"@type":"SearchAction","target":{"@type":"EntryPoint","urlTemplate":"https:\/\/hiperfilme.com\/Site-TR\/?s={search_term_string}"},"query-input":"required name=search_term_string"}],"inLanguage":"pt-PT"},{"@type":"ImageObject","@id":"https:\/\/hiperfilme.com\/Site-TR\/catalogo-brindes\/texteis\/sweats\/conjunto-sweat-dia-namorados\/#primaryimage","inLanguage":"pt-PT","url":"https:\/\/hiperfilme.com\/Site-TR\/wp-content\/uploads\/2021\/02\/SWEATTR-sweat-king-queen-sem-capuz.jpg","contentUrl":"https:\/\/hiperfilme.com\/Site-TR\/wp-content\/uploads\/2021\/02\/SWEATTR-sweat-king-queen-sem-capuz.jpg","width":700,"height":700},{"@type":"WebPage","@id":"https:\/\/hiperfilme.com\/Site-TR\/catalogo-brindes\/texteis\/sweats\/conjunto-sweat-dia-namorados\/#webpage","url":"https:\/\/hiperfilme.com\/Site-TR\/catalogo-brindes\/texteis\/sweats\/conjunto-sweat-dia-namorados\/","name":"Conjunto de Sweat S\/ Capuz para Dia dos Namorados | Brindes Online","isPartOf":{"@id":"https:\/\/hiperfilme.com\/Site-TR\/#website"},"primaryImageOfPage":{"@id":"https:\/\/hiperfilme.com\/Site-TR\/catalogo-brindes\/texteis\/sweats\/conjunto-sweat-dia-namorados\/#primaryimage"},"datePublished":"2021-02-06T14:48:07+00:00","dateModified":"2021-02-09T09:29:35+00:00","description":"Conjunto de duas sweats sem capuz para oferecer no Dia dos Namorados. Dispon\u00edvel em v\u00e1rios tamanhos. Tem a possibilidade de mudar a impress\u00e3o.","breadcrumb":{"@id":"https:\/\/hiperfilme.com\/Site-TR\/catalogo-brindes\/texteis\/sweats\/conjunto-sweat-dia-namorados\/#breadcrumb"},"inLanguage":"pt-PT","potentialAction":[{"@type":"ReadAction","target":["https:\/\/hiperfilme.com\/Site-TR\/catalogo-brindes\/texteis\/sweats\/conjunto-sweat-dia-namorados\/"]}]},{"@type":"BreadcrumbList","@id":"https:\/\/hiperfilme.com\/Site-TR\/catalogo-brindes\/texteis\/sweats\/conjunto-sweat-dia-namorados\/#breadcrumb","itemListElement":[{"@type":"ListItem","position":1,"name":"In\u00edcio","item":"https:\/\/hiperfilme.com\/Site-TR\/"},{"@type":"ListItem","position":2,"name":"Cat\u00e1logo de Brindes","item":"https:\/\/hiperfilme.com\/Site-TR\/catalogo-brindes\/"},{"@type":"ListItem","position":3,"name":"Conjunto de Sweat S\/ Capuz para Dia dos Namorados"}]}]}},"_links":{"self":[{"href":"https:\/\/hiperfilme.com\/Site-TR\/wp-json\/wp\/v2\/product\/4991"}],"collection":[{"href":"https:\/\/hiperfilme.com\/Site-TR\/wp-json\/wp\/v2\/product"}],"about":[{"href":"https:\/\/hiperfilme.com\/Site-TR\/wp-json\/wp\/v2\/types\/product"}],"wp:featuredmedia":[{"embeddable":true,"href":"https:\/\/hiperfilme.com\/Site-TR\/wp-json\/wp\/v2\/media\/5002"}],"wp:attachment":[{"href":"https:\/\/hiperfilme.com\/Site-TR\/wp-json\/wp\/v2\/media?parent=4991"}],"wp:term":[{"taxonomy":"product_cat","embeddable":true,"href":"https:\/\/hiperfilme.com\/Site-TR\/wp-json\/wp\/v2\/product_cat?post=4991"},{"taxonomy":"product_tag","embeddable":true,"href":"https:\/\/hiperfilme.com\/Site-TR\/wp-json\/wp\/v2\/product_tag?post=4991"}],"curies":[{"name":"wp","href":"https:\/\/api.w.org\/{rel}","templated":true}]}}