{"id":4894,"date":"2021-02-04T12:34:07","date_gmt":"2021-02-04T12:34:07","guid":{"rendered":"https:\/\/triangulorequintado.com\/?post_type=product&#038;p=4894"},"modified":"2021-02-04T12:34:07","modified_gmt":"2021-02-04T12:34:07","slug":"pulseira-ajustavel-eventos-multi-personalizar","status":"publish","type":"product","link":"https:\/\/hiperfilme.com\/Site-TR\/catalogo-brindes\/identificacao\/pulseiras-identificacao\/pulseira-ajustavel-eventos-multi-personalizar\/","title":{"rendered":"Pulseira Ajust\u00e1vel para Eventos Multi para Personalizar"},"content":{"rendered":"<ul>\n<li>Ajust\u00e1vel<\/li>\n<li>Fecho Seguran\u00e7a<\/li>\n<li>Material: PVC<\/li>\n<li>Medidas: 24.3 x 2 x cm<\/li>\n<li>Peso:\u00a01.3 gr.<\/li>\n<\/ul>\n","protected":false},"excerpt":{"rendered":"<p>Pulseira Ajust\u00e1vel em pvc para eventos e festas. Dispon\u00edvel em diversas cores. Com fecho de seguran\u00e7a.<\/p>\n<p>Valor apresentado para o Brinde n\u00e3o personalizado. Contacte-nos para or\u00e7amentos de personaliza\u00e7\u00e3o e vantagens na compra de grandes quantidades.<\/p>\n<p>&nbsp;<\/p>\n","protected":false},"featured_media":4898,"template":"","meta":[],"product_cat":[200,204],"product_tag":[234,228],"yoast_head":"<!-- This site is optimized with the Yoast SEO plugin v17.8 - https:\/\/yoast.com\/wordpress\/plugins\/seo\/ -->\n<title>Pulseira Ajust\u00e1vel para Eventos Multi para Personalizar | Brindes Online<\/title>\n<meta name=\"description\" content=\"Pulseira Ajust\u00e1vel em pvc para eventos e festas. Dispon\u00edvel em diversas cores. Com fecho de seguran\u00e7a.\" \/>\n<meta name=\"robots\" content=\"index, follow, max-snippet:-1, max-image-preview:large, max-video-preview:-1\" \/>\n<link rel=\"canonical\" href=\"https:\/\/hiperfilme.com\/Site-TR\/catalogo-brindes\/identificacao\/pulseiras-identificacao\/pulseira-ajustavel-eventos-multi-personalizar\/\" \/>\n<meta property=\"og:locale\" content=\"pt_PT\" \/>\n<meta property=\"og:type\" content=\"article\" \/>\n<meta property=\"og:title\" content=\"Pulseira Ajust\u00e1vel para Eventos Multi para Personalizar | Brindes Online\" \/>\n<meta property=\"og:description\" content=\"Pulseira Ajust\u00e1vel em pvc para eventos e festas. Dispon\u00edvel em diversas cores. Com fecho de seguran\u00e7a.\" \/>\n<meta property=\"og:url\" content=\"https:\/\/hiperfilme.com\/Site-TR\/catalogo-brindes\/identificacao\/pulseiras-identificacao\/pulseira-ajustavel-eventos-multi-personalizar\/\" \/>\n<meta property=\"og:site_name\" content=\"Hiperfilme_TR\" \/>\n<meta property=\"og:image\" content=\"https:\/\/hiperfilme.com\/Site-TR\/wp-content\/uploads\/2021\/02\/9096TR-pulseira-eventos-ajustavel-multi-preto.jpg\" \/>\n\t<meta property=\"og:image:width\" content=\"700\" \/>\n\t<meta property=\"og:image:height\" content=\"700\" \/>\n<meta name=\"twitter:card\" content=\"summary_large_image\" \/>\n<script type=\"application\/ld+json\" class=\"yoast-schema-graph\">{\"@context\":\"https:\/\/schema.org\",\"@graph\":[{\"@type\":\"Organization\",\"@id\":\"https:\/\/hiperfilme.com\/Site-TR\/#organization\",\"name\":\"Triangulo Requintado\",\"url\":\"https:\/\/hiperfilme.com\/Site-TR\/\",\"sameAs\":[],\"logo\":{\"@type\":\"ImageObject\",\"@id\":\"https:\/\/hiperfilme.com\/Site-TR\/#logo\",\"inLanguage\":\"pt-PT\",\"url\":\"https:\/\/triangulorequintado.com\/wp-content\/uploads\/2020\/10\/logo-triangulo-requintado-color-248.png\",\"contentUrl\":\"https:\/\/triangulorequintado.com\/wp-content\/uploads\/2020\/10\/logo-triangulo-requintado-color-248.png\",\"width\":248,\"height\":96,\"caption\":\"Triangulo Requintado\"},\"image\":{\"@id\":\"https:\/\/hiperfilme.com\/Site-TR\/#logo\"}},{\"@type\":\"WebSite\",\"@id\":\"https:\/\/hiperfilme.com\/Site-TR\/#website\",\"url\":\"https:\/\/hiperfilme.com\/Site-TR\/\",\"name\":\"Triangulo Requintado\",\"description\":\"Estampagens e Brindes\",\"publisher\":{\"@id\":\"https:\/\/hiperfilme.com\/Site-TR\/#organization\"},\"potentialAction\":[{\"@type\":\"SearchAction\",\"target\":{\"@type\":\"EntryPoint\",\"urlTemplate\":\"https:\/\/hiperfilme.com\/Site-TR\/?s={search_term_string}\"},\"query-input\":\"required name=search_term_string\"}],\"inLanguage\":\"pt-PT\"},{\"@type\":\"ImageObject\",\"@id\":\"https:\/\/hiperfilme.com\/Site-TR\/catalogo-brindes\/identificacao\/pulseiras-identificacao\/pulseira-ajustavel-eventos-multi-personalizar\/#primaryimage\",\"inLanguage\":\"pt-PT\",\"url\":\"https:\/\/hiperfilme.com\/Site-TR\/wp-content\/uploads\/2021\/02\/9096TR-pulseira-eventos-ajustavel-multi-preto.jpg\",\"contentUrl\":\"https:\/\/hiperfilme.com\/Site-TR\/wp-content\/uploads\/2021\/02\/9096TR-pulseira-eventos-ajustavel-multi-preto.jpg\",\"width\":700,\"height\":700},{\"@type\":\"WebPage\",\"@id\":\"https:\/\/hiperfilme.com\/Site-TR\/catalogo-brindes\/identificacao\/pulseiras-identificacao\/pulseira-ajustavel-eventos-multi-personalizar\/#webpage\",\"url\":\"https:\/\/hiperfilme.com\/Site-TR\/catalogo-brindes\/identificacao\/pulseiras-identificacao\/pulseira-ajustavel-eventos-multi-personalizar\/\",\"name\":\"Pulseira Ajust\\u00e1vel para Eventos Multi para Personalizar | Brindes Online\",\"isPartOf\":{\"@id\":\"https:\/\/hiperfilme.com\/Site-TR\/#website\"},\"primaryImageOfPage\":{\"@id\":\"https:\/\/hiperfilme.com\/Site-TR\/catalogo-brindes\/identificacao\/pulseiras-identificacao\/pulseira-ajustavel-eventos-multi-personalizar\/#primaryimage\"},\"datePublished\":\"2021-02-04T12:34:07+00:00\",\"dateModified\":\"2021-02-04T12:34:07+00:00\",\"description\":\"Pulseira Ajust\\u00e1vel em pvc para eventos e festas. Dispon\\u00edvel em diversas cores. Com fecho de seguran\\u00e7a.\",\"breadcrumb\":{\"@id\":\"https:\/\/hiperfilme.com\/Site-TR\/catalogo-brindes\/identificacao\/pulseiras-identificacao\/pulseira-ajustavel-eventos-multi-personalizar\/#breadcrumb\"},\"inLanguage\":\"pt-PT\",\"potentialAction\":[{\"@type\":\"ReadAction\",\"target\":[\"https:\/\/hiperfilme.com\/Site-TR\/catalogo-brindes\/identificacao\/pulseiras-identificacao\/pulseira-ajustavel-eventos-multi-personalizar\/\"]}]},{\"@type\":\"BreadcrumbList\",\"@id\":\"https:\/\/hiperfilme.com\/Site-TR\/catalogo-brindes\/identificacao\/pulseiras-identificacao\/pulseira-ajustavel-eventos-multi-personalizar\/#breadcrumb\",\"itemListElement\":[{\"@type\":\"ListItem\",\"position\":1,\"name\":\"In\\u00edcio\",\"item\":\"https:\/\/hiperfilme.com\/Site-TR\/\"},{\"@type\":\"ListItem\",\"position\":2,\"name\":\"Cat\\u00e1logo de Brindes\",\"item\":\"https:\/\/hiperfilme.com\/Site-TR\/catalogo-brindes\/\"},{\"@type\":\"ListItem\",\"position\":3,\"name\":\"Pulseira Ajust\\u00e1vel para Eventos Multi para Personalizar\"}]}]}<\/script>\n<!-- \/ Yoast SEO plugin. -->","yoast_head_json":{"title":"Pulseira Ajust\u00e1vel para Eventos Multi para Personalizar | Brindes Online","description":"Pulseira Ajust\u00e1vel em pvc para eventos e festas. Dispon\u00edvel em diversas cores. Com fecho de seguran\u00e7a.","robots":{"index":"index","follow":"follow","max-snippet":"max-snippet:-1","max-image-preview":"max-image-preview:large","max-video-preview":"max-video-preview:-1"},"canonical":"https:\/\/hiperfilme.com\/Site-TR\/catalogo-brindes\/identificacao\/pulseiras-identificacao\/pulseira-ajustavel-eventos-multi-personalizar\/","og_locale":"pt_PT","og_type":"article","og_title":"Pulseira Ajust\u00e1vel para Eventos Multi para Personalizar | Brindes Online","og_description":"Pulseira Ajust\u00e1vel em pvc para eventos e festas. Dispon\u00edvel em diversas cores. Com fecho de seguran\u00e7a.","og_url":"https:\/\/hiperfilme.com\/Site-TR\/catalogo-brindes\/identificacao\/pulseiras-identificacao\/pulseira-ajustavel-eventos-multi-personalizar\/","og_site_name":"Hiperfilme_TR","og_image":[{"width":700,"height":700,"url":"https:\/\/hiperfilme.com\/Site-TR\/wp-content\/uploads\/2021\/02\/9096TR-pulseira-eventos-ajustavel-multi-preto.jpg","type":"image\/jpeg"}],"twitter_card":"summary_large_image","schema":{"@context":"https:\/\/schema.org","@graph":[{"@type":"Organization","@id":"https:\/\/hiperfilme.com\/Site-TR\/#organization","name":"Triangulo Requintado","url":"https:\/\/hiperfilme.com\/Site-TR\/","sameAs":[],"logo":{"@type":"ImageObject","@id":"https:\/\/hiperfilme.com\/Site-TR\/#logo","inLanguage":"pt-PT","url":"https:\/\/triangulorequintado.com\/wp-content\/uploads\/2020\/10\/logo-triangulo-requintado-color-248.png","contentUrl":"https:\/\/triangulorequintado.com\/wp-content\/uploads\/2020\/10\/logo-triangulo-requintado-color-248.png","width":248,"height":96,"caption":"Triangulo Requintado"},"image":{"@id":"https:\/\/hiperfilme.com\/Site-TR\/#logo"}},{"@type":"WebSite","@id":"https:\/\/hiperfilme.com\/Site-TR\/#website","url":"https:\/\/hiperfilme.com\/Site-TR\/","name":"Triangulo Requintado","description":"Estampagens e Brindes","publisher":{"@id":"https:\/\/hiperfilme.com\/Site-TR\/#organization"},"potentialAction":[{"@type":"SearchAction","target":{"@type":"EntryPoint","urlTemplate":"https:\/\/hiperfilme.com\/Site-TR\/?s={search_term_string}"},"query-input":"required name=search_term_string"}],"inLanguage":"pt-PT"},{"@type":"ImageObject","@id":"https:\/\/hiperfilme.com\/Site-TR\/catalogo-brindes\/identificacao\/pulseiras-identificacao\/pulseira-ajustavel-eventos-multi-personalizar\/#primaryimage","inLanguage":"pt-PT","url":"https:\/\/hiperfilme.com\/Site-TR\/wp-content\/uploads\/2021\/02\/9096TR-pulseira-eventos-ajustavel-multi-preto.jpg","contentUrl":"https:\/\/hiperfilme.com\/Site-TR\/wp-content\/uploads\/2021\/02\/9096TR-pulseira-eventos-ajustavel-multi-preto.jpg","width":700,"height":700},{"@type":"WebPage","@id":"https:\/\/hiperfilme.com\/Site-TR\/catalogo-brindes\/identificacao\/pulseiras-identificacao\/pulseira-ajustavel-eventos-multi-personalizar\/#webpage","url":"https:\/\/hiperfilme.com\/Site-TR\/catalogo-brindes\/identificacao\/pulseiras-identificacao\/pulseira-ajustavel-eventos-multi-personalizar\/","name":"Pulseira Ajust\u00e1vel para Eventos Multi para Personalizar | Brindes Online","isPartOf":{"@id":"https:\/\/hiperfilme.com\/Site-TR\/#website"},"primaryImageOfPage":{"@id":"https:\/\/hiperfilme.com\/Site-TR\/catalogo-brindes\/identificacao\/pulseiras-identificacao\/pulseira-ajustavel-eventos-multi-personalizar\/#primaryimage"},"datePublished":"2021-02-04T12:34:07+00:00","dateModified":"2021-02-04T12:34:07+00:00","description":"Pulseira Ajust\u00e1vel em pvc para eventos e festas. Dispon\u00edvel em diversas cores. Com fecho de seguran\u00e7a.","breadcrumb":{"@id":"https:\/\/hiperfilme.com\/Site-TR\/catalogo-brindes\/identificacao\/pulseiras-identificacao\/pulseira-ajustavel-eventos-multi-personalizar\/#breadcrumb"},"inLanguage":"pt-PT","potentialAction":[{"@type":"ReadAction","target":["https:\/\/hiperfilme.com\/Site-TR\/catalogo-brindes\/identificacao\/pulseiras-identificacao\/pulseira-ajustavel-eventos-multi-personalizar\/"]}]},{"@type":"BreadcrumbList","@id":"https:\/\/hiperfilme.com\/Site-TR\/catalogo-brindes\/identificacao\/pulseiras-identificacao\/pulseira-ajustavel-eventos-multi-personalizar\/#breadcrumb","itemListElement":[{"@type":"ListItem","position":1,"name":"In\u00edcio","item":"https:\/\/hiperfilme.com\/Site-TR\/"},{"@type":"ListItem","position":2,"name":"Cat\u00e1logo de Brindes","item":"https:\/\/hiperfilme.com\/Site-TR\/catalogo-brindes\/"},{"@type":"ListItem","position":3,"name":"Pulseira Ajust\u00e1vel para Eventos Multi para Personalizar"}]}]}},"_links":{"self":[{"href":"https:\/\/hiperfilme.com\/Site-TR\/wp-json\/wp\/v2\/product\/4894"}],"collection":[{"href":"https:\/\/hiperfilme.com\/Site-TR\/wp-json\/wp\/v2\/product"}],"about":[{"href":"https:\/\/hiperfilme.com\/Site-TR\/wp-json\/wp\/v2\/types\/product"}],"wp:featuredmedia":[{"embeddable":true,"href":"https:\/\/hiperfilme.com\/Site-TR\/wp-json\/wp\/v2\/media\/4898"}],"wp:attachment":[{"href":"https:\/\/hiperfilme.com\/Site-TR\/wp-json\/wp\/v2\/media?parent=4894"}],"wp:term":[{"taxonomy":"product_cat","embeddable":true,"href":"https:\/\/hiperfilme.com\/Site-TR\/wp-json\/wp\/v2\/product_cat?post=4894"},{"taxonomy":"product_tag","embeddable":true,"href":"https:\/\/hiperfilme.com\/Site-TR\/wp-json\/wp\/v2\/product_tag?post=4894"}],"curies":[{"name":"wp","href":"https:\/\/api.w.org\/{rel}","templated":true}]}}