{"id":4889,"date":"2021-02-04T12:11:21","date_gmt":"2021-02-04T12:11:21","guid":{"rendered":"https:\/\/triangulorequintado.com\/?post_type=product&#038;p=4889"},"modified":"2021-02-04T12:11:22","modified_gmt":"2021-02-04T12:11:22","slug":"powerbank-aluminio-powar-personalizado","status":"publish","type":"product","link":"https:\/\/hiperfilme.com\/Site-TR\/catalogo-brindes\/tecnologicos\/powerbanks\/powerbank-aluminio-powar-personalizado\/","title":{"rendered":"Powerbank em Alum\u00ednio Powar para ser Personalizado"},"content":{"rendered":"<div class=\"col-xs-12 col-sm-12 col-md-12 col-lg-12\">\n<div class=\"winsig_product_detail_info_tabs\">\n<div class=\"winsig_reponsive_tabs\">\n<div class=\"tab-content tabs_responsive hidden-xs hidden-sm\">\n<div id=\"product_description\" class=\"tab-pane fade active in\">\n<div class=\"\">\n<div class=\"winsig_product_detail_description\">\n<ul>\n<li class=\"caption\">Material: Alum\u00ednio<\/li>\n<li class=\"caption\">Pot\u00eancia: 4000 mAh<\/li>\n<li>Medidas: <span style=\"font-size: 1rem\">7 x 11 x 10 cm<\/span><\/li>\n<li>Com boa \u00e1rea para personaliza\u00e7\u00e3o<\/li>\n<li class=\"caption\">Cabo inclu\u00eddo conex\u00e3o USB e MicroUSB<\/li>\n<\/ul>\n<\/div>\n<\/div>\n<\/div>\n<\/div>\n<\/div>\n<\/div>\n<\/div>\n<div class=\"col-xs-12 col-sm-12 col-md-12 col-lg-12\">\n<div class=\"winsig_buy_multiple_products\"><\/div>\n<\/div>\n","protected":false},"excerpt":{"rendered":"<p>Power bank em alum\u00ednio com 4000 mAh. Com boa \u00e1rea para personaliza\u00e7\u00e3o. Cabo inclu\u00eddo conex\u00e3o USB e MicroUSB.<\/p>\n<p>Valor apresentado para o Brinde n\u00e3o personalizado. Contacte-nos para or\u00e7amentos de personaliza\u00e7\u00e3o e vantagens na compra de grandes quantidades.<\/p>\n","protected":false},"featured_media":4891,"template":"","meta":[],"product_cat":[158,156],"product_tag":[245],"yoast_head":"<!-- This site is optimized with the Yoast SEO plugin v17.8 - https:\/\/yoast.com\/wordpress\/plugins\/seo\/ -->\n<title>Powerbank em Alum\u00ednio Powar para ser Personalizado | Brindes Online<\/title>\n<meta name=\"description\" content=\"Power bank em alum\u00ednio com 4000 mAh. Com boa \u00e1rea para personaliza\u00e7\u00e3o. Cabo inclu\u00eddo conex\u00e3o USB e MicroUSB.\" \/>\n<meta name=\"robots\" content=\"index, follow, max-snippet:-1, max-image-preview:large, max-video-preview:-1\" \/>\n<link rel=\"canonical\" href=\"https:\/\/hiperfilme.com\/Site-TR\/catalogo-brindes\/tecnologicos\/powerbanks\/powerbank-aluminio-powar-personalizado\/\" \/>\n<meta property=\"og:locale\" content=\"pt_PT\" \/>\n<meta property=\"og:type\" content=\"article\" \/>\n<meta property=\"og:title\" content=\"Powerbank em Alum\u00ednio Powar para ser Personalizado | Brindes Online\" \/>\n<meta property=\"og:description\" content=\"Power bank em alum\u00ednio com 4000 mAh. Com boa \u00e1rea para personaliza\u00e7\u00e3o. Cabo inclu\u00eddo conex\u00e3o USB e MicroUSB.\" \/>\n<meta property=\"og:url\" content=\"https:\/\/hiperfilme.com\/Site-TR\/catalogo-brindes\/tecnologicos\/powerbanks\/powerbank-aluminio-powar-personalizado\/\" \/>\n<meta property=\"og:site_name\" content=\"Hiperfilme_TR\" \/>\n<meta property=\"article:modified_time\" content=\"2021-02-04T12:11:22+00:00\" \/>\n<meta property=\"og:image\" content=\"https:\/\/hiperfilme.com\/Site-TR\/wp-content\/uploads\/2021\/02\/110561-powerbank-aluminio-powar-preto.jpg\" \/>\n\t<meta property=\"og:image:width\" content=\"700\" \/>\n\t<meta property=\"og:image:height\" content=\"700\" \/>\n<meta name=\"twitter:card\" content=\"summary_large_image\" \/>\n<script type=\"application\/ld+json\" class=\"yoast-schema-graph\">{\"@context\":\"https:\/\/schema.org\",\"@graph\":[{\"@type\":\"Organization\",\"@id\":\"https:\/\/hiperfilme.com\/Site-TR\/#organization\",\"name\":\"Triangulo Requintado\",\"url\":\"https:\/\/hiperfilme.com\/Site-TR\/\",\"sameAs\":[],\"logo\":{\"@type\":\"ImageObject\",\"@id\":\"https:\/\/hiperfilme.com\/Site-TR\/#logo\",\"inLanguage\":\"pt-PT\",\"url\":\"https:\/\/triangulorequintado.com\/wp-content\/uploads\/2020\/10\/logo-triangulo-requintado-color-248.png\",\"contentUrl\":\"https:\/\/triangulorequintado.com\/wp-content\/uploads\/2020\/10\/logo-triangulo-requintado-color-248.png\",\"width\":248,\"height\":96,\"caption\":\"Triangulo Requintado\"},\"image\":{\"@id\":\"https:\/\/hiperfilme.com\/Site-TR\/#logo\"}},{\"@type\":\"WebSite\",\"@id\":\"https:\/\/hiperfilme.com\/Site-TR\/#website\",\"url\":\"https:\/\/hiperfilme.com\/Site-TR\/\",\"name\":\"Triangulo Requintado\",\"description\":\"Estampagens e Brindes\",\"publisher\":{\"@id\":\"https:\/\/hiperfilme.com\/Site-TR\/#organization\"},\"potentialAction\":[{\"@type\":\"SearchAction\",\"target\":{\"@type\":\"EntryPoint\",\"urlTemplate\":\"https:\/\/hiperfilme.com\/Site-TR\/?s={search_term_string}\"},\"query-input\":\"required name=search_term_string\"}],\"inLanguage\":\"pt-PT\"},{\"@type\":\"ImageObject\",\"@id\":\"https:\/\/hiperfilme.com\/Site-TR\/catalogo-brindes\/tecnologicos\/powerbanks\/powerbank-aluminio-powar-personalizado\/#primaryimage\",\"inLanguage\":\"pt-PT\",\"url\":\"https:\/\/hiperfilme.com\/Site-TR\/wp-content\/uploads\/2021\/02\/110561-powerbank-aluminio-powar-preto.jpg\",\"contentUrl\":\"https:\/\/hiperfilme.com\/Site-TR\/wp-content\/uploads\/2021\/02\/110561-powerbank-aluminio-powar-preto.jpg\",\"width\":700,\"height\":700},{\"@type\":\"WebPage\",\"@id\":\"https:\/\/hiperfilme.com\/Site-TR\/catalogo-brindes\/tecnologicos\/powerbanks\/powerbank-aluminio-powar-personalizado\/#webpage\",\"url\":\"https:\/\/hiperfilme.com\/Site-TR\/catalogo-brindes\/tecnologicos\/powerbanks\/powerbank-aluminio-powar-personalizado\/\",\"name\":\"Powerbank em Alum\\u00ednio Powar para ser Personalizado | Brindes Online\",\"isPartOf\":{\"@id\":\"https:\/\/hiperfilme.com\/Site-TR\/#website\"},\"primaryImageOfPage\":{\"@id\":\"https:\/\/hiperfilme.com\/Site-TR\/catalogo-brindes\/tecnologicos\/powerbanks\/powerbank-aluminio-powar-personalizado\/#primaryimage\"},\"datePublished\":\"2021-02-04T12:11:21+00:00\",\"dateModified\":\"2021-02-04T12:11:22+00:00\",\"description\":\"Power bank em alum\\u00ednio com 4000 mAh. Com boa \\u00e1rea para personaliza\\u00e7\\u00e3o. Cabo inclu\\u00eddo conex\\u00e3o USB e MicroUSB.\",\"breadcrumb\":{\"@id\":\"https:\/\/hiperfilme.com\/Site-TR\/catalogo-brindes\/tecnologicos\/powerbanks\/powerbank-aluminio-powar-personalizado\/#breadcrumb\"},\"inLanguage\":\"pt-PT\",\"potentialAction\":[{\"@type\":\"ReadAction\",\"target\":[\"https:\/\/hiperfilme.com\/Site-TR\/catalogo-brindes\/tecnologicos\/powerbanks\/powerbank-aluminio-powar-personalizado\/\"]}]},{\"@type\":\"BreadcrumbList\",\"@id\":\"https:\/\/hiperfilme.com\/Site-TR\/catalogo-brindes\/tecnologicos\/powerbanks\/powerbank-aluminio-powar-personalizado\/#breadcrumb\",\"itemListElement\":[{\"@type\":\"ListItem\",\"position\":1,\"name\":\"In\\u00edcio\",\"item\":\"https:\/\/hiperfilme.com\/Site-TR\/\"},{\"@type\":\"ListItem\",\"position\":2,\"name\":\"Cat\\u00e1logo de Brindes\",\"item\":\"https:\/\/hiperfilme.com\/Site-TR\/catalogo-brindes\/\"},{\"@type\":\"ListItem\",\"position\":3,\"name\":\"Powerbank em Alum\\u00ednio Powar para ser Personalizado\"}]}]}<\/script>\n<!-- \/ Yoast SEO plugin. -->","yoast_head_json":{"title":"Powerbank em Alum\u00ednio Powar para ser Personalizado | Brindes Online","description":"Power bank em alum\u00ednio com 4000 mAh. Com boa \u00e1rea para personaliza\u00e7\u00e3o. Cabo inclu\u00eddo conex\u00e3o USB e MicroUSB.","robots":{"index":"index","follow":"follow","max-snippet":"max-snippet:-1","max-image-preview":"max-image-preview:large","max-video-preview":"max-video-preview:-1"},"canonical":"https:\/\/hiperfilme.com\/Site-TR\/catalogo-brindes\/tecnologicos\/powerbanks\/powerbank-aluminio-powar-personalizado\/","og_locale":"pt_PT","og_type":"article","og_title":"Powerbank em Alum\u00ednio Powar para ser Personalizado | Brindes Online","og_description":"Power bank em alum\u00ednio com 4000 mAh. Com boa \u00e1rea para personaliza\u00e7\u00e3o. Cabo inclu\u00eddo conex\u00e3o USB e MicroUSB.","og_url":"https:\/\/hiperfilme.com\/Site-TR\/catalogo-brindes\/tecnologicos\/powerbanks\/powerbank-aluminio-powar-personalizado\/","og_site_name":"Hiperfilme_TR","article_modified_time":"2021-02-04T12:11:22+00:00","og_image":[{"width":700,"height":700,"url":"https:\/\/hiperfilme.com\/Site-TR\/wp-content\/uploads\/2021\/02\/110561-powerbank-aluminio-powar-preto.jpg","type":"image\/jpeg"}],"twitter_card":"summary_large_image","schema":{"@context":"https:\/\/schema.org","@graph":[{"@type":"Organization","@id":"https:\/\/hiperfilme.com\/Site-TR\/#organization","name":"Triangulo Requintado","url":"https:\/\/hiperfilme.com\/Site-TR\/","sameAs":[],"logo":{"@type":"ImageObject","@id":"https:\/\/hiperfilme.com\/Site-TR\/#logo","inLanguage":"pt-PT","url":"https:\/\/triangulorequintado.com\/wp-content\/uploads\/2020\/10\/logo-triangulo-requintado-color-248.png","contentUrl":"https:\/\/triangulorequintado.com\/wp-content\/uploads\/2020\/10\/logo-triangulo-requintado-color-248.png","width":248,"height":96,"caption":"Triangulo Requintado"},"image":{"@id":"https:\/\/hiperfilme.com\/Site-TR\/#logo"}},{"@type":"WebSite","@id":"https:\/\/hiperfilme.com\/Site-TR\/#website","url":"https:\/\/hiperfilme.com\/Site-TR\/","name":"Triangulo Requintado","description":"Estampagens e Brindes","publisher":{"@id":"https:\/\/hiperfilme.com\/Site-TR\/#organization"},"potentialAction":[{"@type":"SearchAction","target":{"@type":"EntryPoint","urlTemplate":"https:\/\/hiperfilme.com\/Site-TR\/?s={search_term_string}"},"query-input":"required name=search_term_string"}],"inLanguage":"pt-PT"},{"@type":"ImageObject","@id":"https:\/\/hiperfilme.com\/Site-TR\/catalogo-brindes\/tecnologicos\/powerbanks\/powerbank-aluminio-powar-personalizado\/#primaryimage","inLanguage":"pt-PT","url":"https:\/\/hiperfilme.com\/Site-TR\/wp-content\/uploads\/2021\/02\/110561-powerbank-aluminio-powar-preto.jpg","contentUrl":"https:\/\/hiperfilme.com\/Site-TR\/wp-content\/uploads\/2021\/02\/110561-powerbank-aluminio-powar-preto.jpg","width":700,"height":700},{"@type":"WebPage","@id":"https:\/\/hiperfilme.com\/Site-TR\/catalogo-brindes\/tecnologicos\/powerbanks\/powerbank-aluminio-powar-personalizado\/#webpage","url":"https:\/\/hiperfilme.com\/Site-TR\/catalogo-brindes\/tecnologicos\/powerbanks\/powerbank-aluminio-powar-personalizado\/","name":"Powerbank em Alum\u00ednio Powar para ser Personalizado | Brindes Online","isPartOf":{"@id":"https:\/\/hiperfilme.com\/Site-TR\/#website"},"primaryImageOfPage":{"@id":"https:\/\/hiperfilme.com\/Site-TR\/catalogo-brindes\/tecnologicos\/powerbanks\/powerbank-aluminio-powar-personalizado\/#primaryimage"},"datePublished":"2021-02-04T12:11:21+00:00","dateModified":"2021-02-04T12:11:22+00:00","description":"Power bank em alum\u00ednio com 4000 mAh. Com boa \u00e1rea para personaliza\u00e7\u00e3o. Cabo inclu\u00eddo conex\u00e3o USB e MicroUSB.","breadcrumb":{"@id":"https:\/\/hiperfilme.com\/Site-TR\/catalogo-brindes\/tecnologicos\/powerbanks\/powerbank-aluminio-powar-personalizado\/#breadcrumb"},"inLanguage":"pt-PT","potentialAction":[{"@type":"ReadAction","target":["https:\/\/hiperfilme.com\/Site-TR\/catalogo-brindes\/tecnologicos\/powerbanks\/powerbank-aluminio-powar-personalizado\/"]}]},{"@type":"BreadcrumbList","@id":"https:\/\/hiperfilme.com\/Site-TR\/catalogo-brindes\/tecnologicos\/powerbanks\/powerbank-aluminio-powar-personalizado\/#breadcrumb","itemListElement":[{"@type":"ListItem","position":1,"name":"In\u00edcio","item":"https:\/\/hiperfilme.com\/Site-TR\/"},{"@type":"ListItem","position":2,"name":"Cat\u00e1logo de Brindes","item":"https:\/\/hiperfilme.com\/Site-TR\/catalogo-brindes\/"},{"@type":"ListItem","position":3,"name":"Powerbank em Alum\u00ednio Powar para ser Personalizado"}]}]}},"_links":{"self":[{"href":"https:\/\/hiperfilme.com\/Site-TR\/wp-json\/wp\/v2\/product\/4889"}],"collection":[{"href":"https:\/\/hiperfilme.com\/Site-TR\/wp-json\/wp\/v2\/product"}],"about":[{"href":"https:\/\/hiperfilme.com\/Site-TR\/wp-json\/wp\/v2\/types\/product"}],"wp:featuredmedia":[{"embeddable":true,"href":"https:\/\/hiperfilme.com\/Site-TR\/wp-json\/wp\/v2\/media\/4891"}],"wp:attachment":[{"href":"https:\/\/hiperfilme.com\/Site-TR\/wp-json\/wp\/v2\/media?parent=4889"}],"wp:term":[{"taxonomy":"product_cat","embeddable":true,"href":"https:\/\/hiperfilme.com\/Site-TR\/wp-json\/wp\/v2\/product_cat?post=4889"},{"taxonomy":"product_tag","embeddable":true,"href":"https:\/\/hiperfilme.com\/Site-TR\/wp-json\/wp\/v2\/product_tag?post=4889"}],"curies":[{"name":"wp","href":"https:\/\/api.w.org\/{rel}","templated":true}]}}