{"id":4791,"date":"2021-02-01T16:03:07","date_gmt":"2021-02-01T16:03:07","guid":{"rendered":"https:\/\/triangulorequintado.com\/?post_type=product&#038;p=4791"},"modified":"2022-01-16T18:20:38","modified_gmt":"2022-01-16T18:20:38","slug":"pulseira-inviolavel-ankaran-personalizada","status":"publish","type":"product","link":"https:\/\/hiperfilme.com\/Site-TR\/catalogo-brindes\/identificacao\/pulseiras-identificacao\/pulseira-inviolavel-ankaran-personalizada\/","title":{"rendered":"Pulseira Inviol\u00e1vel Ankaran para ser Personalizada"},"content":{"rendered":"<ul>\n<li>Com fecho adesivo<\/li>\n<li>Resistente \u00e0 \u00e1gua<\/li>\n<li>Apresentado em folhas de 10 pe\u00e7as com numera\u00e7\u00e3o individual<\/li>\n<li>Material: Tyvek<\/li>\n<li>Medidas: 25.5 x 1.9 x cm<\/li>\n<li>Peso: <span style=\"font-size: 1rem\">0.4 gr.<\/span><\/li>\n<\/ul>\n","protected":false},"excerpt":{"rendered":"<p>Pulseira de Adulto para eventos em fibra sint\u00e9tica e numa variada gama de cores vivas. Com fecho adesivo, resistente \u00e0 \u00e1gua e apresentado em folhas de 10 pe\u00e7as com numera\u00e7\u00e3o individual.<\/p>\n<p>Valor apresentado para o Brinde n\u00e3o personalizado. Contacte-nos para or\u00e7amentos de personaliza\u00e7\u00e3o e vantagens na compra de grandes quantidades.<\/p>\n","protected":false},"featured_media":4797,"template":"","meta":[],"product_cat":[146,200,204],"product_tag":[234],"yoast_head":"<!-- This site is optimized with the Yoast SEO plugin v17.8 - https:\/\/yoast.com\/wordpress\/plugins\/seo\/ -->\n<title>Pulseira Inviol\u00e1vel Ankaran para ser Personalizada | Brindes Online<\/title>\n<meta name=\"description\" content=\"Pulseira de Adulto para eventos em fibra sint\u00e9tica. Com fecho adesivo, resistente \u00e0 \u00e1gua e com numera\u00e7\u00e3o individual.\" \/>\n<meta name=\"robots\" content=\"index, follow, max-snippet:-1, max-image-preview:large, max-video-preview:-1\" \/>\n<link rel=\"canonical\" href=\"https:\/\/hiperfilme.com\/Site-TR\/catalogo-brindes\/identificacao\/pulseiras-identificacao\/pulseira-inviolavel-ankaran-personalizada\/\" \/>\n<meta property=\"og:locale\" content=\"pt_PT\" \/>\n<meta property=\"og:type\" content=\"article\" \/>\n<meta property=\"og:title\" content=\"Pulseira Inviol\u00e1vel Ankaran para ser Personalizada | Brindes Online\" \/>\n<meta property=\"og:description\" content=\"Pulseira de Adulto para eventos em fibra sint\u00e9tica. Com fecho adesivo, resistente \u00e0 \u00e1gua e com numera\u00e7\u00e3o individual.\" \/>\n<meta property=\"og:url\" content=\"https:\/\/hiperfilme.com\/Site-TR\/catalogo-brindes\/identificacao\/pulseiras-identificacao\/pulseira-inviolavel-ankaran-personalizada\/\" \/>\n<meta property=\"og:site_name\" content=\"Hiperfilme_TR\" \/>\n<meta property=\"article:modified_time\" content=\"2022-01-16T18:20:38+00:00\" \/>\n<meta property=\"og:image\" content=\"https:\/\/hiperfilme.com\/Site-TR\/wp-content\/uploads\/2021\/02\/6203TR-pulseira-tyvek-ankaran-preto.jpg\" \/>\n\t<meta property=\"og:image:width\" content=\"700\" \/>\n\t<meta property=\"og:image:height\" content=\"700\" \/>\n<meta name=\"twitter:card\" content=\"summary_large_image\" \/>\n<script type=\"application\/ld+json\" class=\"yoast-schema-graph\">{\"@context\":\"https:\/\/schema.org\",\"@graph\":[{\"@type\":\"Organization\",\"@id\":\"https:\/\/hiperfilme.com\/Site-TR\/#organization\",\"name\":\"Triangulo Requintado\",\"url\":\"https:\/\/hiperfilme.com\/Site-TR\/\",\"sameAs\":[],\"logo\":{\"@type\":\"ImageObject\",\"@id\":\"https:\/\/hiperfilme.com\/Site-TR\/#logo\",\"inLanguage\":\"pt-PT\",\"url\":\"https:\/\/triangulorequintado.com\/wp-content\/uploads\/2020\/10\/logo-triangulo-requintado-color-248.png\",\"contentUrl\":\"https:\/\/triangulorequintado.com\/wp-content\/uploads\/2020\/10\/logo-triangulo-requintado-color-248.png\",\"width\":248,\"height\":96,\"caption\":\"Triangulo Requintado\"},\"image\":{\"@id\":\"https:\/\/hiperfilme.com\/Site-TR\/#logo\"}},{\"@type\":\"WebSite\",\"@id\":\"https:\/\/hiperfilme.com\/Site-TR\/#website\",\"url\":\"https:\/\/hiperfilme.com\/Site-TR\/\",\"name\":\"Triangulo Requintado\",\"description\":\"Estampagens e Brindes\",\"publisher\":{\"@id\":\"https:\/\/hiperfilme.com\/Site-TR\/#organization\"},\"potentialAction\":[{\"@type\":\"SearchAction\",\"target\":{\"@type\":\"EntryPoint\",\"urlTemplate\":\"https:\/\/hiperfilme.com\/Site-TR\/?s={search_term_string}\"},\"query-input\":\"required name=search_term_string\"}],\"inLanguage\":\"pt-PT\"},{\"@type\":\"ImageObject\",\"@id\":\"https:\/\/hiperfilme.com\/Site-TR\/catalogo-brindes\/identificacao\/pulseiras-identificacao\/pulseira-inviolavel-ankaran-personalizada\/#primaryimage\",\"inLanguage\":\"pt-PT\",\"url\":\"https:\/\/hiperfilme.com\/Site-TR\/wp-content\/uploads\/2021\/02\/6203TR-pulseira-tyvek-ankaran-preto.jpg\",\"contentUrl\":\"https:\/\/hiperfilme.com\/Site-TR\/wp-content\/uploads\/2021\/02\/6203TR-pulseira-tyvek-ankaran-preto.jpg\",\"width\":700,\"height\":700},{\"@type\":\"WebPage\",\"@id\":\"https:\/\/hiperfilme.com\/Site-TR\/catalogo-brindes\/identificacao\/pulseiras-identificacao\/pulseira-inviolavel-ankaran-personalizada\/#webpage\",\"url\":\"https:\/\/hiperfilme.com\/Site-TR\/catalogo-brindes\/identificacao\/pulseiras-identificacao\/pulseira-inviolavel-ankaran-personalizada\/\",\"name\":\"Pulseira Inviol\\u00e1vel Ankaran para ser Personalizada | Brindes Online\",\"isPartOf\":{\"@id\":\"https:\/\/hiperfilme.com\/Site-TR\/#website\"},\"primaryImageOfPage\":{\"@id\":\"https:\/\/hiperfilme.com\/Site-TR\/catalogo-brindes\/identificacao\/pulseiras-identificacao\/pulseira-inviolavel-ankaran-personalizada\/#primaryimage\"},\"datePublished\":\"2021-02-01T16:03:07+00:00\",\"dateModified\":\"2022-01-16T18:20:38+00:00\",\"description\":\"Pulseira de Adulto para eventos em fibra sint\\u00e9tica. Com fecho adesivo, resistente \\u00e0 \\u00e1gua e com numera\\u00e7\\u00e3o individual.\",\"breadcrumb\":{\"@id\":\"https:\/\/hiperfilme.com\/Site-TR\/catalogo-brindes\/identificacao\/pulseiras-identificacao\/pulseira-inviolavel-ankaran-personalizada\/#breadcrumb\"},\"inLanguage\":\"pt-PT\",\"potentialAction\":[{\"@type\":\"ReadAction\",\"target\":[\"https:\/\/hiperfilme.com\/Site-TR\/catalogo-brindes\/identificacao\/pulseiras-identificacao\/pulseira-inviolavel-ankaran-personalizada\/\"]}]},{\"@type\":\"BreadcrumbList\",\"@id\":\"https:\/\/hiperfilme.com\/Site-TR\/catalogo-brindes\/identificacao\/pulseiras-identificacao\/pulseira-inviolavel-ankaran-personalizada\/#breadcrumb\",\"itemListElement\":[{\"@type\":\"ListItem\",\"position\":1,\"name\":\"In\\u00edcio\",\"item\":\"https:\/\/hiperfilme.com\/Site-TR\/\"},{\"@type\":\"ListItem\",\"position\":2,\"name\":\"Cat\\u00e1logo de Brindes\",\"item\":\"https:\/\/hiperfilme.com\/Site-TR\/catalogo-brindes\/\"},{\"@type\":\"ListItem\",\"position\":3,\"name\":\"Pulseira Inviol\\u00e1vel Ankaran para ser Personalizada\"}]}]}<\/script>\n<!-- \/ Yoast SEO plugin. -->","yoast_head_json":{"title":"Pulseira Inviol\u00e1vel Ankaran para ser Personalizada | Brindes Online","description":"Pulseira de Adulto para eventos em fibra sint\u00e9tica. Com fecho adesivo, resistente \u00e0 \u00e1gua e com numera\u00e7\u00e3o individual.","robots":{"index":"index","follow":"follow","max-snippet":"max-snippet:-1","max-image-preview":"max-image-preview:large","max-video-preview":"max-video-preview:-1"},"canonical":"https:\/\/hiperfilme.com\/Site-TR\/catalogo-brindes\/identificacao\/pulseiras-identificacao\/pulseira-inviolavel-ankaran-personalizada\/","og_locale":"pt_PT","og_type":"article","og_title":"Pulseira Inviol\u00e1vel Ankaran para ser Personalizada | Brindes Online","og_description":"Pulseira de Adulto para eventos em fibra sint\u00e9tica. Com fecho adesivo, resistente \u00e0 \u00e1gua e com numera\u00e7\u00e3o individual.","og_url":"https:\/\/hiperfilme.com\/Site-TR\/catalogo-brindes\/identificacao\/pulseiras-identificacao\/pulseira-inviolavel-ankaran-personalizada\/","og_site_name":"Hiperfilme_TR","article_modified_time":"2022-01-16T18:20:38+00:00","og_image":[{"width":700,"height":700,"url":"https:\/\/hiperfilme.com\/Site-TR\/wp-content\/uploads\/2021\/02\/6203TR-pulseira-tyvek-ankaran-preto.jpg","type":"image\/jpeg"}],"twitter_card":"summary_large_image","schema":{"@context":"https:\/\/schema.org","@graph":[{"@type":"Organization","@id":"https:\/\/hiperfilme.com\/Site-TR\/#organization","name":"Triangulo Requintado","url":"https:\/\/hiperfilme.com\/Site-TR\/","sameAs":[],"logo":{"@type":"ImageObject","@id":"https:\/\/hiperfilme.com\/Site-TR\/#logo","inLanguage":"pt-PT","url":"https:\/\/triangulorequintado.com\/wp-content\/uploads\/2020\/10\/logo-triangulo-requintado-color-248.png","contentUrl":"https:\/\/triangulorequintado.com\/wp-content\/uploads\/2020\/10\/logo-triangulo-requintado-color-248.png","width":248,"height":96,"caption":"Triangulo Requintado"},"image":{"@id":"https:\/\/hiperfilme.com\/Site-TR\/#logo"}},{"@type":"WebSite","@id":"https:\/\/hiperfilme.com\/Site-TR\/#website","url":"https:\/\/hiperfilme.com\/Site-TR\/","name":"Triangulo Requintado","description":"Estampagens e Brindes","publisher":{"@id":"https:\/\/hiperfilme.com\/Site-TR\/#organization"},"potentialAction":[{"@type":"SearchAction","target":{"@type":"EntryPoint","urlTemplate":"https:\/\/hiperfilme.com\/Site-TR\/?s={search_term_string}"},"query-input":"required name=search_term_string"}],"inLanguage":"pt-PT"},{"@type":"ImageObject","@id":"https:\/\/hiperfilme.com\/Site-TR\/catalogo-brindes\/identificacao\/pulseiras-identificacao\/pulseira-inviolavel-ankaran-personalizada\/#primaryimage","inLanguage":"pt-PT","url":"https:\/\/hiperfilme.com\/Site-TR\/wp-content\/uploads\/2021\/02\/6203TR-pulseira-tyvek-ankaran-preto.jpg","contentUrl":"https:\/\/hiperfilme.com\/Site-TR\/wp-content\/uploads\/2021\/02\/6203TR-pulseira-tyvek-ankaran-preto.jpg","width":700,"height":700},{"@type":"WebPage","@id":"https:\/\/hiperfilme.com\/Site-TR\/catalogo-brindes\/identificacao\/pulseiras-identificacao\/pulseira-inviolavel-ankaran-personalizada\/#webpage","url":"https:\/\/hiperfilme.com\/Site-TR\/catalogo-brindes\/identificacao\/pulseiras-identificacao\/pulseira-inviolavel-ankaran-personalizada\/","name":"Pulseira Inviol\u00e1vel Ankaran para ser Personalizada | Brindes Online","isPartOf":{"@id":"https:\/\/hiperfilme.com\/Site-TR\/#website"},"primaryImageOfPage":{"@id":"https:\/\/hiperfilme.com\/Site-TR\/catalogo-brindes\/identificacao\/pulseiras-identificacao\/pulseira-inviolavel-ankaran-personalizada\/#primaryimage"},"datePublished":"2021-02-01T16:03:07+00:00","dateModified":"2022-01-16T18:20:38+00:00","description":"Pulseira de Adulto para eventos em fibra sint\u00e9tica. Com fecho adesivo, resistente \u00e0 \u00e1gua e com numera\u00e7\u00e3o individual.","breadcrumb":{"@id":"https:\/\/hiperfilme.com\/Site-TR\/catalogo-brindes\/identificacao\/pulseiras-identificacao\/pulseira-inviolavel-ankaran-personalizada\/#breadcrumb"},"inLanguage":"pt-PT","potentialAction":[{"@type":"ReadAction","target":["https:\/\/hiperfilme.com\/Site-TR\/catalogo-brindes\/identificacao\/pulseiras-identificacao\/pulseira-inviolavel-ankaran-personalizada\/"]}]},{"@type":"BreadcrumbList","@id":"https:\/\/hiperfilme.com\/Site-TR\/catalogo-brindes\/identificacao\/pulseiras-identificacao\/pulseira-inviolavel-ankaran-personalizada\/#breadcrumb","itemListElement":[{"@type":"ListItem","position":1,"name":"In\u00edcio","item":"https:\/\/hiperfilme.com\/Site-TR\/"},{"@type":"ListItem","position":2,"name":"Cat\u00e1logo de Brindes","item":"https:\/\/hiperfilme.com\/Site-TR\/catalogo-brindes\/"},{"@type":"ListItem","position":3,"name":"Pulseira Inviol\u00e1vel Ankaran para ser Personalizada"}]}]}},"_links":{"self":[{"href":"https:\/\/hiperfilme.com\/Site-TR\/wp-json\/wp\/v2\/product\/4791"}],"collection":[{"href":"https:\/\/hiperfilme.com\/Site-TR\/wp-json\/wp\/v2\/product"}],"about":[{"href":"https:\/\/hiperfilme.com\/Site-TR\/wp-json\/wp\/v2\/types\/product"}],"wp:featuredmedia":[{"embeddable":true,"href":"https:\/\/hiperfilme.com\/Site-TR\/wp-json\/wp\/v2\/media\/4797"}],"wp:attachment":[{"href":"https:\/\/hiperfilme.com\/Site-TR\/wp-json\/wp\/v2\/media?parent=4791"}],"wp:term":[{"taxonomy":"product_cat","embeddable":true,"href":"https:\/\/hiperfilme.com\/Site-TR\/wp-json\/wp\/v2\/product_cat?post=4791"},{"taxonomy":"product_tag","embeddable":true,"href":"https:\/\/hiperfilme.com\/Site-TR\/wp-json\/wp\/v2\/product_tag?post=4791"}],"curies":[{"name":"wp","href":"https:\/\/api.w.org\/{rel}","templated":true}]}}