{"id":4772,"date":"2021-01-31T21:38:22","date_gmt":"2021-01-31T21:38:22","guid":{"rendered":"https:\/\/triangulorequintado.com\/?post_type=product&#038;p=4772"},"modified":"2021-12-21T15:00:44","modified_gmt":"2021-12-21T15:00:44","slug":"auriculares-flister-personalizar","status":"publish","type":"product","link":"https:\/\/hiperfilme.com\/Site-TR\/catalogo-brindes\/tecnologicos\/auriculares-flister-personalizar\/","title":{"rendered":"Auriculares sem fios Flister para Personalizar"},"content":{"rendered":"<ul>\n<li>Auriculares com liga\u00e7\u00e3o Bluetooth\u00ae.<\/li>\n<li>Caixa de alum\u00ednio<\/li>\n<li>Base de carregamento integrada<\/li>\n<li>Luz indicadora LED para status de carga e argola de transporte<\/li>\n<li>Fun\u00e7\u00e3o m\u00e3os-livres<\/li>\n<li>Medidas: 9.5 x 3.7 x 2.8 cm<\/li>\n<li>Peso: 60 gr.<\/li>\n<\/ul>\n","protected":false},"excerpt":{"rendered":"<p>Auriculares com liga\u00e7\u00e3o Bluetooth. Caixa de alum\u00ednio, com base de carregamento integrada, luz indicadora LED para status de carga e argola de transporte. Fun\u00e7\u00e3o m\u00e3os-livres, recarreg\u00e1vel via cabo USB &#8211; inclu\u00edda.<\/p>\n<p>Valor apresentado para o Brinde n\u00e3o personalizado. Contacte-nos para or\u00e7amentos de personaliza\u00e7\u00e3o e vantagens na compra de grandes quantidades.<\/p>\n","protected":false},"featured_media":4773,"template":"","meta":[],"product_cat":[156],"product_tag":[300],"yoast_head":"<!-- This site is optimized with the Yoast SEO plugin v17.8 - https:\/\/yoast.com\/wordpress\/plugins\/seo\/ -->\n<title>Auriculares sem fios Flister para Personalizar | Brindes Publicit\u00e1rios Online<\/title>\n<meta name=\"description\" content=\"Auriculares com liga\u00e7\u00e3o Bluetooth. Caixa de alum\u00ednio, com base de carregamento, luz indicadora LED para status de carga.\" \/>\n<meta name=\"robots\" content=\"index, follow, max-snippet:-1, max-image-preview:large, max-video-preview:-1\" \/>\n<link rel=\"canonical\" href=\"https:\/\/hiperfilme.com\/Site-TR\/catalogo-brindes\/tecnologicos\/auriculares-flister-personalizar\/\" \/>\n<meta property=\"og:locale\" content=\"pt_PT\" \/>\n<meta property=\"og:type\" content=\"article\" \/>\n<meta property=\"og:title\" content=\"Auriculares sem fios Flister para Personalizar | Brindes Publicit\u00e1rios Online\" \/>\n<meta property=\"og:description\" content=\"Auriculares com liga\u00e7\u00e3o Bluetooth. Caixa de alum\u00ednio, com base de carregamento, luz indicadora LED para status de carga.\" \/>\n<meta property=\"og:url\" content=\"https:\/\/hiperfilme.com\/Site-TR\/catalogo-brindes\/tecnologicos\/auriculares-flister-personalizar\/\" \/>\n<meta property=\"og:site_name\" content=\"Hiperfilme_TR\" \/>\n<meta property=\"article:modified_time\" content=\"2021-12-21T15:00:44+00:00\" \/>\n<meta property=\"og:image\" content=\"https:\/\/hiperfilme.com\/Site-TR\/wp-content\/uploads\/2021\/01\/6225TR-auriculares-flister.jpg\" \/>\n\t<meta property=\"og:image:width\" content=\"700\" \/>\n\t<meta property=\"og:image:height\" content=\"700\" \/>\n<meta name=\"twitter:card\" content=\"summary_large_image\" \/>\n<script type=\"application\/ld+json\" class=\"yoast-schema-graph\">{\"@context\":\"https:\/\/schema.org\",\"@graph\":[{\"@type\":\"Organization\",\"@id\":\"https:\/\/hiperfilme.com\/Site-TR\/#organization\",\"name\":\"Triangulo Requintado\",\"url\":\"https:\/\/hiperfilme.com\/Site-TR\/\",\"sameAs\":[],\"logo\":{\"@type\":\"ImageObject\",\"@id\":\"https:\/\/hiperfilme.com\/Site-TR\/#logo\",\"inLanguage\":\"pt-PT\",\"url\":\"https:\/\/triangulorequintado.com\/wp-content\/uploads\/2020\/10\/logo-triangulo-requintado-color-248.png\",\"contentUrl\":\"https:\/\/triangulorequintado.com\/wp-content\/uploads\/2020\/10\/logo-triangulo-requintado-color-248.png\",\"width\":248,\"height\":96,\"caption\":\"Triangulo Requintado\"},\"image\":{\"@id\":\"https:\/\/hiperfilme.com\/Site-TR\/#logo\"}},{\"@type\":\"WebSite\",\"@id\":\"https:\/\/hiperfilme.com\/Site-TR\/#website\",\"url\":\"https:\/\/hiperfilme.com\/Site-TR\/\",\"name\":\"Triangulo Requintado\",\"description\":\"Estampagens e Brindes\",\"publisher\":{\"@id\":\"https:\/\/hiperfilme.com\/Site-TR\/#organization\"},\"potentialAction\":[{\"@type\":\"SearchAction\",\"target\":{\"@type\":\"EntryPoint\",\"urlTemplate\":\"https:\/\/hiperfilme.com\/Site-TR\/?s={search_term_string}\"},\"query-input\":\"required name=search_term_string\"}],\"inLanguage\":\"pt-PT\"},{\"@type\":\"ImageObject\",\"@id\":\"https:\/\/hiperfilme.com\/Site-TR\/catalogo-brindes\/tecnologicos\/auriculares-flister-personalizar\/#primaryimage\",\"inLanguage\":\"pt-PT\",\"url\":\"https:\/\/hiperfilme.com\/Site-TR\/wp-content\/uploads\/2021\/01\/6225TR-auriculares-flister.jpg\",\"contentUrl\":\"https:\/\/hiperfilme.com\/Site-TR\/wp-content\/uploads\/2021\/01\/6225TR-auriculares-flister.jpg\",\"width\":700,\"height\":700},{\"@type\":\"WebPage\",\"@id\":\"https:\/\/hiperfilme.com\/Site-TR\/catalogo-brindes\/tecnologicos\/auriculares-flister-personalizar\/#webpage\",\"url\":\"https:\/\/hiperfilme.com\/Site-TR\/catalogo-brindes\/tecnologicos\/auriculares-flister-personalizar\/\",\"name\":\"Auriculares sem fios Flister para Personalizar | Brindes Publicit\\u00e1rios Online\",\"isPartOf\":{\"@id\":\"https:\/\/hiperfilme.com\/Site-TR\/#website\"},\"primaryImageOfPage\":{\"@id\":\"https:\/\/hiperfilme.com\/Site-TR\/catalogo-brindes\/tecnologicos\/auriculares-flister-personalizar\/#primaryimage\"},\"datePublished\":\"2021-01-31T21:38:22+00:00\",\"dateModified\":\"2021-12-21T15:00:44+00:00\",\"description\":\"Auriculares com liga\\u00e7\\u00e3o Bluetooth. Caixa de alum\\u00ednio, com base de carregamento, luz indicadora LED para status de carga.\",\"breadcrumb\":{\"@id\":\"https:\/\/hiperfilme.com\/Site-TR\/catalogo-brindes\/tecnologicos\/auriculares-flister-personalizar\/#breadcrumb\"},\"inLanguage\":\"pt-PT\",\"potentialAction\":[{\"@type\":\"ReadAction\",\"target\":[\"https:\/\/hiperfilme.com\/Site-TR\/catalogo-brindes\/tecnologicos\/auriculares-flister-personalizar\/\"]}]},{\"@type\":\"BreadcrumbList\",\"@id\":\"https:\/\/hiperfilme.com\/Site-TR\/catalogo-brindes\/tecnologicos\/auriculares-flister-personalizar\/#breadcrumb\",\"itemListElement\":[{\"@type\":\"ListItem\",\"position\":1,\"name\":\"In\\u00edcio\",\"item\":\"https:\/\/hiperfilme.com\/Site-TR\/\"},{\"@type\":\"ListItem\",\"position\":2,\"name\":\"Cat\\u00e1logo de Brindes\",\"item\":\"https:\/\/hiperfilme.com\/Site-TR\/catalogo-brindes\/\"},{\"@type\":\"ListItem\",\"position\":3,\"name\":\"Auriculares sem fios Flister para Personalizar\"}]}]}<\/script>\n<!-- \/ Yoast SEO plugin. -->","yoast_head_json":{"title":"Auriculares sem fios Flister para Personalizar | Brindes Publicit\u00e1rios Online","description":"Auriculares com liga\u00e7\u00e3o Bluetooth. Caixa de alum\u00ednio, com base de carregamento, luz indicadora LED para status de carga.","robots":{"index":"index","follow":"follow","max-snippet":"max-snippet:-1","max-image-preview":"max-image-preview:large","max-video-preview":"max-video-preview:-1"},"canonical":"https:\/\/hiperfilme.com\/Site-TR\/catalogo-brindes\/tecnologicos\/auriculares-flister-personalizar\/","og_locale":"pt_PT","og_type":"article","og_title":"Auriculares sem fios Flister para Personalizar | Brindes Publicit\u00e1rios Online","og_description":"Auriculares com liga\u00e7\u00e3o Bluetooth. Caixa de alum\u00ednio, com base de carregamento, luz indicadora LED para status de carga.","og_url":"https:\/\/hiperfilme.com\/Site-TR\/catalogo-brindes\/tecnologicos\/auriculares-flister-personalizar\/","og_site_name":"Hiperfilme_TR","article_modified_time":"2021-12-21T15:00:44+00:00","og_image":[{"width":700,"height":700,"url":"https:\/\/hiperfilme.com\/Site-TR\/wp-content\/uploads\/2021\/01\/6225TR-auriculares-flister.jpg","type":"image\/jpeg"}],"twitter_card":"summary_large_image","schema":{"@context":"https:\/\/schema.org","@graph":[{"@type":"Organization","@id":"https:\/\/hiperfilme.com\/Site-TR\/#organization","name":"Triangulo Requintado","url":"https:\/\/hiperfilme.com\/Site-TR\/","sameAs":[],"logo":{"@type":"ImageObject","@id":"https:\/\/hiperfilme.com\/Site-TR\/#logo","inLanguage":"pt-PT","url":"https:\/\/triangulorequintado.com\/wp-content\/uploads\/2020\/10\/logo-triangulo-requintado-color-248.png","contentUrl":"https:\/\/triangulorequintado.com\/wp-content\/uploads\/2020\/10\/logo-triangulo-requintado-color-248.png","width":248,"height":96,"caption":"Triangulo Requintado"},"image":{"@id":"https:\/\/hiperfilme.com\/Site-TR\/#logo"}},{"@type":"WebSite","@id":"https:\/\/hiperfilme.com\/Site-TR\/#website","url":"https:\/\/hiperfilme.com\/Site-TR\/","name":"Triangulo Requintado","description":"Estampagens e Brindes","publisher":{"@id":"https:\/\/hiperfilme.com\/Site-TR\/#organization"},"potentialAction":[{"@type":"SearchAction","target":{"@type":"EntryPoint","urlTemplate":"https:\/\/hiperfilme.com\/Site-TR\/?s={search_term_string}"},"query-input":"required name=search_term_string"}],"inLanguage":"pt-PT"},{"@type":"ImageObject","@id":"https:\/\/hiperfilme.com\/Site-TR\/catalogo-brindes\/tecnologicos\/auriculares-flister-personalizar\/#primaryimage","inLanguage":"pt-PT","url":"https:\/\/hiperfilme.com\/Site-TR\/wp-content\/uploads\/2021\/01\/6225TR-auriculares-flister.jpg","contentUrl":"https:\/\/hiperfilme.com\/Site-TR\/wp-content\/uploads\/2021\/01\/6225TR-auriculares-flister.jpg","width":700,"height":700},{"@type":"WebPage","@id":"https:\/\/hiperfilme.com\/Site-TR\/catalogo-brindes\/tecnologicos\/auriculares-flister-personalizar\/#webpage","url":"https:\/\/hiperfilme.com\/Site-TR\/catalogo-brindes\/tecnologicos\/auriculares-flister-personalizar\/","name":"Auriculares sem fios Flister para Personalizar | Brindes Publicit\u00e1rios Online","isPartOf":{"@id":"https:\/\/hiperfilme.com\/Site-TR\/#website"},"primaryImageOfPage":{"@id":"https:\/\/hiperfilme.com\/Site-TR\/catalogo-brindes\/tecnologicos\/auriculares-flister-personalizar\/#primaryimage"},"datePublished":"2021-01-31T21:38:22+00:00","dateModified":"2021-12-21T15:00:44+00:00","description":"Auriculares com liga\u00e7\u00e3o Bluetooth. Caixa de alum\u00ednio, com base de carregamento, luz indicadora LED para status de carga.","breadcrumb":{"@id":"https:\/\/hiperfilme.com\/Site-TR\/catalogo-brindes\/tecnologicos\/auriculares-flister-personalizar\/#breadcrumb"},"inLanguage":"pt-PT","potentialAction":[{"@type":"ReadAction","target":["https:\/\/hiperfilme.com\/Site-TR\/catalogo-brindes\/tecnologicos\/auriculares-flister-personalizar\/"]}]},{"@type":"BreadcrumbList","@id":"https:\/\/hiperfilme.com\/Site-TR\/catalogo-brindes\/tecnologicos\/auriculares-flister-personalizar\/#breadcrumb","itemListElement":[{"@type":"ListItem","position":1,"name":"In\u00edcio","item":"https:\/\/hiperfilme.com\/Site-TR\/"},{"@type":"ListItem","position":2,"name":"Cat\u00e1logo de Brindes","item":"https:\/\/hiperfilme.com\/Site-TR\/catalogo-brindes\/"},{"@type":"ListItem","position":3,"name":"Auriculares sem fios Flister para Personalizar"}]}]}},"_links":{"self":[{"href":"https:\/\/hiperfilme.com\/Site-TR\/wp-json\/wp\/v2\/product\/4772"}],"collection":[{"href":"https:\/\/hiperfilme.com\/Site-TR\/wp-json\/wp\/v2\/product"}],"about":[{"href":"https:\/\/hiperfilme.com\/Site-TR\/wp-json\/wp\/v2\/types\/product"}],"wp:featuredmedia":[{"embeddable":true,"href":"https:\/\/hiperfilme.com\/Site-TR\/wp-json\/wp\/v2\/media\/4773"}],"wp:attachment":[{"href":"https:\/\/hiperfilme.com\/Site-TR\/wp-json\/wp\/v2\/media?parent=4772"}],"wp:term":[{"taxonomy":"product_cat","embeddable":true,"href":"https:\/\/hiperfilme.com\/Site-TR\/wp-json\/wp\/v2\/product_cat?post=4772"},{"taxonomy":"product_tag","embeddable":true,"href":"https:\/\/hiperfilme.com\/Site-TR\/wp-json\/wp\/v2\/product_tag?post=4772"}],"curies":[{"name":"wp","href":"https:\/\/api.w.org\/{rel}","templated":true}]}}