{"id":4763,"date":"2021-01-31T21:19:38","date_gmt":"2021-01-31T21:19:38","guid":{"rendered":"https:\/\/triangulorequintado.com\/?post_type=product&#038;p=4763"},"modified":"2021-12-21T15:26:17","modified_gmt":"2021-12-21T15:26:17","slug":"auscultadores-tekren-personalizado","status":"publish","type":"product","link":"https:\/\/hiperfilme.com\/Site-TR\/catalogo-brindes\/tecnologicos\/auscultadores-tekren-personalizado\/","title":{"rendered":"Auscultadores sem fios Tekren para ser personalizado"},"content":{"rendered":"<ul>\n<li>Acoplamento magn\u00e9tico<\/li>\n<li>Bot\u00f5es de controle integrados no acess\u00f3rio do pesco\u00e7o<\/li>\n<li>Com fun\u00e7\u00e3o m\u00e3os-livres<\/li>\n<li>Notifica\u00e7\u00f5es de vibra\u00e7\u00e3o<\/li>\n<li>Inclui 3 conjuntos de almofadas S, M e L<\/li>\n<li>Conex\u00e3o Bluetooth<\/li>\n<li>Recarreg\u00e1vel USB. Cabo Inclu\u00eddo<\/li>\n<li>Medidas: 16.5 x 20 x 2.3 cm<\/li>\n<li>Peso: 42 gr.<\/li>\n<\/ul>\n","protected":false},"excerpt":{"rendered":"<p>Auscultadores com liga\u00e7\u00e3o Bluetooth. Toque suave, acoplamento magn\u00e9tico e bot\u00f5es de controle integrados no acess\u00f3rio do pesco\u00e7o. Com fun\u00e7\u00e3o m\u00e3os-livres, notifica\u00e7\u00f5es de vibra\u00e7\u00e3o e recarreg\u00e1vel via cabo micro USB inclu\u00eddo. Inclui 3 conjuntos de almofadas nos tamanhos S, M e L.<\/p>\n<p>Valor apresentado para o Brinde n\u00e3o personalizado. Contacte-nos para or\u00e7amentos de personaliza\u00e7\u00e3o e vantagens na compra de grandes quantidades.<\/p>\n","protected":false},"featured_media":4770,"template":"","meta":[],"product_cat":[156],"product_tag":[],"yoast_head":"<!-- This site is optimized with the Yoast SEO plugin v17.8 - https:\/\/yoast.com\/wordpress\/plugins\/seo\/ -->\n<title>Auscultadores sem fios Tekren para ser personalizado | Brindes Online<\/title>\n<meta name=\"description\" content=\"Auscultadores com liga\u00e7\u00e3o Bluetooth. Toque suave, acoplamento magn\u00e9tico e bot\u00f5es de controle integrados no acess\u00f3rio do pesco\u00e7o.\" \/>\n<meta name=\"robots\" content=\"index, follow, max-snippet:-1, max-image-preview:large, max-video-preview:-1\" \/>\n<link rel=\"canonical\" href=\"https:\/\/hiperfilme.com\/Site-TR\/catalogo-brindes\/tecnologicos\/auscultadores-tekren-personalizado\/\" \/>\n<meta property=\"og:locale\" content=\"pt_PT\" \/>\n<meta property=\"og:type\" content=\"article\" \/>\n<meta property=\"og:title\" content=\"Auscultadores sem fios Tekren para ser personalizado | Brindes Online\" \/>\n<meta property=\"og:description\" content=\"Auscultadores com liga\u00e7\u00e3o Bluetooth. Toque suave, acoplamento magn\u00e9tico e bot\u00f5es de controle integrados no acess\u00f3rio do pesco\u00e7o.\" \/>\n<meta property=\"og:url\" content=\"https:\/\/hiperfilme.com\/Site-TR\/catalogo-brindes\/tecnologicos\/auscultadores-tekren-personalizado\/\" \/>\n<meta property=\"og:site_name\" content=\"Hiperfilme_TR\" \/>\n<meta property=\"article:modified_time\" content=\"2021-12-21T15:26:17+00:00\" \/>\n<meta property=\"og:image\" content=\"https:\/\/hiperfilme.com\/Site-TR\/wp-content\/uploads\/2021\/01\/5944TR-auscultadores-tekren-preto.jpg\" \/>\n\t<meta property=\"og:image:width\" content=\"700\" \/>\n\t<meta property=\"og:image:height\" content=\"700\" \/>\n<meta name=\"twitter:card\" content=\"summary_large_image\" \/>\n<script type=\"application\/ld+json\" class=\"yoast-schema-graph\">{\"@context\":\"https:\/\/schema.org\",\"@graph\":[{\"@type\":\"Organization\",\"@id\":\"https:\/\/hiperfilme.com\/Site-TR\/#organization\",\"name\":\"Triangulo Requintado\",\"url\":\"https:\/\/hiperfilme.com\/Site-TR\/\",\"sameAs\":[],\"logo\":{\"@type\":\"ImageObject\",\"@id\":\"https:\/\/hiperfilme.com\/Site-TR\/#logo\",\"inLanguage\":\"pt-PT\",\"url\":\"https:\/\/triangulorequintado.com\/wp-content\/uploads\/2020\/10\/logo-triangulo-requintado-color-248.png\",\"contentUrl\":\"https:\/\/triangulorequintado.com\/wp-content\/uploads\/2020\/10\/logo-triangulo-requintado-color-248.png\",\"width\":248,\"height\":96,\"caption\":\"Triangulo Requintado\"},\"image\":{\"@id\":\"https:\/\/hiperfilme.com\/Site-TR\/#logo\"}},{\"@type\":\"WebSite\",\"@id\":\"https:\/\/hiperfilme.com\/Site-TR\/#website\",\"url\":\"https:\/\/hiperfilme.com\/Site-TR\/\",\"name\":\"Triangulo Requintado\",\"description\":\"Estampagens e Brindes\",\"publisher\":{\"@id\":\"https:\/\/hiperfilme.com\/Site-TR\/#organization\"},\"potentialAction\":[{\"@type\":\"SearchAction\",\"target\":{\"@type\":\"EntryPoint\",\"urlTemplate\":\"https:\/\/hiperfilme.com\/Site-TR\/?s={search_term_string}\"},\"query-input\":\"required name=search_term_string\"}],\"inLanguage\":\"pt-PT\"},{\"@type\":\"ImageObject\",\"@id\":\"https:\/\/hiperfilme.com\/Site-TR\/catalogo-brindes\/tecnologicos\/auscultadores-tekren-personalizado\/#primaryimage\",\"inLanguage\":\"pt-PT\",\"url\":\"https:\/\/hiperfilme.com\/Site-TR\/wp-content\/uploads\/2021\/01\/5944TR-auscultadores-tekren-preto.jpg\",\"contentUrl\":\"https:\/\/hiperfilme.com\/Site-TR\/wp-content\/uploads\/2021\/01\/5944TR-auscultadores-tekren-preto.jpg\",\"width\":700,\"height\":700},{\"@type\":\"WebPage\",\"@id\":\"https:\/\/hiperfilme.com\/Site-TR\/catalogo-brindes\/tecnologicos\/auscultadores-tekren-personalizado\/#webpage\",\"url\":\"https:\/\/hiperfilme.com\/Site-TR\/catalogo-brindes\/tecnologicos\/auscultadores-tekren-personalizado\/\",\"name\":\"Auscultadores sem fios Tekren para ser personalizado | Brindes Online\",\"isPartOf\":{\"@id\":\"https:\/\/hiperfilme.com\/Site-TR\/#website\"},\"primaryImageOfPage\":{\"@id\":\"https:\/\/hiperfilme.com\/Site-TR\/catalogo-brindes\/tecnologicos\/auscultadores-tekren-personalizado\/#primaryimage\"},\"datePublished\":\"2021-01-31T21:19:38+00:00\",\"dateModified\":\"2021-12-21T15:26:17+00:00\",\"description\":\"Auscultadores com liga\\u00e7\\u00e3o Bluetooth. Toque suave, acoplamento magn\\u00e9tico e bot\\u00f5es de controle integrados no acess\\u00f3rio do pesco\\u00e7o.\",\"breadcrumb\":{\"@id\":\"https:\/\/hiperfilme.com\/Site-TR\/catalogo-brindes\/tecnologicos\/auscultadores-tekren-personalizado\/#breadcrumb\"},\"inLanguage\":\"pt-PT\",\"potentialAction\":[{\"@type\":\"ReadAction\",\"target\":[\"https:\/\/hiperfilme.com\/Site-TR\/catalogo-brindes\/tecnologicos\/auscultadores-tekren-personalizado\/\"]}]},{\"@type\":\"BreadcrumbList\",\"@id\":\"https:\/\/hiperfilme.com\/Site-TR\/catalogo-brindes\/tecnologicos\/auscultadores-tekren-personalizado\/#breadcrumb\",\"itemListElement\":[{\"@type\":\"ListItem\",\"position\":1,\"name\":\"In\\u00edcio\",\"item\":\"https:\/\/hiperfilme.com\/Site-TR\/\"},{\"@type\":\"ListItem\",\"position\":2,\"name\":\"Cat\\u00e1logo de Brindes\",\"item\":\"https:\/\/hiperfilme.com\/Site-TR\/catalogo-brindes\/\"},{\"@type\":\"ListItem\",\"position\":3,\"name\":\"Auscultadores sem fios Tekren para ser personalizado\"}]}]}<\/script>\n<!-- \/ Yoast SEO plugin. -->","yoast_head_json":{"title":"Auscultadores sem fios Tekren para ser personalizado | Brindes Online","description":"Auscultadores com liga\u00e7\u00e3o Bluetooth. Toque suave, acoplamento magn\u00e9tico e bot\u00f5es de controle integrados no acess\u00f3rio do pesco\u00e7o.","robots":{"index":"index","follow":"follow","max-snippet":"max-snippet:-1","max-image-preview":"max-image-preview:large","max-video-preview":"max-video-preview:-1"},"canonical":"https:\/\/hiperfilme.com\/Site-TR\/catalogo-brindes\/tecnologicos\/auscultadores-tekren-personalizado\/","og_locale":"pt_PT","og_type":"article","og_title":"Auscultadores sem fios Tekren para ser personalizado | Brindes Online","og_description":"Auscultadores com liga\u00e7\u00e3o Bluetooth. Toque suave, acoplamento magn\u00e9tico e bot\u00f5es de controle integrados no acess\u00f3rio do pesco\u00e7o.","og_url":"https:\/\/hiperfilme.com\/Site-TR\/catalogo-brindes\/tecnologicos\/auscultadores-tekren-personalizado\/","og_site_name":"Hiperfilme_TR","article_modified_time":"2021-12-21T15:26:17+00:00","og_image":[{"width":700,"height":700,"url":"https:\/\/hiperfilme.com\/Site-TR\/wp-content\/uploads\/2021\/01\/5944TR-auscultadores-tekren-preto.jpg","type":"image\/jpeg"}],"twitter_card":"summary_large_image","schema":{"@context":"https:\/\/schema.org","@graph":[{"@type":"Organization","@id":"https:\/\/hiperfilme.com\/Site-TR\/#organization","name":"Triangulo Requintado","url":"https:\/\/hiperfilme.com\/Site-TR\/","sameAs":[],"logo":{"@type":"ImageObject","@id":"https:\/\/hiperfilme.com\/Site-TR\/#logo","inLanguage":"pt-PT","url":"https:\/\/triangulorequintado.com\/wp-content\/uploads\/2020\/10\/logo-triangulo-requintado-color-248.png","contentUrl":"https:\/\/triangulorequintado.com\/wp-content\/uploads\/2020\/10\/logo-triangulo-requintado-color-248.png","width":248,"height":96,"caption":"Triangulo Requintado"},"image":{"@id":"https:\/\/hiperfilme.com\/Site-TR\/#logo"}},{"@type":"WebSite","@id":"https:\/\/hiperfilme.com\/Site-TR\/#website","url":"https:\/\/hiperfilme.com\/Site-TR\/","name":"Triangulo Requintado","description":"Estampagens e Brindes","publisher":{"@id":"https:\/\/hiperfilme.com\/Site-TR\/#organization"},"potentialAction":[{"@type":"SearchAction","target":{"@type":"EntryPoint","urlTemplate":"https:\/\/hiperfilme.com\/Site-TR\/?s={search_term_string}"},"query-input":"required name=search_term_string"}],"inLanguage":"pt-PT"},{"@type":"ImageObject","@id":"https:\/\/hiperfilme.com\/Site-TR\/catalogo-brindes\/tecnologicos\/auscultadores-tekren-personalizado\/#primaryimage","inLanguage":"pt-PT","url":"https:\/\/hiperfilme.com\/Site-TR\/wp-content\/uploads\/2021\/01\/5944TR-auscultadores-tekren-preto.jpg","contentUrl":"https:\/\/hiperfilme.com\/Site-TR\/wp-content\/uploads\/2021\/01\/5944TR-auscultadores-tekren-preto.jpg","width":700,"height":700},{"@type":"WebPage","@id":"https:\/\/hiperfilme.com\/Site-TR\/catalogo-brindes\/tecnologicos\/auscultadores-tekren-personalizado\/#webpage","url":"https:\/\/hiperfilme.com\/Site-TR\/catalogo-brindes\/tecnologicos\/auscultadores-tekren-personalizado\/","name":"Auscultadores sem fios Tekren para ser personalizado | Brindes Online","isPartOf":{"@id":"https:\/\/hiperfilme.com\/Site-TR\/#website"},"primaryImageOfPage":{"@id":"https:\/\/hiperfilme.com\/Site-TR\/catalogo-brindes\/tecnologicos\/auscultadores-tekren-personalizado\/#primaryimage"},"datePublished":"2021-01-31T21:19:38+00:00","dateModified":"2021-12-21T15:26:17+00:00","description":"Auscultadores com liga\u00e7\u00e3o Bluetooth. Toque suave, acoplamento magn\u00e9tico e bot\u00f5es de controle integrados no acess\u00f3rio do pesco\u00e7o.","breadcrumb":{"@id":"https:\/\/hiperfilme.com\/Site-TR\/catalogo-brindes\/tecnologicos\/auscultadores-tekren-personalizado\/#breadcrumb"},"inLanguage":"pt-PT","potentialAction":[{"@type":"ReadAction","target":["https:\/\/hiperfilme.com\/Site-TR\/catalogo-brindes\/tecnologicos\/auscultadores-tekren-personalizado\/"]}]},{"@type":"BreadcrumbList","@id":"https:\/\/hiperfilme.com\/Site-TR\/catalogo-brindes\/tecnologicos\/auscultadores-tekren-personalizado\/#breadcrumb","itemListElement":[{"@type":"ListItem","position":1,"name":"In\u00edcio","item":"https:\/\/hiperfilme.com\/Site-TR\/"},{"@type":"ListItem","position":2,"name":"Cat\u00e1logo de Brindes","item":"https:\/\/hiperfilme.com\/Site-TR\/catalogo-brindes\/"},{"@type":"ListItem","position":3,"name":"Auscultadores sem fios Tekren para ser personalizado"}]}]}},"_links":{"self":[{"href":"https:\/\/hiperfilme.com\/Site-TR\/wp-json\/wp\/v2\/product\/4763"}],"collection":[{"href":"https:\/\/hiperfilme.com\/Site-TR\/wp-json\/wp\/v2\/product"}],"about":[{"href":"https:\/\/hiperfilme.com\/Site-TR\/wp-json\/wp\/v2\/types\/product"}],"wp:featuredmedia":[{"embeddable":true,"href":"https:\/\/hiperfilme.com\/Site-TR\/wp-json\/wp\/v2\/media\/4770"}],"wp:attachment":[{"href":"https:\/\/hiperfilme.com\/Site-TR\/wp-json\/wp\/v2\/media?parent=4763"}],"wp:term":[{"taxonomy":"product_cat","embeddable":true,"href":"https:\/\/hiperfilme.com\/Site-TR\/wp-json\/wp\/v2\/product_cat?post=4763"},{"taxonomy":"product_tag","embeddable":true,"href":"https:\/\/hiperfilme.com\/Site-TR\/wp-json\/wp\/v2\/product_tag?post=4763"}],"curies":[{"name":"wp","href":"https:\/\/api.w.org\/{rel}","templated":true}]}}