{"id":4679,"date":"2021-01-31T18:43:20","date_gmt":"2021-01-31T18:43:20","guid":{"rendered":"https:\/\/triangulorequintado.com\/?post_type=product&#038;p=4679"},"modified":"2021-12-21T15:47:52","modified_gmt":"2021-12-21T15:47:52","slug":"auscultadores-vildrey-personalizado","status":"publish","type":"product","link":"https:\/\/hiperfilme.com\/Site-TR\/catalogo-brindes\/tecnologicos\/auscultadores-vildrey-personalizado\/","title":{"rendered":"Auscultadores Vildrey para ser Personalizado"},"content":{"rendered":"<ul>\n<li>Auriculares dobr\u00e1veis<\/li>\n<li>Conex\u00e3o Bluetooth<\/li>\n<li>Design bicolor<\/li>\n<li>Ampla gama de cores<\/li>\n<li>Ranhura para cart\u00e3o Micro SD<\/li>\n<li>Fun\u00e7\u00e3o m\u00e3os livres<\/li>\n<li>R\u00e1dio FM<\/li>\n<li>Protetores em alum\u00ednio brilhante e confort\u00e1veis \u200b\u200balmofadas em PU branco.<\/li>\n<li><span style=\"font-size: 1rem\">Conex\u00e3o Jack 3,5 mm<\/span><\/li>\n<li><span style=\"font-size: 1rem\">Recarreg\u00e1vel USB<\/span><\/li>\n<li><span style=\"font-size: 1rem\">Cabo Inclu\u00eddo<\/span><\/li>\n<li>Medidas: 17.5 x 20.5 x 9 cm<\/li>\n<li>Peso: 175 gr.<\/li>\n<\/ul>\n<p><span style=\"font-size: 1rem\">\u00a0<\/span><\/p>\n","protected":false},"excerpt":{"rendered":"<p>Auriculares dobr\u00e1veis \u200b\u200bcom conex\u00e3o bluetooth. Ranhura para cart\u00e3o Micro SD, r\u00e1dio FM, entrada de 3,5 mm inclu\u00edda e recarreg\u00e1vel por cabo micro USB &#8211; inclu\u00eddo. Protetores em alum\u00ednio brilhante com \u200b\u200balmofadas em PU branco.<\/p>\n<p>Valor apresentado para o Brinde n\u00e3o personalizado. Contacte-nos para or\u00e7amentos de personaliza\u00e7\u00e3o e vantagens na compra de grandes quantidades.<\/p>\n","protected":false},"featured_media":4683,"template":"","meta":[],"product_cat":[156],"product_tag":[251,260],"yoast_head":"<!-- This site is optimized with the Yoast SEO plugin v17.8 - https:\/\/yoast.com\/wordpress\/plugins\/seo\/ -->\n<title>Auscultadores Vildrey para ser Personalizado | Brindes Publicit\u00e1rios Online<\/title>\n<meta name=\"description\" content=\"Auriculares dobr\u00e1veis \u200b\u200bcom conex\u00e3o bluetooth e design bicolor divertido. Ranhura de cart\u00e3o Micro SD ,fun\u00e7\u00e3o m\u00e3os livres, r\u00e1dio FM.\" \/>\n<meta name=\"robots\" content=\"index, follow, max-snippet:-1, max-image-preview:large, max-video-preview:-1\" \/>\n<link rel=\"canonical\" href=\"https:\/\/hiperfilme.com\/Site-TR\/catalogo-brindes\/tecnologicos\/auscultadores-vildrey-personalizado\/\" \/>\n<meta property=\"og:locale\" content=\"pt_PT\" \/>\n<meta property=\"og:type\" content=\"article\" \/>\n<meta property=\"og:title\" content=\"Auscultadores Vildrey para ser Personalizado | Brindes Publicit\u00e1rios Online\" \/>\n<meta property=\"og:description\" content=\"Auriculares dobr\u00e1veis \u200b\u200bcom conex\u00e3o bluetooth e design bicolor divertido. Ranhura de cart\u00e3o Micro SD ,fun\u00e7\u00e3o m\u00e3os livres, r\u00e1dio FM.\" \/>\n<meta property=\"og:url\" content=\"https:\/\/hiperfilme.com\/Site-TR\/catalogo-brindes\/tecnologicos\/auscultadores-vildrey-personalizado\/\" \/>\n<meta property=\"og:site_name\" content=\"Hiperfilme_TR\" \/>\n<meta property=\"article:modified_time\" content=\"2021-12-21T15:47:52+00:00\" \/>\n<meta property=\"og:image\" content=\"https:\/\/hiperfilme.com\/Site-TR\/wp-content\/uploads\/2021\/01\/5945TR-auscultadores-vildrey-preto.jpg\" \/>\n\t<meta property=\"og:image:width\" content=\"700\" \/>\n\t<meta property=\"og:image:height\" content=\"700\" \/>\n<meta name=\"twitter:card\" content=\"summary_large_image\" \/>\n<script type=\"application\/ld+json\" class=\"yoast-schema-graph\">{\"@context\":\"https:\/\/schema.org\",\"@graph\":[{\"@type\":\"Organization\",\"@id\":\"https:\/\/hiperfilme.com\/Site-TR\/#organization\",\"name\":\"Triangulo Requintado\",\"url\":\"https:\/\/hiperfilme.com\/Site-TR\/\",\"sameAs\":[],\"logo\":{\"@type\":\"ImageObject\",\"@id\":\"https:\/\/hiperfilme.com\/Site-TR\/#logo\",\"inLanguage\":\"pt-PT\",\"url\":\"https:\/\/triangulorequintado.com\/wp-content\/uploads\/2020\/10\/logo-triangulo-requintado-color-248.png\",\"contentUrl\":\"https:\/\/triangulorequintado.com\/wp-content\/uploads\/2020\/10\/logo-triangulo-requintado-color-248.png\",\"width\":248,\"height\":96,\"caption\":\"Triangulo Requintado\"},\"image\":{\"@id\":\"https:\/\/hiperfilme.com\/Site-TR\/#logo\"}},{\"@type\":\"WebSite\",\"@id\":\"https:\/\/hiperfilme.com\/Site-TR\/#website\",\"url\":\"https:\/\/hiperfilme.com\/Site-TR\/\",\"name\":\"Triangulo Requintado\",\"description\":\"Estampagens e Brindes\",\"publisher\":{\"@id\":\"https:\/\/hiperfilme.com\/Site-TR\/#organization\"},\"potentialAction\":[{\"@type\":\"SearchAction\",\"target\":{\"@type\":\"EntryPoint\",\"urlTemplate\":\"https:\/\/hiperfilme.com\/Site-TR\/?s={search_term_string}\"},\"query-input\":\"required name=search_term_string\"}],\"inLanguage\":\"pt-PT\"},{\"@type\":\"ImageObject\",\"@id\":\"https:\/\/hiperfilme.com\/Site-TR\/catalogo-brindes\/tecnologicos\/auscultadores-vildrey-personalizado\/#primaryimage\",\"inLanguage\":\"pt-PT\",\"url\":\"https:\/\/hiperfilme.com\/Site-TR\/wp-content\/uploads\/2021\/01\/5945TR-auscultadores-vildrey-preto.jpg\",\"contentUrl\":\"https:\/\/hiperfilme.com\/Site-TR\/wp-content\/uploads\/2021\/01\/5945TR-auscultadores-vildrey-preto.jpg\",\"width\":700,\"height\":700},{\"@type\":\"WebPage\",\"@id\":\"https:\/\/hiperfilme.com\/Site-TR\/catalogo-brindes\/tecnologicos\/auscultadores-vildrey-personalizado\/#webpage\",\"url\":\"https:\/\/hiperfilme.com\/Site-TR\/catalogo-brindes\/tecnologicos\/auscultadores-vildrey-personalizado\/\",\"name\":\"Auscultadores Vildrey para ser Personalizado | Brindes Publicit\\u00e1rios Online\",\"isPartOf\":{\"@id\":\"https:\/\/hiperfilme.com\/Site-TR\/#website\"},\"primaryImageOfPage\":{\"@id\":\"https:\/\/hiperfilme.com\/Site-TR\/catalogo-brindes\/tecnologicos\/auscultadores-vildrey-personalizado\/#primaryimage\"},\"datePublished\":\"2021-01-31T18:43:20+00:00\",\"dateModified\":\"2021-12-21T15:47:52+00:00\",\"description\":\"Auriculares dobr\\u00e1veis \\u200b\\u200bcom conex\\u00e3o bluetooth e design bicolor divertido. Ranhura de cart\\u00e3o Micro SD ,fun\\u00e7\\u00e3o m\\u00e3os livres, r\\u00e1dio FM.\",\"breadcrumb\":{\"@id\":\"https:\/\/hiperfilme.com\/Site-TR\/catalogo-brindes\/tecnologicos\/auscultadores-vildrey-personalizado\/#breadcrumb\"},\"inLanguage\":\"pt-PT\",\"potentialAction\":[{\"@type\":\"ReadAction\",\"target\":[\"https:\/\/hiperfilme.com\/Site-TR\/catalogo-brindes\/tecnologicos\/auscultadores-vildrey-personalizado\/\"]}]},{\"@type\":\"BreadcrumbList\",\"@id\":\"https:\/\/hiperfilme.com\/Site-TR\/catalogo-brindes\/tecnologicos\/auscultadores-vildrey-personalizado\/#breadcrumb\",\"itemListElement\":[{\"@type\":\"ListItem\",\"position\":1,\"name\":\"In\\u00edcio\",\"item\":\"https:\/\/hiperfilme.com\/Site-TR\/\"},{\"@type\":\"ListItem\",\"position\":2,\"name\":\"Cat\\u00e1logo de Brindes\",\"item\":\"https:\/\/hiperfilme.com\/Site-TR\/catalogo-brindes\/\"},{\"@type\":\"ListItem\",\"position\":3,\"name\":\"Auscultadores Vildrey para ser Personalizado\"}]}]}<\/script>\n<!-- \/ Yoast SEO plugin. -->","yoast_head_json":{"title":"Auscultadores Vildrey para ser Personalizado | Brindes Publicit\u00e1rios Online","description":"Auriculares dobr\u00e1veis \u200b\u200bcom conex\u00e3o bluetooth e design bicolor divertido. Ranhura de cart\u00e3o Micro SD ,fun\u00e7\u00e3o m\u00e3os livres, r\u00e1dio FM.","robots":{"index":"index","follow":"follow","max-snippet":"max-snippet:-1","max-image-preview":"max-image-preview:large","max-video-preview":"max-video-preview:-1"},"canonical":"https:\/\/hiperfilme.com\/Site-TR\/catalogo-brindes\/tecnologicos\/auscultadores-vildrey-personalizado\/","og_locale":"pt_PT","og_type":"article","og_title":"Auscultadores Vildrey para ser Personalizado | Brindes Publicit\u00e1rios Online","og_description":"Auriculares dobr\u00e1veis \u200b\u200bcom conex\u00e3o bluetooth e design bicolor divertido. Ranhura de cart\u00e3o Micro SD ,fun\u00e7\u00e3o m\u00e3os livres, r\u00e1dio FM.","og_url":"https:\/\/hiperfilme.com\/Site-TR\/catalogo-brindes\/tecnologicos\/auscultadores-vildrey-personalizado\/","og_site_name":"Hiperfilme_TR","article_modified_time":"2021-12-21T15:47:52+00:00","og_image":[{"width":700,"height":700,"url":"https:\/\/hiperfilme.com\/Site-TR\/wp-content\/uploads\/2021\/01\/5945TR-auscultadores-vildrey-preto.jpg","type":"image\/jpeg"}],"twitter_card":"summary_large_image","schema":{"@context":"https:\/\/schema.org","@graph":[{"@type":"Organization","@id":"https:\/\/hiperfilme.com\/Site-TR\/#organization","name":"Triangulo Requintado","url":"https:\/\/hiperfilme.com\/Site-TR\/","sameAs":[],"logo":{"@type":"ImageObject","@id":"https:\/\/hiperfilme.com\/Site-TR\/#logo","inLanguage":"pt-PT","url":"https:\/\/triangulorequintado.com\/wp-content\/uploads\/2020\/10\/logo-triangulo-requintado-color-248.png","contentUrl":"https:\/\/triangulorequintado.com\/wp-content\/uploads\/2020\/10\/logo-triangulo-requintado-color-248.png","width":248,"height":96,"caption":"Triangulo Requintado"},"image":{"@id":"https:\/\/hiperfilme.com\/Site-TR\/#logo"}},{"@type":"WebSite","@id":"https:\/\/hiperfilme.com\/Site-TR\/#website","url":"https:\/\/hiperfilme.com\/Site-TR\/","name":"Triangulo Requintado","description":"Estampagens e Brindes","publisher":{"@id":"https:\/\/hiperfilme.com\/Site-TR\/#organization"},"potentialAction":[{"@type":"SearchAction","target":{"@type":"EntryPoint","urlTemplate":"https:\/\/hiperfilme.com\/Site-TR\/?s={search_term_string}"},"query-input":"required name=search_term_string"}],"inLanguage":"pt-PT"},{"@type":"ImageObject","@id":"https:\/\/hiperfilme.com\/Site-TR\/catalogo-brindes\/tecnologicos\/auscultadores-vildrey-personalizado\/#primaryimage","inLanguage":"pt-PT","url":"https:\/\/hiperfilme.com\/Site-TR\/wp-content\/uploads\/2021\/01\/5945TR-auscultadores-vildrey-preto.jpg","contentUrl":"https:\/\/hiperfilme.com\/Site-TR\/wp-content\/uploads\/2021\/01\/5945TR-auscultadores-vildrey-preto.jpg","width":700,"height":700},{"@type":"WebPage","@id":"https:\/\/hiperfilme.com\/Site-TR\/catalogo-brindes\/tecnologicos\/auscultadores-vildrey-personalizado\/#webpage","url":"https:\/\/hiperfilme.com\/Site-TR\/catalogo-brindes\/tecnologicos\/auscultadores-vildrey-personalizado\/","name":"Auscultadores Vildrey para ser Personalizado | Brindes Publicit\u00e1rios Online","isPartOf":{"@id":"https:\/\/hiperfilme.com\/Site-TR\/#website"},"primaryImageOfPage":{"@id":"https:\/\/hiperfilme.com\/Site-TR\/catalogo-brindes\/tecnologicos\/auscultadores-vildrey-personalizado\/#primaryimage"},"datePublished":"2021-01-31T18:43:20+00:00","dateModified":"2021-12-21T15:47:52+00:00","description":"Auriculares dobr\u00e1veis \u200b\u200bcom conex\u00e3o bluetooth e design bicolor divertido. Ranhura de cart\u00e3o Micro SD ,fun\u00e7\u00e3o m\u00e3os livres, r\u00e1dio FM.","breadcrumb":{"@id":"https:\/\/hiperfilme.com\/Site-TR\/catalogo-brindes\/tecnologicos\/auscultadores-vildrey-personalizado\/#breadcrumb"},"inLanguage":"pt-PT","potentialAction":[{"@type":"ReadAction","target":["https:\/\/hiperfilme.com\/Site-TR\/catalogo-brindes\/tecnologicos\/auscultadores-vildrey-personalizado\/"]}]},{"@type":"BreadcrumbList","@id":"https:\/\/hiperfilme.com\/Site-TR\/catalogo-brindes\/tecnologicos\/auscultadores-vildrey-personalizado\/#breadcrumb","itemListElement":[{"@type":"ListItem","position":1,"name":"In\u00edcio","item":"https:\/\/hiperfilme.com\/Site-TR\/"},{"@type":"ListItem","position":2,"name":"Cat\u00e1logo de Brindes","item":"https:\/\/hiperfilme.com\/Site-TR\/catalogo-brindes\/"},{"@type":"ListItem","position":3,"name":"Auscultadores Vildrey para ser Personalizado"}]}]}},"_links":{"self":[{"href":"https:\/\/hiperfilme.com\/Site-TR\/wp-json\/wp\/v2\/product\/4679"}],"collection":[{"href":"https:\/\/hiperfilme.com\/Site-TR\/wp-json\/wp\/v2\/product"}],"about":[{"href":"https:\/\/hiperfilme.com\/Site-TR\/wp-json\/wp\/v2\/types\/product"}],"wp:featuredmedia":[{"embeddable":true,"href":"https:\/\/hiperfilme.com\/Site-TR\/wp-json\/wp\/v2\/media\/4683"}],"wp:attachment":[{"href":"https:\/\/hiperfilme.com\/Site-TR\/wp-json\/wp\/v2\/media?parent=4679"}],"wp:term":[{"taxonomy":"product_cat","embeddable":true,"href":"https:\/\/hiperfilme.com\/Site-TR\/wp-json\/wp\/v2\/product_cat?post=4679"},{"taxonomy":"product_tag","embeddable":true,"href":"https:\/\/hiperfilme.com\/Site-TR\/wp-json\/wp\/v2\/product_tag?post=4679"}],"curies":[{"name":"wp","href":"https:\/\/api.w.org\/{rel}","templated":true}]}}