{"id":4166,"date":"2021-01-27T17:22:31","date_gmt":"2021-01-27T17:22:31","guid":{"rendered":"https:\/\/triangulorequintado.com\/?post_type=product&#038;p=4166"},"modified":"2021-12-21T15:45:26","modified_gmt":"2021-12-21T15:45:26","slug":"sweatshirt-crianca-capuz-personalizavel","status":"publish","type":"product","link":"https:\/\/hiperfilme.com\/Site-TR\/catalogo-brindes\/texteis\/sweats\/sweatshirt-crianca-capuz-personalizavel\/","title":{"rendered":"Sweatshirt de crian\u00e7a c\/capuz Personaliz\u00e1vel"},"content":{"rendered":"<ul>\n<li>Malha cardada<\/li>\n<li>Capuz duplo<\/li>\n<li>Costuras laterais, punhos e cinta el\u00e1sticos<\/li>\n<li>Bolso frontal<\/li>\n<li>Equival\u00eancia: -M (7-8 Anos)<br \/>\n-L (9-11 Anos)<br \/>\n-XL (12-14 Anos)<\/li>\n<li>Gramagem: 280-290 g\/m\u00b2<\/li>\n<\/ul>\n","protected":false},"excerpt":{"rendered":"<p>Sweatshirt de crian\u00e7a de malha cardada com capuz. Com punhos e cinta el\u00e1stica. Tem ainda um bolso frontal.<\/p>\n<p>Valor apresentado para o Brinde n\u00e3o personalizado. Contacte-nos para or\u00e7amentos de personaliza\u00e7\u00e3o e vantagens na compra de grandes quantidades.<\/p>\n","protected":false},"featured_media":4184,"template":"","meta":[],"product_cat":[173,160],"product_tag":[237],"yoast_head":"<!-- This site is optimized with the Yoast SEO plugin v17.8 - https:\/\/yoast.com\/wordpress\/plugins\/seo\/ -->\n<title>Sweatshirt de crian\u00e7a c\/capuz Personaliz\u00e1vel | Brindes Publicit\u00e1rios Online<\/title>\n<meta name=\"description\" content=\"Sweatshirt de crian\u00e7a de malha cardada com capuz. Com punhos e cinta el\u00e1stica. Tem ainda um bolso frontal. Dispon\u00edvel em diversas cores.\" \/>\n<meta name=\"robots\" content=\"index, follow, max-snippet:-1, max-image-preview:large, max-video-preview:-1\" \/>\n<link rel=\"canonical\" href=\"https:\/\/hiperfilme.com\/Site-TR\/catalogo-brindes\/texteis\/sweats\/sweatshirt-crianca-capuz-personalizavel\/\" \/>\n<meta property=\"og:locale\" content=\"pt_PT\" \/>\n<meta property=\"og:type\" content=\"article\" \/>\n<meta property=\"og:title\" content=\"Sweatshirt de crian\u00e7a c\/capuz Personaliz\u00e1vel | Brindes Publicit\u00e1rios Online\" \/>\n<meta property=\"og:description\" content=\"Sweatshirt de crian\u00e7a de malha cardada com capuz. Com punhos e cinta el\u00e1stica. Tem ainda um bolso frontal. Dispon\u00edvel em diversas cores.\" \/>\n<meta property=\"og:url\" content=\"https:\/\/hiperfilme.com\/Site-TR\/catalogo-brindes\/texteis\/sweats\/sweatshirt-crianca-capuz-personalizavel\/\" \/>\n<meta property=\"og:site_name\" content=\"Hiperfilme_TR\" \/>\n<meta property=\"article:modified_time\" content=\"2021-12-21T15:45:26+00:00\" \/>\n<meta property=\"og:image\" content=\"https:\/\/hiperfilme.com\/Site-TR\/wp-content\/uploads\/2021\/01\/8060TR-sweatshirt-crianca-capuz-preto.jpg\" \/>\n\t<meta property=\"og:image:width\" content=\"700\" \/>\n\t<meta property=\"og:image:height\" content=\"700\" \/>\n<meta name=\"twitter:card\" content=\"summary_large_image\" \/>\n<script type=\"application\/ld+json\" class=\"yoast-schema-graph\">{\"@context\":\"https:\/\/schema.org\",\"@graph\":[{\"@type\":\"Organization\",\"@id\":\"https:\/\/hiperfilme.com\/Site-TR\/#organization\",\"name\":\"Triangulo Requintado\",\"url\":\"https:\/\/hiperfilme.com\/Site-TR\/\",\"sameAs\":[],\"logo\":{\"@type\":\"ImageObject\",\"@id\":\"https:\/\/hiperfilme.com\/Site-TR\/#logo\",\"inLanguage\":\"pt-PT\",\"url\":\"https:\/\/triangulorequintado.com\/wp-content\/uploads\/2020\/10\/logo-triangulo-requintado-color-248.png\",\"contentUrl\":\"https:\/\/triangulorequintado.com\/wp-content\/uploads\/2020\/10\/logo-triangulo-requintado-color-248.png\",\"width\":248,\"height\":96,\"caption\":\"Triangulo Requintado\"},\"image\":{\"@id\":\"https:\/\/hiperfilme.com\/Site-TR\/#logo\"}},{\"@type\":\"WebSite\",\"@id\":\"https:\/\/hiperfilme.com\/Site-TR\/#website\",\"url\":\"https:\/\/hiperfilme.com\/Site-TR\/\",\"name\":\"Triangulo Requintado\",\"description\":\"Estampagens e Brindes\",\"publisher\":{\"@id\":\"https:\/\/hiperfilme.com\/Site-TR\/#organization\"},\"potentialAction\":[{\"@type\":\"SearchAction\",\"target\":{\"@type\":\"EntryPoint\",\"urlTemplate\":\"https:\/\/hiperfilme.com\/Site-TR\/?s={search_term_string}\"},\"query-input\":\"required name=search_term_string\"}],\"inLanguage\":\"pt-PT\"},{\"@type\":\"ImageObject\",\"@id\":\"https:\/\/hiperfilme.com\/Site-TR\/catalogo-brindes\/texteis\/sweats\/sweatshirt-crianca-capuz-personalizavel\/#primaryimage\",\"inLanguage\":\"pt-PT\",\"url\":\"https:\/\/hiperfilme.com\/Site-TR\/wp-content\/uploads\/2021\/01\/8060TR-sweatshirt-crianca-capuz-preto.jpg\",\"contentUrl\":\"https:\/\/hiperfilme.com\/Site-TR\/wp-content\/uploads\/2021\/01\/8060TR-sweatshirt-crianca-capuz-preto.jpg\",\"width\":700,\"height\":700},{\"@type\":\"WebPage\",\"@id\":\"https:\/\/hiperfilme.com\/Site-TR\/catalogo-brindes\/texteis\/sweats\/sweatshirt-crianca-capuz-personalizavel\/#webpage\",\"url\":\"https:\/\/hiperfilme.com\/Site-TR\/catalogo-brindes\/texteis\/sweats\/sweatshirt-crianca-capuz-personalizavel\/\",\"name\":\"Sweatshirt de crian\\u00e7a c\/capuz Personaliz\\u00e1vel | Brindes Publicit\\u00e1rios Online\",\"isPartOf\":{\"@id\":\"https:\/\/hiperfilme.com\/Site-TR\/#website\"},\"primaryImageOfPage\":{\"@id\":\"https:\/\/hiperfilme.com\/Site-TR\/catalogo-brindes\/texteis\/sweats\/sweatshirt-crianca-capuz-personalizavel\/#primaryimage\"},\"datePublished\":\"2021-01-27T17:22:31+00:00\",\"dateModified\":\"2021-12-21T15:45:26+00:00\",\"description\":\"Sweatshirt de crian\\u00e7a de malha cardada com capuz. Com punhos e cinta el\\u00e1stica. Tem ainda um bolso frontal. Dispon\\u00edvel em diversas cores.\",\"breadcrumb\":{\"@id\":\"https:\/\/hiperfilme.com\/Site-TR\/catalogo-brindes\/texteis\/sweats\/sweatshirt-crianca-capuz-personalizavel\/#breadcrumb\"},\"inLanguage\":\"pt-PT\",\"potentialAction\":[{\"@type\":\"ReadAction\",\"target\":[\"https:\/\/hiperfilme.com\/Site-TR\/catalogo-brindes\/texteis\/sweats\/sweatshirt-crianca-capuz-personalizavel\/\"]}]},{\"@type\":\"BreadcrumbList\",\"@id\":\"https:\/\/hiperfilme.com\/Site-TR\/catalogo-brindes\/texteis\/sweats\/sweatshirt-crianca-capuz-personalizavel\/#breadcrumb\",\"itemListElement\":[{\"@type\":\"ListItem\",\"position\":1,\"name\":\"In\\u00edcio\",\"item\":\"https:\/\/hiperfilme.com\/Site-TR\/\"},{\"@type\":\"ListItem\",\"position\":2,\"name\":\"Cat\\u00e1logo de Brindes\",\"item\":\"https:\/\/hiperfilme.com\/Site-TR\/catalogo-brindes\/\"},{\"@type\":\"ListItem\",\"position\":3,\"name\":\"Sweatshirt de crian\\u00e7a c\/capuz Personaliz\\u00e1vel\"}]}]}<\/script>\n<!-- \/ Yoast SEO plugin. -->","yoast_head_json":{"title":"Sweatshirt de crian\u00e7a c\/capuz Personaliz\u00e1vel | Brindes Publicit\u00e1rios Online","description":"Sweatshirt de crian\u00e7a de malha cardada com capuz. Com punhos e cinta el\u00e1stica. Tem ainda um bolso frontal. Dispon\u00edvel em diversas cores.","robots":{"index":"index","follow":"follow","max-snippet":"max-snippet:-1","max-image-preview":"max-image-preview:large","max-video-preview":"max-video-preview:-1"},"canonical":"https:\/\/hiperfilme.com\/Site-TR\/catalogo-brindes\/texteis\/sweats\/sweatshirt-crianca-capuz-personalizavel\/","og_locale":"pt_PT","og_type":"article","og_title":"Sweatshirt de crian\u00e7a c\/capuz Personaliz\u00e1vel | Brindes Publicit\u00e1rios Online","og_description":"Sweatshirt de crian\u00e7a de malha cardada com capuz. Com punhos e cinta el\u00e1stica. Tem ainda um bolso frontal. Dispon\u00edvel em diversas cores.","og_url":"https:\/\/hiperfilme.com\/Site-TR\/catalogo-brindes\/texteis\/sweats\/sweatshirt-crianca-capuz-personalizavel\/","og_site_name":"Hiperfilme_TR","article_modified_time":"2021-12-21T15:45:26+00:00","og_image":[{"width":700,"height":700,"url":"https:\/\/hiperfilme.com\/Site-TR\/wp-content\/uploads\/2021\/01\/8060TR-sweatshirt-crianca-capuz-preto.jpg","type":"image\/jpeg"}],"twitter_card":"summary_large_image","schema":{"@context":"https:\/\/schema.org","@graph":[{"@type":"Organization","@id":"https:\/\/hiperfilme.com\/Site-TR\/#organization","name":"Triangulo Requintado","url":"https:\/\/hiperfilme.com\/Site-TR\/","sameAs":[],"logo":{"@type":"ImageObject","@id":"https:\/\/hiperfilme.com\/Site-TR\/#logo","inLanguage":"pt-PT","url":"https:\/\/triangulorequintado.com\/wp-content\/uploads\/2020\/10\/logo-triangulo-requintado-color-248.png","contentUrl":"https:\/\/triangulorequintado.com\/wp-content\/uploads\/2020\/10\/logo-triangulo-requintado-color-248.png","width":248,"height":96,"caption":"Triangulo Requintado"},"image":{"@id":"https:\/\/hiperfilme.com\/Site-TR\/#logo"}},{"@type":"WebSite","@id":"https:\/\/hiperfilme.com\/Site-TR\/#website","url":"https:\/\/hiperfilme.com\/Site-TR\/","name":"Triangulo Requintado","description":"Estampagens e Brindes","publisher":{"@id":"https:\/\/hiperfilme.com\/Site-TR\/#organization"},"potentialAction":[{"@type":"SearchAction","target":{"@type":"EntryPoint","urlTemplate":"https:\/\/hiperfilme.com\/Site-TR\/?s={search_term_string}"},"query-input":"required name=search_term_string"}],"inLanguage":"pt-PT"},{"@type":"ImageObject","@id":"https:\/\/hiperfilme.com\/Site-TR\/catalogo-brindes\/texteis\/sweats\/sweatshirt-crianca-capuz-personalizavel\/#primaryimage","inLanguage":"pt-PT","url":"https:\/\/hiperfilme.com\/Site-TR\/wp-content\/uploads\/2021\/01\/8060TR-sweatshirt-crianca-capuz-preto.jpg","contentUrl":"https:\/\/hiperfilme.com\/Site-TR\/wp-content\/uploads\/2021\/01\/8060TR-sweatshirt-crianca-capuz-preto.jpg","width":700,"height":700},{"@type":"WebPage","@id":"https:\/\/hiperfilme.com\/Site-TR\/catalogo-brindes\/texteis\/sweats\/sweatshirt-crianca-capuz-personalizavel\/#webpage","url":"https:\/\/hiperfilme.com\/Site-TR\/catalogo-brindes\/texteis\/sweats\/sweatshirt-crianca-capuz-personalizavel\/","name":"Sweatshirt de crian\u00e7a c\/capuz Personaliz\u00e1vel | Brindes Publicit\u00e1rios Online","isPartOf":{"@id":"https:\/\/hiperfilme.com\/Site-TR\/#website"},"primaryImageOfPage":{"@id":"https:\/\/hiperfilme.com\/Site-TR\/catalogo-brindes\/texteis\/sweats\/sweatshirt-crianca-capuz-personalizavel\/#primaryimage"},"datePublished":"2021-01-27T17:22:31+00:00","dateModified":"2021-12-21T15:45:26+00:00","description":"Sweatshirt de crian\u00e7a de malha cardada com capuz. Com punhos e cinta el\u00e1stica. Tem ainda um bolso frontal. Dispon\u00edvel em diversas cores.","breadcrumb":{"@id":"https:\/\/hiperfilme.com\/Site-TR\/catalogo-brindes\/texteis\/sweats\/sweatshirt-crianca-capuz-personalizavel\/#breadcrumb"},"inLanguage":"pt-PT","potentialAction":[{"@type":"ReadAction","target":["https:\/\/hiperfilme.com\/Site-TR\/catalogo-brindes\/texteis\/sweats\/sweatshirt-crianca-capuz-personalizavel\/"]}]},{"@type":"BreadcrumbList","@id":"https:\/\/hiperfilme.com\/Site-TR\/catalogo-brindes\/texteis\/sweats\/sweatshirt-crianca-capuz-personalizavel\/#breadcrumb","itemListElement":[{"@type":"ListItem","position":1,"name":"In\u00edcio","item":"https:\/\/hiperfilme.com\/Site-TR\/"},{"@type":"ListItem","position":2,"name":"Cat\u00e1logo de Brindes","item":"https:\/\/hiperfilme.com\/Site-TR\/catalogo-brindes\/"},{"@type":"ListItem","position":3,"name":"Sweatshirt de crian\u00e7a c\/capuz Personaliz\u00e1vel"}]}]}},"_links":{"self":[{"href":"https:\/\/hiperfilme.com\/Site-TR\/wp-json\/wp\/v2\/product\/4166"}],"collection":[{"href":"https:\/\/hiperfilme.com\/Site-TR\/wp-json\/wp\/v2\/product"}],"about":[{"href":"https:\/\/hiperfilme.com\/Site-TR\/wp-json\/wp\/v2\/types\/product"}],"wp:featuredmedia":[{"embeddable":true,"href":"https:\/\/hiperfilme.com\/Site-TR\/wp-json\/wp\/v2\/media\/4184"}],"wp:attachment":[{"href":"https:\/\/hiperfilme.com\/Site-TR\/wp-json\/wp\/v2\/media?parent=4166"}],"wp:term":[{"taxonomy":"product_cat","embeddable":true,"href":"https:\/\/hiperfilme.com\/Site-TR\/wp-json\/wp\/v2\/product_cat?post=4166"},{"taxonomy":"product_tag","embeddable":true,"href":"https:\/\/hiperfilme.com\/Site-TR\/wp-json\/wp\/v2\/product_tag?post=4166"}],"curies":[{"name":"wp","href":"https:\/\/api.w.org\/{rel}","templated":true}]}}