{"id":4136,"date":"2021-01-27T16:10:12","date_gmt":"2021-01-27T16:10:12","guid":{"rendered":"https:\/\/triangulorequintado.com\/?post_type=product&#038;p=4136"},"modified":"2021-01-27T16:10:12","modified_gmt":"2021-01-27T16:10:12","slug":"porta-chaves-madison-personalizavel","status":"publish","type":"product","link":"https:\/\/hiperfilme.com\/Site-TR\/catalogo-brindes\/porta-chaves\/porta-chaves-madison-personalizavel\/","title":{"rendered":"Porta-chaves Madison Personaliz\u00e1vel"},"content":{"rendered":"<ul>\n<li>V\u00e1rias cores met\u00e1licas<\/li>\n<li>Faixa de poli\u00e9ster em preto<\/li>\n<li>Grava\u00e7\u00e3o a laser<\/li>\n<li>Material: Alum\u00ednio\/ Poli\u00e9ster<\/li>\n<li>Medidas: 2.7 x 6.8 x 0.6 cm<\/li>\n<li>Peso: 15 gr.<\/li>\n<\/ul>\n","protected":false},"excerpt":{"rendered":"<p>Porta-chaves de alum\u00ednio em v\u00e1rias cores met\u00e1licas e faixa de poli\u00e9ster em preto. Especialmente desenhado para grava\u00e7\u00e3o a laser.<\/p>\n<p>Valor apresentado para o Brinde n\u00e3o personalizado. Contacte-nos para or\u00e7amentos de personaliza\u00e7\u00e3o e vantagens na compra de grandes quantidades.<\/p>\n","protected":false},"featured_media":4137,"template":"","meta":[],"product_cat":[185],"product_tag":[300],"yoast_head":"<!-- This site is optimized with the Yoast SEO plugin v17.8 - https:\/\/yoast.com\/wordpress\/plugins\/seo\/ -->\n<title>Porta-Chaves Madison Personaliz\u00e1vel | Brindes Publicit\u00e1rios Online<\/title>\n<meta name=\"description\" content=\"Porta-chaves de alum\u00ednio em v\u00e1rias cores met\u00e1licas e faixa de poli\u00e9ster em preto. Especialmente desenhado para grava\u00e7\u00e3o a laser.\" \/>\n<meta name=\"robots\" content=\"index, follow, max-snippet:-1, max-image-preview:large, max-video-preview:-1\" \/>\n<link rel=\"canonical\" href=\"https:\/\/hiperfilme.com\/Site-TR\/catalogo-brindes\/porta-chaves\/porta-chaves-madison-personalizavel\/\" \/>\n<meta property=\"og:locale\" content=\"pt_PT\" \/>\n<meta property=\"og:type\" content=\"article\" \/>\n<meta property=\"og:title\" content=\"Porta-Chaves Madison Personaliz\u00e1vel | Brindes Publicit\u00e1rios Online\" \/>\n<meta property=\"og:description\" content=\"Porta-chaves de alum\u00ednio em v\u00e1rias cores met\u00e1licas e faixa de poli\u00e9ster em preto. Especialmente desenhado para grava\u00e7\u00e3o a laser.\" \/>\n<meta property=\"og:url\" content=\"https:\/\/hiperfilme.com\/Site-TR\/catalogo-brindes\/porta-chaves\/porta-chaves-madison-personalizavel\/\" \/>\n<meta property=\"og:site_name\" content=\"Hiperfilme_TR\" \/>\n<meta property=\"og:image\" content=\"https:\/\/hiperfilme.com\/Site-TR\/wp-content\/uploads\/2021\/01\/5037TR-porta-chaves-madison-dourado.jpg\" \/>\n\t<meta property=\"og:image:width\" content=\"700\" \/>\n\t<meta property=\"og:image:height\" content=\"700\" \/>\n<meta name=\"twitter:card\" content=\"summary_large_image\" \/>\n<script type=\"application\/ld+json\" class=\"yoast-schema-graph\">{\"@context\":\"https:\/\/schema.org\",\"@graph\":[{\"@type\":\"Organization\",\"@id\":\"https:\/\/hiperfilme.com\/Site-TR\/#organization\",\"name\":\"Triangulo Requintado\",\"url\":\"https:\/\/hiperfilme.com\/Site-TR\/\",\"sameAs\":[],\"logo\":{\"@type\":\"ImageObject\",\"@id\":\"https:\/\/hiperfilme.com\/Site-TR\/#logo\",\"inLanguage\":\"pt-PT\",\"url\":\"https:\/\/triangulorequintado.com\/wp-content\/uploads\/2020\/10\/logo-triangulo-requintado-color-248.png\",\"contentUrl\":\"https:\/\/triangulorequintado.com\/wp-content\/uploads\/2020\/10\/logo-triangulo-requintado-color-248.png\",\"width\":248,\"height\":96,\"caption\":\"Triangulo Requintado\"},\"image\":{\"@id\":\"https:\/\/hiperfilme.com\/Site-TR\/#logo\"}},{\"@type\":\"WebSite\",\"@id\":\"https:\/\/hiperfilme.com\/Site-TR\/#website\",\"url\":\"https:\/\/hiperfilme.com\/Site-TR\/\",\"name\":\"Triangulo Requintado\",\"description\":\"Estampagens e Brindes\",\"publisher\":{\"@id\":\"https:\/\/hiperfilme.com\/Site-TR\/#organization\"},\"potentialAction\":[{\"@type\":\"SearchAction\",\"target\":{\"@type\":\"EntryPoint\",\"urlTemplate\":\"https:\/\/hiperfilme.com\/Site-TR\/?s={search_term_string}\"},\"query-input\":\"required name=search_term_string\"}],\"inLanguage\":\"pt-PT\"},{\"@type\":\"ImageObject\",\"@id\":\"https:\/\/hiperfilme.com\/Site-TR\/catalogo-brindes\/porta-chaves\/porta-chaves-madison-personalizavel\/#primaryimage\",\"inLanguage\":\"pt-PT\",\"url\":\"https:\/\/hiperfilme.com\/Site-TR\/wp-content\/uploads\/2021\/01\/5037TR-porta-chaves-madison-dourado.jpg\",\"contentUrl\":\"https:\/\/hiperfilme.com\/Site-TR\/wp-content\/uploads\/2021\/01\/5037TR-porta-chaves-madison-dourado.jpg\",\"width\":700,\"height\":700},{\"@type\":\"WebPage\",\"@id\":\"https:\/\/hiperfilme.com\/Site-TR\/catalogo-brindes\/porta-chaves\/porta-chaves-madison-personalizavel\/#webpage\",\"url\":\"https:\/\/hiperfilme.com\/Site-TR\/catalogo-brindes\/porta-chaves\/porta-chaves-madison-personalizavel\/\",\"name\":\"Porta-Chaves Madison Personaliz\\u00e1vel | Brindes Publicit\\u00e1rios Online\",\"isPartOf\":{\"@id\":\"https:\/\/hiperfilme.com\/Site-TR\/#website\"},\"primaryImageOfPage\":{\"@id\":\"https:\/\/hiperfilme.com\/Site-TR\/catalogo-brindes\/porta-chaves\/porta-chaves-madison-personalizavel\/#primaryimage\"},\"datePublished\":\"2021-01-27T16:10:12+00:00\",\"dateModified\":\"2021-01-27T16:10:12+00:00\",\"description\":\"Porta-chaves de alum\\u00ednio em v\\u00e1rias cores met\\u00e1licas e faixa de poli\\u00e9ster em preto. Especialmente desenhado para grava\\u00e7\\u00e3o a laser.\",\"breadcrumb\":{\"@id\":\"https:\/\/hiperfilme.com\/Site-TR\/catalogo-brindes\/porta-chaves\/porta-chaves-madison-personalizavel\/#breadcrumb\"},\"inLanguage\":\"pt-PT\",\"potentialAction\":[{\"@type\":\"ReadAction\",\"target\":[\"https:\/\/hiperfilme.com\/Site-TR\/catalogo-brindes\/porta-chaves\/porta-chaves-madison-personalizavel\/\"]}]},{\"@type\":\"BreadcrumbList\",\"@id\":\"https:\/\/hiperfilme.com\/Site-TR\/catalogo-brindes\/porta-chaves\/porta-chaves-madison-personalizavel\/#breadcrumb\",\"itemListElement\":[{\"@type\":\"ListItem\",\"position\":1,\"name\":\"In\\u00edcio\",\"item\":\"https:\/\/hiperfilme.com\/Site-TR\/\"},{\"@type\":\"ListItem\",\"position\":2,\"name\":\"Cat\\u00e1logo de Brindes\",\"item\":\"https:\/\/hiperfilme.com\/Site-TR\/catalogo-brindes\/\"},{\"@type\":\"ListItem\",\"position\":3,\"name\":\"Porta-chaves Madison Personaliz\\u00e1vel\"}]}]}<\/script>\n<!-- \/ Yoast SEO plugin. -->","yoast_head_json":{"title":"Porta-Chaves Madison Personaliz\u00e1vel | Brindes Publicit\u00e1rios Online","description":"Porta-chaves de alum\u00ednio em v\u00e1rias cores met\u00e1licas e faixa de poli\u00e9ster em preto. Especialmente desenhado para grava\u00e7\u00e3o a laser.","robots":{"index":"index","follow":"follow","max-snippet":"max-snippet:-1","max-image-preview":"max-image-preview:large","max-video-preview":"max-video-preview:-1"},"canonical":"https:\/\/hiperfilme.com\/Site-TR\/catalogo-brindes\/porta-chaves\/porta-chaves-madison-personalizavel\/","og_locale":"pt_PT","og_type":"article","og_title":"Porta-Chaves Madison Personaliz\u00e1vel | Brindes Publicit\u00e1rios Online","og_description":"Porta-chaves de alum\u00ednio em v\u00e1rias cores met\u00e1licas e faixa de poli\u00e9ster em preto. Especialmente desenhado para grava\u00e7\u00e3o a laser.","og_url":"https:\/\/hiperfilme.com\/Site-TR\/catalogo-brindes\/porta-chaves\/porta-chaves-madison-personalizavel\/","og_site_name":"Hiperfilme_TR","og_image":[{"width":700,"height":700,"url":"https:\/\/hiperfilme.com\/Site-TR\/wp-content\/uploads\/2021\/01\/5037TR-porta-chaves-madison-dourado.jpg","type":"image\/jpeg"}],"twitter_card":"summary_large_image","schema":{"@context":"https:\/\/schema.org","@graph":[{"@type":"Organization","@id":"https:\/\/hiperfilme.com\/Site-TR\/#organization","name":"Triangulo Requintado","url":"https:\/\/hiperfilme.com\/Site-TR\/","sameAs":[],"logo":{"@type":"ImageObject","@id":"https:\/\/hiperfilme.com\/Site-TR\/#logo","inLanguage":"pt-PT","url":"https:\/\/triangulorequintado.com\/wp-content\/uploads\/2020\/10\/logo-triangulo-requintado-color-248.png","contentUrl":"https:\/\/triangulorequintado.com\/wp-content\/uploads\/2020\/10\/logo-triangulo-requintado-color-248.png","width":248,"height":96,"caption":"Triangulo Requintado"},"image":{"@id":"https:\/\/hiperfilme.com\/Site-TR\/#logo"}},{"@type":"WebSite","@id":"https:\/\/hiperfilme.com\/Site-TR\/#website","url":"https:\/\/hiperfilme.com\/Site-TR\/","name":"Triangulo Requintado","description":"Estampagens e Brindes","publisher":{"@id":"https:\/\/hiperfilme.com\/Site-TR\/#organization"},"potentialAction":[{"@type":"SearchAction","target":{"@type":"EntryPoint","urlTemplate":"https:\/\/hiperfilme.com\/Site-TR\/?s={search_term_string}"},"query-input":"required name=search_term_string"}],"inLanguage":"pt-PT"},{"@type":"ImageObject","@id":"https:\/\/hiperfilme.com\/Site-TR\/catalogo-brindes\/porta-chaves\/porta-chaves-madison-personalizavel\/#primaryimage","inLanguage":"pt-PT","url":"https:\/\/hiperfilme.com\/Site-TR\/wp-content\/uploads\/2021\/01\/5037TR-porta-chaves-madison-dourado.jpg","contentUrl":"https:\/\/hiperfilme.com\/Site-TR\/wp-content\/uploads\/2021\/01\/5037TR-porta-chaves-madison-dourado.jpg","width":700,"height":700},{"@type":"WebPage","@id":"https:\/\/hiperfilme.com\/Site-TR\/catalogo-brindes\/porta-chaves\/porta-chaves-madison-personalizavel\/#webpage","url":"https:\/\/hiperfilme.com\/Site-TR\/catalogo-brindes\/porta-chaves\/porta-chaves-madison-personalizavel\/","name":"Porta-Chaves Madison Personaliz\u00e1vel | Brindes Publicit\u00e1rios Online","isPartOf":{"@id":"https:\/\/hiperfilme.com\/Site-TR\/#website"},"primaryImageOfPage":{"@id":"https:\/\/hiperfilme.com\/Site-TR\/catalogo-brindes\/porta-chaves\/porta-chaves-madison-personalizavel\/#primaryimage"},"datePublished":"2021-01-27T16:10:12+00:00","dateModified":"2021-01-27T16:10:12+00:00","description":"Porta-chaves de alum\u00ednio em v\u00e1rias cores met\u00e1licas e faixa de poli\u00e9ster em preto. Especialmente desenhado para grava\u00e7\u00e3o a laser.","breadcrumb":{"@id":"https:\/\/hiperfilme.com\/Site-TR\/catalogo-brindes\/porta-chaves\/porta-chaves-madison-personalizavel\/#breadcrumb"},"inLanguage":"pt-PT","potentialAction":[{"@type":"ReadAction","target":["https:\/\/hiperfilme.com\/Site-TR\/catalogo-brindes\/porta-chaves\/porta-chaves-madison-personalizavel\/"]}]},{"@type":"BreadcrumbList","@id":"https:\/\/hiperfilme.com\/Site-TR\/catalogo-brindes\/porta-chaves\/porta-chaves-madison-personalizavel\/#breadcrumb","itemListElement":[{"@type":"ListItem","position":1,"name":"In\u00edcio","item":"https:\/\/hiperfilme.com\/Site-TR\/"},{"@type":"ListItem","position":2,"name":"Cat\u00e1logo de Brindes","item":"https:\/\/hiperfilme.com\/Site-TR\/catalogo-brindes\/"},{"@type":"ListItem","position":3,"name":"Porta-chaves Madison Personaliz\u00e1vel"}]}]}},"_links":{"self":[{"href":"https:\/\/hiperfilme.com\/Site-TR\/wp-json\/wp\/v2\/product\/4136"}],"collection":[{"href":"https:\/\/hiperfilme.com\/Site-TR\/wp-json\/wp\/v2\/product"}],"about":[{"href":"https:\/\/hiperfilme.com\/Site-TR\/wp-json\/wp\/v2\/types\/product"}],"wp:featuredmedia":[{"embeddable":true,"href":"https:\/\/hiperfilme.com\/Site-TR\/wp-json\/wp\/v2\/media\/4137"}],"wp:attachment":[{"href":"https:\/\/hiperfilme.com\/Site-TR\/wp-json\/wp\/v2\/media?parent=4136"}],"wp:term":[{"taxonomy":"product_cat","embeddable":true,"href":"https:\/\/hiperfilme.com\/Site-TR\/wp-json\/wp\/v2\/product_cat?post=4136"},{"taxonomy":"product_tag","embeddable":true,"href":"https:\/\/hiperfilme.com\/Site-TR\/wp-json\/wp\/v2\/product_tag?post=4136"}],"curies":[{"name":"wp","href":"https:\/\/api.w.org\/{rel}","templated":true}]}}