{"id":4034,"date":"2021-01-26T17:00:49","date_gmt":"2021-01-26T17:00:49","guid":{"rendered":"https:\/\/triangulorequintado.com\/?post_type=product&#038;p=4034"},"modified":"2021-12-21T16:29:47","modified_gmt":"2021-12-21T16:29:47","slug":"t-shirt-adulto-fit-comic-personalizada","status":"publish","type":"product","link":"https:\/\/hiperfilme.com\/Site-TR\/catalogo-brindes\/texteis\/t-shirts\/t-shirt-adulto-fit-comic-personalizada\/","title":{"rendered":"T-shirt de Adulto Fit Comic para ser personalizada"},"content":{"rendered":"<ul>\n<li>100% algod\u00e3o ring spun<\/li>\n<li>Gramagem: 160 grs\/m2<\/li>\n<li>Malha liso<\/li>\n<li>Gola de corte fino<\/li>\n<li>Refor\u00e7o nos ombros<\/li>\n<li>Dupla costura na gola, bainha e mangas<\/li>\n<\/ul>\n","protected":false},"excerpt":{"rendered":"<p>T-shirt de malha lisa com gramagem de 160 grs\/m2. A gola de corte fino. Refor\u00e7o nos ombros. Dupla costura na gola, bainha e mangas.<\/p>\n<p>Valor apresentado para o Brinde n\u00e3o personalizado. Contacte-nos para or\u00e7amentos de personaliza\u00e7\u00e3o e vantagens na compra de grandes quantidades.<\/p>\n","protected":false},"featured_media":4041,"template":"","meta":[],"product_cat":[174,160],"product_tag":[],"yoast_head":"<!-- This site is optimized with the Yoast SEO plugin v17.8 - https:\/\/yoast.com\/wordpress\/plugins\/seo\/ -->\n<title>T-shirt de Adulto Fit Comic para ser personalizada | Brindes Online<\/title>\n<meta name=\"description\" content=\"T-shirt de malha lisa com gramagem de 160 grs\/m2. A gola de corte fino. Refor\u00e7o nos ombros. Dupla costura na gola, bainha e mangas.\" \/>\n<meta name=\"robots\" content=\"index, follow, max-snippet:-1, max-image-preview:large, max-video-preview:-1\" \/>\n<link rel=\"canonical\" href=\"https:\/\/hiperfilme.com\/Site-TR\/catalogo-brindes\/texteis\/t-shirts\/t-shirt-adulto-fit-comic-personalizada\/\" \/>\n<meta property=\"og:locale\" content=\"pt_PT\" \/>\n<meta property=\"og:type\" content=\"article\" \/>\n<meta property=\"og:title\" content=\"T-shirt de Adulto Fit Comic para ser personalizada | Brindes Online\" \/>\n<meta property=\"og:description\" content=\"T-shirt de malha lisa com gramagem de 160 grs\/m2. A gola de corte fino. Refor\u00e7o nos ombros. Dupla costura na gola, bainha e mangas.\" \/>\n<meta property=\"og:url\" content=\"https:\/\/hiperfilme.com\/Site-TR\/catalogo-brindes\/texteis\/t-shirts\/t-shirt-adulto-fit-comic-personalizada\/\" \/>\n<meta property=\"og:site_name\" content=\"Hiperfilme_TR\" \/>\n<meta property=\"article:modified_time\" content=\"2021-12-21T16:29:47+00:00\" \/>\n<meta property=\"og:image\" content=\"https:\/\/hiperfilme.com\/Site-TR\/wp-content\/uploads\/2021\/01\/006VTR-t-shirt-adulto-fit-comic-preto.jpg\" \/>\n\t<meta property=\"og:image:width\" content=\"700\" \/>\n\t<meta property=\"og:image:height\" content=\"800\" \/>\n<meta name=\"twitter:card\" content=\"summary_large_image\" \/>\n<script type=\"application\/ld+json\" class=\"yoast-schema-graph\">{\"@context\":\"https:\/\/schema.org\",\"@graph\":[{\"@type\":\"Organization\",\"@id\":\"https:\/\/hiperfilme.com\/Site-TR\/#organization\",\"name\":\"Triangulo Requintado\",\"url\":\"https:\/\/hiperfilme.com\/Site-TR\/\",\"sameAs\":[],\"logo\":{\"@type\":\"ImageObject\",\"@id\":\"https:\/\/hiperfilme.com\/Site-TR\/#logo\",\"inLanguage\":\"pt-PT\",\"url\":\"https:\/\/triangulorequintado.com\/wp-content\/uploads\/2020\/10\/logo-triangulo-requintado-color-248.png\",\"contentUrl\":\"https:\/\/triangulorequintado.com\/wp-content\/uploads\/2020\/10\/logo-triangulo-requintado-color-248.png\",\"width\":248,\"height\":96,\"caption\":\"Triangulo Requintado\"},\"image\":{\"@id\":\"https:\/\/hiperfilme.com\/Site-TR\/#logo\"}},{\"@type\":\"WebSite\",\"@id\":\"https:\/\/hiperfilme.com\/Site-TR\/#website\",\"url\":\"https:\/\/hiperfilme.com\/Site-TR\/\",\"name\":\"Triangulo Requintado\",\"description\":\"Estampagens e Brindes\",\"publisher\":{\"@id\":\"https:\/\/hiperfilme.com\/Site-TR\/#organization\"},\"potentialAction\":[{\"@type\":\"SearchAction\",\"target\":{\"@type\":\"EntryPoint\",\"urlTemplate\":\"https:\/\/hiperfilme.com\/Site-TR\/?s={search_term_string}\"},\"query-input\":\"required name=search_term_string\"}],\"inLanguage\":\"pt-PT\"},{\"@type\":\"ImageObject\",\"@id\":\"https:\/\/hiperfilme.com\/Site-TR\/catalogo-brindes\/texteis\/t-shirts\/t-shirt-adulto-fit-comic-personalizada\/#primaryimage\",\"inLanguage\":\"pt-PT\",\"url\":\"https:\/\/hiperfilme.com\/Site-TR\/wp-content\/uploads\/2021\/01\/006VTR-t-shirt-adulto-fit-comic-preto.jpg\",\"contentUrl\":\"https:\/\/hiperfilme.com\/Site-TR\/wp-content\/uploads\/2021\/01\/006VTR-t-shirt-adulto-fit-comic-preto.jpg\",\"width\":700,\"height\":800},{\"@type\":\"WebPage\",\"@id\":\"https:\/\/hiperfilme.com\/Site-TR\/catalogo-brindes\/texteis\/t-shirts\/t-shirt-adulto-fit-comic-personalizada\/#webpage\",\"url\":\"https:\/\/hiperfilme.com\/Site-TR\/catalogo-brindes\/texteis\/t-shirts\/t-shirt-adulto-fit-comic-personalizada\/\",\"name\":\"T-shirt de Adulto Fit Comic para ser personalizada | Brindes Online\",\"isPartOf\":{\"@id\":\"https:\/\/hiperfilme.com\/Site-TR\/#website\"},\"primaryImageOfPage\":{\"@id\":\"https:\/\/hiperfilme.com\/Site-TR\/catalogo-brindes\/texteis\/t-shirts\/t-shirt-adulto-fit-comic-personalizada\/#primaryimage\"},\"datePublished\":\"2021-01-26T17:00:49+00:00\",\"dateModified\":\"2021-12-21T16:29:47+00:00\",\"description\":\"T-shirt de malha lisa com gramagem de 160 grs\/m2. A gola de corte fino. Refor\\u00e7o nos ombros. Dupla costura na gola, bainha e mangas.\",\"breadcrumb\":{\"@id\":\"https:\/\/hiperfilme.com\/Site-TR\/catalogo-brindes\/texteis\/t-shirts\/t-shirt-adulto-fit-comic-personalizada\/#breadcrumb\"},\"inLanguage\":\"pt-PT\",\"potentialAction\":[{\"@type\":\"ReadAction\",\"target\":[\"https:\/\/hiperfilme.com\/Site-TR\/catalogo-brindes\/texteis\/t-shirts\/t-shirt-adulto-fit-comic-personalizada\/\"]}]},{\"@type\":\"BreadcrumbList\",\"@id\":\"https:\/\/hiperfilme.com\/Site-TR\/catalogo-brindes\/texteis\/t-shirts\/t-shirt-adulto-fit-comic-personalizada\/#breadcrumb\",\"itemListElement\":[{\"@type\":\"ListItem\",\"position\":1,\"name\":\"In\\u00edcio\",\"item\":\"https:\/\/hiperfilme.com\/Site-TR\/\"},{\"@type\":\"ListItem\",\"position\":2,\"name\":\"Cat\\u00e1logo de Brindes\",\"item\":\"https:\/\/hiperfilme.com\/Site-TR\/catalogo-brindes\/\"},{\"@type\":\"ListItem\",\"position\":3,\"name\":\"T-shirt de Adulto Fit Comic para ser personalizada\"}]}]}<\/script>\n<!-- \/ Yoast SEO plugin. -->","yoast_head_json":{"title":"T-shirt de Adulto Fit Comic para ser personalizada | Brindes Online","description":"T-shirt de malha lisa com gramagem de 160 grs\/m2. A gola de corte fino. Refor\u00e7o nos ombros. Dupla costura na gola, bainha e mangas.","robots":{"index":"index","follow":"follow","max-snippet":"max-snippet:-1","max-image-preview":"max-image-preview:large","max-video-preview":"max-video-preview:-1"},"canonical":"https:\/\/hiperfilme.com\/Site-TR\/catalogo-brindes\/texteis\/t-shirts\/t-shirt-adulto-fit-comic-personalizada\/","og_locale":"pt_PT","og_type":"article","og_title":"T-shirt de Adulto Fit Comic para ser personalizada | Brindes Online","og_description":"T-shirt de malha lisa com gramagem de 160 grs\/m2. A gola de corte fino. Refor\u00e7o nos ombros. Dupla costura na gola, bainha e mangas.","og_url":"https:\/\/hiperfilme.com\/Site-TR\/catalogo-brindes\/texteis\/t-shirts\/t-shirt-adulto-fit-comic-personalizada\/","og_site_name":"Hiperfilme_TR","article_modified_time":"2021-12-21T16:29:47+00:00","og_image":[{"width":700,"height":800,"url":"https:\/\/hiperfilme.com\/Site-TR\/wp-content\/uploads\/2021\/01\/006VTR-t-shirt-adulto-fit-comic-preto.jpg","type":"image\/jpeg"}],"twitter_card":"summary_large_image","schema":{"@context":"https:\/\/schema.org","@graph":[{"@type":"Organization","@id":"https:\/\/hiperfilme.com\/Site-TR\/#organization","name":"Triangulo Requintado","url":"https:\/\/hiperfilme.com\/Site-TR\/","sameAs":[],"logo":{"@type":"ImageObject","@id":"https:\/\/hiperfilme.com\/Site-TR\/#logo","inLanguage":"pt-PT","url":"https:\/\/triangulorequintado.com\/wp-content\/uploads\/2020\/10\/logo-triangulo-requintado-color-248.png","contentUrl":"https:\/\/triangulorequintado.com\/wp-content\/uploads\/2020\/10\/logo-triangulo-requintado-color-248.png","width":248,"height":96,"caption":"Triangulo Requintado"},"image":{"@id":"https:\/\/hiperfilme.com\/Site-TR\/#logo"}},{"@type":"WebSite","@id":"https:\/\/hiperfilme.com\/Site-TR\/#website","url":"https:\/\/hiperfilme.com\/Site-TR\/","name":"Triangulo Requintado","description":"Estampagens e Brindes","publisher":{"@id":"https:\/\/hiperfilme.com\/Site-TR\/#organization"},"potentialAction":[{"@type":"SearchAction","target":{"@type":"EntryPoint","urlTemplate":"https:\/\/hiperfilme.com\/Site-TR\/?s={search_term_string}"},"query-input":"required name=search_term_string"}],"inLanguage":"pt-PT"},{"@type":"ImageObject","@id":"https:\/\/hiperfilme.com\/Site-TR\/catalogo-brindes\/texteis\/t-shirts\/t-shirt-adulto-fit-comic-personalizada\/#primaryimage","inLanguage":"pt-PT","url":"https:\/\/hiperfilme.com\/Site-TR\/wp-content\/uploads\/2021\/01\/006VTR-t-shirt-adulto-fit-comic-preto.jpg","contentUrl":"https:\/\/hiperfilme.com\/Site-TR\/wp-content\/uploads\/2021\/01\/006VTR-t-shirt-adulto-fit-comic-preto.jpg","width":700,"height":800},{"@type":"WebPage","@id":"https:\/\/hiperfilme.com\/Site-TR\/catalogo-brindes\/texteis\/t-shirts\/t-shirt-adulto-fit-comic-personalizada\/#webpage","url":"https:\/\/hiperfilme.com\/Site-TR\/catalogo-brindes\/texteis\/t-shirts\/t-shirt-adulto-fit-comic-personalizada\/","name":"T-shirt de Adulto Fit Comic para ser personalizada | Brindes Online","isPartOf":{"@id":"https:\/\/hiperfilme.com\/Site-TR\/#website"},"primaryImageOfPage":{"@id":"https:\/\/hiperfilme.com\/Site-TR\/catalogo-brindes\/texteis\/t-shirts\/t-shirt-adulto-fit-comic-personalizada\/#primaryimage"},"datePublished":"2021-01-26T17:00:49+00:00","dateModified":"2021-12-21T16:29:47+00:00","description":"T-shirt de malha lisa com gramagem de 160 grs\/m2. A gola de corte fino. Refor\u00e7o nos ombros. Dupla costura na gola, bainha e mangas.","breadcrumb":{"@id":"https:\/\/hiperfilme.com\/Site-TR\/catalogo-brindes\/texteis\/t-shirts\/t-shirt-adulto-fit-comic-personalizada\/#breadcrumb"},"inLanguage":"pt-PT","potentialAction":[{"@type":"ReadAction","target":["https:\/\/hiperfilme.com\/Site-TR\/catalogo-brindes\/texteis\/t-shirts\/t-shirt-adulto-fit-comic-personalizada\/"]}]},{"@type":"BreadcrumbList","@id":"https:\/\/hiperfilme.com\/Site-TR\/catalogo-brindes\/texteis\/t-shirts\/t-shirt-adulto-fit-comic-personalizada\/#breadcrumb","itemListElement":[{"@type":"ListItem","position":1,"name":"In\u00edcio","item":"https:\/\/hiperfilme.com\/Site-TR\/"},{"@type":"ListItem","position":2,"name":"Cat\u00e1logo de Brindes","item":"https:\/\/hiperfilme.com\/Site-TR\/catalogo-brindes\/"},{"@type":"ListItem","position":3,"name":"T-shirt de Adulto Fit Comic para ser personalizada"}]}]}},"_links":{"self":[{"href":"https:\/\/hiperfilme.com\/Site-TR\/wp-json\/wp\/v2\/product\/4034"}],"collection":[{"href":"https:\/\/hiperfilme.com\/Site-TR\/wp-json\/wp\/v2\/product"}],"about":[{"href":"https:\/\/hiperfilme.com\/Site-TR\/wp-json\/wp\/v2\/types\/product"}],"wp:featuredmedia":[{"embeddable":true,"href":"https:\/\/hiperfilme.com\/Site-TR\/wp-json\/wp\/v2\/media\/4041"}],"wp:attachment":[{"href":"https:\/\/hiperfilme.com\/Site-TR\/wp-json\/wp\/v2\/media?parent=4034"}],"wp:term":[{"taxonomy":"product_cat","embeddable":true,"href":"https:\/\/hiperfilme.com\/Site-TR\/wp-json\/wp\/v2\/product_cat?post=4034"},{"taxonomy":"product_tag","embeddable":true,"href":"https:\/\/hiperfilme.com\/Site-TR\/wp-json\/wp\/v2\/product_tag?post=4034"}],"curies":[{"name":"wp","href":"https:\/\/api.w.org\/{rel}","templated":true}]}}