{"id":3898,"date":"2021-01-25T15:53:40","date_gmt":"2021-01-25T15:53:40","guid":{"rendered":"https:\/\/triangulorequintado.com\/?post_type=product&#038;p=3898"},"modified":"2021-01-25T16:21:54","modified_gmt":"2021-01-25T16:21:54","slug":"esferografica-karium-personalizada","status":"publish","type":"product","link":"https:\/\/hiperfilme.com\/Site-TR\/catalogo-brindes\/escrita\/esferograficas\/esferografica-karium-personalizada\/","title":{"rendered":"Esferogr\u00e1fica KARIUM para ser Personalizada"},"content":{"rendered":"<ul>\n<li>Design bicolor com acess\u00f3rios em preto e corpo em v\u00e1rias cores<\/li>\n<li>Clipe de metal original e anel central na cor preta<\/li>\n<li>Tinta preta<\/li>\n<li>Medidas: \u00a014 x cm | 1.3 \u00d8<\/li>\n<li>Peso: 11 gr.<\/li>\n<\/ul>\n","protected":false},"excerpt":{"rendered":"<p>Esferogr\u00e1fica com um design bicolor ousado com acess\u00f3rios em preto e um corpo macio e confort\u00e1vel, em varias cores. Com clipe de metal original, anel central na cor preta. Tinta preta.<\/p>\n<p>Valor apresentado para o Brinde n\u00e3o personalizado. Contacte-nos para or\u00e7amentos de personaliza\u00e7\u00e3o e vantagens na compra de grandes quantidades.<\/p>\n","protected":false},"featured_media":3922,"template":"","meta":[],"product_cat":[192,193],"product_tag":[300],"yoast_head":"<!-- This site is optimized with the Yoast SEO plugin v17.8 - https:\/\/yoast.com\/wordpress\/plugins\/seo\/ -->\n<title>Esferogr\u00e1fica KARIUM para ser Personalizada | Brindes Online<\/title>\n<meta name=\"description\" content=\"Esferogr\u00e1fica com um design bicolor com clipe de metal original, anel central na cor preta. Dispon\u00edvel em v\u00e1rias cores. Tinta preta.\" \/>\n<meta name=\"robots\" content=\"index, follow, max-snippet:-1, max-image-preview:large, max-video-preview:-1\" \/>\n<link rel=\"canonical\" href=\"https:\/\/hiperfilme.com\/Site-TR\/catalogo-brindes\/escrita\/esferograficas\/esferografica-karium-personalizada\/\" \/>\n<meta property=\"og:locale\" content=\"pt_PT\" \/>\n<meta property=\"og:type\" content=\"article\" \/>\n<meta property=\"og:title\" content=\"Esferogr\u00e1fica KARIUM para ser Personalizada | Brindes Online\" \/>\n<meta property=\"og:description\" content=\"Esferogr\u00e1fica com um design bicolor com clipe de metal original, anel central na cor preta. Dispon\u00edvel em v\u00e1rias cores. Tinta preta.\" \/>\n<meta property=\"og:url\" content=\"https:\/\/hiperfilme.com\/Site-TR\/catalogo-brindes\/escrita\/esferograficas\/esferografica-karium-personalizada\/\" \/>\n<meta property=\"og:site_name\" content=\"Hiperfilme_TR\" \/>\n<meta property=\"article:modified_time\" content=\"2021-01-25T16:21:54+00:00\" \/>\n<meta property=\"og:image\" content=\"https:\/\/hiperfilme.com\/Site-TR\/wp-content\/uploads\/2021\/01\/5168TR-esferografica-karium-preto.jpg\" \/>\n\t<meta property=\"og:image:width\" content=\"700\" \/>\n\t<meta property=\"og:image:height\" content=\"700\" \/>\n<meta name=\"twitter:card\" content=\"summary_large_image\" \/>\n<script type=\"application\/ld+json\" class=\"yoast-schema-graph\">{\"@context\":\"https:\/\/schema.org\",\"@graph\":[{\"@type\":\"Organization\",\"@id\":\"https:\/\/hiperfilme.com\/Site-TR\/#organization\",\"name\":\"Triangulo Requintado\",\"url\":\"https:\/\/hiperfilme.com\/Site-TR\/\",\"sameAs\":[],\"logo\":{\"@type\":\"ImageObject\",\"@id\":\"https:\/\/hiperfilme.com\/Site-TR\/#logo\",\"inLanguage\":\"pt-PT\",\"url\":\"https:\/\/triangulorequintado.com\/wp-content\/uploads\/2020\/10\/logo-triangulo-requintado-color-248.png\",\"contentUrl\":\"https:\/\/triangulorequintado.com\/wp-content\/uploads\/2020\/10\/logo-triangulo-requintado-color-248.png\",\"width\":248,\"height\":96,\"caption\":\"Triangulo Requintado\"},\"image\":{\"@id\":\"https:\/\/hiperfilme.com\/Site-TR\/#logo\"}},{\"@type\":\"WebSite\",\"@id\":\"https:\/\/hiperfilme.com\/Site-TR\/#website\",\"url\":\"https:\/\/hiperfilme.com\/Site-TR\/\",\"name\":\"Triangulo Requintado\",\"description\":\"Estampagens e Brindes\",\"publisher\":{\"@id\":\"https:\/\/hiperfilme.com\/Site-TR\/#organization\"},\"potentialAction\":[{\"@type\":\"SearchAction\",\"target\":{\"@type\":\"EntryPoint\",\"urlTemplate\":\"https:\/\/hiperfilme.com\/Site-TR\/?s={search_term_string}\"},\"query-input\":\"required name=search_term_string\"}],\"inLanguage\":\"pt-PT\"},{\"@type\":\"ImageObject\",\"@id\":\"https:\/\/hiperfilme.com\/Site-TR\/catalogo-brindes\/escrita\/esferograficas\/esferografica-karium-personalizada\/#primaryimage\",\"inLanguage\":\"pt-PT\",\"url\":\"https:\/\/hiperfilme.com\/Site-TR\/wp-content\/uploads\/2021\/01\/5168TR-esferografica-karium-preto.jpg\",\"contentUrl\":\"https:\/\/hiperfilme.com\/Site-TR\/wp-content\/uploads\/2021\/01\/5168TR-esferografica-karium-preto.jpg\",\"width\":700,\"height\":700},{\"@type\":\"WebPage\",\"@id\":\"https:\/\/hiperfilme.com\/Site-TR\/catalogo-brindes\/escrita\/esferograficas\/esferografica-karium-personalizada\/#webpage\",\"url\":\"https:\/\/hiperfilme.com\/Site-TR\/catalogo-brindes\/escrita\/esferograficas\/esferografica-karium-personalizada\/\",\"name\":\"Esferogr\\u00e1fica KARIUM para ser Personalizada | Brindes Online\",\"isPartOf\":{\"@id\":\"https:\/\/hiperfilme.com\/Site-TR\/#website\"},\"primaryImageOfPage\":{\"@id\":\"https:\/\/hiperfilme.com\/Site-TR\/catalogo-brindes\/escrita\/esferograficas\/esferografica-karium-personalizada\/#primaryimage\"},\"datePublished\":\"2021-01-25T15:53:40+00:00\",\"dateModified\":\"2021-01-25T16:21:54+00:00\",\"description\":\"Esferogr\\u00e1fica com um design bicolor com clipe de metal original, anel central na cor preta. Dispon\\u00edvel em v\\u00e1rias cores. Tinta preta.\",\"breadcrumb\":{\"@id\":\"https:\/\/hiperfilme.com\/Site-TR\/catalogo-brindes\/escrita\/esferograficas\/esferografica-karium-personalizada\/#breadcrumb\"},\"inLanguage\":\"pt-PT\",\"potentialAction\":[{\"@type\":\"ReadAction\",\"target\":[\"https:\/\/hiperfilme.com\/Site-TR\/catalogo-brindes\/escrita\/esferograficas\/esferografica-karium-personalizada\/\"]}]},{\"@type\":\"BreadcrumbList\",\"@id\":\"https:\/\/hiperfilme.com\/Site-TR\/catalogo-brindes\/escrita\/esferograficas\/esferografica-karium-personalizada\/#breadcrumb\",\"itemListElement\":[{\"@type\":\"ListItem\",\"position\":1,\"name\":\"In\\u00edcio\",\"item\":\"https:\/\/hiperfilme.com\/Site-TR\/\"},{\"@type\":\"ListItem\",\"position\":2,\"name\":\"Cat\\u00e1logo de Brindes\",\"item\":\"https:\/\/hiperfilme.com\/Site-TR\/catalogo-brindes\/\"},{\"@type\":\"ListItem\",\"position\":3,\"name\":\"Esferogr\\u00e1fica KARIUM para ser Personalizada\"}]}]}<\/script>\n<!-- \/ Yoast SEO plugin. -->","yoast_head_json":{"title":"Esferogr\u00e1fica KARIUM para ser Personalizada | Brindes Online","description":"Esferogr\u00e1fica com um design bicolor com clipe de metal original, anel central na cor preta. Dispon\u00edvel em v\u00e1rias cores. Tinta preta.","robots":{"index":"index","follow":"follow","max-snippet":"max-snippet:-1","max-image-preview":"max-image-preview:large","max-video-preview":"max-video-preview:-1"},"canonical":"https:\/\/hiperfilme.com\/Site-TR\/catalogo-brindes\/escrita\/esferograficas\/esferografica-karium-personalizada\/","og_locale":"pt_PT","og_type":"article","og_title":"Esferogr\u00e1fica KARIUM para ser Personalizada | Brindes Online","og_description":"Esferogr\u00e1fica com um design bicolor com clipe de metal original, anel central na cor preta. Dispon\u00edvel em v\u00e1rias cores. Tinta preta.","og_url":"https:\/\/hiperfilme.com\/Site-TR\/catalogo-brindes\/escrita\/esferograficas\/esferografica-karium-personalizada\/","og_site_name":"Hiperfilme_TR","article_modified_time":"2021-01-25T16:21:54+00:00","og_image":[{"width":700,"height":700,"url":"https:\/\/hiperfilme.com\/Site-TR\/wp-content\/uploads\/2021\/01\/5168TR-esferografica-karium-preto.jpg","type":"image\/jpeg"}],"twitter_card":"summary_large_image","schema":{"@context":"https:\/\/schema.org","@graph":[{"@type":"Organization","@id":"https:\/\/hiperfilme.com\/Site-TR\/#organization","name":"Triangulo Requintado","url":"https:\/\/hiperfilme.com\/Site-TR\/","sameAs":[],"logo":{"@type":"ImageObject","@id":"https:\/\/hiperfilme.com\/Site-TR\/#logo","inLanguage":"pt-PT","url":"https:\/\/triangulorequintado.com\/wp-content\/uploads\/2020\/10\/logo-triangulo-requintado-color-248.png","contentUrl":"https:\/\/triangulorequintado.com\/wp-content\/uploads\/2020\/10\/logo-triangulo-requintado-color-248.png","width":248,"height":96,"caption":"Triangulo Requintado"},"image":{"@id":"https:\/\/hiperfilme.com\/Site-TR\/#logo"}},{"@type":"WebSite","@id":"https:\/\/hiperfilme.com\/Site-TR\/#website","url":"https:\/\/hiperfilme.com\/Site-TR\/","name":"Triangulo Requintado","description":"Estampagens e Brindes","publisher":{"@id":"https:\/\/hiperfilme.com\/Site-TR\/#organization"},"potentialAction":[{"@type":"SearchAction","target":{"@type":"EntryPoint","urlTemplate":"https:\/\/hiperfilme.com\/Site-TR\/?s={search_term_string}"},"query-input":"required name=search_term_string"}],"inLanguage":"pt-PT"},{"@type":"ImageObject","@id":"https:\/\/hiperfilme.com\/Site-TR\/catalogo-brindes\/escrita\/esferograficas\/esferografica-karium-personalizada\/#primaryimage","inLanguage":"pt-PT","url":"https:\/\/hiperfilme.com\/Site-TR\/wp-content\/uploads\/2021\/01\/5168TR-esferografica-karium-preto.jpg","contentUrl":"https:\/\/hiperfilme.com\/Site-TR\/wp-content\/uploads\/2021\/01\/5168TR-esferografica-karium-preto.jpg","width":700,"height":700},{"@type":"WebPage","@id":"https:\/\/hiperfilme.com\/Site-TR\/catalogo-brindes\/escrita\/esferograficas\/esferografica-karium-personalizada\/#webpage","url":"https:\/\/hiperfilme.com\/Site-TR\/catalogo-brindes\/escrita\/esferograficas\/esferografica-karium-personalizada\/","name":"Esferogr\u00e1fica KARIUM para ser Personalizada | Brindes Online","isPartOf":{"@id":"https:\/\/hiperfilme.com\/Site-TR\/#website"},"primaryImageOfPage":{"@id":"https:\/\/hiperfilme.com\/Site-TR\/catalogo-brindes\/escrita\/esferograficas\/esferografica-karium-personalizada\/#primaryimage"},"datePublished":"2021-01-25T15:53:40+00:00","dateModified":"2021-01-25T16:21:54+00:00","description":"Esferogr\u00e1fica com um design bicolor com clipe de metal original, anel central na cor preta. Dispon\u00edvel em v\u00e1rias cores. Tinta preta.","breadcrumb":{"@id":"https:\/\/hiperfilme.com\/Site-TR\/catalogo-brindes\/escrita\/esferograficas\/esferografica-karium-personalizada\/#breadcrumb"},"inLanguage":"pt-PT","potentialAction":[{"@type":"ReadAction","target":["https:\/\/hiperfilme.com\/Site-TR\/catalogo-brindes\/escrita\/esferograficas\/esferografica-karium-personalizada\/"]}]},{"@type":"BreadcrumbList","@id":"https:\/\/hiperfilme.com\/Site-TR\/catalogo-brindes\/escrita\/esferograficas\/esferografica-karium-personalizada\/#breadcrumb","itemListElement":[{"@type":"ListItem","position":1,"name":"In\u00edcio","item":"https:\/\/hiperfilme.com\/Site-TR\/"},{"@type":"ListItem","position":2,"name":"Cat\u00e1logo de Brindes","item":"https:\/\/hiperfilme.com\/Site-TR\/catalogo-brindes\/"},{"@type":"ListItem","position":3,"name":"Esferogr\u00e1fica KARIUM para ser Personalizada"}]}]}},"_links":{"self":[{"href":"https:\/\/hiperfilme.com\/Site-TR\/wp-json\/wp\/v2\/product\/3898"}],"collection":[{"href":"https:\/\/hiperfilme.com\/Site-TR\/wp-json\/wp\/v2\/product"}],"about":[{"href":"https:\/\/hiperfilme.com\/Site-TR\/wp-json\/wp\/v2\/types\/product"}],"wp:featuredmedia":[{"embeddable":true,"href":"https:\/\/hiperfilme.com\/Site-TR\/wp-json\/wp\/v2\/media\/3922"}],"wp:attachment":[{"href":"https:\/\/hiperfilme.com\/Site-TR\/wp-json\/wp\/v2\/media?parent=3898"}],"wp:term":[{"taxonomy":"product_cat","embeddable":true,"href":"https:\/\/hiperfilme.com\/Site-TR\/wp-json\/wp\/v2\/product_cat?post=3898"},{"taxonomy":"product_tag","embeddable":true,"href":"https:\/\/hiperfilme.com\/Site-TR\/wp-json\/wp\/v2\/product_tag?post=3898"}],"curies":[{"name":"wp","href":"https:\/\/api.w.org\/{rel}","templated":true}]}}