{"id":3588,"date":"2021-01-08T17:08:34","date_gmt":"2021-01-08T17:08:34","guid":{"rendered":"https:\/\/triangulorequintado.com\/?post_type=product&#038;p=3588"},"modified":"2021-01-08T17:08:34","modified_gmt":"2021-01-08T17:08:34","slug":"colete-multi-bolsos-sarja-personalizado","status":"publish","type":"product","link":"https:\/\/hiperfilme.com\/Site-TR\/catalogo-brindes\/texteis\/coletes\/colete-multi-bolsos-sarja-personalizado\/","title":{"rendered":"Colete Multi-bolsos em Sarja para ser personalizado"},"content":{"rendered":"<ul>\n<li>Sarja de algod\u00e3o<\/li>\n<li>Fecho em nylon.<\/li>\n<li>Fecho frontal.<\/li>\n<li>Composi\u00e7\u00e3o: 65% poli\u00e9ster e 35% algod\u00e3o<\/li>\n<li>V\u00e1rias \u00e1reas de personaliza\u00e7\u00e3o<\/li>\n<\/ul>\n","protected":false},"excerpt":{"rendered":"<div class=\"col-xs-12 col-sm-12 col-md-12 col-lg-12\">\n<div class=\"winsig_product_detail_info_tabs\">\n<div class=\"winsig_reponsive_tabs\">\n<div class=\"tab-content tabs_responsive hidden-xs hidden-sm\">\n<div id=\"product_description\" class=\"tab-pane fade active in\">\n<div class=\"\">\n<div class=\"winsig_product_detail_description\">\n<div class=\"caption\">Colete multi-bolsos em sarja de algod\u00e3o, fecho em nylon. \u00d3timo para colete de trabalho de quem precisa de ter v\u00e1rias ferramentas sempre \u00e0 m\u00e3o. Muitos bolsos com diversas dimens\u00f5es. V\u00e1rias \u00e1reas de personaliza\u00e7\u00e3o.<\/div>\n<\/div>\n<\/div>\n<\/div>\n<\/div>\n<\/div>\n<\/div>\n<\/div>\n<div class=\"winsig_buy_multiple_products\"><\/div>\n<div>Valor apresentado para o Brinde n\u00e3o personalizado. Contacte-nos para or\u00e7amentos de personaliza\u00e7\u00e3o e vantagens na compra de grandes quantidades.<\/div>\n","protected":false},"featured_media":3591,"template":"","meta":[],"product_cat":[164,160],"product_tag":[231],"yoast_head":"<!-- This site is optimized with the Yoast SEO plugin v17.8 - https:\/\/yoast.com\/wordpress\/plugins\/seo\/ -->\n<title>Colete Multi-bolsos em Sarja para ser personalizado | Brindes Online<\/title>\n<meta name=\"description\" content=\"\u00d3timo para colete de trabalho de quem precisa de ter v\u00e1rias ferramentas sempre \u00e0 m\u00e3o. Muitos bolsos com diversas dimens\u00f5es.\" \/>\n<meta name=\"robots\" content=\"index, follow, max-snippet:-1, max-image-preview:large, max-video-preview:-1\" \/>\n<link rel=\"canonical\" href=\"https:\/\/hiperfilme.com\/Site-TR\/catalogo-brindes\/texteis\/coletes\/colete-multi-bolsos-sarja-personalizado\/\" \/>\n<meta property=\"og:locale\" content=\"pt_PT\" \/>\n<meta property=\"og:type\" content=\"article\" \/>\n<meta property=\"og:title\" content=\"Colete Multi-bolsos em Sarja para ser personalizado | Brindes Online\" \/>\n<meta property=\"og:description\" content=\"\u00d3timo para colete de trabalho de quem precisa de ter v\u00e1rias ferramentas sempre \u00e0 m\u00e3o. Muitos bolsos com diversas dimens\u00f5es.\" \/>\n<meta property=\"og:url\" content=\"https:\/\/hiperfilme.com\/Site-TR\/catalogo-brindes\/texteis\/coletes\/colete-multi-bolsos-sarja-personalizado\/\" \/>\n<meta property=\"og:site_name\" content=\"Hiperfilme_TR\" \/>\n<meta property=\"og:image\" content=\"https:\/\/hiperfilme.com\/Site-TR\/wp-content\/uploads\/2021\/01\/300499TR-colete-safish-preto.jpg\" \/>\n\t<meta property=\"og:image:width\" content=\"600\" \/>\n\t<meta property=\"og:image:height\" content=\"600\" \/>\n<meta name=\"twitter:card\" content=\"summary_large_image\" \/>\n<script type=\"application\/ld+json\" class=\"yoast-schema-graph\">{\"@context\":\"https:\/\/schema.org\",\"@graph\":[{\"@type\":\"Organization\",\"@id\":\"https:\/\/hiperfilme.com\/Site-TR\/#organization\",\"name\":\"Triangulo Requintado\",\"url\":\"https:\/\/hiperfilme.com\/Site-TR\/\",\"sameAs\":[],\"logo\":{\"@type\":\"ImageObject\",\"@id\":\"https:\/\/hiperfilme.com\/Site-TR\/#logo\",\"inLanguage\":\"pt-PT\",\"url\":\"https:\/\/triangulorequintado.com\/wp-content\/uploads\/2020\/10\/logo-triangulo-requintado-color-248.png\",\"contentUrl\":\"https:\/\/triangulorequintado.com\/wp-content\/uploads\/2020\/10\/logo-triangulo-requintado-color-248.png\",\"width\":248,\"height\":96,\"caption\":\"Triangulo Requintado\"},\"image\":{\"@id\":\"https:\/\/hiperfilme.com\/Site-TR\/#logo\"}},{\"@type\":\"WebSite\",\"@id\":\"https:\/\/hiperfilme.com\/Site-TR\/#website\",\"url\":\"https:\/\/hiperfilme.com\/Site-TR\/\",\"name\":\"Triangulo Requintado\",\"description\":\"Estampagens e Brindes\",\"publisher\":{\"@id\":\"https:\/\/hiperfilme.com\/Site-TR\/#organization\"},\"potentialAction\":[{\"@type\":\"SearchAction\",\"target\":{\"@type\":\"EntryPoint\",\"urlTemplate\":\"https:\/\/hiperfilme.com\/Site-TR\/?s={search_term_string}\"},\"query-input\":\"required name=search_term_string\"}],\"inLanguage\":\"pt-PT\"},{\"@type\":\"ImageObject\",\"@id\":\"https:\/\/hiperfilme.com\/Site-TR\/catalogo-brindes\/texteis\/coletes\/colete-multi-bolsos-sarja-personalizado\/#primaryimage\",\"inLanguage\":\"pt-PT\",\"url\":\"https:\/\/hiperfilme.com\/Site-TR\/wp-content\/uploads\/2021\/01\/300499TR-colete-safish-preto.jpg\",\"contentUrl\":\"https:\/\/hiperfilme.com\/Site-TR\/wp-content\/uploads\/2021\/01\/300499TR-colete-safish-preto.jpg\",\"width\":600,\"height\":600},{\"@type\":\"WebPage\",\"@id\":\"https:\/\/hiperfilme.com\/Site-TR\/catalogo-brindes\/texteis\/coletes\/colete-multi-bolsos-sarja-personalizado\/#webpage\",\"url\":\"https:\/\/hiperfilme.com\/Site-TR\/catalogo-brindes\/texteis\/coletes\/colete-multi-bolsos-sarja-personalizado\/\",\"name\":\"Colete Multi-bolsos em Sarja para ser personalizado | Brindes Online\",\"isPartOf\":{\"@id\":\"https:\/\/hiperfilme.com\/Site-TR\/#website\"},\"primaryImageOfPage\":{\"@id\":\"https:\/\/hiperfilme.com\/Site-TR\/catalogo-brindes\/texteis\/coletes\/colete-multi-bolsos-sarja-personalizado\/#primaryimage\"},\"datePublished\":\"2021-01-08T17:08:34+00:00\",\"dateModified\":\"2021-01-08T17:08:34+00:00\",\"description\":\"\\u00d3timo para colete de trabalho de quem precisa de ter v\\u00e1rias ferramentas sempre \\u00e0 m\\u00e3o. Muitos bolsos com diversas dimens\\u00f5es.\",\"breadcrumb\":{\"@id\":\"https:\/\/hiperfilme.com\/Site-TR\/catalogo-brindes\/texteis\/coletes\/colete-multi-bolsos-sarja-personalizado\/#breadcrumb\"},\"inLanguage\":\"pt-PT\",\"potentialAction\":[{\"@type\":\"ReadAction\",\"target\":[\"https:\/\/hiperfilme.com\/Site-TR\/catalogo-brindes\/texteis\/coletes\/colete-multi-bolsos-sarja-personalizado\/\"]}]},{\"@type\":\"BreadcrumbList\",\"@id\":\"https:\/\/hiperfilme.com\/Site-TR\/catalogo-brindes\/texteis\/coletes\/colete-multi-bolsos-sarja-personalizado\/#breadcrumb\",\"itemListElement\":[{\"@type\":\"ListItem\",\"position\":1,\"name\":\"In\\u00edcio\",\"item\":\"https:\/\/hiperfilme.com\/Site-TR\/\"},{\"@type\":\"ListItem\",\"position\":2,\"name\":\"Cat\\u00e1logo de Brindes\",\"item\":\"https:\/\/hiperfilme.com\/Site-TR\/catalogo-brindes\/\"},{\"@type\":\"ListItem\",\"position\":3,\"name\":\"Colete Multi-bolsos em Sarja para ser personalizado\"}]}]}<\/script>\n<!-- \/ Yoast SEO plugin. -->","yoast_head_json":{"title":"Colete Multi-bolsos em Sarja para ser personalizado | Brindes Online","description":"\u00d3timo para colete de trabalho de quem precisa de ter v\u00e1rias ferramentas sempre \u00e0 m\u00e3o. Muitos bolsos com diversas dimens\u00f5es.","robots":{"index":"index","follow":"follow","max-snippet":"max-snippet:-1","max-image-preview":"max-image-preview:large","max-video-preview":"max-video-preview:-1"},"canonical":"https:\/\/hiperfilme.com\/Site-TR\/catalogo-brindes\/texteis\/coletes\/colete-multi-bolsos-sarja-personalizado\/","og_locale":"pt_PT","og_type":"article","og_title":"Colete Multi-bolsos em Sarja para ser personalizado | Brindes Online","og_description":"\u00d3timo para colete de trabalho de quem precisa de ter v\u00e1rias ferramentas sempre \u00e0 m\u00e3o. Muitos bolsos com diversas dimens\u00f5es.","og_url":"https:\/\/hiperfilme.com\/Site-TR\/catalogo-brindes\/texteis\/coletes\/colete-multi-bolsos-sarja-personalizado\/","og_site_name":"Hiperfilme_TR","og_image":[{"width":600,"height":600,"url":"https:\/\/hiperfilme.com\/Site-TR\/wp-content\/uploads\/2021\/01\/300499TR-colete-safish-preto.jpg","type":"image\/jpeg"}],"twitter_card":"summary_large_image","schema":{"@context":"https:\/\/schema.org","@graph":[{"@type":"Organization","@id":"https:\/\/hiperfilme.com\/Site-TR\/#organization","name":"Triangulo Requintado","url":"https:\/\/hiperfilme.com\/Site-TR\/","sameAs":[],"logo":{"@type":"ImageObject","@id":"https:\/\/hiperfilme.com\/Site-TR\/#logo","inLanguage":"pt-PT","url":"https:\/\/triangulorequintado.com\/wp-content\/uploads\/2020\/10\/logo-triangulo-requintado-color-248.png","contentUrl":"https:\/\/triangulorequintado.com\/wp-content\/uploads\/2020\/10\/logo-triangulo-requintado-color-248.png","width":248,"height":96,"caption":"Triangulo Requintado"},"image":{"@id":"https:\/\/hiperfilme.com\/Site-TR\/#logo"}},{"@type":"WebSite","@id":"https:\/\/hiperfilme.com\/Site-TR\/#website","url":"https:\/\/hiperfilme.com\/Site-TR\/","name":"Triangulo Requintado","description":"Estampagens e Brindes","publisher":{"@id":"https:\/\/hiperfilme.com\/Site-TR\/#organization"},"potentialAction":[{"@type":"SearchAction","target":{"@type":"EntryPoint","urlTemplate":"https:\/\/hiperfilme.com\/Site-TR\/?s={search_term_string}"},"query-input":"required name=search_term_string"}],"inLanguage":"pt-PT"},{"@type":"ImageObject","@id":"https:\/\/hiperfilme.com\/Site-TR\/catalogo-brindes\/texteis\/coletes\/colete-multi-bolsos-sarja-personalizado\/#primaryimage","inLanguage":"pt-PT","url":"https:\/\/hiperfilme.com\/Site-TR\/wp-content\/uploads\/2021\/01\/300499TR-colete-safish-preto.jpg","contentUrl":"https:\/\/hiperfilme.com\/Site-TR\/wp-content\/uploads\/2021\/01\/300499TR-colete-safish-preto.jpg","width":600,"height":600},{"@type":"WebPage","@id":"https:\/\/hiperfilme.com\/Site-TR\/catalogo-brindes\/texteis\/coletes\/colete-multi-bolsos-sarja-personalizado\/#webpage","url":"https:\/\/hiperfilme.com\/Site-TR\/catalogo-brindes\/texteis\/coletes\/colete-multi-bolsos-sarja-personalizado\/","name":"Colete Multi-bolsos em Sarja para ser personalizado | Brindes Online","isPartOf":{"@id":"https:\/\/hiperfilme.com\/Site-TR\/#website"},"primaryImageOfPage":{"@id":"https:\/\/hiperfilme.com\/Site-TR\/catalogo-brindes\/texteis\/coletes\/colete-multi-bolsos-sarja-personalizado\/#primaryimage"},"datePublished":"2021-01-08T17:08:34+00:00","dateModified":"2021-01-08T17:08:34+00:00","description":"\u00d3timo para colete de trabalho de quem precisa de ter v\u00e1rias ferramentas sempre \u00e0 m\u00e3o. Muitos bolsos com diversas dimens\u00f5es.","breadcrumb":{"@id":"https:\/\/hiperfilme.com\/Site-TR\/catalogo-brindes\/texteis\/coletes\/colete-multi-bolsos-sarja-personalizado\/#breadcrumb"},"inLanguage":"pt-PT","potentialAction":[{"@type":"ReadAction","target":["https:\/\/hiperfilme.com\/Site-TR\/catalogo-brindes\/texteis\/coletes\/colete-multi-bolsos-sarja-personalizado\/"]}]},{"@type":"BreadcrumbList","@id":"https:\/\/hiperfilme.com\/Site-TR\/catalogo-brindes\/texteis\/coletes\/colete-multi-bolsos-sarja-personalizado\/#breadcrumb","itemListElement":[{"@type":"ListItem","position":1,"name":"In\u00edcio","item":"https:\/\/hiperfilme.com\/Site-TR\/"},{"@type":"ListItem","position":2,"name":"Cat\u00e1logo de Brindes","item":"https:\/\/hiperfilme.com\/Site-TR\/catalogo-brindes\/"},{"@type":"ListItem","position":3,"name":"Colete Multi-bolsos em Sarja para ser personalizado"}]}]}},"_links":{"self":[{"href":"https:\/\/hiperfilme.com\/Site-TR\/wp-json\/wp\/v2\/product\/3588"}],"collection":[{"href":"https:\/\/hiperfilme.com\/Site-TR\/wp-json\/wp\/v2\/product"}],"about":[{"href":"https:\/\/hiperfilme.com\/Site-TR\/wp-json\/wp\/v2\/types\/product"}],"wp:featuredmedia":[{"embeddable":true,"href":"https:\/\/hiperfilme.com\/Site-TR\/wp-json\/wp\/v2\/media\/3591"}],"wp:attachment":[{"href":"https:\/\/hiperfilme.com\/Site-TR\/wp-json\/wp\/v2\/media?parent=3588"}],"wp:term":[{"taxonomy":"product_cat","embeddable":true,"href":"https:\/\/hiperfilme.com\/Site-TR\/wp-json\/wp\/v2\/product_cat?post=3588"},{"taxonomy":"product_tag","embeddable":true,"href":"https:\/\/hiperfilme.com\/Site-TR\/wp-json\/wp\/v2\/product_tag?post=3588"}],"curies":[{"name":"wp","href":"https:\/\/api.w.org\/{rel}","templated":true}]}}