{"id":3509,"date":"2021-01-08T16:37:47","date_gmt":"2021-01-08T16:37:47","guid":{"rendered":"https:\/\/triangulorequintado.com\/?post_type=product&#038;p=3509"},"modified":"2021-01-08T16:40:47","modified_gmt":"2021-01-08T16:40:47","slug":"colete-softshell-homem-personalizado","status":"publish","type":"product","link":"https:\/\/hiperfilme.com\/Site-TR\/catalogo-brindes\/texteis\/coletes\/colete-softshell-homem-personalizado\/","title":{"rendered":"Colete Softshell Homem para ser personalizado"},"content":{"rendered":"<ul>\n<li>Material: 92% Poli\u00e9ster \/ 8% Elastano<\/li>\n<li>Dispon\u00edvel em v\u00e1rias cores<\/li>\n<li>Dispon\u00edveis nos tamanhos: XS ao XXL<\/li>\n<li>Tr\u00eas camadas de material softshell<\/li>\n<li>Bolsos laterais e bolso no peito com revestimento interno<\/li>\n<li>Fecho de dentro para fora com cord\u00f5es<\/li>\n<li>Protetor pesco\u00e7o do fecho de correr na gola<\/li>\n<li>Gramagem: 340g\/m\u00b2<\/li>\n<li>Adequado para lavagem \u00e0 m\u00e1quina a 40 \u00b0 C e secagem a baixa temperatura<\/li>\n<\/ul>\n","protected":false},"excerpt":{"rendered":"<p>Colete Softshell masculino altamente resistente \u00e0 \u00e1gua, \u00e0 prova de vento, muito vers\u00e1til e de boa apar\u00eancia.<\/p>\n<p>Valor apresentado para o Brinde n\u00e3o personalizado. Contacte-nos para or\u00e7amentos de personaliza\u00e7\u00e3o e vantagens na compra de grandes quantidades.<\/p>\n","protected":false},"featured_media":3545,"template":"","meta":[],"product_cat":[164,160],"product_tag":[249],"yoast_head":"<!-- This site is optimized with the Yoast SEO plugin v17.8 - https:\/\/yoast.com\/wordpress\/plugins\/seo\/ -->\n<title>Colete Softshell de Homem para ser personalizado | Brindes Online<\/title>\n<meta name=\"description\" content=\"Colete softshell masculino altamente resistente \u00e0 \u00e1gua, \u00e0 prova de vento, muito vers\u00e1til e de boa apar\u00eancia.\" \/>\n<meta name=\"robots\" content=\"index, follow, max-snippet:-1, max-image-preview:large, max-video-preview:-1\" \/>\n<link rel=\"canonical\" href=\"https:\/\/hiperfilme.com\/Site-TR\/catalogo-brindes\/texteis\/coletes\/colete-softshell-homem-personalizado\/\" \/>\n<meta property=\"og:locale\" content=\"pt_PT\" \/>\n<meta property=\"og:type\" content=\"article\" \/>\n<meta property=\"og:title\" content=\"Colete Softshell de Homem para ser personalizado | Brindes Online\" \/>\n<meta property=\"og:description\" content=\"Colete softshell masculino altamente resistente \u00e0 \u00e1gua, \u00e0 prova de vento, muito vers\u00e1til e de boa apar\u00eancia.\" \/>\n<meta property=\"og:url\" content=\"https:\/\/hiperfilme.com\/Site-TR\/catalogo-brindes\/texteis\/coletes\/colete-softshell-homem-personalizado\/\" \/>\n<meta property=\"og:site_name\" content=\"Hiperfilme_TR\" \/>\n<meta property=\"article:modified_time\" content=\"2021-01-08T16:40:47+00:00\" \/>\n<meta property=\"og:image\" content=\"https:\/\/hiperfilme.com\/Site-TR\/wp-content\/uploads\/2021\/01\/RU570073TR-colete-softshell-homem-preto.jpg\" \/>\n\t<meta property=\"og:image:width\" content=\"600\" \/>\n\t<meta property=\"og:image:height\" content=\"600\" \/>\n<meta name=\"twitter:card\" content=\"summary_large_image\" \/>\n<script type=\"application\/ld+json\" class=\"yoast-schema-graph\">{\"@context\":\"https:\/\/schema.org\",\"@graph\":[{\"@type\":\"Organization\",\"@id\":\"https:\/\/hiperfilme.com\/Site-TR\/#organization\",\"name\":\"Triangulo Requintado\",\"url\":\"https:\/\/hiperfilme.com\/Site-TR\/\",\"sameAs\":[],\"logo\":{\"@type\":\"ImageObject\",\"@id\":\"https:\/\/hiperfilme.com\/Site-TR\/#logo\",\"inLanguage\":\"pt-PT\",\"url\":\"https:\/\/triangulorequintado.com\/wp-content\/uploads\/2020\/10\/logo-triangulo-requintado-color-248.png\",\"contentUrl\":\"https:\/\/triangulorequintado.com\/wp-content\/uploads\/2020\/10\/logo-triangulo-requintado-color-248.png\",\"width\":248,\"height\":96,\"caption\":\"Triangulo Requintado\"},\"image\":{\"@id\":\"https:\/\/hiperfilme.com\/Site-TR\/#logo\"}},{\"@type\":\"WebSite\",\"@id\":\"https:\/\/hiperfilme.com\/Site-TR\/#website\",\"url\":\"https:\/\/hiperfilme.com\/Site-TR\/\",\"name\":\"Triangulo Requintado\",\"description\":\"Estampagens e Brindes\",\"publisher\":{\"@id\":\"https:\/\/hiperfilme.com\/Site-TR\/#organization\"},\"potentialAction\":[{\"@type\":\"SearchAction\",\"target\":{\"@type\":\"EntryPoint\",\"urlTemplate\":\"https:\/\/hiperfilme.com\/Site-TR\/?s={search_term_string}\"},\"query-input\":\"required name=search_term_string\"}],\"inLanguage\":\"pt-PT\"},{\"@type\":\"ImageObject\",\"@id\":\"https:\/\/hiperfilme.com\/Site-TR\/catalogo-brindes\/texteis\/coletes\/colete-softshell-homem-personalizado\/#primaryimage\",\"inLanguage\":\"pt-PT\",\"url\":\"https:\/\/hiperfilme.com\/Site-TR\/wp-content\/uploads\/2021\/01\/RU570073TR-colete-softshell-homem-preto.jpg\",\"contentUrl\":\"https:\/\/hiperfilme.com\/Site-TR\/wp-content\/uploads\/2021\/01\/RU570073TR-colete-softshell-homem-preto.jpg\",\"width\":600,\"height\":600},{\"@type\":\"WebPage\",\"@id\":\"https:\/\/hiperfilme.com\/Site-TR\/catalogo-brindes\/texteis\/coletes\/colete-softshell-homem-personalizado\/#webpage\",\"url\":\"https:\/\/hiperfilme.com\/Site-TR\/catalogo-brindes\/texteis\/coletes\/colete-softshell-homem-personalizado\/\",\"name\":\"Colete Softshell de Homem para ser personalizado | Brindes Online\",\"isPartOf\":{\"@id\":\"https:\/\/hiperfilme.com\/Site-TR\/#website\"},\"primaryImageOfPage\":{\"@id\":\"https:\/\/hiperfilme.com\/Site-TR\/catalogo-brindes\/texteis\/coletes\/colete-softshell-homem-personalizado\/#primaryimage\"},\"datePublished\":\"2021-01-08T16:37:47+00:00\",\"dateModified\":\"2021-01-08T16:40:47+00:00\",\"description\":\"Colete softshell masculino altamente resistente \\u00e0 \\u00e1gua, \\u00e0 prova de vento, muito vers\\u00e1til e de boa apar\\u00eancia.\",\"breadcrumb\":{\"@id\":\"https:\/\/hiperfilme.com\/Site-TR\/catalogo-brindes\/texteis\/coletes\/colete-softshell-homem-personalizado\/#breadcrumb\"},\"inLanguage\":\"pt-PT\",\"potentialAction\":[{\"@type\":\"ReadAction\",\"target\":[\"https:\/\/hiperfilme.com\/Site-TR\/catalogo-brindes\/texteis\/coletes\/colete-softshell-homem-personalizado\/\"]}]},{\"@type\":\"BreadcrumbList\",\"@id\":\"https:\/\/hiperfilme.com\/Site-TR\/catalogo-brindes\/texteis\/coletes\/colete-softshell-homem-personalizado\/#breadcrumb\",\"itemListElement\":[{\"@type\":\"ListItem\",\"position\":1,\"name\":\"In\\u00edcio\",\"item\":\"https:\/\/hiperfilme.com\/Site-TR\/\"},{\"@type\":\"ListItem\",\"position\":2,\"name\":\"Cat\\u00e1logo de Brindes\",\"item\":\"https:\/\/hiperfilme.com\/Site-TR\/catalogo-brindes\/\"},{\"@type\":\"ListItem\",\"position\":3,\"name\":\"Colete Softshell Homem para ser personalizado\"}]}]}<\/script>\n<!-- \/ Yoast SEO plugin. -->","yoast_head_json":{"title":"Colete Softshell de Homem para ser personalizado | Brindes Online","description":"Colete softshell masculino altamente resistente \u00e0 \u00e1gua, \u00e0 prova de vento, muito vers\u00e1til e de boa apar\u00eancia.","robots":{"index":"index","follow":"follow","max-snippet":"max-snippet:-1","max-image-preview":"max-image-preview:large","max-video-preview":"max-video-preview:-1"},"canonical":"https:\/\/hiperfilme.com\/Site-TR\/catalogo-brindes\/texteis\/coletes\/colete-softshell-homem-personalizado\/","og_locale":"pt_PT","og_type":"article","og_title":"Colete Softshell de Homem para ser personalizado | Brindes Online","og_description":"Colete softshell masculino altamente resistente \u00e0 \u00e1gua, \u00e0 prova de vento, muito vers\u00e1til e de boa apar\u00eancia.","og_url":"https:\/\/hiperfilme.com\/Site-TR\/catalogo-brindes\/texteis\/coletes\/colete-softshell-homem-personalizado\/","og_site_name":"Hiperfilme_TR","article_modified_time":"2021-01-08T16:40:47+00:00","og_image":[{"width":600,"height":600,"url":"https:\/\/hiperfilme.com\/Site-TR\/wp-content\/uploads\/2021\/01\/RU570073TR-colete-softshell-homem-preto.jpg","type":"image\/jpeg"}],"twitter_card":"summary_large_image","schema":{"@context":"https:\/\/schema.org","@graph":[{"@type":"Organization","@id":"https:\/\/hiperfilme.com\/Site-TR\/#organization","name":"Triangulo Requintado","url":"https:\/\/hiperfilme.com\/Site-TR\/","sameAs":[],"logo":{"@type":"ImageObject","@id":"https:\/\/hiperfilme.com\/Site-TR\/#logo","inLanguage":"pt-PT","url":"https:\/\/triangulorequintado.com\/wp-content\/uploads\/2020\/10\/logo-triangulo-requintado-color-248.png","contentUrl":"https:\/\/triangulorequintado.com\/wp-content\/uploads\/2020\/10\/logo-triangulo-requintado-color-248.png","width":248,"height":96,"caption":"Triangulo Requintado"},"image":{"@id":"https:\/\/hiperfilme.com\/Site-TR\/#logo"}},{"@type":"WebSite","@id":"https:\/\/hiperfilme.com\/Site-TR\/#website","url":"https:\/\/hiperfilme.com\/Site-TR\/","name":"Triangulo Requintado","description":"Estampagens e Brindes","publisher":{"@id":"https:\/\/hiperfilme.com\/Site-TR\/#organization"},"potentialAction":[{"@type":"SearchAction","target":{"@type":"EntryPoint","urlTemplate":"https:\/\/hiperfilme.com\/Site-TR\/?s={search_term_string}"},"query-input":"required name=search_term_string"}],"inLanguage":"pt-PT"},{"@type":"ImageObject","@id":"https:\/\/hiperfilme.com\/Site-TR\/catalogo-brindes\/texteis\/coletes\/colete-softshell-homem-personalizado\/#primaryimage","inLanguage":"pt-PT","url":"https:\/\/hiperfilme.com\/Site-TR\/wp-content\/uploads\/2021\/01\/RU570073TR-colete-softshell-homem-preto.jpg","contentUrl":"https:\/\/hiperfilme.com\/Site-TR\/wp-content\/uploads\/2021\/01\/RU570073TR-colete-softshell-homem-preto.jpg","width":600,"height":600},{"@type":"WebPage","@id":"https:\/\/hiperfilme.com\/Site-TR\/catalogo-brindes\/texteis\/coletes\/colete-softshell-homem-personalizado\/#webpage","url":"https:\/\/hiperfilme.com\/Site-TR\/catalogo-brindes\/texteis\/coletes\/colete-softshell-homem-personalizado\/","name":"Colete Softshell de Homem para ser personalizado | Brindes Online","isPartOf":{"@id":"https:\/\/hiperfilme.com\/Site-TR\/#website"},"primaryImageOfPage":{"@id":"https:\/\/hiperfilme.com\/Site-TR\/catalogo-brindes\/texteis\/coletes\/colete-softshell-homem-personalizado\/#primaryimage"},"datePublished":"2021-01-08T16:37:47+00:00","dateModified":"2021-01-08T16:40:47+00:00","description":"Colete softshell masculino altamente resistente \u00e0 \u00e1gua, \u00e0 prova de vento, muito vers\u00e1til e de boa apar\u00eancia.","breadcrumb":{"@id":"https:\/\/hiperfilme.com\/Site-TR\/catalogo-brindes\/texteis\/coletes\/colete-softshell-homem-personalizado\/#breadcrumb"},"inLanguage":"pt-PT","potentialAction":[{"@type":"ReadAction","target":["https:\/\/hiperfilme.com\/Site-TR\/catalogo-brindes\/texteis\/coletes\/colete-softshell-homem-personalizado\/"]}]},{"@type":"BreadcrumbList","@id":"https:\/\/hiperfilme.com\/Site-TR\/catalogo-brindes\/texteis\/coletes\/colete-softshell-homem-personalizado\/#breadcrumb","itemListElement":[{"@type":"ListItem","position":1,"name":"In\u00edcio","item":"https:\/\/hiperfilme.com\/Site-TR\/"},{"@type":"ListItem","position":2,"name":"Cat\u00e1logo de Brindes","item":"https:\/\/hiperfilme.com\/Site-TR\/catalogo-brindes\/"},{"@type":"ListItem","position":3,"name":"Colete Softshell Homem para ser personalizado"}]}]}},"_links":{"self":[{"href":"https:\/\/hiperfilme.com\/Site-TR\/wp-json\/wp\/v2\/product\/3509"}],"collection":[{"href":"https:\/\/hiperfilme.com\/Site-TR\/wp-json\/wp\/v2\/product"}],"about":[{"href":"https:\/\/hiperfilme.com\/Site-TR\/wp-json\/wp\/v2\/types\/product"}],"wp:featuredmedia":[{"embeddable":true,"href":"https:\/\/hiperfilme.com\/Site-TR\/wp-json\/wp\/v2\/media\/3545"}],"wp:attachment":[{"href":"https:\/\/hiperfilme.com\/Site-TR\/wp-json\/wp\/v2\/media?parent=3509"}],"wp:term":[{"taxonomy":"product_cat","embeddable":true,"href":"https:\/\/hiperfilme.com\/Site-TR\/wp-json\/wp\/v2\/product_cat?post=3509"},{"taxonomy":"product_tag","embeddable":true,"href":"https:\/\/hiperfilme.com\/Site-TR\/wp-json\/wp\/v2\/product_tag?post=3509"}],"curies":[{"name":"wp","href":"https:\/\/api.w.org\/{rel}","templated":true}]}}