{"id":3189,"date":"2020-11-15T16:56:14","date_gmt":"2020-11-15T16:56:14","guid":{"rendered":"https:\/\/triangulorequintado.com\/?post_type=product&#038;p=3189"},"modified":"2020-11-15T16:56:14","modified_gmt":"2020-11-15T16:56:14","slug":"guarda-chuva-preto-personalizado","status":"publish","type":"product","link":"https:\/\/hiperfilme.com\/Site-TR\/catalogo-brindes\/exterior\/guarda-chuvas\/guarda-chuva-preto-personalizado\/","title":{"rendered":"Guarda-Chuva Preto para ser personalizado"},"content":{"rendered":"<ul>\n<li>1,32 metros de di\u00e2metro<\/li>\n<li>Abertura manual<\/li>\n<li>8 Varas duplas met\u00e1licas<\/li>\n<li>Cabo curvo pl\u00e1stico<\/li>\n<\/ul>\n","protected":false},"excerpt":{"rendered":"<p>Guarda-Chuva com 8 gomos e um cabo curvo em pl\u00e1stico. Abertura manual. Ideal para personalizar ao seu gosto.<\/p>\n<p>Valor apresentado para o Brinde n\u00e3o personalizado. Contacte-nos para or\u00e7amentos de personaliza\u00e7\u00e3o e vantagens na compra de grandes quantidades.<\/p>\n","protected":false},"featured_media":3190,"template":"","meta":[],"product_cat":[213,215],"product_tag":[244],"yoast_head":"<!-- This site is optimized with the Yoast SEO plugin v17.8 - https:\/\/yoast.com\/wordpress\/plugins\/seo\/ -->\n<title>Guarda-Chuva Preto para ser personalizado | Brindes Publicit\u00e1rios Online<\/title>\n<meta name=\"description\" content=\"Guarda-Chuva Preto com 8 gomos e um cabo curvo em pl\u00e1stico. Abertura manual. Ideal para personalizar ao seu gosto.\" \/>\n<meta name=\"robots\" content=\"index, follow, max-snippet:-1, max-image-preview:large, max-video-preview:-1\" \/>\n<link rel=\"canonical\" href=\"https:\/\/hiperfilme.com\/Site-TR\/catalogo-brindes\/exterior\/guarda-chuvas\/guarda-chuva-preto-personalizado\/\" \/>\n<meta property=\"og:locale\" content=\"pt_PT\" \/>\n<meta property=\"og:type\" content=\"article\" \/>\n<meta property=\"og:title\" content=\"Guarda-Chuva Preto para ser personalizado | Brindes Publicit\u00e1rios Online\" \/>\n<meta property=\"og:description\" content=\"Guarda-Chuva Preto com 8 gomos e um cabo curvo em pl\u00e1stico. Abertura manual. Ideal para personalizar ao seu gosto.\" \/>\n<meta property=\"og:url\" content=\"https:\/\/hiperfilme.com\/Site-TR\/catalogo-brindes\/exterior\/guarda-chuvas\/guarda-chuva-preto-personalizado\/\" \/>\n<meta property=\"og:site_name\" content=\"Hiperfilme_TR\" \/>\n<meta property=\"og:image\" content=\"https:\/\/hiperfilme.com\/Site-TR\/wp-content\/uploads\/2020\/11\/CVT01TR-chapeu-chuva-preto.jpg\" \/>\n\t<meta property=\"og:image:width\" content=\"700\" \/>\n\t<meta property=\"og:image:height\" content=\"700\" \/>\n<meta name=\"twitter:card\" content=\"summary_large_image\" \/>\n<script type=\"application\/ld+json\" class=\"yoast-schema-graph\">{\"@context\":\"https:\/\/schema.org\",\"@graph\":[{\"@type\":\"Organization\",\"@id\":\"https:\/\/hiperfilme.com\/Site-TR\/#organization\",\"name\":\"Triangulo Requintado\",\"url\":\"https:\/\/hiperfilme.com\/Site-TR\/\",\"sameAs\":[],\"logo\":{\"@type\":\"ImageObject\",\"@id\":\"https:\/\/hiperfilme.com\/Site-TR\/#logo\",\"inLanguage\":\"pt-PT\",\"url\":\"https:\/\/triangulorequintado.com\/wp-content\/uploads\/2020\/10\/logo-triangulo-requintado-color-248.png\",\"contentUrl\":\"https:\/\/triangulorequintado.com\/wp-content\/uploads\/2020\/10\/logo-triangulo-requintado-color-248.png\",\"width\":248,\"height\":96,\"caption\":\"Triangulo Requintado\"},\"image\":{\"@id\":\"https:\/\/hiperfilme.com\/Site-TR\/#logo\"}},{\"@type\":\"WebSite\",\"@id\":\"https:\/\/hiperfilme.com\/Site-TR\/#website\",\"url\":\"https:\/\/hiperfilme.com\/Site-TR\/\",\"name\":\"Triangulo Requintado\",\"description\":\"Estampagens e Brindes\",\"publisher\":{\"@id\":\"https:\/\/hiperfilme.com\/Site-TR\/#organization\"},\"potentialAction\":[{\"@type\":\"SearchAction\",\"target\":{\"@type\":\"EntryPoint\",\"urlTemplate\":\"https:\/\/hiperfilme.com\/Site-TR\/?s={search_term_string}\"},\"query-input\":\"required name=search_term_string\"}],\"inLanguage\":\"pt-PT\"},{\"@type\":\"ImageObject\",\"@id\":\"https:\/\/hiperfilme.com\/Site-TR\/catalogo-brindes\/exterior\/guarda-chuvas\/guarda-chuva-preto-personalizado\/#primaryimage\",\"inLanguage\":\"pt-PT\",\"url\":\"https:\/\/hiperfilme.com\/Site-TR\/wp-content\/uploads\/2020\/11\/CVT01TR-chapeu-chuva-preto.jpg\",\"contentUrl\":\"https:\/\/hiperfilme.com\/Site-TR\/wp-content\/uploads\/2020\/11\/CVT01TR-chapeu-chuva-preto.jpg\",\"width\":700,\"height\":700},{\"@type\":\"WebPage\",\"@id\":\"https:\/\/hiperfilme.com\/Site-TR\/catalogo-brindes\/exterior\/guarda-chuvas\/guarda-chuva-preto-personalizado\/#webpage\",\"url\":\"https:\/\/hiperfilme.com\/Site-TR\/catalogo-brindes\/exterior\/guarda-chuvas\/guarda-chuva-preto-personalizado\/\",\"name\":\"Guarda-Chuva Preto para ser personalizado | Brindes Publicit\\u00e1rios Online\",\"isPartOf\":{\"@id\":\"https:\/\/hiperfilme.com\/Site-TR\/#website\"},\"primaryImageOfPage\":{\"@id\":\"https:\/\/hiperfilme.com\/Site-TR\/catalogo-brindes\/exterior\/guarda-chuvas\/guarda-chuva-preto-personalizado\/#primaryimage\"},\"datePublished\":\"2020-11-15T16:56:14+00:00\",\"dateModified\":\"2020-11-15T16:56:14+00:00\",\"description\":\"Guarda-Chuva Preto com 8 gomos e um cabo curvo em pl\\u00e1stico. Abertura manual. Ideal para personalizar ao seu gosto.\",\"breadcrumb\":{\"@id\":\"https:\/\/hiperfilme.com\/Site-TR\/catalogo-brindes\/exterior\/guarda-chuvas\/guarda-chuva-preto-personalizado\/#breadcrumb\"},\"inLanguage\":\"pt-PT\",\"potentialAction\":[{\"@type\":\"ReadAction\",\"target\":[\"https:\/\/hiperfilme.com\/Site-TR\/catalogo-brindes\/exterior\/guarda-chuvas\/guarda-chuva-preto-personalizado\/\"]}]},{\"@type\":\"BreadcrumbList\",\"@id\":\"https:\/\/hiperfilme.com\/Site-TR\/catalogo-brindes\/exterior\/guarda-chuvas\/guarda-chuva-preto-personalizado\/#breadcrumb\",\"itemListElement\":[{\"@type\":\"ListItem\",\"position\":1,\"name\":\"In\\u00edcio\",\"item\":\"https:\/\/hiperfilme.com\/Site-TR\/\"},{\"@type\":\"ListItem\",\"position\":2,\"name\":\"Cat\\u00e1logo de Brindes\",\"item\":\"https:\/\/hiperfilme.com\/Site-TR\/catalogo-brindes\/\"},{\"@type\":\"ListItem\",\"position\":3,\"name\":\"Guarda-Chuva Preto para ser personalizado\"}]}]}<\/script>\n<!-- \/ Yoast SEO plugin. -->","yoast_head_json":{"title":"Guarda-Chuva Preto para ser personalizado | Brindes Publicit\u00e1rios Online","description":"Guarda-Chuva Preto com 8 gomos e um cabo curvo em pl\u00e1stico. Abertura manual. Ideal para personalizar ao seu gosto.","robots":{"index":"index","follow":"follow","max-snippet":"max-snippet:-1","max-image-preview":"max-image-preview:large","max-video-preview":"max-video-preview:-1"},"canonical":"https:\/\/hiperfilme.com\/Site-TR\/catalogo-brindes\/exterior\/guarda-chuvas\/guarda-chuva-preto-personalizado\/","og_locale":"pt_PT","og_type":"article","og_title":"Guarda-Chuva Preto para ser personalizado | Brindes Publicit\u00e1rios Online","og_description":"Guarda-Chuva Preto com 8 gomos e um cabo curvo em pl\u00e1stico. Abertura manual. Ideal para personalizar ao seu gosto.","og_url":"https:\/\/hiperfilme.com\/Site-TR\/catalogo-brindes\/exterior\/guarda-chuvas\/guarda-chuva-preto-personalizado\/","og_site_name":"Hiperfilme_TR","og_image":[{"width":700,"height":700,"url":"https:\/\/hiperfilme.com\/Site-TR\/wp-content\/uploads\/2020\/11\/CVT01TR-chapeu-chuva-preto.jpg","type":"image\/jpeg"}],"twitter_card":"summary_large_image","schema":{"@context":"https:\/\/schema.org","@graph":[{"@type":"Organization","@id":"https:\/\/hiperfilme.com\/Site-TR\/#organization","name":"Triangulo Requintado","url":"https:\/\/hiperfilme.com\/Site-TR\/","sameAs":[],"logo":{"@type":"ImageObject","@id":"https:\/\/hiperfilme.com\/Site-TR\/#logo","inLanguage":"pt-PT","url":"https:\/\/triangulorequintado.com\/wp-content\/uploads\/2020\/10\/logo-triangulo-requintado-color-248.png","contentUrl":"https:\/\/triangulorequintado.com\/wp-content\/uploads\/2020\/10\/logo-triangulo-requintado-color-248.png","width":248,"height":96,"caption":"Triangulo Requintado"},"image":{"@id":"https:\/\/hiperfilme.com\/Site-TR\/#logo"}},{"@type":"WebSite","@id":"https:\/\/hiperfilme.com\/Site-TR\/#website","url":"https:\/\/hiperfilme.com\/Site-TR\/","name":"Triangulo Requintado","description":"Estampagens e Brindes","publisher":{"@id":"https:\/\/hiperfilme.com\/Site-TR\/#organization"},"potentialAction":[{"@type":"SearchAction","target":{"@type":"EntryPoint","urlTemplate":"https:\/\/hiperfilme.com\/Site-TR\/?s={search_term_string}"},"query-input":"required name=search_term_string"}],"inLanguage":"pt-PT"},{"@type":"ImageObject","@id":"https:\/\/hiperfilme.com\/Site-TR\/catalogo-brindes\/exterior\/guarda-chuvas\/guarda-chuva-preto-personalizado\/#primaryimage","inLanguage":"pt-PT","url":"https:\/\/hiperfilme.com\/Site-TR\/wp-content\/uploads\/2020\/11\/CVT01TR-chapeu-chuva-preto.jpg","contentUrl":"https:\/\/hiperfilme.com\/Site-TR\/wp-content\/uploads\/2020\/11\/CVT01TR-chapeu-chuva-preto.jpg","width":700,"height":700},{"@type":"WebPage","@id":"https:\/\/hiperfilme.com\/Site-TR\/catalogo-brindes\/exterior\/guarda-chuvas\/guarda-chuva-preto-personalizado\/#webpage","url":"https:\/\/hiperfilme.com\/Site-TR\/catalogo-brindes\/exterior\/guarda-chuvas\/guarda-chuva-preto-personalizado\/","name":"Guarda-Chuva Preto para ser personalizado | Brindes Publicit\u00e1rios Online","isPartOf":{"@id":"https:\/\/hiperfilme.com\/Site-TR\/#website"},"primaryImageOfPage":{"@id":"https:\/\/hiperfilme.com\/Site-TR\/catalogo-brindes\/exterior\/guarda-chuvas\/guarda-chuva-preto-personalizado\/#primaryimage"},"datePublished":"2020-11-15T16:56:14+00:00","dateModified":"2020-11-15T16:56:14+00:00","description":"Guarda-Chuva Preto com 8 gomos e um cabo curvo em pl\u00e1stico. Abertura manual. Ideal para personalizar ao seu gosto.","breadcrumb":{"@id":"https:\/\/hiperfilme.com\/Site-TR\/catalogo-brindes\/exterior\/guarda-chuvas\/guarda-chuva-preto-personalizado\/#breadcrumb"},"inLanguage":"pt-PT","potentialAction":[{"@type":"ReadAction","target":["https:\/\/hiperfilme.com\/Site-TR\/catalogo-brindes\/exterior\/guarda-chuvas\/guarda-chuva-preto-personalizado\/"]}]},{"@type":"BreadcrumbList","@id":"https:\/\/hiperfilme.com\/Site-TR\/catalogo-brindes\/exterior\/guarda-chuvas\/guarda-chuva-preto-personalizado\/#breadcrumb","itemListElement":[{"@type":"ListItem","position":1,"name":"In\u00edcio","item":"https:\/\/hiperfilme.com\/Site-TR\/"},{"@type":"ListItem","position":2,"name":"Cat\u00e1logo de Brindes","item":"https:\/\/hiperfilme.com\/Site-TR\/catalogo-brindes\/"},{"@type":"ListItem","position":3,"name":"Guarda-Chuva Preto para ser personalizado"}]}]}},"_links":{"self":[{"href":"https:\/\/hiperfilme.com\/Site-TR\/wp-json\/wp\/v2\/product\/3189"}],"collection":[{"href":"https:\/\/hiperfilme.com\/Site-TR\/wp-json\/wp\/v2\/product"}],"about":[{"href":"https:\/\/hiperfilme.com\/Site-TR\/wp-json\/wp\/v2\/types\/product"}],"wp:featuredmedia":[{"embeddable":true,"href":"https:\/\/hiperfilme.com\/Site-TR\/wp-json\/wp\/v2\/media\/3190"}],"wp:attachment":[{"href":"https:\/\/hiperfilme.com\/Site-TR\/wp-json\/wp\/v2\/media?parent=3189"}],"wp:term":[{"taxonomy":"product_cat","embeddable":true,"href":"https:\/\/hiperfilme.com\/Site-TR\/wp-json\/wp\/v2\/product_cat?post=3189"},{"taxonomy":"product_tag","embeddable":true,"href":"https:\/\/hiperfilme.com\/Site-TR\/wp-json\/wp\/v2\/product_tag?post=3189"}],"curies":[{"name":"wp","href":"https:\/\/api.w.org\/{rel}","templated":true}]}}