{"id":3054,"date":"2020-11-14T19:44:58","date_gmt":"2020-11-14T19:44:58","guid":{"rendered":"https:\/\/triangulorequintado.com\/?post_type=product&#038;p=3054"},"modified":"2020-11-14T19:44:58","modified_gmt":"2020-11-14T19:44:58","slug":"fato-macaco-descartavel-20gr","status":"publish","type":"product","link":"https:\/\/hiperfilme.com\/Site-TR\/catalogo-brindes\/texteis\/batas\/fato-macaco-descartavel-20gr\/","title":{"rendered":"Fato-Macaco Descart\u00e1vel 20gr"},"content":{"rendered":"<ul>\n<li>Material: TNT 20gr<\/li>\n<li>N\u00e3o imperme\u00e1vel<\/li>\n<\/ul>\n","protected":false},"excerpt":{"rendered":"<p>Fato-Macaco Descart\u00e1vel 20gr. TNT 20gr. N\u00e3o imperme\u00e1vel.<\/p>\n<p><span style=\"float: none;background-color: #ffffff;color: #333333;cursor: text;font-family: 'Libre Franklin','Helvetica Neue',helvetica,arial,sans-serif;font-size: 16px;font-style: normal;font-variant: normal;font-weight: 400;letter-spacing: normal;text-align: left;text-decoration: none;text-indent: 0px;text-transform: none\">Contacte-nos para or\u00e7amentos e vantagens na compra de grandes quantidades.<\/span><\/p>\n","protected":false},"featured_media":3055,"template":"","meta":[],"product_cat":[162,196,160],"product_tag":[232],"yoast_head":"<!-- This site is optimized with the Yoast SEO plugin v17.8 - https:\/\/yoast.com\/wordpress\/plugins\/seo\/ -->\n<title>Fato-Macaco Descart\u00e1vel 20gr | Brindes Publicit\u00e1rios Online | Covid-19<\/title>\n<meta name=\"description\" content=\"Fato-Macaco Descart\u00e1vel 20gr. TNT 20gr. N\u00e3o imperme\u00e1vel. Para sua prote\u00e7\u00e3o. Sem quantidade m\u00ednima de compra.\" \/>\n<meta name=\"robots\" content=\"index, follow, max-snippet:-1, max-image-preview:large, max-video-preview:-1\" \/>\n<link rel=\"canonical\" href=\"https:\/\/hiperfilme.com\/Site-TR\/catalogo-brindes\/texteis\/batas\/fato-macaco-descartavel-20gr\/\" \/>\n<meta property=\"og:locale\" content=\"pt_PT\" \/>\n<meta property=\"og:type\" content=\"article\" \/>\n<meta property=\"og:title\" content=\"Fato-Macaco Descart\u00e1vel 20gr | Brindes Publicit\u00e1rios Online | Covid-19\" \/>\n<meta property=\"og:description\" content=\"Fato-Macaco Descart\u00e1vel 20gr. TNT 20gr. N\u00e3o imperme\u00e1vel. Para sua prote\u00e7\u00e3o. Sem quantidade m\u00ednima de compra.\" \/>\n<meta property=\"og:url\" content=\"https:\/\/hiperfilme.com\/Site-TR\/catalogo-brindes\/texteis\/batas\/fato-macaco-descartavel-20gr\/\" \/>\n<meta property=\"og:site_name\" content=\"Hiperfilme_TR\" \/>\n<meta property=\"og:image\" content=\"https:\/\/hiperfilme.com\/Site-TR\/wp-content\/uploads\/2020\/11\/12MPTR-fato-macaco-descartavel-20gr.png\" \/>\n\t<meta property=\"og:image:width\" content=\"700\" \/>\n\t<meta property=\"og:image:height\" content=\"800\" \/>\n<meta name=\"twitter:card\" content=\"summary_large_image\" \/>\n<script type=\"application\/ld+json\" class=\"yoast-schema-graph\">{\"@context\":\"https:\/\/schema.org\",\"@graph\":[{\"@type\":\"Organization\",\"@id\":\"https:\/\/hiperfilme.com\/Site-TR\/#organization\",\"name\":\"Triangulo Requintado\",\"url\":\"https:\/\/hiperfilme.com\/Site-TR\/\",\"sameAs\":[],\"logo\":{\"@type\":\"ImageObject\",\"@id\":\"https:\/\/hiperfilme.com\/Site-TR\/#logo\",\"inLanguage\":\"pt-PT\",\"url\":\"https:\/\/triangulorequintado.com\/wp-content\/uploads\/2020\/10\/logo-triangulo-requintado-color-248.png\",\"contentUrl\":\"https:\/\/triangulorequintado.com\/wp-content\/uploads\/2020\/10\/logo-triangulo-requintado-color-248.png\",\"width\":248,\"height\":96,\"caption\":\"Triangulo Requintado\"},\"image\":{\"@id\":\"https:\/\/hiperfilme.com\/Site-TR\/#logo\"}},{\"@type\":\"WebSite\",\"@id\":\"https:\/\/hiperfilme.com\/Site-TR\/#website\",\"url\":\"https:\/\/hiperfilme.com\/Site-TR\/\",\"name\":\"Triangulo Requintado\",\"description\":\"Estampagens e Brindes\",\"publisher\":{\"@id\":\"https:\/\/hiperfilme.com\/Site-TR\/#organization\"},\"potentialAction\":[{\"@type\":\"SearchAction\",\"target\":{\"@type\":\"EntryPoint\",\"urlTemplate\":\"https:\/\/hiperfilme.com\/Site-TR\/?s={search_term_string}\"},\"query-input\":\"required name=search_term_string\"}],\"inLanguage\":\"pt-PT\"},{\"@type\":\"ImageObject\",\"@id\":\"https:\/\/hiperfilme.com\/Site-TR\/catalogo-brindes\/texteis\/batas\/fato-macaco-descartavel-20gr\/#primaryimage\",\"inLanguage\":\"pt-PT\",\"url\":\"https:\/\/hiperfilme.com\/Site-TR\/wp-content\/uploads\/2020\/11\/12MPTR-fato-macaco-descartavel-20gr.png\",\"contentUrl\":\"https:\/\/hiperfilme.com\/Site-TR\/wp-content\/uploads\/2020\/11\/12MPTR-fato-macaco-descartavel-20gr.png\",\"width\":700,\"height\":800},{\"@type\":\"WebPage\",\"@id\":\"https:\/\/hiperfilme.com\/Site-TR\/catalogo-brindes\/texteis\/batas\/fato-macaco-descartavel-20gr\/#webpage\",\"url\":\"https:\/\/hiperfilme.com\/Site-TR\/catalogo-brindes\/texteis\/batas\/fato-macaco-descartavel-20gr\/\",\"name\":\"Fato-Macaco Descart\\u00e1vel 20gr | Brindes Publicit\\u00e1rios Online | Covid-19\",\"isPartOf\":{\"@id\":\"https:\/\/hiperfilme.com\/Site-TR\/#website\"},\"primaryImageOfPage\":{\"@id\":\"https:\/\/hiperfilme.com\/Site-TR\/catalogo-brindes\/texteis\/batas\/fato-macaco-descartavel-20gr\/#primaryimage\"},\"datePublished\":\"2020-11-14T19:44:58+00:00\",\"dateModified\":\"2020-11-14T19:44:58+00:00\",\"description\":\"Fato-Macaco Descart\\u00e1vel 20gr. TNT 20gr. N\\u00e3o imperme\\u00e1vel. Para sua prote\\u00e7\\u00e3o. Sem quantidade m\\u00ednima de compra.\",\"breadcrumb\":{\"@id\":\"https:\/\/hiperfilme.com\/Site-TR\/catalogo-brindes\/texteis\/batas\/fato-macaco-descartavel-20gr\/#breadcrumb\"},\"inLanguage\":\"pt-PT\",\"potentialAction\":[{\"@type\":\"ReadAction\",\"target\":[\"https:\/\/hiperfilme.com\/Site-TR\/catalogo-brindes\/texteis\/batas\/fato-macaco-descartavel-20gr\/\"]}]},{\"@type\":\"BreadcrumbList\",\"@id\":\"https:\/\/hiperfilme.com\/Site-TR\/catalogo-brindes\/texteis\/batas\/fato-macaco-descartavel-20gr\/#breadcrumb\",\"itemListElement\":[{\"@type\":\"ListItem\",\"position\":1,\"name\":\"In\\u00edcio\",\"item\":\"https:\/\/hiperfilme.com\/Site-TR\/\"},{\"@type\":\"ListItem\",\"position\":2,\"name\":\"Cat\\u00e1logo de Brindes\",\"item\":\"https:\/\/hiperfilme.com\/Site-TR\/catalogo-brindes\/\"},{\"@type\":\"ListItem\",\"position\":3,\"name\":\"Fato-Macaco Descart\\u00e1vel 20gr\"}]}]}<\/script>\n<!-- \/ Yoast SEO plugin. -->","yoast_head_json":{"title":"Fato-Macaco Descart\u00e1vel 20gr | Brindes Publicit\u00e1rios Online | Covid-19","description":"Fato-Macaco Descart\u00e1vel 20gr. TNT 20gr. N\u00e3o imperme\u00e1vel. Para sua prote\u00e7\u00e3o. Sem quantidade m\u00ednima de compra.","robots":{"index":"index","follow":"follow","max-snippet":"max-snippet:-1","max-image-preview":"max-image-preview:large","max-video-preview":"max-video-preview:-1"},"canonical":"https:\/\/hiperfilme.com\/Site-TR\/catalogo-brindes\/texteis\/batas\/fato-macaco-descartavel-20gr\/","og_locale":"pt_PT","og_type":"article","og_title":"Fato-Macaco Descart\u00e1vel 20gr | Brindes Publicit\u00e1rios Online | Covid-19","og_description":"Fato-Macaco Descart\u00e1vel 20gr. TNT 20gr. N\u00e3o imperme\u00e1vel. Para sua prote\u00e7\u00e3o. Sem quantidade m\u00ednima de compra.","og_url":"https:\/\/hiperfilme.com\/Site-TR\/catalogo-brindes\/texteis\/batas\/fato-macaco-descartavel-20gr\/","og_site_name":"Hiperfilme_TR","og_image":[{"width":700,"height":800,"url":"https:\/\/hiperfilme.com\/Site-TR\/wp-content\/uploads\/2020\/11\/12MPTR-fato-macaco-descartavel-20gr.png","type":"image\/png"}],"twitter_card":"summary_large_image","schema":{"@context":"https:\/\/schema.org","@graph":[{"@type":"Organization","@id":"https:\/\/hiperfilme.com\/Site-TR\/#organization","name":"Triangulo Requintado","url":"https:\/\/hiperfilme.com\/Site-TR\/","sameAs":[],"logo":{"@type":"ImageObject","@id":"https:\/\/hiperfilme.com\/Site-TR\/#logo","inLanguage":"pt-PT","url":"https:\/\/triangulorequintado.com\/wp-content\/uploads\/2020\/10\/logo-triangulo-requintado-color-248.png","contentUrl":"https:\/\/triangulorequintado.com\/wp-content\/uploads\/2020\/10\/logo-triangulo-requintado-color-248.png","width":248,"height":96,"caption":"Triangulo Requintado"},"image":{"@id":"https:\/\/hiperfilme.com\/Site-TR\/#logo"}},{"@type":"WebSite","@id":"https:\/\/hiperfilme.com\/Site-TR\/#website","url":"https:\/\/hiperfilme.com\/Site-TR\/","name":"Triangulo Requintado","description":"Estampagens e Brindes","publisher":{"@id":"https:\/\/hiperfilme.com\/Site-TR\/#organization"},"potentialAction":[{"@type":"SearchAction","target":{"@type":"EntryPoint","urlTemplate":"https:\/\/hiperfilme.com\/Site-TR\/?s={search_term_string}"},"query-input":"required name=search_term_string"}],"inLanguage":"pt-PT"},{"@type":"ImageObject","@id":"https:\/\/hiperfilme.com\/Site-TR\/catalogo-brindes\/texteis\/batas\/fato-macaco-descartavel-20gr\/#primaryimage","inLanguage":"pt-PT","url":"https:\/\/hiperfilme.com\/Site-TR\/wp-content\/uploads\/2020\/11\/12MPTR-fato-macaco-descartavel-20gr.png","contentUrl":"https:\/\/hiperfilme.com\/Site-TR\/wp-content\/uploads\/2020\/11\/12MPTR-fato-macaco-descartavel-20gr.png","width":700,"height":800},{"@type":"WebPage","@id":"https:\/\/hiperfilme.com\/Site-TR\/catalogo-brindes\/texteis\/batas\/fato-macaco-descartavel-20gr\/#webpage","url":"https:\/\/hiperfilme.com\/Site-TR\/catalogo-brindes\/texteis\/batas\/fato-macaco-descartavel-20gr\/","name":"Fato-Macaco Descart\u00e1vel 20gr | Brindes Publicit\u00e1rios Online | Covid-19","isPartOf":{"@id":"https:\/\/hiperfilme.com\/Site-TR\/#website"},"primaryImageOfPage":{"@id":"https:\/\/hiperfilme.com\/Site-TR\/catalogo-brindes\/texteis\/batas\/fato-macaco-descartavel-20gr\/#primaryimage"},"datePublished":"2020-11-14T19:44:58+00:00","dateModified":"2020-11-14T19:44:58+00:00","description":"Fato-Macaco Descart\u00e1vel 20gr. TNT 20gr. N\u00e3o imperme\u00e1vel. Para sua prote\u00e7\u00e3o. Sem quantidade m\u00ednima de compra.","breadcrumb":{"@id":"https:\/\/hiperfilme.com\/Site-TR\/catalogo-brindes\/texteis\/batas\/fato-macaco-descartavel-20gr\/#breadcrumb"},"inLanguage":"pt-PT","potentialAction":[{"@type":"ReadAction","target":["https:\/\/hiperfilme.com\/Site-TR\/catalogo-brindes\/texteis\/batas\/fato-macaco-descartavel-20gr\/"]}]},{"@type":"BreadcrumbList","@id":"https:\/\/hiperfilme.com\/Site-TR\/catalogo-brindes\/texteis\/batas\/fato-macaco-descartavel-20gr\/#breadcrumb","itemListElement":[{"@type":"ListItem","position":1,"name":"In\u00edcio","item":"https:\/\/hiperfilme.com\/Site-TR\/"},{"@type":"ListItem","position":2,"name":"Cat\u00e1logo de Brindes","item":"https:\/\/hiperfilme.com\/Site-TR\/catalogo-brindes\/"},{"@type":"ListItem","position":3,"name":"Fato-Macaco Descart\u00e1vel 20gr"}]}]}},"_links":{"self":[{"href":"https:\/\/hiperfilme.com\/Site-TR\/wp-json\/wp\/v2\/product\/3054"}],"collection":[{"href":"https:\/\/hiperfilme.com\/Site-TR\/wp-json\/wp\/v2\/product"}],"about":[{"href":"https:\/\/hiperfilme.com\/Site-TR\/wp-json\/wp\/v2\/types\/product"}],"wp:featuredmedia":[{"embeddable":true,"href":"https:\/\/hiperfilme.com\/Site-TR\/wp-json\/wp\/v2\/media\/3055"}],"wp:attachment":[{"href":"https:\/\/hiperfilme.com\/Site-TR\/wp-json\/wp\/v2\/media?parent=3054"}],"wp:term":[{"taxonomy":"product_cat","embeddable":true,"href":"https:\/\/hiperfilme.com\/Site-TR\/wp-json\/wp\/v2\/product_cat?post=3054"},{"taxonomy":"product_tag","embeddable":true,"href":"https:\/\/hiperfilme.com\/Site-TR\/wp-json\/wp\/v2\/product_tag?post=3054"}],"curies":[{"name":"wp","href":"https:\/\/api.w.org\/{rel}","templated":true}]}}