{"id":2870,"date":"2020-11-14T15:52:54","date_gmt":"2020-11-14T15:52:54","guid":{"rendered":"https:\/\/triangulorequintado.com\/?post_type=product&#038;p=2870"},"modified":"2021-12-23T14:40:00","modified_gmt":"2021-12-23T14:40:00","slug":"polo-keya-personalizar","status":"publish","type":"product","link":"https:\/\/hiperfilme.com\/Site-TR\/catalogo-brindes\/texteis\/polos\/polo-keya-personalizar\/","title":{"rendered":"P\u00f3lo Adulto Keya MPS180 para Personalizar"},"content":{"rendered":"<ul>\n<li>P\u00f3lo Branco em malha de algod\u00e3o piqu\u00e9<\/li>\n<li>Dois bot\u00f5es, ribe nas mangas e tapa costuras refor\u00e7adas.<\/li>\n<li>100% algod\u00e3o de 180-190 g\/m\u00b2 .<\/li>\n<li>Dispon\u00edvel S, M, L, XL, 2XL, 3XL<\/li>\n<\/ul>\n","protected":false},"excerpt":{"rendered":"<p>P\u00f3lo Branco de 100% algod\u00e3o piqu\u00e9 com gramagem de <span style=\"float: none;background-color: #ffffff;color: #333333;font-family: 'Libre Franklin','Helvetica Neue',helvetica,arial,sans-serif;font-size: 16px;font-style: normal;font-variant: normal;font-weight: 400;letter-spacing: normal;text-align: left;text-decoration: none;text-indent: 0px;text-transform: none\">180-190 g\/m\u00b2<\/span>. Dois bot\u00f5es, ribe nas mangas e tapa costuras refor\u00e7adas.<\/p>\n<p>Dispon\u00edvel S, M, L, XL, 2XL, 3XL.<\/p>\n<p>Valor apresentado para o Brinde n\u00e3o personalizado. Contacte-nos para or\u00e7amentos de personaliza\u00e7\u00e3o e vantagens na compra de grandes quantidades.<\/p>\n","protected":false},"featured_media":2920,"template":"","meta":[],"product_cat":[172,160],"product_tag":[231],"yoast_head":"<!-- This site is optimized with the Yoast SEO plugin v17.8 - https:\/\/yoast.com\/wordpress\/plugins\/seo\/ -->\n<title>P\u00f3lo Adulto Keya MPS180 para Personalizar | Brindes Publicit\u00e1rios Online<\/title>\n<meta name=\"description\" content=\"P\u00f3lo Branco de 100% algod\u00e3o piqu\u00e9 com gramagem de 180-190 g\/m\u00b2. Dois bot\u00f5es, ribe nas mangas e tapa costuras refor\u00e7adas.\" \/>\n<meta name=\"robots\" content=\"index, follow, max-snippet:-1, max-image-preview:large, max-video-preview:-1\" \/>\n<link rel=\"canonical\" href=\"https:\/\/hiperfilme.com\/Site-TR\/catalogo-brindes\/texteis\/polos\/polo-keya-personalizar\/\" \/>\n<meta property=\"og:locale\" content=\"pt_PT\" \/>\n<meta property=\"og:type\" content=\"article\" \/>\n<meta property=\"og:title\" content=\"P\u00f3lo Adulto Keya MPS180 para Personalizar | Brindes Publicit\u00e1rios Online\" \/>\n<meta property=\"og:description\" content=\"P\u00f3lo Branco de 100% algod\u00e3o piqu\u00e9 com gramagem de 180-190 g\/m\u00b2. Dois bot\u00f5es, ribe nas mangas e tapa costuras refor\u00e7adas.\" \/>\n<meta property=\"og:url\" content=\"https:\/\/hiperfilme.com\/Site-TR\/catalogo-brindes\/texteis\/polos\/polo-keya-personalizar\/\" \/>\n<meta property=\"og:site_name\" content=\"Hiperfilme_TR\" \/>\n<meta property=\"article:modified_time\" content=\"2021-12-23T14:40:00+00:00\" \/>\n<meta property=\"og:image\" content=\"https:\/\/hiperfilme.com\/Site-TR\/wp-content\/uploads\/2020\/11\/MPS180TR-polo-adulto-branco.jpg\" \/>\n\t<meta property=\"og:image:width\" content=\"700\" \/>\n\t<meta property=\"og:image:height\" content=\"800\" \/>\n<meta name=\"twitter:card\" content=\"summary_large_image\" \/>\n<script type=\"application\/ld+json\" class=\"yoast-schema-graph\">{\"@context\":\"https:\/\/schema.org\",\"@graph\":[{\"@type\":\"Organization\",\"@id\":\"https:\/\/hiperfilme.com\/Site-TR\/#organization\",\"name\":\"Triangulo Requintado\",\"url\":\"https:\/\/hiperfilme.com\/Site-TR\/\",\"sameAs\":[],\"logo\":{\"@type\":\"ImageObject\",\"@id\":\"https:\/\/hiperfilme.com\/Site-TR\/#logo\",\"inLanguage\":\"pt-PT\",\"url\":\"https:\/\/triangulorequintado.com\/wp-content\/uploads\/2020\/10\/logo-triangulo-requintado-color-248.png\",\"contentUrl\":\"https:\/\/triangulorequintado.com\/wp-content\/uploads\/2020\/10\/logo-triangulo-requintado-color-248.png\",\"width\":248,\"height\":96,\"caption\":\"Triangulo Requintado\"},\"image\":{\"@id\":\"https:\/\/hiperfilme.com\/Site-TR\/#logo\"}},{\"@type\":\"WebSite\",\"@id\":\"https:\/\/hiperfilme.com\/Site-TR\/#website\",\"url\":\"https:\/\/hiperfilme.com\/Site-TR\/\",\"name\":\"Triangulo Requintado\",\"description\":\"Estampagens e Brindes\",\"publisher\":{\"@id\":\"https:\/\/hiperfilme.com\/Site-TR\/#organization\"},\"potentialAction\":[{\"@type\":\"SearchAction\",\"target\":{\"@type\":\"EntryPoint\",\"urlTemplate\":\"https:\/\/hiperfilme.com\/Site-TR\/?s={search_term_string}\"},\"query-input\":\"required name=search_term_string\"}],\"inLanguage\":\"pt-PT\"},{\"@type\":\"ImageObject\",\"@id\":\"https:\/\/hiperfilme.com\/Site-TR\/catalogo-brindes\/texteis\/polos\/polo-keya-personalizar\/#primaryimage\",\"inLanguage\":\"pt-PT\",\"url\":\"https:\/\/hiperfilme.com\/Site-TR\/wp-content\/uploads\/2020\/11\/MPS180TR-polo-adulto-branco.jpg\",\"contentUrl\":\"https:\/\/hiperfilme.com\/Site-TR\/wp-content\/uploads\/2020\/11\/MPS180TR-polo-adulto-branco.jpg\",\"width\":700,\"height\":800},{\"@type\":\"WebPage\",\"@id\":\"https:\/\/hiperfilme.com\/Site-TR\/catalogo-brindes\/texteis\/polos\/polo-keya-personalizar\/#webpage\",\"url\":\"https:\/\/hiperfilme.com\/Site-TR\/catalogo-brindes\/texteis\/polos\/polo-keya-personalizar\/\",\"name\":\"P\\u00f3lo Adulto Keya MPS180 para Personalizar | Brindes Publicit\\u00e1rios Online\",\"isPartOf\":{\"@id\":\"https:\/\/hiperfilme.com\/Site-TR\/#website\"},\"primaryImageOfPage\":{\"@id\":\"https:\/\/hiperfilme.com\/Site-TR\/catalogo-brindes\/texteis\/polos\/polo-keya-personalizar\/#primaryimage\"},\"datePublished\":\"2020-11-14T15:52:54+00:00\",\"dateModified\":\"2021-12-23T14:40:00+00:00\",\"description\":\"P\\u00f3lo Branco de 100% algod\\u00e3o piqu\\u00e9 com gramagem de 180-190 g\/m\\u00b2. Dois bot\\u00f5es, ribe nas mangas e tapa costuras refor\\u00e7adas.\",\"breadcrumb\":{\"@id\":\"https:\/\/hiperfilme.com\/Site-TR\/catalogo-brindes\/texteis\/polos\/polo-keya-personalizar\/#breadcrumb\"},\"inLanguage\":\"pt-PT\",\"potentialAction\":[{\"@type\":\"ReadAction\",\"target\":[\"https:\/\/hiperfilme.com\/Site-TR\/catalogo-brindes\/texteis\/polos\/polo-keya-personalizar\/\"]}]},{\"@type\":\"BreadcrumbList\",\"@id\":\"https:\/\/hiperfilme.com\/Site-TR\/catalogo-brindes\/texteis\/polos\/polo-keya-personalizar\/#breadcrumb\",\"itemListElement\":[{\"@type\":\"ListItem\",\"position\":1,\"name\":\"In\\u00edcio\",\"item\":\"https:\/\/hiperfilme.com\/Site-TR\/\"},{\"@type\":\"ListItem\",\"position\":2,\"name\":\"Cat\\u00e1logo de Brindes\",\"item\":\"https:\/\/hiperfilme.com\/Site-TR\/catalogo-brindes\/\"},{\"@type\":\"ListItem\",\"position\":3,\"name\":\"P\\u00f3lo Adulto Keya MPS180 para Personalizar\"}]}]}<\/script>\n<!-- \/ Yoast SEO plugin. -->","yoast_head_json":{"title":"P\u00f3lo Adulto Keya MPS180 para Personalizar | Brindes Publicit\u00e1rios Online","description":"P\u00f3lo Branco de 100% algod\u00e3o piqu\u00e9 com gramagem de 180-190 g\/m\u00b2. Dois bot\u00f5es, ribe nas mangas e tapa costuras refor\u00e7adas.","robots":{"index":"index","follow":"follow","max-snippet":"max-snippet:-1","max-image-preview":"max-image-preview:large","max-video-preview":"max-video-preview:-1"},"canonical":"https:\/\/hiperfilme.com\/Site-TR\/catalogo-brindes\/texteis\/polos\/polo-keya-personalizar\/","og_locale":"pt_PT","og_type":"article","og_title":"P\u00f3lo Adulto Keya MPS180 para Personalizar | Brindes Publicit\u00e1rios Online","og_description":"P\u00f3lo Branco de 100% algod\u00e3o piqu\u00e9 com gramagem de 180-190 g\/m\u00b2. Dois bot\u00f5es, ribe nas mangas e tapa costuras refor\u00e7adas.","og_url":"https:\/\/hiperfilme.com\/Site-TR\/catalogo-brindes\/texteis\/polos\/polo-keya-personalizar\/","og_site_name":"Hiperfilme_TR","article_modified_time":"2021-12-23T14:40:00+00:00","og_image":[{"width":700,"height":800,"url":"https:\/\/hiperfilme.com\/Site-TR\/wp-content\/uploads\/2020\/11\/MPS180TR-polo-adulto-branco.jpg","type":"image\/jpeg"}],"twitter_card":"summary_large_image","schema":{"@context":"https:\/\/schema.org","@graph":[{"@type":"Organization","@id":"https:\/\/hiperfilme.com\/Site-TR\/#organization","name":"Triangulo Requintado","url":"https:\/\/hiperfilme.com\/Site-TR\/","sameAs":[],"logo":{"@type":"ImageObject","@id":"https:\/\/hiperfilme.com\/Site-TR\/#logo","inLanguage":"pt-PT","url":"https:\/\/triangulorequintado.com\/wp-content\/uploads\/2020\/10\/logo-triangulo-requintado-color-248.png","contentUrl":"https:\/\/triangulorequintado.com\/wp-content\/uploads\/2020\/10\/logo-triangulo-requintado-color-248.png","width":248,"height":96,"caption":"Triangulo Requintado"},"image":{"@id":"https:\/\/hiperfilme.com\/Site-TR\/#logo"}},{"@type":"WebSite","@id":"https:\/\/hiperfilme.com\/Site-TR\/#website","url":"https:\/\/hiperfilme.com\/Site-TR\/","name":"Triangulo Requintado","description":"Estampagens e Brindes","publisher":{"@id":"https:\/\/hiperfilme.com\/Site-TR\/#organization"},"potentialAction":[{"@type":"SearchAction","target":{"@type":"EntryPoint","urlTemplate":"https:\/\/hiperfilme.com\/Site-TR\/?s={search_term_string}"},"query-input":"required name=search_term_string"}],"inLanguage":"pt-PT"},{"@type":"ImageObject","@id":"https:\/\/hiperfilme.com\/Site-TR\/catalogo-brindes\/texteis\/polos\/polo-keya-personalizar\/#primaryimage","inLanguage":"pt-PT","url":"https:\/\/hiperfilme.com\/Site-TR\/wp-content\/uploads\/2020\/11\/MPS180TR-polo-adulto-branco.jpg","contentUrl":"https:\/\/hiperfilme.com\/Site-TR\/wp-content\/uploads\/2020\/11\/MPS180TR-polo-adulto-branco.jpg","width":700,"height":800},{"@type":"WebPage","@id":"https:\/\/hiperfilme.com\/Site-TR\/catalogo-brindes\/texteis\/polos\/polo-keya-personalizar\/#webpage","url":"https:\/\/hiperfilme.com\/Site-TR\/catalogo-brindes\/texteis\/polos\/polo-keya-personalizar\/","name":"P\u00f3lo Adulto Keya MPS180 para Personalizar | Brindes Publicit\u00e1rios Online","isPartOf":{"@id":"https:\/\/hiperfilme.com\/Site-TR\/#website"},"primaryImageOfPage":{"@id":"https:\/\/hiperfilme.com\/Site-TR\/catalogo-brindes\/texteis\/polos\/polo-keya-personalizar\/#primaryimage"},"datePublished":"2020-11-14T15:52:54+00:00","dateModified":"2021-12-23T14:40:00+00:00","description":"P\u00f3lo Branco de 100% algod\u00e3o piqu\u00e9 com gramagem de 180-190 g\/m\u00b2. Dois bot\u00f5es, ribe nas mangas e tapa costuras refor\u00e7adas.","breadcrumb":{"@id":"https:\/\/hiperfilme.com\/Site-TR\/catalogo-brindes\/texteis\/polos\/polo-keya-personalizar\/#breadcrumb"},"inLanguage":"pt-PT","potentialAction":[{"@type":"ReadAction","target":["https:\/\/hiperfilme.com\/Site-TR\/catalogo-brindes\/texteis\/polos\/polo-keya-personalizar\/"]}]},{"@type":"BreadcrumbList","@id":"https:\/\/hiperfilme.com\/Site-TR\/catalogo-brindes\/texteis\/polos\/polo-keya-personalizar\/#breadcrumb","itemListElement":[{"@type":"ListItem","position":1,"name":"In\u00edcio","item":"https:\/\/hiperfilme.com\/Site-TR\/"},{"@type":"ListItem","position":2,"name":"Cat\u00e1logo de Brindes","item":"https:\/\/hiperfilme.com\/Site-TR\/catalogo-brindes\/"},{"@type":"ListItem","position":3,"name":"P\u00f3lo Adulto Keya MPS180 para Personalizar"}]}]}},"_links":{"self":[{"href":"https:\/\/hiperfilme.com\/Site-TR\/wp-json\/wp\/v2\/product\/2870"}],"collection":[{"href":"https:\/\/hiperfilme.com\/Site-TR\/wp-json\/wp\/v2\/product"}],"about":[{"href":"https:\/\/hiperfilme.com\/Site-TR\/wp-json\/wp\/v2\/types\/product"}],"wp:featuredmedia":[{"embeddable":true,"href":"https:\/\/hiperfilme.com\/Site-TR\/wp-json\/wp\/v2\/media\/2920"}],"wp:attachment":[{"href":"https:\/\/hiperfilme.com\/Site-TR\/wp-json\/wp\/v2\/media?parent=2870"}],"wp:term":[{"taxonomy":"product_cat","embeddable":true,"href":"https:\/\/hiperfilme.com\/Site-TR\/wp-json\/wp\/v2\/product_cat?post=2870"},{"taxonomy":"product_tag","embeddable":true,"href":"https:\/\/hiperfilme.com\/Site-TR\/wp-json\/wp\/v2\/product_tag?post=2870"}],"curies":[{"name":"wp","href":"https:\/\/api.w.org\/{rel}","templated":true}]}}