{"id":2822,"date":"2020-11-10T12:40:24","date_gmt":"2020-11-10T12:40:24","guid":{"rendered":"https:\/\/triangulorequintado.com\/?post_type=product&#038;p=2822"},"modified":"2021-12-23T14:10:45","modified_gmt":"2021-12-23T14:10:45","slug":"sweashirt-sem-capuz-personalizar","status":"publish","type":"product","link":"https:\/\/hiperfilme.com\/Site-TR\/catalogo-brindes\/texteis\/sweats\/sweashirt-sem-capuz-personalizar\/","title":{"rendered":"Sweashirt sem capuz para ser personalizado"},"content":{"rendered":"<ul>\n<li>Sweatshirt em malha cardada no interior, costuras duplas na gola, mangas, ombros e cinta.<\/li>\n<li>Com costuras laterais, punhos e cinta el\u00e1sticos.<\/li>\n<li>Em 50% algod\u00e3o e 50% poli\u00e9ster de 280-290 gr\/m\u00b2.<\/li>\n<\/ul>\n","protected":false},"excerpt":{"rendered":"<p>Malha cardada<br \/>\nCosturas duplas na gola, mangas, ombros e cinta<br \/>\nCosturas laterais, punhos e cinta el\u00e1sticos ,<\/p>\n<p>Composi\u00e7\u00e3o : 80% algod\u00e3o \/ 20% poli\u00e9ster<\/p>\n<p>Gramagem : 270-280 g\/m\u00b2<\/p>\n<p>Tamanhos : S, M, L, XL, 2XL<\/p>\n<p>Valor apresentado para o Brinde n\u00e3o personalizado. Contacte-nos para or\u00e7amentos de personaliza\u00e7\u00e3o e vantagens na compra de grandes quantidades<\/p>\n","protected":false},"featured_media":2824,"template":"","meta":[],"product_cat":[173,160],"product_tag":[245],"yoast_head":"<!-- This site is optimized with the Yoast SEO plugin v17.8 - https:\/\/yoast.com\/wordpress\/plugins\/seo\/ -->\n<title>Sweatshirt sem capuz para ser personalizado | Brindes Publicit\u00e1rios Online<\/title>\n<meta name=\"description\" content=\"Sweatshirt malha cardada no interior, costuras duplas na gola, mangas, ombros e cinta. Disponiv\u00e9l em 11 cores e V\u00e1rios Tamanhos .\" \/>\n<meta name=\"robots\" content=\"index, follow, max-snippet:-1, max-image-preview:large, max-video-preview:-1\" \/>\n<link rel=\"canonical\" href=\"https:\/\/hiperfilme.com\/Site-TR\/catalogo-brindes\/texteis\/sweats\/sweashirt-sem-capuz-personalizar\/\" \/>\n<meta property=\"og:locale\" content=\"pt_PT\" \/>\n<meta property=\"og:type\" content=\"article\" \/>\n<meta property=\"og:title\" content=\"Sweatshirt sem capuz para ser personalizado | Brindes Publicit\u00e1rios Online\" \/>\n<meta property=\"og:description\" content=\"Sweatshirt malha cardada no interior, costuras duplas na gola, mangas, ombros e cinta. Disponiv\u00e9l em 11 cores e V\u00e1rios Tamanhos .\" \/>\n<meta property=\"og:url\" content=\"https:\/\/hiperfilme.com\/Site-TR\/catalogo-brindes\/texteis\/sweats\/sweashirt-sem-capuz-personalizar\/\" \/>\n<meta property=\"og:site_name\" content=\"Hiperfilme_TR\" \/>\n<meta property=\"article:modified_time\" content=\"2021-12-23T14:10:45+00:00\" \/>\n<meta property=\"og:image\" content=\"https:\/\/hiperfilme.com\/Site-TR\/wp-content\/uploads\/2020\/11\/SW298TR.para-personalizar-.jpg\" \/>\n\t<meta property=\"og:image:width\" content=\"800\" \/>\n\t<meta property=\"og:image:height\" content=\"600\" \/>\n<meta name=\"twitter:card\" content=\"summary_large_image\" \/>\n<script type=\"application\/ld+json\" class=\"yoast-schema-graph\">{\"@context\":\"https:\/\/schema.org\",\"@graph\":[{\"@type\":\"Organization\",\"@id\":\"https:\/\/hiperfilme.com\/Site-TR\/#organization\",\"name\":\"Triangulo Requintado\",\"url\":\"https:\/\/hiperfilme.com\/Site-TR\/\",\"sameAs\":[],\"logo\":{\"@type\":\"ImageObject\",\"@id\":\"https:\/\/hiperfilme.com\/Site-TR\/#logo\",\"inLanguage\":\"pt-PT\",\"url\":\"https:\/\/triangulorequintado.com\/wp-content\/uploads\/2020\/10\/logo-triangulo-requintado-color-248.png\",\"contentUrl\":\"https:\/\/triangulorequintado.com\/wp-content\/uploads\/2020\/10\/logo-triangulo-requintado-color-248.png\",\"width\":248,\"height\":96,\"caption\":\"Triangulo Requintado\"},\"image\":{\"@id\":\"https:\/\/hiperfilme.com\/Site-TR\/#logo\"}},{\"@type\":\"WebSite\",\"@id\":\"https:\/\/hiperfilme.com\/Site-TR\/#website\",\"url\":\"https:\/\/hiperfilme.com\/Site-TR\/\",\"name\":\"Triangulo Requintado\",\"description\":\"Estampagens e Brindes\",\"publisher\":{\"@id\":\"https:\/\/hiperfilme.com\/Site-TR\/#organization\"},\"potentialAction\":[{\"@type\":\"SearchAction\",\"target\":{\"@type\":\"EntryPoint\",\"urlTemplate\":\"https:\/\/hiperfilme.com\/Site-TR\/?s={search_term_string}\"},\"query-input\":\"required name=search_term_string\"}],\"inLanguage\":\"pt-PT\"},{\"@type\":\"ImageObject\",\"@id\":\"https:\/\/hiperfilme.com\/Site-TR\/catalogo-brindes\/texteis\/sweats\/sweashirt-sem-capuz-personalizar\/#primaryimage\",\"inLanguage\":\"pt-PT\",\"url\":\"https:\/\/hiperfilme.com\/Site-TR\/wp-content\/uploads\/2020\/11\/SW298TR.para-personalizar-.jpg\",\"contentUrl\":\"https:\/\/hiperfilme.com\/Site-TR\/wp-content\/uploads\/2020\/11\/SW298TR.para-personalizar-.jpg\",\"width\":800,\"height\":600},{\"@type\":\"WebPage\",\"@id\":\"https:\/\/hiperfilme.com\/Site-TR\/catalogo-brindes\/texteis\/sweats\/sweashirt-sem-capuz-personalizar\/#webpage\",\"url\":\"https:\/\/hiperfilme.com\/Site-TR\/catalogo-brindes\/texteis\/sweats\/sweashirt-sem-capuz-personalizar\/\",\"name\":\"Sweatshirt sem capuz para ser personalizado | Brindes Publicit\\u00e1rios Online\",\"isPartOf\":{\"@id\":\"https:\/\/hiperfilme.com\/Site-TR\/#website\"},\"primaryImageOfPage\":{\"@id\":\"https:\/\/hiperfilme.com\/Site-TR\/catalogo-brindes\/texteis\/sweats\/sweashirt-sem-capuz-personalizar\/#primaryimage\"},\"datePublished\":\"2020-11-10T12:40:24+00:00\",\"dateModified\":\"2021-12-23T14:10:45+00:00\",\"description\":\"Sweatshirt malha cardada no interior, costuras duplas na gola, mangas, ombros e cinta. Disponiv\\u00e9l em 11 cores e V\\u00e1rios Tamanhos .\",\"breadcrumb\":{\"@id\":\"https:\/\/hiperfilme.com\/Site-TR\/catalogo-brindes\/texteis\/sweats\/sweashirt-sem-capuz-personalizar\/#breadcrumb\"},\"inLanguage\":\"pt-PT\",\"potentialAction\":[{\"@type\":\"ReadAction\",\"target\":[\"https:\/\/hiperfilme.com\/Site-TR\/catalogo-brindes\/texteis\/sweats\/sweashirt-sem-capuz-personalizar\/\"]}]},{\"@type\":\"BreadcrumbList\",\"@id\":\"https:\/\/hiperfilme.com\/Site-TR\/catalogo-brindes\/texteis\/sweats\/sweashirt-sem-capuz-personalizar\/#breadcrumb\",\"itemListElement\":[{\"@type\":\"ListItem\",\"position\":1,\"name\":\"In\\u00edcio\",\"item\":\"https:\/\/hiperfilme.com\/Site-TR\/\"},{\"@type\":\"ListItem\",\"position\":2,\"name\":\"Cat\\u00e1logo de Brindes\",\"item\":\"https:\/\/hiperfilme.com\/Site-TR\/catalogo-brindes\/\"},{\"@type\":\"ListItem\",\"position\":3,\"name\":\"Sweashirt sem capuz para ser personalizado\"}]}]}<\/script>\n<!-- \/ Yoast SEO plugin. -->","yoast_head_json":{"title":"Sweatshirt sem capuz para ser personalizado | Brindes Publicit\u00e1rios Online","description":"Sweatshirt malha cardada no interior, costuras duplas na gola, mangas, ombros e cinta. Disponiv\u00e9l em 11 cores e V\u00e1rios Tamanhos .","robots":{"index":"index","follow":"follow","max-snippet":"max-snippet:-1","max-image-preview":"max-image-preview:large","max-video-preview":"max-video-preview:-1"},"canonical":"https:\/\/hiperfilme.com\/Site-TR\/catalogo-brindes\/texteis\/sweats\/sweashirt-sem-capuz-personalizar\/","og_locale":"pt_PT","og_type":"article","og_title":"Sweatshirt sem capuz para ser personalizado | Brindes Publicit\u00e1rios Online","og_description":"Sweatshirt malha cardada no interior, costuras duplas na gola, mangas, ombros e cinta. Disponiv\u00e9l em 11 cores e V\u00e1rios Tamanhos .","og_url":"https:\/\/hiperfilme.com\/Site-TR\/catalogo-brindes\/texteis\/sweats\/sweashirt-sem-capuz-personalizar\/","og_site_name":"Hiperfilme_TR","article_modified_time":"2021-12-23T14:10:45+00:00","og_image":[{"width":800,"height":600,"url":"https:\/\/hiperfilme.com\/Site-TR\/wp-content\/uploads\/2020\/11\/SW298TR.para-personalizar-.jpg","type":"image\/jpeg"}],"twitter_card":"summary_large_image","schema":{"@context":"https:\/\/schema.org","@graph":[{"@type":"Organization","@id":"https:\/\/hiperfilme.com\/Site-TR\/#organization","name":"Triangulo Requintado","url":"https:\/\/hiperfilme.com\/Site-TR\/","sameAs":[],"logo":{"@type":"ImageObject","@id":"https:\/\/hiperfilme.com\/Site-TR\/#logo","inLanguage":"pt-PT","url":"https:\/\/triangulorequintado.com\/wp-content\/uploads\/2020\/10\/logo-triangulo-requintado-color-248.png","contentUrl":"https:\/\/triangulorequintado.com\/wp-content\/uploads\/2020\/10\/logo-triangulo-requintado-color-248.png","width":248,"height":96,"caption":"Triangulo Requintado"},"image":{"@id":"https:\/\/hiperfilme.com\/Site-TR\/#logo"}},{"@type":"WebSite","@id":"https:\/\/hiperfilme.com\/Site-TR\/#website","url":"https:\/\/hiperfilme.com\/Site-TR\/","name":"Triangulo Requintado","description":"Estampagens e Brindes","publisher":{"@id":"https:\/\/hiperfilme.com\/Site-TR\/#organization"},"potentialAction":[{"@type":"SearchAction","target":{"@type":"EntryPoint","urlTemplate":"https:\/\/hiperfilme.com\/Site-TR\/?s={search_term_string}"},"query-input":"required name=search_term_string"}],"inLanguage":"pt-PT"},{"@type":"ImageObject","@id":"https:\/\/hiperfilme.com\/Site-TR\/catalogo-brindes\/texteis\/sweats\/sweashirt-sem-capuz-personalizar\/#primaryimage","inLanguage":"pt-PT","url":"https:\/\/hiperfilme.com\/Site-TR\/wp-content\/uploads\/2020\/11\/SW298TR.para-personalizar-.jpg","contentUrl":"https:\/\/hiperfilme.com\/Site-TR\/wp-content\/uploads\/2020\/11\/SW298TR.para-personalizar-.jpg","width":800,"height":600},{"@type":"WebPage","@id":"https:\/\/hiperfilme.com\/Site-TR\/catalogo-brindes\/texteis\/sweats\/sweashirt-sem-capuz-personalizar\/#webpage","url":"https:\/\/hiperfilme.com\/Site-TR\/catalogo-brindes\/texteis\/sweats\/sweashirt-sem-capuz-personalizar\/","name":"Sweatshirt sem capuz para ser personalizado | Brindes Publicit\u00e1rios Online","isPartOf":{"@id":"https:\/\/hiperfilme.com\/Site-TR\/#website"},"primaryImageOfPage":{"@id":"https:\/\/hiperfilme.com\/Site-TR\/catalogo-brindes\/texteis\/sweats\/sweashirt-sem-capuz-personalizar\/#primaryimage"},"datePublished":"2020-11-10T12:40:24+00:00","dateModified":"2021-12-23T14:10:45+00:00","description":"Sweatshirt malha cardada no interior, costuras duplas na gola, mangas, ombros e cinta. Disponiv\u00e9l em 11 cores e V\u00e1rios Tamanhos .","breadcrumb":{"@id":"https:\/\/hiperfilme.com\/Site-TR\/catalogo-brindes\/texteis\/sweats\/sweashirt-sem-capuz-personalizar\/#breadcrumb"},"inLanguage":"pt-PT","potentialAction":[{"@type":"ReadAction","target":["https:\/\/hiperfilme.com\/Site-TR\/catalogo-brindes\/texteis\/sweats\/sweashirt-sem-capuz-personalizar\/"]}]},{"@type":"BreadcrumbList","@id":"https:\/\/hiperfilme.com\/Site-TR\/catalogo-brindes\/texteis\/sweats\/sweashirt-sem-capuz-personalizar\/#breadcrumb","itemListElement":[{"@type":"ListItem","position":1,"name":"In\u00edcio","item":"https:\/\/hiperfilme.com\/Site-TR\/"},{"@type":"ListItem","position":2,"name":"Cat\u00e1logo de Brindes","item":"https:\/\/hiperfilme.com\/Site-TR\/catalogo-brindes\/"},{"@type":"ListItem","position":3,"name":"Sweashirt sem capuz para ser personalizado"}]}]}},"_links":{"self":[{"href":"https:\/\/hiperfilme.com\/Site-TR\/wp-json\/wp\/v2\/product\/2822"}],"collection":[{"href":"https:\/\/hiperfilme.com\/Site-TR\/wp-json\/wp\/v2\/product"}],"about":[{"href":"https:\/\/hiperfilme.com\/Site-TR\/wp-json\/wp\/v2\/types\/product"}],"wp:featuredmedia":[{"embeddable":true,"href":"https:\/\/hiperfilme.com\/Site-TR\/wp-json\/wp\/v2\/media\/2824"}],"wp:attachment":[{"href":"https:\/\/hiperfilme.com\/Site-TR\/wp-json\/wp\/v2\/media?parent=2822"}],"wp:term":[{"taxonomy":"product_cat","embeddable":true,"href":"https:\/\/hiperfilme.com\/Site-TR\/wp-json\/wp\/v2\/product_cat?post=2822"},{"taxonomy":"product_tag","embeddable":true,"href":"https:\/\/hiperfilme.com\/Site-TR\/wp-json\/wp\/v2\/product_tag?post=2822"}],"curies":[{"name":"wp","href":"https:\/\/api.w.org\/{rel}","templated":true}]}}