{"id":2815,"date":"2020-11-10T21:57:21","date_gmt":"2020-11-10T21:57:21","guid":{"rendered":"https:\/\/triangulorequintado.com\/?post_type=product&#038;p=2815"},"modified":"2020-11-10T21:57:21","modified_gmt":"2020-11-10T21:57:21","slug":"calcas-thunder-personalizar","status":"publish","type":"product","link":"https:\/\/hiperfilme.com\/Site-TR\/catalogo-brindes\/texteis\/calcas\/calcas-thunder-personalizar\/","title":{"rendered":"Cal\u00e7as Thunder para personalizar"},"content":{"rendered":"<div class=\"divProdEspaco\"><\/div>\n<div class=\"divProdCenter\">\n<div class=\"brindeDesc\">\n<div>\n<ul>\n<li>Cal\u00e7as em tecido sarja<\/li>\n<li>Cintura com el\u00e1stico traseiro<\/li>\n<li>Dois bolsos obl\u00edquos na\u00a0cintura e nos laterais<\/li>\n<li>Dois bolsos de fole com\u00a0puxador<\/li>\n<li>Dois bolsos traseiros com fecho em velcro<\/li>\n<li>Costuras refor\u00e7adas<\/li>\n<\/ul>\n<\/div>\n<\/div>\n<\/div>\n","protected":false},"excerpt":{"rendered":"<p>Cal\u00e7as 65% Poli\u00e9ster, 35% algod\u00e3o,240gr\/m2.Tecido em sarja. Cintura com el\u00e1stico traseiro. Dois bolsos obl\u00edquos em cintura e nos laterais dois bolsos de fole com tapeta e puxador. Dois bolsos traseiros com fecho em velcro. Combina com a cole\u00e7\u00e3o Thunder (polo, sweatshirts e colete). Costuras refor\u00e7adas.<span style=\"float: none;background-color: #ffffff;color: #333333;cursor: text;font-family: 'Libre Franklin','Helvetica Neue',helvetica,arial,sans-serif;font-size: 16px;font-style: normal;font-variant: normal;font-weight: 400;letter-spacing: normal;text-align: left;text-decoration: none;text-indent: 0px;text-transform: none\">Dispon\u00edvel do S ao XXL. Dispon\u00edvel nas cores:<\/span> Azul marinho , Verde ma\u00e7\u00e3 , Verde Kelly , Amarelo lim\u00e3o , Vermelho lotto , Azul porto , Cinza e Laranja<\/p>\n<p>&nbsp;<\/p>\n<p>Valor apresentado para o Brinde n\u00e3o personalizado. Contacte-nos para or\u00e7amentos de personaliza\u00e7\u00e3o e vantagens na compra de grandes quantidades.<\/p>\n<p>.<\/p>\n<p>&nbsp;<\/p>\n<p>&nbsp;<\/p>\n","protected":false},"featured_media":2816,"template":"","meta":[],"product_cat":[166,160],"product_tag":[245],"yoast_head":"<!-- This site is optimized with the Yoast SEO plugin v17.8 - https:\/\/yoast.com\/wordpress\/plugins\/seo\/ -->\n<title>Cal\u00e7as thunder para personalizar | brindes onlinne<\/title>\n<meta name=\"description\" content=\"Cal\u00e7as Thunder para serem personalizadas. 65% Poliester, 35% algod\u00e3o, 240gr\/m2 Tecido Sarja .Disponiv\u00e9l do S ao XXL .Disponiv\u00e9l em 13 Cores .\" \/>\n<meta name=\"robots\" content=\"index, follow, max-snippet:-1, max-image-preview:large, max-video-preview:-1\" \/>\n<link rel=\"canonical\" href=\"https:\/\/hiperfilme.com\/Site-TR\/catalogo-brindes\/texteis\/calcas\/calcas-thunder-personalizar\/\" \/>\n<meta property=\"og:locale\" content=\"pt_PT\" \/>\n<meta property=\"og:type\" content=\"article\" \/>\n<meta property=\"og:title\" content=\"Cal\u00e7as thunder para personalizar | brindes onlinne\" \/>\n<meta property=\"og:description\" content=\"Cal\u00e7as Thunder para serem personalizadas. 65% Poliester, 35% algod\u00e3o, 240gr\/m2 Tecido Sarja .Disponiv\u00e9l do S ao XXL .Disponiv\u00e9l em 13 Cores .\" \/>\n<meta property=\"og:url\" content=\"https:\/\/hiperfilme.com\/Site-TR\/catalogo-brindes\/texteis\/calcas\/calcas-thunder-personalizar\/\" \/>\n<meta property=\"og:site_name\" content=\"Hiperfilme_TR\" \/>\n<meta property=\"og:image\" content=\"https:\/\/hiperfilme.com\/Site-TR\/wp-content\/uploads\/2020\/11\/THUNDERTR-calcas-thunder-para-personalizar-1.jpg\" \/>\n\t<meta property=\"og:image:width\" content=\"800\" \/>\n\t<meta property=\"og:image:height\" content=\"600\" \/>\n<meta name=\"twitter:card\" content=\"summary_large_image\" \/>\n<script type=\"application\/ld+json\" class=\"yoast-schema-graph\">{\"@context\":\"https:\/\/schema.org\",\"@graph\":[{\"@type\":\"Organization\",\"@id\":\"https:\/\/hiperfilme.com\/Site-TR\/#organization\",\"name\":\"Triangulo Requintado\",\"url\":\"https:\/\/hiperfilme.com\/Site-TR\/\",\"sameAs\":[],\"logo\":{\"@type\":\"ImageObject\",\"@id\":\"https:\/\/hiperfilme.com\/Site-TR\/#logo\",\"inLanguage\":\"pt-PT\",\"url\":\"https:\/\/triangulorequintado.com\/wp-content\/uploads\/2020\/10\/logo-triangulo-requintado-color-248.png\",\"contentUrl\":\"https:\/\/triangulorequintado.com\/wp-content\/uploads\/2020\/10\/logo-triangulo-requintado-color-248.png\",\"width\":248,\"height\":96,\"caption\":\"Triangulo Requintado\"},\"image\":{\"@id\":\"https:\/\/hiperfilme.com\/Site-TR\/#logo\"}},{\"@type\":\"WebSite\",\"@id\":\"https:\/\/hiperfilme.com\/Site-TR\/#website\",\"url\":\"https:\/\/hiperfilme.com\/Site-TR\/\",\"name\":\"Triangulo Requintado\",\"description\":\"Estampagens e Brindes\",\"publisher\":{\"@id\":\"https:\/\/hiperfilme.com\/Site-TR\/#organization\"},\"potentialAction\":[{\"@type\":\"SearchAction\",\"target\":{\"@type\":\"EntryPoint\",\"urlTemplate\":\"https:\/\/hiperfilme.com\/Site-TR\/?s={search_term_string}\"},\"query-input\":\"required name=search_term_string\"}],\"inLanguage\":\"pt-PT\"},{\"@type\":\"ImageObject\",\"@id\":\"https:\/\/hiperfilme.com\/Site-TR\/catalogo-brindes\/texteis\/calcas\/calcas-thunder-personalizar\/#primaryimage\",\"inLanguage\":\"pt-PT\",\"url\":\"https:\/\/hiperfilme.com\/Site-TR\/wp-content\/uploads\/2020\/11\/THUNDERTR-calcas-thunder-para-personalizar-1.jpg\",\"contentUrl\":\"https:\/\/hiperfilme.com\/Site-TR\/wp-content\/uploads\/2020\/11\/THUNDERTR-calcas-thunder-para-personalizar-1.jpg\",\"width\":800,\"height\":600},{\"@type\":\"WebPage\",\"@id\":\"https:\/\/hiperfilme.com\/Site-TR\/catalogo-brindes\/texteis\/calcas\/calcas-thunder-personalizar\/#webpage\",\"url\":\"https:\/\/hiperfilme.com\/Site-TR\/catalogo-brindes\/texteis\/calcas\/calcas-thunder-personalizar\/\",\"name\":\"Cal\\u00e7as thunder para personalizar | brindes onlinne\",\"isPartOf\":{\"@id\":\"https:\/\/hiperfilme.com\/Site-TR\/#website\"},\"primaryImageOfPage\":{\"@id\":\"https:\/\/hiperfilme.com\/Site-TR\/catalogo-brindes\/texteis\/calcas\/calcas-thunder-personalizar\/#primaryimage\"},\"datePublished\":\"2020-11-10T21:57:21+00:00\",\"dateModified\":\"2020-11-10T21:57:21+00:00\",\"description\":\"Cal\\u00e7as Thunder para serem personalizadas. 65% Poliester, 35% algod\\u00e3o, 240gr\/m2 Tecido Sarja .Disponiv\\u00e9l do S ao XXL .Disponiv\\u00e9l em 13 Cores .\",\"breadcrumb\":{\"@id\":\"https:\/\/hiperfilme.com\/Site-TR\/catalogo-brindes\/texteis\/calcas\/calcas-thunder-personalizar\/#breadcrumb\"},\"inLanguage\":\"pt-PT\",\"potentialAction\":[{\"@type\":\"ReadAction\",\"target\":[\"https:\/\/hiperfilme.com\/Site-TR\/catalogo-brindes\/texteis\/calcas\/calcas-thunder-personalizar\/\"]}]},{\"@type\":\"BreadcrumbList\",\"@id\":\"https:\/\/hiperfilme.com\/Site-TR\/catalogo-brindes\/texteis\/calcas\/calcas-thunder-personalizar\/#breadcrumb\",\"itemListElement\":[{\"@type\":\"ListItem\",\"position\":1,\"name\":\"In\\u00edcio\",\"item\":\"https:\/\/hiperfilme.com\/Site-TR\/\"},{\"@type\":\"ListItem\",\"position\":2,\"name\":\"Cat\\u00e1logo de Brindes\",\"item\":\"https:\/\/hiperfilme.com\/Site-TR\/catalogo-brindes\/\"},{\"@type\":\"ListItem\",\"position\":3,\"name\":\"Cal\\u00e7as Thunder para personalizar\"}]}]}<\/script>\n<!-- \/ Yoast SEO plugin. -->","yoast_head_json":{"title":"Cal\u00e7as thunder para personalizar | brindes onlinne","description":"Cal\u00e7as Thunder para serem personalizadas. 65% Poliester, 35% algod\u00e3o, 240gr\/m2 Tecido Sarja .Disponiv\u00e9l do S ao XXL .Disponiv\u00e9l em 13 Cores .","robots":{"index":"index","follow":"follow","max-snippet":"max-snippet:-1","max-image-preview":"max-image-preview:large","max-video-preview":"max-video-preview:-1"},"canonical":"https:\/\/hiperfilme.com\/Site-TR\/catalogo-brindes\/texteis\/calcas\/calcas-thunder-personalizar\/","og_locale":"pt_PT","og_type":"article","og_title":"Cal\u00e7as thunder para personalizar | brindes onlinne","og_description":"Cal\u00e7as Thunder para serem personalizadas. 65% Poliester, 35% algod\u00e3o, 240gr\/m2 Tecido Sarja .Disponiv\u00e9l do S ao XXL .Disponiv\u00e9l em 13 Cores .","og_url":"https:\/\/hiperfilme.com\/Site-TR\/catalogo-brindes\/texteis\/calcas\/calcas-thunder-personalizar\/","og_site_name":"Hiperfilme_TR","og_image":[{"width":800,"height":600,"url":"https:\/\/hiperfilme.com\/Site-TR\/wp-content\/uploads\/2020\/11\/THUNDERTR-calcas-thunder-para-personalizar-1.jpg","type":"image\/jpeg"}],"twitter_card":"summary_large_image","schema":{"@context":"https:\/\/schema.org","@graph":[{"@type":"Organization","@id":"https:\/\/hiperfilme.com\/Site-TR\/#organization","name":"Triangulo Requintado","url":"https:\/\/hiperfilme.com\/Site-TR\/","sameAs":[],"logo":{"@type":"ImageObject","@id":"https:\/\/hiperfilme.com\/Site-TR\/#logo","inLanguage":"pt-PT","url":"https:\/\/triangulorequintado.com\/wp-content\/uploads\/2020\/10\/logo-triangulo-requintado-color-248.png","contentUrl":"https:\/\/triangulorequintado.com\/wp-content\/uploads\/2020\/10\/logo-triangulo-requintado-color-248.png","width":248,"height":96,"caption":"Triangulo Requintado"},"image":{"@id":"https:\/\/hiperfilme.com\/Site-TR\/#logo"}},{"@type":"WebSite","@id":"https:\/\/hiperfilme.com\/Site-TR\/#website","url":"https:\/\/hiperfilme.com\/Site-TR\/","name":"Triangulo Requintado","description":"Estampagens e Brindes","publisher":{"@id":"https:\/\/hiperfilme.com\/Site-TR\/#organization"},"potentialAction":[{"@type":"SearchAction","target":{"@type":"EntryPoint","urlTemplate":"https:\/\/hiperfilme.com\/Site-TR\/?s={search_term_string}"},"query-input":"required name=search_term_string"}],"inLanguage":"pt-PT"},{"@type":"ImageObject","@id":"https:\/\/hiperfilme.com\/Site-TR\/catalogo-brindes\/texteis\/calcas\/calcas-thunder-personalizar\/#primaryimage","inLanguage":"pt-PT","url":"https:\/\/hiperfilme.com\/Site-TR\/wp-content\/uploads\/2020\/11\/THUNDERTR-calcas-thunder-para-personalizar-1.jpg","contentUrl":"https:\/\/hiperfilme.com\/Site-TR\/wp-content\/uploads\/2020\/11\/THUNDERTR-calcas-thunder-para-personalizar-1.jpg","width":800,"height":600},{"@type":"WebPage","@id":"https:\/\/hiperfilme.com\/Site-TR\/catalogo-brindes\/texteis\/calcas\/calcas-thunder-personalizar\/#webpage","url":"https:\/\/hiperfilme.com\/Site-TR\/catalogo-brindes\/texteis\/calcas\/calcas-thunder-personalizar\/","name":"Cal\u00e7as thunder para personalizar | brindes onlinne","isPartOf":{"@id":"https:\/\/hiperfilme.com\/Site-TR\/#website"},"primaryImageOfPage":{"@id":"https:\/\/hiperfilme.com\/Site-TR\/catalogo-brindes\/texteis\/calcas\/calcas-thunder-personalizar\/#primaryimage"},"datePublished":"2020-11-10T21:57:21+00:00","dateModified":"2020-11-10T21:57:21+00:00","description":"Cal\u00e7as Thunder para serem personalizadas. 65% Poliester, 35% algod\u00e3o, 240gr\/m2 Tecido Sarja .Disponiv\u00e9l do S ao XXL .Disponiv\u00e9l em 13 Cores .","breadcrumb":{"@id":"https:\/\/hiperfilme.com\/Site-TR\/catalogo-brindes\/texteis\/calcas\/calcas-thunder-personalizar\/#breadcrumb"},"inLanguage":"pt-PT","potentialAction":[{"@type":"ReadAction","target":["https:\/\/hiperfilme.com\/Site-TR\/catalogo-brindes\/texteis\/calcas\/calcas-thunder-personalizar\/"]}]},{"@type":"BreadcrumbList","@id":"https:\/\/hiperfilme.com\/Site-TR\/catalogo-brindes\/texteis\/calcas\/calcas-thunder-personalizar\/#breadcrumb","itemListElement":[{"@type":"ListItem","position":1,"name":"In\u00edcio","item":"https:\/\/hiperfilme.com\/Site-TR\/"},{"@type":"ListItem","position":2,"name":"Cat\u00e1logo de Brindes","item":"https:\/\/hiperfilme.com\/Site-TR\/catalogo-brindes\/"},{"@type":"ListItem","position":3,"name":"Cal\u00e7as Thunder para personalizar"}]}]}},"_links":{"self":[{"href":"https:\/\/hiperfilme.com\/Site-TR\/wp-json\/wp\/v2\/product\/2815"}],"collection":[{"href":"https:\/\/hiperfilme.com\/Site-TR\/wp-json\/wp\/v2\/product"}],"about":[{"href":"https:\/\/hiperfilme.com\/Site-TR\/wp-json\/wp\/v2\/types\/product"}],"wp:featuredmedia":[{"embeddable":true,"href":"https:\/\/hiperfilme.com\/Site-TR\/wp-json\/wp\/v2\/media\/2816"}],"wp:attachment":[{"href":"https:\/\/hiperfilme.com\/Site-TR\/wp-json\/wp\/v2\/media?parent=2815"}],"wp:term":[{"taxonomy":"product_cat","embeddable":true,"href":"https:\/\/hiperfilme.com\/Site-TR\/wp-json\/wp\/v2\/product_cat?post=2815"},{"taxonomy":"product_tag","embeddable":true,"href":"https:\/\/hiperfilme.com\/Site-TR\/wp-json\/wp\/v2\/product_tag?post=2815"}],"curies":[{"name":"wp","href":"https:\/\/api.w.org\/{rel}","templated":true}]}}