{"id":2787,"date":"2020-11-09T21:35:05","date_gmt":"2020-11-09T21:35:05","guid":{"rendered":"https:\/\/triangulorequintado.com\/?post_type=product&#038;p=2787"},"modified":"2021-01-29T15:15:57","modified_gmt":"2021-01-29T15:15:57","slug":"calcas-caster-personalizadas","status":"publish","type":"product","link":"https:\/\/hiperfilme.com\/Site-TR\/catalogo-brindes\/texteis\/calcas\/calcas-caster-personalizadas\/","title":{"rendered":"Cal\u00e7as Caster para ser personalizadas"},"content":{"rendered":"<ul>\n<li>Material: 65% poli\u00e9ster, 35% algod\u00e3o<\/li>\n<li>Tecido: sarja 210 grs\/m2<\/li>\n<li>Tamanhos: S ao XXL<\/li>\n<li>Cores: 24 dispon\u00edveis<\/li>\n<\/ul>\n","protected":false},"excerpt":{"rendered":"<p>Cal\u00e7as Caster para serem personalizadas. 65% poli\u00e9ster, 35% algod\u00e3o. Tecido sarja 210 grs\/m2. 2 bolsos na cintura. 1 bolso traseiro. 2 bolsos laterais. Fecho zip e bot\u00f5es. Dispon\u00edvel do S ao XXL. Dispon\u00edvel nas cores: branco, bege areia, castanho camel, verde ma\u00e7a, verde amazonas, verde garrafa, verde militar, amarelo lim\u00e3o, laranja festa, vermelho lotto, gren\u00e1 magno, rosa magenta, violeta uva, azul golfinho, azul tropical, azul porto, azul azulina, azul marinho oce\u00e2no, azul marinho noite, azul marinho orion, cinza fumo, cinza cimento, cinza carv\u00e3o e preto.<\/p>\n<p><span style=\"float: none;background-color: #ffffff;color: #333333;cursor: text;font-family: 'Libre Franklin','Helvetica Neue',helvetica,arial,sans-serif;font-size: 16px;font-style: normal;font-variant: normal;font-weight: 400;letter-spacing: normal;text-align: left;text-decoration: none;text-indent: 0px;text-transform: none\">Valor apresentado para o Brinde n\u00e3o personalizado. Contacte-nos para or\u00e7amentos de personaliza\u00e7\u00e3o e vantagens na compra de grandes quantidades.<\/span><\/p>\n","protected":false},"featured_media":4555,"template":"","meta":[],"product_cat":[166,160],"product_tag":[249],"yoast_head":"<!-- This site is optimized with the Yoast SEO plugin v17.8 - https:\/\/yoast.com\/wordpress\/plugins\/seo\/ -->\n<title>Cal\u00e7as Caster para ser personalizadas | Brindes Publicit\u00e1rios<\/title>\n<meta name=\"description\" content=\"Cal\u00e7as Caster para ser personalizadas. 65% poli\u00e9ster, 35% algod\u00e3o. Tecido sarja 210 grs\/m2. Dispon\u00edvel do S ao XXL. Dispon\u00edvel em 24 cores.\" \/>\n<meta name=\"robots\" content=\"index, follow, max-snippet:-1, max-image-preview:large, max-video-preview:-1\" \/>\n<link rel=\"canonical\" href=\"https:\/\/hiperfilme.com\/Site-TR\/catalogo-brindes\/texteis\/calcas\/calcas-caster-personalizadas\/\" \/>\n<meta property=\"og:locale\" content=\"pt_PT\" \/>\n<meta property=\"og:type\" content=\"article\" \/>\n<meta property=\"og:title\" content=\"Cal\u00e7as Caster para ser personalizadas | Brindes Publicit\u00e1rios\" \/>\n<meta property=\"og:description\" content=\"Cal\u00e7as Caster para ser personalizadas. 65% poli\u00e9ster, 35% algod\u00e3o. Tecido sarja 210 grs\/m2. Dispon\u00edvel do S ao XXL. Dispon\u00edvel em 24 cores.\" \/>\n<meta property=\"og:url\" content=\"https:\/\/hiperfilme.com\/Site-TR\/catalogo-brindes\/texteis\/calcas\/calcas-caster-personalizadas\/\" \/>\n<meta property=\"og:site_name\" content=\"Hiperfilme_TR\" \/>\n<meta property=\"article:modified_time\" content=\"2021-01-29T15:15:57+00:00\" \/>\n<meta property=\"og:image\" content=\"https:\/\/hiperfilme.com\/Site-TR\/wp-content\/uploads\/2020\/11\/CASTERTR-calcas-caster-preto.jpg\" \/>\n\t<meta property=\"og:image:width\" content=\"700\" \/>\n\t<meta property=\"og:image:height\" content=\"700\" \/>\n<meta name=\"twitter:card\" content=\"summary_large_image\" \/>\n<script type=\"application\/ld+json\" class=\"yoast-schema-graph\">{\"@context\":\"https:\/\/schema.org\",\"@graph\":[{\"@type\":\"Organization\",\"@id\":\"https:\/\/hiperfilme.com\/Site-TR\/#organization\",\"name\":\"Triangulo Requintado\",\"url\":\"https:\/\/hiperfilme.com\/Site-TR\/\",\"sameAs\":[],\"logo\":{\"@type\":\"ImageObject\",\"@id\":\"https:\/\/hiperfilme.com\/Site-TR\/#logo\",\"inLanguage\":\"pt-PT\",\"url\":\"https:\/\/triangulorequintado.com\/wp-content\/uploads\/2020\/10\/logo-triangulo-requintado-color-248.png\",\"contentUrl\":\"https:\/\/triangulorequintado.com\/wp-content\/uploads\/2020\/10\/logo-triangulo-requintado-color-248.png\",\"width\":248,\"height\":96,\"caption\":\"Triangulo Requintado\"},\"image\":{\"@id\":\"https:\/\/hiperfilme.com\/Site-TR\/#logo\"}},{\"@type\":\"WebSite\",\"@id\":\"https:\/\/hiperfilme.com\/Site-TR\/#website\",\"url\":\"https:\/\/hiperfilme.com\/Site-TR\/\",\"name\":\"Triangulo Requintado\",\"description\":\"Estampagens e Brindes\",\"publisher\":{\"@id\":\"https:\/\/hiperfilme.com\/Site-TR\/#organization\"},\"potentialAction\":[{\"@type\":\"SearchAction\",\"target\":{\"@type\":\"EntryPoint\",\"urlTemplate\":\"https:\/\/hiperfilme.com\/Site-TR\/?s={search_term_string}\"},\"query-input\":\"required name=search_term_string\"}],\"inLanguage\":\"pt-PT\"},{\"@type\":\"ImageObject\",\"@id\":\"https:\/\/hiperfilme.com\/Site-TR\/catalogo-brindes\/texteis\/calcas\/calcas-caster-personalizadas\/#primaryimage\",\"inLanguage\":\"pt-PT\",\"url\":\"https:\/\/hiperfilme.com\/Site-TR\/wp-content\/uploads\/2020\/11\/CASTERTR-calcas-caster-preto.jpg\",\"contentUrl\":\"https:\/\/hiperfilme.com\/Site-TR\/wp-content\/uploads\/2020\/11\/CASTERTR-calcas-caster-preto.jpg\",\"width\":700,\"height\":700},{\"@type\":\"WebPage\",\"@id\":\"https:\/\/hiperfilme.com\/Site-TR\/catalogo-brindes\/texteis\/calcas\/calcas-caster-personalizadas\/#webpage\",\"url\":\"https:\/\/hiperfilme.com\/Site-TR\/catalogo-brindes\/texteis\/calcas\/calcas-caster-personalizadas\/\",\"name\":\"Cal\\u00e7as Caster para ser personalizadas | Brindes Publicit\\u00e1rios\",\"isPartOf\":{\"@id\":\"https:\/\/hiperfilme.com\/Site-TR\/#website\"},\"primaryImageOfPage\":{\"@id\":\"https:\/\/hiperfilme.com\/Site-TR\/catalogo-brindes\/texteis\/calcas\/calcas-caster-personalizadas\/#primaryimage\"},\"datePublished\":\"2020-11-09T21:35:05+00:00\",\"dateModified\":\"2021-01-29T15:15:57+00:00\",\"description\":\"Cal\\u00e7as Caster para ser personalizadas. 65% poli\\u00e9ster, 35% algod\\u00e3o. Tecido sarja 210 grs\/m2. Dispon\\u00edvel do S ao XXL. Dispon\\u00edvel em 24 cores.\",\"breadcrumb\":{\"@id\":\"https:\/\/hiperfilme.com\/Site-TR\/catalogo-brindes\/texteis\/calcas\/calcas-caster-personalizadas\/#breadcrumb\"},\"inLanguage\":\"pt-PT\",\"potentialAction\":[{\"@type\":\"ReadAction\",\"target\":[\"https:\/\/hiperfilme.com\/Site-TR\/catalogo-brindes\/texteis\/calcas\/calcas-caster-personalizadas\/\"]}]},{\"@type\":\"BreadcrumbList\",\"@id\":\"https:\/\/hiperfilme.com\/Site-TR\/catalogo-brindes\/texteis\/calcas\/calcas-caster-personalizadas\/#breadcrumb\",\"itemListElement\":[{\"@type\":\"ListItem\",\"position\":1,\"name\":\"In\\u00edcio\",\"item\":\"https:\/\/hiperfilme.com\/Site-TR\/\"},{\"@type\":\"ListItem\",\"position\":2,\"name\":\"Cat\\u00e1logo de Brindes\",\"item\":\"https:\/\/hiperfilme.com\/Site-TR\/catalogo-brindes\/\"},{\"@type\":\"ListItem\",\"position\":3,\"name\":\"Cal\\u00e7as Caster para ser personalizadas\"}]}]}<\/script>\n<!-- \/ Yoast SEO plugin. -->","yoast_head_json":{"title":"Cal\u00e7as Caster para ser personalizadas | Brindes Publicit\u00e1rios","description":"Cal\u00e7as Caster para ser personalizadas. 65% poli\u00e9ster, 35% algod\u00e3o. Tecido sarja 210 grs\/m2. Dispon\u00edvel do S ao XXL. Dispon\u00edvel em 24 cores.","robots":{"index":"index","follow":"follow","max-snippet":"max-snippet:-1","max-image-preview":"max-image-preview:large","max-video-preview":"max-video-preview:-1"},"canonical":"https:\/\/hiperfilme.com\/Site-TR\/catalogo-brindes\/texteis\/calcas\/calcas-caster-personalizadas\/","og_locale":"pt_PT","og_type":"article","og_title":"Cal\u00e7as Caster para ser personalizadas | Brindes Publicit\u00e1rios","og_description":"Cal\u00e7as Caster para ser personalizadas. 65% poli\u00e9ster, 35% algod\u00e3o. Tecido sarja 210 grs\/m2. Dispon\u00edvel do S ao XXL. Dispon\u00edvel em 24 cores.","og_url":"https:\/\/hiperfilme.com\/Site-TR\/catalogo-brindes\/texteis\/calcas\/calcas-caster-personalizadas\/","og_site_name":"Hiperfilme_TR","article_modified_time":"2021-01-29T15:15:57+00:00","og_image":[{"width":700,"height":700,"url":"https:\/\/hiperfilme.com\/Site-TR\/wp-content\/uploads\/2020\/11\/CASTERTR-calcas-caster-preto.jpg","type":"image\/jpeg"}],"twitter_card":"summary_large_image","schema":{"@context":"https:\/\/schema.org","@graph":[{"@type":"Organization","@id":"https:\/\/hiperfilme.com\/Site-TR\/#organization","name":"Triangulo Requintado","url":"https:\/\/hiperfilme.com\/Site-TR\/","sameAs":[],"logo":{"@type":"ImageObject","@id":"https:\/\/hiperfilme.com\/Site-TR\/#logo","inLanguage":"pt-PT","url":"https:\/\/triangulorequintado.com\/wp-content\/uploads\/2020\/10\/logo-triangulo-requintado-color-248.png","contentUrl":"https:\/\/triangulorequintado.com\/wp-content\/uploads\/2020\/10\/logo-triangulo-requintado-color-248.png","width":248,"height":96,"caption":"Triangulo Requintado"},"image":{"@id":"https:\/\/hiperfilme.com\/Site-TR\/#logo"}},{"@type":"WebSite","@id":"https:\/\/hiperfilme.com\/Site-TR\/#website","url":"https:\/\/hiperfilme.com\/Site-TR\/","name":"Triangulo Requintado","description":"Estampagens e Brindes","publisher":{"@id":"https:\/\/hiperfilme.com\/Site-TR\/#organization"},"potentialAction":[{"@type":"SearchAction","target":{"@type":"EntryPoint","urlTemplate":"https:\/\/hiperfilme.com\/Site-TR\/?s={search_term_string}"},"query-input":"required name=search_term_string"}],"inLanguage":"pt-PT"},{"@type":"ImageObject","@id":"https:\/\/hiperfilme.com\/Site-TR\/catalogo-brindes\/texteis\/calcas\/calcas-caster-personalizadas\/#primaryimage","inLanguage":"pt-PT","url":"https:\/\/hiperfilme.com\/Site-TR\/wp-content\/uploads\/2020\/11\/CASTERTR-calcas-caster-preto.jpg","contentUrl":"https:\/\/hiperfilme.com\/Site-TR\/wp-content\/uploads\/2020\/11\/CASTERTR-calcas-caster-preto.jpg","width":700,"height":700},{"@type":"WebPage","@id":"https:\/\/hiperfilme.com\/Site-TR\/catalogo-brindes\/texteis\/calcas\/calcas-caster-personalizadas\/#webpage","url":"https:\/\/hiperfilme.com\/Site-TR\/catalogo-brindes\/texteis\/calcas\/calcas-caster-personalizadas\/","name":"Cal\u00e7as Caster para ser personalizadas | Brindes Publicit\u00e1rios","isPartOf":{"@id":"https:\/\/hiperfilme.com\/Site-TR\/#website"},"primaryImageOfPage":{"@id":"https:\/\/hiperfilme.com\/Site-TR\/catalogo-brindes\/texteis\/calcas\/calcas-caster-personalizadas\/#primaryimage"},"datePublished":"2020-11-09T21:35:05+00:00","dateModified":"2021-01-29T15:15:57+00:00","description":"Cal\u00e7as Caster para ser personalizadas. 65% poli\u00e9ster, 35% algod\u00e3o. Tecido sarja 210 grs\/m2. Dispon\u00edvel do S ao XXL. Dispon\u00edvel em 24 cores.","breadcrumb":{"@id":"https:\/\/hiperfilme.com\/Site-TR\/catalogo-brindes\/texteis\/calcas\/calcas-caster-personalizadas\/#breadcrumb"},"inLanguage":"pt-PT","potentialAction":[{"@type":"ReadAction","target":["https:\/\/hiperfilme.com\/Site-TR\/catalogo-brindes\/texteis\/calcas\/calcas-caster-personalizadas\/"]}]},{"@type":"BreadcrumbList","@id":"https:\/\/hiperfilme.com\/Site-TR\/catalogo-brindes\/texteis\/calcas\/calcas-caster-personalizadas\/#breadcrumb","itemListElement":[{"@type":"ListItem","position":1,"name":"In\u00edcio","item":"https:\/\/hiperfilme.com\/Site-TR\/"},{"@type":"ListItem","position":2,"name":"Cat\u00e1logo de Brindes","item":"https:\/\/hiperfilme.com\/Site-TR\/catalogo-brindes\/"},{"@type":"ListItem","position":3,"name":"Cal\u00e7as Caster para ser personalizadas"}]}]}},"_links":{"self":[{"href":"https:\/\/hiperfilme.com\/Site-TR\/wp-json\/wp\/v2\/product\/2787"}],"collection":[{"href":"https:\/\/hiperfilme.com\/Site-TR\/wp-json\/wp\/v2\/product"}],"about":[{"href":"https:\/\/hiperfilme.com\/Site-TR\/wp-json\/wp\/v2\/types\/product"}],"wp:featuredmedia":[{"embeddable":true,"href":"https:\/\/hiperfilme.com\/Site-TR\/wp-json\/wp\/v2\/media\/4555"}],"wp:attachment":[{"href":"https:\/\/hiperfilme.com\/Site-TR\/wp-json\/wp\/v2\/media?parent=2787"}],"wp:term":[{"taxonomy":"product_cat","embeddable":true,"href":"https:\/\/hiperfilme.com\/Site-TR\/wp-json\/wp\/v2\/product_cat?post=2787"},{"taxonomy":"product_tag","embeddable":true,"href":"https:\/\/hiperfilme.com\/Site-TR\/wp-json\/wp\/v2\/product_tag?post=2787"}],"curies":[{"name":"wp","href":"https:\/\/api.w.org\/{rel}","templated":true}]}}