{"id":2447,"date":"2020-11-01T19:22:46","date_gmt":"2020-11-01T19:22:46","guid":{"rendered":"https:\/\/triangulorequintado.com\/?post_type=product&#038;p=2447"},"modified":"2021-12-23T14:48:18","modified_gmt":"2021-12-23T14:48:18","slug":"bloco-notas-adesivas-rasmor-personalizado","status":"publish","type":"product","link":"https:\/\/hiperfilme.com\/Site-TR\/catalogo-brindes\/escritorio\/blocos-cadernos\/bloco-notas-adesivas-rasmor-personalizado\/","title":{"rendered":"Bloco de Notas Adesivas Rasmor para ser personalizado"},"content":{"rendered":"<ul>\n<li>Material: PU com efeito madeira<\/li>\n<li>Esferogr\u00e1fica Cart\u00e3o Reciclado Inclu\u00edda<\/li>\n<li>Bloco de 70 folhas pautadas<\/li>\n<li>25 Notas Adesivas 7,5 x 7,5 cm<\/li>\n<li>125 Mini Notas Adesivas 1,2 x 4,5 cm.<\/li>\n<li>Medidas: 10.5 x 15.5 x 2.3 cm<\/li>\n<li>Peso: 155 gr.<\/li>\n<\/ul>\n","protected":false},"excerpt":{"rendered":"<p>Bloco de notas original em PU com efeito madeira, com uma vasta gama de cores. De design ecol\u00f3gico, com capa de toque suave e fecho com el\u00e1stico. Suporte para a caneta integrado. Com70 folhas pautadas, 25 post-its e 125 mini notas adesivas.<br \/>\nEsferogr\u00e1fica Cart\u00e3o Reciclado Inclu\u00edda.<\/p>\n<p>Valor apresentado para o brinde n\u00e3o personalizado. Contacte-nos para or\u00e7amentos de personaliza\u00e7\u00e3o e vantagens na compra de grandes quantidades.<\/p>\n<p>&nbsp;<\/p>\n","protected":false},"featured_media":2455,"template":"","meta":[],"product_cat":[151,147],"product_tag":[244,300,227,225],"yoast_head":"<!-- This site is optimized with the Yoast SEO plugin v17.8 - https:\/\/yoast.com\/wordpress\/plugins\/seo\/ -->\n<title>Bloco de Notas Adesivas Rasmor para ser personalizado | Brindes Online<\/title>\n<meta name=\"description\" content=\"Bloco em PU com efeito madeira. Design ecol\u00f3gico e fecho com el\u00e1stico. Com suporte para a caneta de cart\u00e3o reciclado. Com 70 Folhas pautadas\" \/>\n<meta name=\"robots\" content=\"index, follow, max-snippet:-1, max-image-preview:large, max-video-preview:-1\" \/>\n<link rel=\"canonical\" href=\"https:\/\/hiperfilme.com\/Site-TR\/catalogo-brindes\/escritorio\/blocos-cadernos\/bloco-notas-adesivas-rasmor-personalizado\/\" \/>\n<meta property=\"og:locale\" content=\"pt_PT\" \/>\n<meta property=\"og:type\" content=\"article\" \/>\n<meta property=\"og:title\" content=\"Bloco de Notas Adesivas Rasmor para ser personalizado | Brindes Online\" \/>\n<meta property=\"og:description\" content=\"Bloco em PU com efeito madeira. Design ecol\u00f3gico e fecho com el\u00e1stico. Com suporte para a caneta de cart\u00e3o reciclado. Com 70 Folhas pautadas\" \/>\n<meta property=\"og:url\" content=\"https:\/\/hiperfilme.com\/Site-TR\/catalogo-brindes\/escritorio\/blocos-cadernos\/bloco-notas-adesivas-rasmor-personalizado\/\" \/>\n<meta property=\"og:site_name\" content=\"Hiperfilme_TR\" \/>\n<meta property=\"article:modified_time\" content=\"2021-12-23T14:48:18+00:00\" \/>\n<meta property=\"og:image\" content=\"https:\/\/hiperfilme.com\/Site-TR\/wp-content\/uploads\/2020\/11\/5991TR-bloco-notas-adesivas-rasmor-personalizaveis-cinzento.jpg\" \/>\n\t<meta property=\"og:image:width\" content=\"700\" \/>\n\t<meta property=\"og:image:height\" content=\"800\" \/>\n<meta name=\"twitter:card\" content=\"summary_large_image\" \/>\n<script type=\"application\/ld+json\" class=\"yoast-schema-graph\">{\"@context\":\"https:\/\/schema.org\",\"@graph\":[{\"@type\":\"Organization\",\"@id\":\"https:\/\/hiperfilme.com\/Site-TR\/#organization\",\"name\":\"Triangulo Requintado\",\"url\":\"https:\/\/hiperfilme.com\/Site-TR\/\",\"sameAs\":[],\"logo\":{\"@type\":\"ImageObject\",\"@id\":\"https:\/\/hiperfilme.com\/Site-TR\/#logo\",\"inLanguage\":\"pt-PT\",\"url\":\"https:\/\/triangulorequintado.com\/wp-content\/uploads\/2020\/10\/logo-triangulo-requintado-color-248.png\",\"contentUrl\":\"https:\/\/triangulorequintado.com\/wp-content\/uploads\/2020\/10\/logo-triangulo-requintado-color-248.png\",\"width\":248,\"height\":96,\"caption\":\"Triangulo Requintado\"},\"image\":{\"@id\":\"https:\/\/hiperfilme.com\/Site-TR\/#logo\"}},{\"@type\":\"WebSite\",\"@id\":\"https:\/\/hiperfilme.com\/Site-TR\/#website\",\"url\":\"https:\/\/hiperfilme.com\/Site-TR\/\",\"name\":\"Triangulo Requintado\",\"description\":\"Estampagens e Brindes\",\"publisher\":{\"@id\":\"https:\/\/hiperfilme.com\/Site-TR\/#organization\"},\"potentialAction\":[{\"@type\":\"SearchAction\",\"target\":{\"@type\":\"EntryPoint\",\"urlTemplate\":\"https:\/\/hiperfilme.com\/Site-TR\/?s={search_term_string}\"},\"query-input\":\"required name=search_term_string\"}],\"inLanguage\":\"pt-PT\"},{\"@type\":\"ImageObject\",\"@id\":\"https:\/\/hiperfilme.com\/Site-TR\/catalogo-brindes\/escritorio\/blocos-cadernos\/bloco-notas-adesivas-rasmor-personalizado\/#primaryimage\",\"inLanguage\":\"pt-PT\",\"url\":\"https:\/\/hiperfilme.com\/Site-TR\/wp-content\/uploads\/2020\/11\/5991TR-bloco-notas-adesivas-rasmor-personalizaveis-cinzento.jpg\",\"contentUrl\":\"https:\/\/hiperfilme.com\/Site-TR\/wp-content\/uploads\/2020\/11\/5991TR-bloco-notas-adesivas-rasmor-personalizaveis-cinzento.jpg\",\"width\":700,\"height\":800},{\"@type\":\"WebPage\",\"@id\":\"https:\/\/hiperfilme.com\/Site-TR\/catalogo-brindes\/escritorio\/blocos-cadernos\/bloco-notas-adesivas-rasmor-personalizado\/#webpage\",\"url\":\"https:\/\/hiperfilme.com\/Site-TR\/catalogo-brindes\/escritorio\/blocos-cadernos\/bloco-notas-adesivas-rasmor-personalizado\/\",\"name\":\"Bloco de Notas Adesivas Rasmor para ser personalizado | Brindes Online\",\"isPartOf\":{\"@id\":\"https:\/\/hiperfilme.com\/Site-TR\/#website\"},\"primaryImageOfPage\":{\"@id\":\"https:\/\/hiperfilme.com\/Site-TR\/catalogo-brindes\/escritorio\/blocos-cadernos\/bloco-notas-adesivas-rasmor-personalizado\/#primaryimage\"},\"datePublished\":\"2020-11-01T19:22:46+00:00\",\"dateModified\":\"2021-12-23T14:48:18+00:00\",\"description\":\"Bloco em PU com efeito madeira. Design ecol\\u00f3gico e fecho com el\\u00e1stico. Com suporte para a caneta de cart\\u00e3o reciclado. Com 70 Folhas pautadas\",\"breadcrumb\":{\"@id\":\"https:\/\/hiperfilme.com\/Site-TR\/catalogo-brindes\/escritorio\/blocos-cadernos\/bloco-notas-adesivas-rasmor-personalizado\/#breadcrumb\"},\"inLanguage\":\"pt-PT\",\"potentialAction\":[{\"@type\":\"ReadAction\",\"target\":[\"https:\/\/hiperfilme.com\/Site-TR\/catalogo-brindes\/escritorio\/blocos-cadernos\/bloco-notas-adesivas-rasmor-personalizado\/\"]}]},{\"@type\":\"BreadcrumbList\",\"@id\":\"https:\/\/hiperfilme.com\/Site-TR\/catalogo-brindes\/escritorio\/blocos-cadernos\/bloco-notas-adesivas-rasmor-personalizado\/#breadcrumb\",\"itemListElement\":[{\"@type\":\"ListItem\",\"position\":1,\"name\":\"In\\u00edcio\",\"item\":\"https:\/\/hiperfilme.com\/Site-TR\/\"},{\"@type\":\"ListItem\",\"position\":2,\"name\":\"Cat\\u00e1logo de Brindes\",\"item\":\"https:\/\/hiperfilme.com\/Site-TR\/catalogo-brindes\/\"},{\"@type\":\"ListItem\",\"position\":3,\"name\":\"Bloco de Notas Adesivas Rasmor para ser personalizado\"}]}]}<\/script>\n<!-- \/ Yoast SEO plugin. -->","yoast_head_json":{"title":"Bloco de Notas Adesivas Rasmor para ser personalizado | Brindes Online","description":"Bloco em PU com efeito madeira. Design ecol\u00f3gico e fecho com el\u00e1stico. Com suporte para a caneta de cart\u00e3o reciclado. Com 70 Folhas pautadas","robots":{"index":"index","follow":"follow","max-snippet":"max-snippet:-1","max-image-preview":"max-image-preview:large","max-video-preview":"max-video-preview:-1"},"canonical":"https:\/\/hiperfilme.com\/Site-TR\/catalogo-brindes\/escritorio\/blocos-cadernos\/bloco-notas-adesivas-rasmor-personalizado\/","og_locale":"pt_PT","og_type":"article","og_title":"Bloco de Notas Adesivas Rasmor para ser personalizado | Brindes Online","og_description":"Bloco em PU com efeito madeira. Design ecol\u00f3gico e fecho com el\u00e1stico. Com suporte para a caneta de cart\u00e3o reciclado. Com 70 Folhas pautadas","og_url":"https:\/\/hiperfilme.com\/Site-TR\/catalogo-brindes\/escritorio\/blocos-cadernos\/bloco-notas-adesivas-rasmor-personalizado\/","og_site_name":"Hiperfilme_TR","article_modified_time":"2021-12-23T14:48:18+00:00","og_image":[{"width":700,"height":800,"url":"https:\/\/hiperfilme.com\/Site-TR\/wp-content\/uploads\/2020\/11\/5991TR-bloco-notas-adesivas-rasmor-personalizaveis-cinzento.jpg","type":"image\/jpeg"}],"twitter_card":"summary_large_image","schema":{"@context":"https:\/\/schema.org","@graph":[{"@type":"Organization","@id":"https:\/\/hiperfilme.com\/Site-TR\/#organization","name":"Triangulo Requintado","url":"https:\/\/hiperfilme.com\/Site-TR\/","sameAs":[],"logo":{"@type":"ImageObject","@id":"https:\/\/hiperfilme.com\/Site-TR\/#logo","inLanguage":"pt-PT","url":"https:\/\/triangulorequintado.com\/wp-content\/uploads\/2020\/10\/logo-triangulo-requintado-color-248.png","contentUrl":"https:\/\/triangulorequintado.com\/wp-content\/uploads\/2020\/10\/logo-triangulo-requintado-color-248.png","width":248,"height":96,"caption":"Triangulo Requintado"},"image":{"@id":"https:\/\/hiperfilme.com\/Site-TR\/#logo"}},{"@type":"WebSite","@id":"https:\/\/hiperfilme.com\/Site-TR\/#website","url":"https:\/\/hiperfilme.com\/Site-TR\/","name":"Triangulo Requintado","description":"Estampagens e Brindes","publisher":{"@id":"https:\/\/hiperfilme.com\/Site-TR\/#organization"},"potentialAction":[{"@type":"SearchAction","target":{"@type":"EntryPoint","urlTemplate":"https:\/\/hiperfilme.com\/Site-TR\/?s={search_term_string}"},"query-input":"required name=search_term_string"}],"inLanguage":"pt-PT"},{"@type":"ImageObject","@id":"https:\/\/hiperfilme.com\/Site-TR\/catalogo-brindes\/escritorio\/blocos-cadernos\/bloco-notas-adesivas-rasmor-personalizado\/#primaryimage","inLanguage":"pt-PT","url":"https:\/\/hiperfilme.com\/Site-TR\/wp-content\/uploads\/2020\/11\/5991TR-bloco-notas-adesivas-rasmor-personalizaveis-cinzento.jpg","contentUrl":"https:\/\/hiperfilme.com\/Site-TR\/wp-content\/uploads\/2020\/11\/5991TR-bloco-notas-adesivas-rasmor-personalizaveis-cinzento.jpg","width":700,"height":800},{"@type":"WebPage","@id":"https:\/\/hiperfilme.com\/Site-TR\/catalogo-brindes\/escritorio\/blocos-cadernos\/bloco-notas-adesivas-rasmor-personalizado\/#webpage","url":"https:\/\/hiperfilme.com\/Site-TR\/catalogo-brindes\/escritorio\/blocos-cadernos\/bloco-notas-adesivas-rasmor-personalizado\/","name":"Bloco de Notas Adesivas Rasmor para ser personalizado | Brindes Online","isPartOf":{"@id":"https:\/\/hiperfilme.com\/Site-TR\/#website"},"primaryImageOfPage":{"@id":"https:\/\/hiperfilme.com\/Site-TR\/catalogo-brindes\/escritorio\/blocos-cadernos\/bloco-notas-adesivas-rasmor-personalizado\/#primaryimage"},"datePublished":"2020-11-01T19:22:46+00:00","dateModified":"2021-12-23T14:48:18+00:00","description":"Bloco em PU com efeito madeira. Design ecol\u00f3gico e fecho com el\u00e1stico. Com suporte para a caneta de cart\u00e3o reciclado. Com 70 Folhas pautadas","breadcrumb":{"@id":"https:\/\/hiperfilme.com\/Site-TR\/catalogo-brindes\/escritorio\/blocos-cadernos\/bloco-notas-adesivas-rasmor-personalizado\/#breadcrumb"},"inLanguage":"pt-PT","potentialAction":[{"@type":"ReadAction","target":["https:\/\/hiperfilme.com\/Site-TR\/catalogo-brindes\/escritorio\/blocos-cadernos\/bloco-notas-adesivas-rasmor-personalizado\/"]}]},{"@type":"BreadcrumbList","@id":"https:\/\/hiperfilme.com\/Site-TR\/catalogo-brindes\/escritorio\/blocos-cadernos\/bloco-notas-adesivas-rasmor-personalizado\/#breadcrumb","itemListElement":[{"@type":"ListItem","position":1,"name":"In\u00edcio","item":"https:\/\/hiperfilme.com\/Site-TR\/"},{"@type":"ListItem","position":2,"name":"Cat\u00e1logo de Brindes","item":"https:\/\/hiperfilme.com\/Site-TR\/catalogo-brindes\/"},{"@type":"ListItem","position":3,"name":"Bloco de Notas Adesivas Rasmor para ser personalizado"}]}]}},"_links":{"self":[{"href":"https:\/\/hiperfilme.com\/Site-TR\/wp-json\/wp\/v2\/product\/2447"}],"collection":[{"href":"https:\/\/hiperfilme.com\/Site-TR\/wp-json\/wp\/v2\/product"}],"about":[{"href":"https:\/\/hiperfilme.com\/Site-TR\/wp-json\/wp\/v2\/types\/product"}],"wp:featuredmedia":[{"embeddable":true,"href":"https:\/\/hiperfilme.com\/Site-TR\/wp-json\/wp\/v2\/media\/2455"}],"wp:attachment":[{"href":"https:\/\/hiperfilme.com\/Site-TR\/wp-json\/wp\/v2\/media?parent=2447"}],"wp:term":[{"taxonomy":"product_cat","embeddable":true,"href":"https:\/\/hiperfilme.com\/Site-TR\/wp-json\/wp\/v2\/product_cat?post=2447"},{"taxonomy":"product_tag","embeddable":true,"href":"https:\/\/hiperfilme.com\/Site-TR\/wp-json\/wp\/v2\/product_tag?post=2447"}],"curies":[{"name":"wp","href":"https:\/\/api.w.org\/{rel}","templated":true}]}}