{"id":2435,"date":"2020-11-01T18:46:29","date_gmt":"2020-11-01T18:46:29","guid":{"rendered":"https:\/\/triangulorequintado.com\/?post_type=product&#038;p=2435"},"modified":"2021-12-23T14:51:03","modified_gmt":"2021-12-23T14:51:03","slug":"bloco-de-notas-herick-para-ser-personalizado","status":"publish","type":"product","link":"https:\/\/hiperfilme.com\/Site-TR\/catalogo-brindes\/escritorio\/blocos-cadernos\/bloco-de-notas-herick-para-ser-personalizado\/","title":{"rendered":"Bloco de Notas Herick Para ser Personalizado"},"content":{"rendered":"<ul>\n<li>Capa R\u00edgida<\/li>\n<li>80 Folhas lisas<\/li>\n<li>F<span style=\"float: none;background-color: #ffffff;color: #343e44;font-family: 'HelveticaNeue',Helvetica,Arial,Verdana,sans-serif;font-size: 14px;font-style: normal;font-variant: normal;font-weight: 400;letter-spacing: normal;line-height: 150%;text-align: left;text-decoration: none;text-indent: 0px;text-transform: none\">echo el\u00e1stico e marcadores de tecido a condizer<br \/>\nMaterial: Poli\u00e9ster<br \/>\n<\/span><\/li>\n<li>Medidas:<span style=\"float: none;background-color: #ffffff;color: #343e44;font-family: 'HelveticaNeue',Helvetica,Arial,Verdana,sans-serif;font-size: 12px;font-style: normal;font-variant: normal;font-weight: 400;letter-spacing: normal;line-height: 150%;text-align: left;text-decoration: none;text-indent: 0px;text-transform: none\">13.5 x 21.5 x 2 cm<\/span><\/li>\n<li>Peso: <span style=\"float: none;background-color: #ffffff;color: #343e44;font-family: 'HelveticaNeue',Helvetica,Arial,Verdana,sans-serif;font-size: 12px;font-style: normal;font-variant: normal;font-weight: 400;letter-spacing: normal;line-height: 150%;text-align: left;text-decoration: none;text-indent: 0px;text-transform: none\"><span style=\"float: none;background-color: #ffffff;color: #343e44;font-family: 'HelveticaNeue',Helvetica,Arial,Verdana,sans-serif;font-size: 12px;font-style: normal;font-variant: normal;font-weight: 400;letter-spacing: normal;line-height: 150%;text-align: left;text-decoration: none;text-indent: 0px;text-transform: none\">284 gr<\/span><\/span><\/li>\n<\/ul>\n<p>&nbsp;<\/p>\n<p>&nbsp;<\/p>\n","protected":false},"excerpt":{"rendered":"<p>Bloco de notas com capas de toque macio e acabamento em uma elegante combina\u00e7\u00e3o de poli\u00e9ster bicolor. De 98 folhas lisas em cores divertidas, compartimento interior, fecho el\u00e1stico e marcadores de tecido a condizer.<br \/>\nCapa R\u00edgida. 98 Folhas<br \/>\nPoli\u00e9ster 300D<\/p>\n<p>Valor apresentado para o brinde n\u00e3o personalizado. Contacte-nos para or\u00e7amentos de personaliza\u00e7\u00e3o e vantagens na compra de grandes quantidades.<\/p>\n","protected":false},"featured_media":2442,"template":"","meta":[],"product_cat":[151,147],"product_tag":[247],"yoast_head":"<!-- This site is optimized with the Yoast SEO plugin v17.8 - https:\/\/yoast.com\/wordpress\/plugins\/seo\/ -->\n<title>Bloco de Notas Herick Para ser Personalizado |Brindes Publicit\u00e1rios Online<\/title>\n<meta name=\"description\" content=\"Bloco de notas. Acabamento com uma elegante combina\u00e7\u00e3o de poli\u00e9ster bicolor. De 98 folhas ,Fecho el\u00e1stico e marcadores de tecido a condizer.\" \/>\n<meta name=\"robots\" content=\"index, follow, max-snippet:-1, max-image-preview:large, max-video-preview:-1\" \/>\n<link rel=\"canonical\" href=\"https:\/\/hiperfilme.com\/Site-TR\/catalogo-brindes\/escritorio\/blocos-cadernos\/bloco-de-notas-herick-para-ser-personalizado\/\" \/>\n<meta property=\"og:locale\" content=\"pt_PT\" \/>\n<meta property=\"og:type\" content=\"article\" \/>\n<meta property=\"og:title\" content=\"Bloco de Notas Herick Para ser Personalizado |Brindes Publicit\u00e1rios Online\" \/>\n<meta property=\"og:description\" content=\"Bloco de notas. Acabamento com uma elegante combina\u00e7\u00e3o de poli\u00e9ster bicolor. De 98 folhas ,Fecho el\u00e1stico e marcadores de tecido a condizer.\" \/>\n<meta property=\"og:url\" content=\"https:\/\/hiperfilme.com\/Site-TR\/catalogo-brindes\/escritorio\/blocos-cadernos\/bloco-de-notas-herick-para-ser-personalizado\/\" \/>\n<meta property=\"og:site_name\" content=\"Hiperfilme_TR\" \/>\n<meta property=\"article:modified_time\" content=\"2021-12-23T14:51:03+00:00\" \/>\n<meta property=\"og:image\" content=\"https:\/\/hiperfilme.com\/Site-TR\/wp-content\/uploads\/2020\/11\/5835TR-bloco-notas-herick-personalizavel-preto.jpg\" \/>\n\t<meta property=\"og:image:width\" content=\"700\" \/>\n\t<meta property=\"og:image:height\" content=\"800\" \/>\n<meta name=\"twitter:card\" content=\"summary_large_image\" \/>\n<script type=\"application\/ld+json\" class=\"yoast-schema-graph\">{\"@context\":\"https:\/\/schema.org\",\"@graph\":[{\"@type\":\"Organization\",\"@id\":\"https:\/\/hiperfilme.com\/Site-TR\/#organization\",\"name\":\"Triangulo Requintado\",\"url\":\"https:\/\/hiperfilme.com\/Site-TR\/\",\"sameAs\":[],\"logo\":{\"@type\":\"ImageObject\",\"@id\":\"https:\/\/hiperfilme.com\/Site-TR\/#logo\",\"inLanguage\":\"pt-PT\",\"url\":\"https:\/\/triangulorequintado.com\/wp-content\/uploads\/2020\/10\/logo-triangulo-requintado-color-248.png\",\"contentUrl\":\"https:\/\/triangulorequintado.com\/wp-content\/uploads\/2020\/10\/logo-triangulo-requintado-color-248.png\",\"width\":248,\"height\":96,\"caption\":\"Triangulo Requintado\"},\"image\":{\"@id\":\"https:\/\/hiperfilme.com\/Site-TR\/#logo\"}},{\"@type\":\"WebSite\",\"@id\":\"https:\/\/hiperfilme.com\/Site-TR\/#website\",\"url\":\"https:\/\/hiperfilme.com\/Site-TR\/\",\"name\":\"Triangulo Requintado\",\"description\":\"Estampagens e Brindes\",\"publisher\":{\"@id\":\"https:\/\/hiperfilme.com\/Site-TR\/#organization\"},\"potentialAction\":[{\"@type\":\"SearchAction\",\"target\":{\"@type\":\"EntryPoint\",\"urlTemplate\":\"https:\/\/hiperfilme.com\/Site-TR\/?s={search_term_string}\"},\"query-input\":\"required name=search_term_string\"}],\"inLanguage\":\"pt-PT\"},{\"@type\":\"ImageObject\",\"@id\":\"https:\/\/hiperfilme.com\/Site-TR\/catalogo-brindes\/escritorio\/blocos-cadernos\/bloco-de-notas-herick-para-ser-personalizado\/#primaryimage\",\"inLanguage\":\"pt-PT\",\"url\":\"https:\/\/hiperfilme.com\/Site-TR\/wp-content\/uploads\/2020\/11\/5835TR-bloco-notas-herick-personalizavel-preto.jpg\",\"contentUrl\":\"https:\/\/hiperfilme.com\/Site-TR\/wp-content\/uploads\/2020\/11\/5835TR-bloco-notas-herick-personalizavel-preto.jpg\",\"width\":700,\"height\":800},{\"@type\":\"WebPage\",\"@id\":\"https:\/\/hiperfilme.com\/Site-TR\/catalogo-brindes\/escritorio\/blocos-cadernos\/bloco-de-notas-herick-para-ser-personalizado\/#webpage\",\"url\":\"https:\/\/hiperfilme.com\/Site-TR\/catalogo-brindes\/escritorio\/blocos-cadernos\/bloco-de-notas-herick-para-ser-personalizado\/\",\"name\":\"Bloco de Notas Herick Para ser Personalizado |Brindes Publicit\\u00e1rios Online\",\"isPartOf\":{\"@id\":\"https:\/\/hiperfilme.com\/Site-TR\/#website\"},\"primaryImageOfPage\":{\"@id\":\"https:\/\/hiperfilme.com\/Site-TR\/catalogo-brindes\/escritorio\/blocos-cadernos\/bloco-de-notas-herick-para-ser-personalizado\/#primaryimage\"},\"datePublished\":\"2020-11-01T18:46:29+00:00\",\"dateModified\":\"2021-12-23T14:51:03+00:00\",\"description\":\"Bloco de notas. Acabamento com uma elegante combina\\u00e7\\u00e3o de poli\\u00e9ster bicolor. De 98 folhas ,Fecho el\\u00e1stico e marcadores de tecido a condizer.\",\"breadcrumb\":{\"@id\":\"https:\/\/hiperfilme.com\/Site-TR\/catalogo-brindes\/escritorio\/blocos-cadernos\/bloco-de-notas-herick-para-ser-personalizado\/#breadcrumb\"},\"inLanguage\":\"pt-PT\",\"potentialAction\":[{\"@type\":\"ReadAction\",\"target\":[\"https:\/\/hiperfilme.com\/Site-TR\/catalogo-brindes\/escritorio\/blocos-cadernos\/bloco-de-notas-herick-para-ser-personalizado\/\"]}]},{\"@type\":\"BreadcrumbList\",\"@id\":\"https:\/\/hiperfilme.com\/Site-TR\/catalogo-brindes\/escritorio\/blocos-cadernos\/bloco-de-notas-herick-para-ser-personalizado\/#breadcrumb\",\"itemListElement\":[{\"@type\":\"ListItem\",\"position\":1,\"name\":\"In\\u00edcio\",\"item\":\"https:\/\/hiperfilme.com\/Site-TR\/\"},{\"@type\":\"ListItem\",\"position\":2,\"name\":\"Cat\\u00e1logo de Brindes\",\"item\":\"https:\/\/hiperfilme.com\/Site-TR\/catalogo-brindes\/\"},{\"@type\":\"ListItem\",\"position\":3,\"name\":\"Bloco de Notas Herick Para ser Personalizado\"}]}]}<\/script>\n<!-- \/ Yoast SEO plugin. -->","yoast_head_json":{"title":"Bloco de Notas Herick Para ser Personalizado |Brindes Publicit\u00e1rios Online","description":"Bloco de notas. Acabamento com uma elegante combina\u00e7\u00e3o de poli\u00e9ster bicolor. De 98 folhas ,Fecho el\u00e1stico e marcadores de tecido a condizer.","robots":{"index":"index","follow":"follow","max-snippet":"max-snippet:-1","max-image-preview":"max-image-preview:large","max-video-preview":"max-video-preview:-1"},"canonical":"https:\/\/hiperfilme.com\/Site-TR\/catalogo-brindes\/escritorio\/blocos-cadernos\/bloco-de-notas-herick-para-ser-personalizado\/","og_locale":"pt_PT","og_type":"article","og_title":"Bloco de Notas Herick Para ser Personalizado |Brindes Publicit\u00e1rios Online","og_description":"Bloco de notas. Acabamento com uma elegante combina\u00e7\u00e3o de poli\u00e9ster bicolor. De 98 folhas ,Fecho el\u00e1stico e marcadores de tecido a condizer.","og_url":"https:\/\/hiperfilme.com\/Site-TR\/catalogo-brindes\/escritorio\/blocos-cadernos\/bloco-de-notas-herick-para-ser-personalizado\/","og_site_name":"Hiperfilme_TR","article_modified_time":"2021-12-23T14:51:03+00:00","og_image":[{"width":700,"height":800,"url":"https:\/\/hiperfilme.com\/Site-TR\/wp-content\/uploads\/2020\/11\/5835TR-bloco-notas-herick-personalizavel-preto.jpg","type":"image\/jpeg"}],"twitter_card":"summary_large_image","schema":{"@context":"https:\/\/schema.org","@graph":[{"@type":"Organization","@id":"https:\/\/hiperfilme.com\/Site-TR\/#organization","name":"Triangulo Requintado","url":"https:\/\/hiperfilme.com\/Site-TR\/","sameAs":[],"logo":{"@type":"ImageObject","@id":"https:\/\/hiperfilme.com\/Site-TR\/#logo","inLanguage":"pt-PT","url":"https:\/\/triangulorequintado.com\/wp-content\/uploads\/2020\/10\/logo-triangulo-requintado-color-248.png","contentUrl":"https:\/\/triangulorequintado.com\/wp-content\/uploads\/2020\/10\/logo-triangulo-requintado-color-248.png","width":248,"height":96,"caption":"Triangulo Requintado"},"image":{"@id":"https:\/\/hiperfilme.com\/Site-TR\/#logo"}},{"@type":"WebSite","@id":"https:\/\/hiperfilme.com\/Site-TR\/#website","url":"https:\/\/hiperfilme.com\/Site-TR\/","name":"Triangulo Requintado","description":"Estampagens e Brindes","publisher":{"@id":"https:\/\/hiperfilme.com\/Site-TR\/#organization"},"potentialAction":[{"@type":"SearchAction","target":{"@type":"EntryPoint","urlTemplate":"https:\/\/hiperfilme.com\/Site-TR\/?s={search_term_string}"},"query-input":"required name=search_term_string"}],"inLanguage":"pt-PT"},{"@type":"ImageObject","@id":"https:\/\/hiperfilme.com\/Site-TR\/catalogo-brindes\/escritorio\/blocos-cadernos\/bloco-de-notas-herick-para-ser-personalizado\/#primaryimage","inLanguage":"pt-PT","url":"https:\/\/hiperfilme.com\/Site-TR\/wp-content\/uploads\/2020\/11\/5835TR-bloco-notas-herick-personalizavel-preto.jpg","contentUrl":"https:\/\/hiperfilme.com\/Site-TR\/wp-content\/uploads\/2020\/11\/5835TR-bloco-notas-herick-personalizavel-preto.jpg","width":700,"height":800},{"@type":"WebPage","@id":"https:\/\/hiperfilme.com\/Site-TR\/catalogo-brindes\/escritorio\/blocos-cadernos\/bloco-de-notas-herick-para-ser-personalizado\/#webpage","url":"https:\/\/hiperfilme.com\/Site-TR\/catalogo-brindes\/escritorio\/blocos-cadernos\/bloco-de-notas-herick-para-ser-personalizado\/","name":"Bloco de Notas Herick Para ser Personalizado |Brindes Publicit\u00e1rios Online","isPartOf":{"@id":"https:\/\/hiperfilme.com\/Site-TR\/#website"},"primaryImageOfPage":{"@id":"https:\/\/hiperfilme.com\/Site-TR\/catalogo-brindes\/escritorio\/blocos-cadernos\/bloco-de-notas-herick-para-ser-personalizado\/#primaryimage"},"datePublished":"2020-11-01T18:46:29+00:00","dateModified":"2021-12-23T14:51:03+00:00","description":"Bloco de notas. Acabamento com uma elegante combina\u00e7\u00e3o de poli\u00e9ster bicolor. De 98 folhas ,Fecho el\u00e1stico e marcadores de tecido a condizer.","breadcrumb":{"@id":"https:\/\/hiperfilme.com\/Site-TR\/catalogo-brindes\/escritorio\/blocos-cadernos\/bloco-de-notas-herick-para-ser-personalizado\/#breadcrumb"},"inLanguage":"pt-PT","potentialAction":[{"@type":"ReadAction","target":["https:\/\/hiperfilme.com\/Site-TR\/catalogo-brindes\/escritorio\/blocos-cadernos\/bloco-de-notas-herick-para-ser-personalizado\/"]}]},{"@type":"BreadcrumbList","@id":"https:\/\/hiperfilme.com\/Site-TR\/catalogo-brindes\/escritorio\/blocos-cadernos\/bloco-de-notas-herick-para-ser-personalizado\/#breadcrumb","itemListElement":[{"@type":"ListItem","position":1,"name":"In\u00edcio","item":"https:\/\/hiperfilme.com\/Site-TR\/"},{"@type":"ListItem","position":2,"name":"Cat\u00e1logo de Brindes","item":"https:\/\/hiperfilme.com\/Site-TR\/catalogo-brindes\/"},{"@type":"ListItem","position":3,"name":"Bloco de Notas Herick Para ser Personalizado"}]}]}},"_links":{"self":[{"href":"https:\/\/hiperfilme.com\/Site-TR\/wp-json\/wp\/v2\/product\/2435"}],"collection":[{"href":"https:\/\/hiperfilme.com\/Site-TR\/wp-json\/wp\/v2\/product"}],"about":[{"href":"https:\/\/hiperfilme.com\/Site-TR\/wp-json\/wp\/v2\/types\/product"}],"wp:featuredmedia":[{"embeddable":true,"href":"https:\/\/hiperfilme.com\/Site-TR\/wp-json\/wp\/v2\/media\/2442"}],"wp:attachment":[{"href":"https:\/\/hiperfilme.com\/Site-TR\/wp-json\/wp\/v2\/media?parent=2435"}],"wp:term":[{"taxonomy":"product_cat","embeddable":true,"href":"https:\/\/hiperfilme.com\/Site-TR\/wp-json\/wp\/v2\/product_cat?post=2435"},{"taxonomy":"product_tag","embeddable":true,"href":"https:\/\/hiperfilme.com\/Site-TR\/wp-json\/wp\/v2\/product_tag?post=2435"}],"curies":[{"name":"wp","href":"https:\/\/api.w.org\/{rel}","templated":true}]}}