{"id":2176,"date":"2020-10-27T03:47:39","date_gmt":"2020-10-27T03:47:39","guid":{"rendered":"http:\/\/localhost:8888\/?post_type=product&#038;p=2176"},"modified":"2021-12-23T14:42:03","modified_gmt":"2021-12-23T14:42:03","slug":"base-copos-madeira-palete-personalizacao","status":"publish","type":"product","link":"https:\/\/hiperfilme.com\/Site-TR\/catalogo-brindes\/liquidos\/bases-copos\/base-copos-madeira-palete-personalizacao\/","title":{"rendered":"Base para Copos em Madeira estilo Palete para Personaliza\u00e7\u00e3o"},"content":{"rendered":"<ul>\n<li>Dimens\u00f5es: 11.5 x 1.5 x 7.5 cm<\/li>\n<li>Peso: 28 gr<\/li>\n<li>Material: Madeira<\/li>\n<\/ul>\n","protected":false},"excerpt":{"rendered":"<p>Base para Copos em Madeira estilo Palete para Personaliza\u00e7\u00e3o com 11.5 x 1.5 x 7.5 cm e apenas 28 gramas. \u00c9 um Brinde bastante criativo.<\/p>\n<p>Valor apresentado para o Brinde n\u00e3o personalizado. Contacte-nos para or\u00e7amentos de personaliza\u00e7\u00e3o e vantagens na compra de grandes quantidades.<\/p>\n","protected":false},"featured_media":2177,"template":"","meta":[],"product_cat":[139,137],"product_tag":[227],"yoast_head":"<!-- This site is optimized with the Yoast SEO plugin v17.8 - https:\/\/yoast.com\/wordpress\/plugins\/seo\/ -->\n<title>Base para Copos em Madeira estilo Palete para Personaliza\u00e7\u00e3o | Brindes<\/title>\n<meta name=\"description\" content=\"Base para Copos em Madeira estilo Palete para Personaliza\u00e7\u00e3o com 11.5 x 1.5 x 7.5 cm e apenas 28 gramas. \u00c9 um Brinde bastante criativo.\" \/>\n<meta name=\"robots\" content=\"index, follow, max-snippet:-1, max-image-preview:large, max-video-preview:-1\" \/>\n<link rel=\"canonical\" href=\"https:\/\/hiperfilme.com\/Site-TR\/catalogo-brindes\/liquidos\/bases-copos\/base-copos-madeira-palete-personalizacao\/\" \/>\n<meta property=\"og:locale\" content=\"pt_PT\" \/>\n<meta property=\"og:type\" content=\"article\" \/>\n<meta property=\"og:title\" content=\"Base para Copos em Madeira estilo Palete para Personaliza\u00e7\u00e3o | Brindes\" \/>\n<meta property=\"og:description\" content=\"Base para Copos em Madeira estilo Palete para Personaliza\u00e7\u00e3o com 11.5 x 1.5 x 7.5 cm e apenas 28 gramas. \u00c9 um Brinde bastante criativo.\" \/>\n<meta property=\"og:url\" content=\"https:\/\/hiperfilme.com\/Site-TR\/catalogo-brindes\/liquidos\/bases-copos\/base-copos-madeira-palete-personalizacao\/\" \/>\n<meta property=\"og:site_name\" content=\"Hiperfilme_TR\" \/>\n<meta property=\"article:modified_time\" content=\"2021-12-23T14:42:03+00:00\" \/>\n<meta property=\"og:image\" content=\"https:\/\/hiperfilme.com\/Site-TR\/wp-content\/uploads\/2020\/10\/6275TR-base-copos-1.jpg\" \/>\n\t<meta property=\"og:image:width\" content=\"700\" \/>\n\t<meta property=\"og:image:height\" content=\"800\" \/>\n<meta name=\"twitter:card\" content=\"summary_large_image\" \/>\n<script type=\"application\/ld+json\" class=\"yoast-schema-graph\">{\"@context\":\"https:\/\/schema.org\",\"@graph\":[{\"@type\":\"Organization\",\"@id\":\"https:\/\/hiperfilme.com\/Site-TR\/#organization\",\"name\":\"Triangulo Requintado\",\"url\":\"https:\/\/hiperfilme.com\/Site-TR\/\",\"sameAs\":[],\"logo\":{\"@type\":\"ImageObject\",\"@id\":\"https:\/\/hiperfilme.com\/Site-TR\/#logo\",\"inLanguage\":\"pt-PT\",\"url\":\"https:\/\/triangulorequintado.com\/wp-content\/uploads\/2020\/10\/logo-triangulo-requintado-color-248.png\",\"contentUrl\":\"https:\/\/triangulorequintado.com\/wp-content\/uploads\/2020\/10\/logo-triangulo-requintado-color-248.png\",\"width\":248,\"height\":96,\"caption\":\"Triangulo Requintado\"},\"image\":{\"@id\":\"https:\/\/hiperfilme.com\/Site-TR\/#logo\"}},{\"@type\":\"WebSite\",\"@id\":\"https:\/\/hiperfilme.com\/Site-TR\/#website\",\"url\":\"https:\/\/hiperfilme.com\/Site-TR\/\",\"name\":\"Triangulo Requintado\",\"description\":\"Estampagens e Brindes\",\"publisher\":{\"@id\":\"https:\/\/hiperfilme.com\/Site-TR\/#organization\"},\"potentialAction\":[{\"@type\":\"SearchAction\",\"target\":{\"@type\":\"EntryPoint\",\"urlTemplate\":\"https:\/\/hiperfilme.com\/Site-TR\/?s={search_term_string}\"},\"query-input\":\"required name=search_term_string\"}],\"inLanguage\":\"pt-PT\"},{\"@type\":\"ImageObject\",\"@id\":\"https:\/\/hiperfilme.com\/Site-TR\/catalogo-brindes\/liquidos\/bases-copos\/base-copos-madeira-palete-personalizacao\/#primaryimage\",\"inLanguage\":\"pt-PT\",\"url\":\"https:\/\/hiperfilme.com\/Site-TR\/wp-content\/uploads\/2020\/10\/6275TR-base-copos-1.jpg\",\"contentUrl\":\"https:\/\/hiperfilme.com\/Site-TR\/wp-content\/uploads\/2020\/10\/6275TR-base-copos-1.jpg\",\"width\":700,\"height\":800},{\"@type\":\"WebPage\",\"@id\":\"https:\/\/hiperfilme.com\/Site-TR\/catalogo-brindes\/liquidos\/bases-copos\/base-copos-madeira-palete-personalizacao\/#webpage\",\"url\":\"https:\/\/hiperfilme.com\/Site-TR\/catalogo-brindes\/liquidos\/bases-copos\/base-copos-madeira-palete-personalizacao\/\",\"name\":\"Base para Copos em Madeira estilo Palete para Personaliza\\u00e7\\u00e3o | Brindes\",\"isPartOf\":{\"@id\":\"https:\/\/hiperfilme.com\/Site-TR\/#website\"},\"primaryImageOfPage\":{\"@id\":\"https:\/\/hiperfilme.com\/Site-TR\/catalogo-brindes\/liquidos\/bases-copos\/base-copos-madeira-palete-personalizacao\/#primaryimage\"},\"datePublished\":\"2020-10-27T03:47:39+00:00\",\"dateModified\":\"2021-12-23T14:42:03+00:00\",\"description\":\"Base para Copos em Madeira estilo Palete para Personaliza\\u00e7\\u00e3o com 11.5 x 1.5 x 7.5 cm e apenas 28 gramas. \\u00c9 um Brinde bastante criativo.\",\"breadcrumb\":{\"@id\":\"https:\/\/hiperfilme.com\/Site-TR\/catalogo-brindes\/liquidos\/bases-copos\/base-copos-madeira-palete-personalizacao\/#breadcrumb\"},\"inLanguage\":\"pt-PT\",\"potentialAction\":[{\"@type\":\"ReadAction\",\"target\":[\"https:\/\/hiperfilme.com\/Site-TR\/catalogo-brindes\/liquidos\/bases-copos\/base-copos-madeira-palete-personalizacao\/\"]}]},{\"@type\":\"BreadcrumbList\",\"@id\":\"https:\/\/hiperfilme.com\/Site-TR\/catalogo-brindes\/liquidos\/bases-copos\/base-copos-madeira-palete-personalizacao\/#breadcrumb\",\"itemListElement\":[{\"@type\":\"ListItem\",\"position\":1,\"name\":\"In\\u00edcio\",\"item\":\"https:\/\/hiperfilme.com\/Site-TR\/\"},{\"@type\":\"ListItem\",\"position\":2,\"name\":\"Cat\\u00e1logo de Brindes\",\"item\":\"https:\/\/hiperfilme.com\/Site-TR\/catalogo-brindes\/\"},{\"@type\":\"ListItem\",\"position\":3,\"name\":\"Base para Copos em Madeira estilo Palete para Personaliza\\u00e7\\u00e3o\"}]}]}<\/script>\n<!-- \/ Yoast SEO plugin. -->","yoast_head_json":{"title":"Base para Copos em Madeira estilo Palete para Personaliza\u00e7\u00e3o | Brindes","description":"Base para Copos em Madeira estilo Palete para Personaliza\u00e7\u00e3o com 11.5 x 1.5 x 7.5 cm e apenas 28 gramas. \u00c9 um Brinde bastante criativo.","robots":{"index":"index","follow":"follow","max-snippet":"max-snippet:-1","max-image-preview":"max-image-preview:large","max-video-preview":"max-video-preview:-1"},"canonical":"https:\/\/hiperfilme.com\/Site-TR\/catalogo-brindes\/liquidos\/bases-copos\/base-copos-madeira-palete-personalizacao\/","og_locale":"pt_PT","og_type":"article","og_title":"Base para Copos em Madeira estilo Palete para Personaliza\u00e7\u00e3o | Brindes","og_description":"Base para Copos em Madeira estilo Palete para Personaliza\u00e7\u00e3o com 11.5 x 1.5 x 7.5 cm e apenas 28 gramas. \u00c9 um Brinde bastante criativo.","og_url":"https:\/\/hiperfilme.com\/Site-TR\/catalogo-brindes\/liquidos\/bases-copos\/base-copos-madeira-palete-personalizacao\/","og_site_name":"Hiperfilme_TR","article_modified_time":"2021-12-23T14:42:03+00:00","og_image":[{"width":700,"height":800,"url":"https:\/\/hiperfilme.com\/Site-TR\/wp-content\/uploads\/2020\/10\/6275TR-base-copos-1.jpg","type":"image\/jpeg"}],"twitter_card":"summary_large_image","schema":{"@context":"https:\/\/schema.org","@graph":[{"@type":"Organization","@id":"https:\/\/hiperfilme.com\/Site-TR\/#organization","name":"Triangulo Requintado","url":"https:\/\/hiperfilme.com\/Site-TR\/","sameAs":[],"logo":{"@type":"ImageObject","@id":"https:\/\/hiperfilme.com\/Site-TR\/#logo","inLanguage":"pt-PT","url":"https:\/\/triangulorequintado.com\/wp-content\/uploads\/2020\/10\/logo-triangulo-requintado-color-248.png","contentUrl":"https:\/\/triangulorequintado.com\/wp-content\/uploads\/2020\/10\/logo-triangulo-requintado-color-248.png","width":248,"height":96,"caption":"Triangulo Requintado"},"image":{"@id":"https:\/\/hiperfilme.com\/Site-TR\/#logo"}},{"@type":"WebSite","@id":"https:\/\/hiperfilme.com\/Site-TR\/#website","url":"https:\/\/hiperfilme.com\/Site-TR\/","name":"Triangulo Requintado","description":"Estampagens e Brindes","publisher":{"@id":"https:\/\/hiperfilme.com\/Site-TR\/#organization"},"potentialAction":[{"@type":"SearchAction","target":{"@type":"EntryPoint","urlTemplate":"https:\/\/hiperfilme.com\/Site-TR\/?s={search_term_string}"},"query-input":"required name=search_term_string"}],"inLanguage":"pt-PT"},{"@type":"ImageObject","@id":"https:\/\/hiperfilme.com\/Site-TR\/catalogo-brindes\/liquidos\/bases-copos\/base-copos-madeira-palete-personalizacao\/#primaryimage","inLanguage":"pt-PT","url":"https:\/\/hiperfilme.com\/Site-TR\/wp-content\/uploads\/2020\/10\/6275TR-base-copos-1.jpg","contentUrl":"https:\/\/hiperfilme.com\/Site-TR\/wp-content\/uploads\/2020\/10\/6275TR-base-copos-1.jpg","width":700,"height":800},{"@type":"WebPage","@id":"https:\/\/hiperfilme.com\/Site-TR\/catalogo-brindes\/liquidos\/bases-copos\/base-copos-madeira-palete-personalizacao\/#webpage","url":"https:\/\/hiperfilme.com\/Site-TR\/catalogo-brindes\/liquidos\/bases-copos\/base-copos-madeira-palete-personalizacao\/","name":"Base para Copos em Madeira estilo Palete para Personaliza\u00e7\u00e3o | Brindes","isPartOf":{"@id":"https:\/\/hiperfilme.com\/Site-TR\/#website"},"primaryImageOfPage":{"@id":"https:\/\/hiperfilme.com\/Site-TR\/catalogo-brindes\/liquidos\/bases-copos\/base-copos-madeira-palete-personalizacao\/#primaryimage"},"datePublished":"2020-10-27T03:47:39+00:00","dateModified":"2021-12-23T14:42:03+00:00","description":"Base para Copos em Madeira estilo Palete para Personaliza\u00e7\u00e3o com 11.5 x 1.5 x 7.5 cm e apenas 28 gramas. \u00c9 um Brinde bastante criativo.","breadcrumb":{"@id":"https:\/\/hiperfilme.com\/Site-TR\/catalogo-brindes\/liquidos\/bases-copos\/base-copos-madeira-palete-personalizacao\/#breadcrumb"},"inLanguage":"pt-PT","potentialAction":[{"@type":"ReadAction","target":["https:\/\/hiperfilme.com\/Site-TR\/catalogo-brindes\/liquidos\/bases-copos\/base-copos-madeira-palete-personalizacao\/"]}]},{"@type":"BreadcrumbList","@id":"https:\/\/hiperfilme.com\/Site-TR\/catalogo-brindes\/liquidos\/bases-copos\/base-copos-madeira-palete-personalizacao\/#breadcrumb","itemListElement":[{"@type":"ListItem","position":1,"name":"In\u00edcio","item":"https:\/\/hiperfilme.com\/Site-TR\/"},{"@type":"ListItem","position":2,"name":"Cat\u00e1logo de Brindes","item":"https:\/\/hiperfilme.com\/Site-TR\/catalogo-brindes\/"},{"@type":"ListItem","position":3,"name":"Base para Copos em Madeira estilo Palete para Personaliza\u00e7\u00e3o"}]}]}},"_links":{"self":[{"href":"https:\/\/hiperfilme.com\/Site-TR\/wp-json\/wp\/v2\/product\/2176"}],"collection":[{"href":"https:\/\/hiperfilme.com\/Site-TR\/wp-json\/wp\/v2\/product"}],"about":[{"href":"https:\/\/hiperfilme.com\/Site-TR\/wp-json\/wp\/v2\/types\/product"}],"wp:featuredmedia":[{"embeddable":true,"href":"https:\/\/hiperfilme.com\/Site-TR\/wp-json\/wp\/v2\/media\/2177"}],"wp:attachment":[{"href":"https:\/\/hiperfilme.com\/Site-TR\/wp-json\/wp\/v2\/media?parent=2176"}],"wp:term":[{"taxonomy":"product_cat","embeddable":true,"href":"https:\/\/hiperfilme.com\/Site-TR\/wp-json\/wp\/v2\/product_cat?post=2176"},{"taxonomy":"product_tag","embeddable":true,"href":"https:\/\/hiperfilme.com\/Site-TR\/wp-json\/wp\/v2\/product_tag?post=2176"}],"curies":[{"name":"wp","href":"https:\/\/api.w.org\/{rel}","templated":true}]}}