{"id":2043,"date":"2020-10-26T17:29:51","date_gmt":"2020-10-26T17:29:51","guid":{"rendered":"http:\/\/localhost:8888\/?post_type=product&#038;p=2043"},"modified":"2021-12-23T12:37:19","modified_gmt":"2021-12-23T12:37:19","slug":"caderno-tunel-personalizado","status":"publish","type":"product","link":"https:\/\/hiperfilme.com\/Site-TR\/catalogo-brindes\/escritorio\/blocos-cadernos\/caderno-tunel-personalizado\/","title":{"rendered":"Caderno Tunel para ser Personalizado"},"content":{"rendered":"<ul>\n<li>Capa R\u00edgida<\/li>\n<li>60 Folhas<\/li>\n<li>Esferogr\u00e1fica em Cart\u00e3o Reciclado Inclu\u00edda<\/li>\n<li>Dimens\u00f5es: 16.5 x 21 x 1 cm<\/li>\n<li>Peso: 180 gr.<\/li>\n<\/ul>\n","protected":false},"excerpt":{"rendered":"<p>Caderno Tunel para ser Personalizado dispon\u00edvel em v\u00e1rias cores. Caderno de capa r\u00edgida e 60 folhas com esferogr\u00e1fica em cart\u00e3o reclicado inclu\u00edda.<\/p>\n<p>Valor apresentado para o Brinde n\u00e3o personalizado. Contacte-nos para or\u00e7amentos de personaliza\u00e7\u00e3o e vantagens na compra de grandes quantidades.<\/p>\n","protected":false},"featured_media":2051,"template":"","meta":[],"product_cat":[151,147],"product_tag":[],"yoast_head":"<!-- This site is optimized with the Yoast SEO plugin v17.8 - https:\/\/yoast.com\/wordpress\/plugins\/seo\/ -->\n<title>Caderno Tunel para ser Personalizado - V\u00e1rias Cores | Brindes Online<\/title>\n<meta name=\"description\" content=\"Caderno Tunel para ser Personalizado dispon\u00edvel em v\u00e1rias cores. Caderno de capa r\u00edgida e 60 folhas com esferogr\u00e1fica em cart\u00e3o reclicado.\" \/>\n<meta name=\"robots\" content=\"index, follow, max-snippet:-1, max-image-preview:large, max-video-preview:-1\" \/>\n<link rel=\"canonical\" href=\"https:\/\/hiperfilme.com\/Site-TR\/catalogo-brindes\/escritorio\/blocos-cadernos\/caderno-tunel-personalizado\/\" \/>\n<meta property=\"og:locale\" content=\"pt_PT\" \/>\n<meta property=\"og:type\" content=\"article\" \/>\n<meta property=\"og:title\" content=\"Caderno Tunel para ser Personalizado - V\u00e1rias Cores | Brindes Online\" \/>\n<meta property=\"og:description\" content=\"Caderno Tunel para ser Personalizado dispon\u00edvel em v\u00e1rias cores. Caderno de capa r\u00edgida e 60 folhas com esferogr\u00e1fica em cart\u00e3o reclicado.\" \/>\n<meta property=\"og:url\" content=\"https:\/\/hiperfilme.com\/Site-TR\/catalogo-brindes\/escritorio\/blocos-cadernos\/caderno-tunel-personalizado\/\" \/>\n<meta property=\"og:site_name\" content=\"Hiperfilme_TR\" \/>\n<meta property=\"article:modified_time\" content=\"2021-12-23T12:37:19+00:00\" \/>\n<meta property=\"og:image\" content=\"https:\/\/hiperfilme.com\/Site-TR\/wp-content\/uploads\/2020\/10\/3437TR-caderno-personalizado-1.jpg\" \/>\n\t<meta property=\"og:image:width\" content=\"700\" \/>\n\t<meta property=\"og:image:height\" content=\"800\" \/>\n<meta name=\"twitter:card\" content=\"summary_large_image\" \/>\n<script type=\"application\/ld+json\" class=\"yoast-schema-graph\">{\"@context\":\"https:\/\/schema.org\",\"@graph\":[{\"@type\":\"Organization\",\"@id\":\"https:\/\/hiperfilme.com\/Site-TR\/#organization\",\"name\":\"Triangulo Requintado\",\"url\":\"https:\/\/hiperfilme.com\/Site-TR\/\",\"sameAs\":[],\"logo\":{\"@type\":\"ImageObject\",\"@id\":\"https:\/\/hiperfilme.com\/Site-TR\/#logo\",\"inLanguage\":\"pt-PT\",\"url\":\"https:\/\/triangulorequintado.com\/wp-content\/uploads\/2020\/10\/logo-triangulo-requintado-color-248.png\",\"contentUrl\":\"https:\/\/triangulorequintado.com\/wp-content\/uploads\/2020\/10\/logo-triangulo-requintado-color-248.png\",\"width\":248,\"height\":96,\"caption\":\"Triangulo Requintado\"},\"image\":{\"@id\":\"https:\/\/hiperfilme.com\/Site-TR\/#logo\"}},{\"@type\":\"WebSite\",\"@id\":\"https:\/\/hiperfilme.com\/Site-TR\/#website\",\"url\":\"https:\/\/hiperfilme.com\/Site-TR\/\",\"name\":\"Triangulo Requintado\",\"description\":\"Estampagens e Brindes\",\"publisher\":{\"@id\":\"https:\/\/hiperfilme.com\/Site-TR\/#organization\"},\"potentialAction\":[{\"@type\":\"SearchAction\",\"target\":{\"@type\":\"EntryPoint\",\"urlTemplate\":\"https:\/\/hiperfilme.com\/Site-TR\/?s={search_term_string}\"},\"query-input\":\"required name=search_term_string\"}],\"inLanguage\":\"pt-PT\"},{\"@type\":\"ImageObject\",\"@id\":\"https:\/\/hiperfilme.com\/Site-TR\/catalogo-brindes\/escritorio\/blocos-cadernos\/caderno-tunel-personalizado\/#primaryimage\",\"inLanguage\":\"pt-PT\",\"url\":\"https:\/\/hiperfilme.com\/Site-TR\/wp-content\/uploads\/2020\/10\/3437TR-caderno-personalizado-1.jpg\",\"contentUrl\":\"https:\/\/hiperfilme.com\/Site-TR\/wp-content\/uploads\/2020\/10\/3437TR-caderno-personalizado-1.jpg\",\"width\":700,\"height\":800},{\"@type\":\"WebPage\",\"@id\":\"https:\/\/hiperfilme.com\/Site-TR\/catalogo-brindes\/escritorio\/blocos-cadernos\/caderno-tunel-personalizado\/#webpage\",\"url\":\"https:\/\/hiperfilme.com\/Site-TR\/catalogo-brindes\/escritorio\/blocos-cadernos\/caderno-tunel-personalizado\/\",\"name\":\"Caderno Tunel para ser Personalizado - V\\u00e1rias Cores | Brindes Online\",\"isPartOf\":{\"@id\":\"https:\/\/hiperfilme.com\/Site-TR\/#website\"},\"primaryImageOfPage\":{\"@id\":\"https:\/\/hiperfilme.com\/Site-TR\/catalogo-brindes\/escritorio\/blocos-cadernos\/caderno-tunel-personalizado\/#primaryimage\"},\"datePublished\":\"2020-10-26T17:29:51+00:00\",\"dateModified\":\"2021-12-23T12:37:19+00:00\",\"description\":\"Caderno Tunel para ser Personalizado dispon\\u00edvel em v\\u00e1rias cores. Caderno de capa r\\u00edgida e 60 folhas com esferogr\\u00e1fica em cart\\u00e3o reclicado.\",\"breadcrumb\":{\"@id\":\"https:\/\/hiperfilme.com\/Site-TR\/catalogo-brindes\/escritorio\/blocos-cadernos\/caderno-tunel-personalizado\/#breadcrumb\"},\"inLanguage\":\"pt-PT\",\"potentialAction\":[{\"@type\":\"ReadAction\",\"target\":[\"https:\/\/hiperfilme.com\/Site-TR\/catalogo-brindes\/escritorio\/blocos-cadernos\/caderno-tunel-personalizado\/\"]}]},{\"@type\":\"BreadcrumbList\",\"@id\":\"https:\/\/hiperfilme.com\/Site-TR\/catalogo-brindes\/escritorio\/blocos-cadernos\/caderno-tunel-personalizado\/#breadcrumb\",\"itemListElement\":[{\"@type\":\"ListItem\",\"position\":1,\"name\":\"In\\u00edcio\",\"item\":\"https:\/\/hiperfilme.com\/Site-TR\/\"},{\"@type\":\"ListItem\",\"position\":2,\"name\":\"Cat\\u00e1logo de Brindes\",\"item\":\"https:\/\/hiperfilme.com\/Site-TR\/catalogo-brindes\/\"},{\"@type\":\"ListItem\",\"position\":3,\"name\":\"Caderno Tunel para ser Personalizado\"}]}]}<\/script>\n<!-- \/ Yoast SEO plugin. -->","yoast_head_json":{"title":"Caderno Tunel para ser Personalizado - V\u00e1rias Cores | Brindes Online","description":"Caderno Tunel para ser Personalizado dispon\u00edvel em v\u00e1rias cores. Caderno de capa r\u00edgida e 60 folhas com esferogr\u00e1fica em cart\u00e3o reclicado.","robots":{"index":"index","follow":"follow","max-snippet":"max-snippet:-1","max-image-preview":"max-image-preview:large","max-video-preview":"max-video-preview:-1"},"canonical":"https:\/\/hiperfilme.com\/Site-TR\/catalogo-brindes\/escritorio\/blocos-cadernos\/caderno-tunel-personalizado\/","og_locale":"pt_PT","og_type":"article","og_title":"Caderno Tunel para ser Personalizado - V\u00e1rias Cores | Brindes Online","og_description":"Caderno Tunel para ser Personalizado dispon\u00edvel em v\u00e1rias cores. Caderno de capa r\u00edgida e 60 folhas com esferogr\u00e1fica em cart\u00e3o reclicado.","og_url":"https:\/\/hiperfilme.com\/Site-TR\/catalogo-brindes\/escritorio\/blocos-cadernos\/caderno-tunel-personalizado\/","og_site_name":"Hiperfilme_TR","article_modified_time":"2021-12-23T12:37:19+00:00","og_image":[{"width":700,"height":800,"url":"https:\/\/hiperfilme.com\/Site-TR\/wp-content\/uploads\/2020\/10\/3437TR-caderno-personalizado-1.jpg","type":"image\/jpeg"}],"twitter_card":"summary_large_image","schema":{"@context":"https:\/\/schema.org","@graph":[{"@type":"Organization","@id":"https:\/\/hiperfilme.com\/Site-TR\/#organization","name":"Triangulo Requintado","url":"https:\/\/hiperfilme.com\/Site-TR\/","sameAs":[],"logo":{"@type":"ImageObject","@id":"https:\/\/hiperfilme.com\/Site-TR\/#logo","inLanguage":"pt-PT","url":"https:\/\/triangulorequintado.com\/wp-content\/uploads\/2020\/10\/logo-triangulo-requintado-color-248.png","contentUrl":"https:\/\/triangulorequintado.com\/wp-content\/uploads\/2020\/10\/logo-triangulo-requintado-color-248.png","width":248,"height":96,"caption":"Triangulo Requintado"},"image":{"@id":"https:\/\/hiperfilme.com\/Site-TR\/#logo"}},{"@type":"WebSite","@id":"https:\/\/hiperfilme.com\/Site-TR\/#website","url":"https:\/\/hiperfilme.com\/Site-TR\/","name":"Triangulo Requintado","description":"Estampagens e Brindes","publisher":{"@id":"https:\/\/hiperfilme.com\/Site-TR\/#organization"},"potentialAction":[{"@type":"SearchAction","target":{"@type":"EntryPoint","urlTemplate":"https:\/\/hiperfilme.com\/Site-TR\/?s={search_term_string}"},"query-input":"required name=search_term_string"}],"inLanguage":"pt-PT"},{"@type":"ImageObject","@id":"https:\/\/hiperfilme.com\/Site-TR\/catalogo-brindes\/escritorio\/blocos-cadernos\/caderno-tunel-personalizado\/#primaryimage","inLanguage":"pt-PT","url":"https:\/\/hiperfilme.com\/Site-TR\/wp-content\/uploads\/2020\/10\/3437TR-caderno-personalizado-1.jpg","contentUrl":"https:\/\/hiperfilme.com\/Site-TR\/wp-content\/uploads\/2020\/10\/3437TR-caderno-personalizado-1.jpg","width":700,"height":800},{"@type":"WebPage","@id":"https:\/\/hiperfilme.com\/Site-TR\/catalogo-brindes\/escritorio\/blocos-cadernos\/caderno-tunel-personalizado\/#webpage","url":"https:\/\/hiperfilme.com\/Site-TR\/catalogo-brindes\/escritorio\/blocos-cadernos\/caderno-tunel-personalizado\/","name":"Caderno Tunel para ser Personalizado - V\u00e1rias Cores | Brindes Online","isPartOf":{"@id":"https:\/\/hiperfilme.com\/Site-TR\/#website"},"primaryImageOfPage":{"@id":"https:\/\/hiperfilme.com\/Site-TR\/catalogo-brindes\/escritorio\/blocos-cadernos\/caderno-tunel-personalizado\/#primaryimage"},"datePublished":"2020-10-26T17:29:51+00:00","dateModified":"2021-12-23T12:37:19+00:00","description":"Caderno Tunel para ser Personalizado dispon\u00edvel em v\u00e1rias cores. Caderno de capa r\u00edgida e 60 folhas com esferogr\u00e1fica em cart\u00e3o reclicado.","breadcrumb":{"@id":"https:\/\/hiperfilme.com\/Site-TR\/catalogo-brindes\/escritorio\/blocos-cadernos\/caderno-tunel-personalizado\/#breadcrumb"},"inLanguage":"pt-PT","potentialAction":[{"@type":"ReadAction","target":["https:\/\/hiperfilme.com\/Site-TR\/catalogo-brindes\/escritorio\/blocos-cadernos\/caderno-tunel-personalizado\/"]}]},{"@type":"BreadcrumbList","@id":"https:\/\/hiperfilme.com\/Site-TR\/catalogo-brindes\/escritorio\/blocos-cadernos\/caderno-tunel-personalizado\/#breadcrumb","itemListElement":[{"@type":"ListItem","position":1,"name":"In\u00edcio","item":"https:\/\/hiperfilme.com\/Site-TR\/"},{"@type":"ListItem","position":2,"name":"Cat\u00e1logo de Brindes","item":"https:\/\/hiperfilme.com\/Site-TR\/catalogo-brindes\/"},{"@type":"ListItem","position":3,"name":"Caderno Tunel para ser Personalizado"}]}]}},"_links":{"self":[{"href":"https:\/\/hiperfilme.com\/Site-TR\/wp-json\/wp\/v2\/product\/2043"}],"collection":[{"href":"https:\/\/hiperfilme.com\/Site-TR\/wp-json\/wp\/v2\/product"}],"about":[{"href":"https:\/\/hiperfilme.com\/Site-TR\/wp-json\/wp\/v2\/types\/product"}],"wp:featuredmedia":[{"embeddable":true,"href":"https:\/\/hiperfilme.com\/Site-TR\/wp-json\/wp\/v2\/media\/2051"}],"wp:attachment":[{"href":"https:\/\/hiperfilme.com\/Site-TR\/wp-json\/wp\/v2\/media?parent=2043"}],"wp:term":[{"taxonomy":"product_cat","embeddable":true,"href":"https:\/\/hiperfilme.com\/Site-TR\/wp-json\/wp\/v2\/product_cat?post=2043"},{"taxonomy":"product_tag","embeddable":true,"href":"https:\/\/hiperfilme.com\/Site-TR\/wp-json\/wp\/v2\/product_tag?post=2043"}],"curies":[{"name":"wp","href":"https:\/\/api.w.org\/{rel}","templated":true}]}}