{"id":1990,"date":"2020-10-26T16:12:22","date_gmt":"2020-10-26T16:12:22","guid":{"rendered":"http:\/\/localhost:8888\/?post_type=product&#038;p=1990"},"modified":"2021-12-23T11:25:45","modified_gmt":"2021-12-23T11:25:45","slug":"balao-personalizado-varias-cores","status":"publish","type":"product","link":"https:\/\/hiperfilme.com\/Site-TR\/catalogo-brindes\/festas-eventos\/balao-personalizado-varias-cores\/","title":{"rendered":"Bal\u00e3o para ser Personalizado em V\u00e1rias Cores"},"content":{"rendered":"","protected":false},"excerpt":{"rendered":"<p>Bal\u00e3o para ser Personalizado em V\u00e1rias Cores. Bal\u00e3o HG80i dispon\u00edvel por encomenda. Consulte-nos para informa\u00e7\u00f5es sobre pre\u00e7o e quantidades.<\/p>\n","protected":false},"featured_media":1992,"template":"","meta":[],"product_cat":[146],"product_tag":[241],"yoast_head":"<!-- This site is optimized with the Yoast SEO plugin v17.8 - https:\/\/yoast.com\/wordpress\/plugins\/seo\/ -->\n<title>Bal\u00e3o para ser Personalizado em V\u00e1rias Cores | Brindes Online<\/title>\n<meta name=\"description\" content=\"Bal\u00e3o para ser Personalizado em V\u00e1rias Cores. Bal\u00e3o HG80i dispon\u00edvel por encomenda. Consulte-nos para informa\u00e7\u00f5es sobre pre\u00e7o e quantidades.\" \/>\n<meta name=\"robots\" content=\"index, follow, max-snippet:-1, max-image-preview:large, max-video-preview:-1\" \/>\n<link rel=\"canonical\" href=\"https:\/\/hiperfilme.com\/Site-TR\/catalogo-brindes\/festas-eventos\/balao-personalizado-varias-cores\/\" \/>\n<meta property=\"og:locale\" content=\"pt_PT\" \/>\n<meta property=\"og:type\" content=\"article\" \/>\n<meta property=\"og:title\" content=\"Bal\u00e3o para ser Personalizado em V\u00e1rias Cores | Brindes Online\" \/>\n<meta property=\"og:description\" content=\"Bal\u00e3o para ser Personalizado em V\u00e1rias Cores. Bal\u00e3o HG80i dispon\u00edvel por encomenda. Consulte-nos para informa\u00e7\u00f5es sobre pre\u00e7o e quantidades.\" \/>\n<meta property=\"og:url\" content=\"https:\/\/hiperfilme.com\/Site-TR\/catalogo-brindes\/festas-eventos\/balao-personalizado-varias-cores\/\" \/>\n<meta property=\"og:site_name\" content=\"Hiperfilme_TR\" \/>\n<meta property=\"article:modified_time\" content=\"2021-12-23T11:25:45+00:00\" \/>\n<meta property=\"og:image\" content=\"https:\/\/hiperfilme.com\/Site-TR\/wp-content\/uploads\/2020\/10\/MVHG80ITR-balao-verde-lima.jpg\" \/>\n\t<meta property=\"og:image:width\" content=\"700\" \/>\n\t<meta property=\"og:image:height\" content=\"800\" \/>\n<meta name=\"twitter:card\" content=\"summary_large_image\" \/>\n<script type=\"application\/ld+json\" class=\"yoast-schema-graph\">{\"@context\":\"https:\/\/schema.org\",\"@graph\":[{\"@type\":\"Organization\",\"@id\":\"https:\/\/hiperfilme.com\/Site-TR\/#organization\",\"name\":\"Triangulo Requintado\",\"url\":\"https:\/\/hiperfilme.com\/Site-TR\/\",\"sameAs\":[],\"logo\":{\"@type\":\"ImageObject\",\"@id\":\"https:\/\/hiperfilme.com\/Site-TR\/#logo\",\"inLanguage\":\"pt-PT\",\"url\":\"https:\/\/triangulorequintado.com\/wp-content\/uploads\/2020\/10\/logo-triangulo-requintado-color-248.png\",\"contentUrl\":\"https:\/\/triangulorequintado.com\/wp-content\/uploads\/2020\/10\/logo-triangulo-requintado-color-248.png\",\"width\":248,\"height\":96,\"caption\":\"Triangulo Requintado\"},\"image\":{\"@id\":\"https:\/\/hiperfilme.com\/Site-TR\/#logo\"}},{\"@type\":\"WebSite\",\"@id\":\"https:\/\/hiperfilme.com\/Site-TR\/#website\",\"url\":\"https:\/\/hiperfilme.com\/Site-TR\/\",\"name\":\"Triangulo Requintado\",\"description\":\"Estampagens e Brindes\",\"publisher\":{\"@id\":\"https:\/\/hiperfilme.com\/Site-TR\/#organization\"},\"potentialAction\":[{\"@type\":\"SearchAction\",\"target\":{\"@type\":\"EntryPoint\",\"urlTemplate\":\"https:\/\/hiperfilme.com\/Site-TR\/?s={search_term_string}\"},\"query-input\":\"required name=search_term_string\"}],\"inLanguage\":\"pt-PT\"},{\"@type\":\"ImageObject\",\"@id\":\"https:\/\/hiperfilme.com\/Site-TR\/catalogo-brindes\/festas-eventos\/balao-personalizado-varias-cores\/#primaryimage\",\"inLanguage\":\"pt-PT\",\"url\":\"https:\/\/hiperfilme.com\/Site-TR\/wp-content\/uploads\/2020\/10\/MVHG80ITR-balao-verde-lima.jpg\",\"contentUrl\":\"https:\/\/hiperfilme.com\/Site-TR\/wp-content\/uploads\/2020\/10\/MVHG80ITR-balao-verde-lima.jpg\",\"width\":700,\"height\":800},{\"@type\":\"WebPage\",\"@id\":\"https:\/\/hiperfilme.com\/Site-TR\/catalogo-brindes\/festas-eventos\/balao-personalizado-varias-cores\/#webpage\",\"url\":\"https:\/\/hiperfilme.com\/Site-TR\/catalogo-brindes\/festas-eventos\/balao-personalizado-varias-cores\/\",\"name\":\"Bal\\u00e3o para ser Personalizado em V\\u00e1rias Cores | Brindes Online\",\"isPartOf\":{\"@id\":\"https:\/\/hiperfilme.com\/Site-TR\/#website\"},\"primaryImageOfPage\":{\"@id\":\"https:\/\/hiperfilme.com\/Site-TR\/catalogo-brindes\/festas-eventos\/balao-personalizado-varias-cores\/#primaryimage\"},\"datePublished\":\"2020-10-26T16:12:22+00:00\",\"dateModified\":\"2021-12-23T11:25:45+00:00\",\"description\":\"Bal\\u00e3o para ser Personalizado em V\\u00e1rias Cores. Bal\\u00e3o HG80i dispon\\u00edvel por encomenda. Consulte-nos para informa\\u00e7\\u00f5es sobre pre\\u00e7o e quantidades.\",\"breadcrumb\":{\"@id\":\"https:\/\/hiperfilme.com\/Site-TR\/catalogo-brindes\/festas-eventos\/balao-personalizado-varias-cores\/#breadcrumb\"},\"inLanguage\":\"pt-PT\",\"potentialAction\":[{\"@type\":\"ReadAction\",\"target\":[\"https:\/\/hiperfilme.com\/Site-TR\/catalogo-brindes\/festas-eventos\/balao-personalizado-varias-cores\/\"]}]},{\"@type\":\"BreadcrumbList\",\"@id\":\"https:\/\/hiperfilme.com\/Site-TR\/catalogo-brindes\/festas-eventos\/balao-personalizado-varias-cores\/#breadcrumb\",\"itemListElement\":[{\"@type\":\"ListItem\",\"position\":1,\"name\":\"In\\u00edcio\",\"item\":\"https:\/\/hiperfilme.com\/Site-TR\/\"},{\"@type\":\"ListItem\",\"position\":2,\"name\":\"Cat\\u00e1logo de Brindes\",\"item\":\"https:\/\/hiperfilme.com\/Site-TR\/catalogo-brindes\/\"},{\"@type\":\"ListItem\",\"position\":3,\"name\":\"Bal\\u00e3o para ser Personalizado em V\\u00e1rias Cores\"}]}]}<\/script>\n<!-- \/ Yoast SEO plugin. -->","yoast_head_json":{"title":"Bal\u00e3o para ser Personalizado em V\u00e1rias Cores | Brindes Online","description":"Bal\u00e3o para ser Personalizado em V\u00e1rias Cores. Bal\u00e3o HG80i dispon\u00edvel por encomenda. Consulte-nos para informa\u00e7\u00f5es sobre pre\u00e7o e quantidades.","robots":{"index":"index","follow":"follow","max-snippet":"max-snippet:-1","max-image-preview":"max-image-preview:large","max-video-preview":"max-video-preview:-1"},"canonical":"https:\/\/hiperfilme.com\/Site-TR\/catalogo-brindes\/festas-eventos\/balao-personalizado-varias-cores\/","og_locale":"pt_PT","og_type":"article","og_title":"Bal\u00e3o para ser Personalizado em V\u00e1rias Cores | Brindes Online","og_description":"Bal\u00e3o para ser Personalizado em V\u00e1rias Cores. Bal\u00e3o HG80i dispon\u00edvel por encomenda. Consulte-nos para informa\u00e7\u00f5es sobre pre\u00e7o e quantidades.","og_url":"https:\/\/hiperfilme.com\/Site-TR\/catalogo-brindes\/festas-eventos\/balao-personalizado-varias-cores\/","og_site_name":"Hiperfilme_TR","article_modified_time":"2021-12-23T11:25:45+00:00","og_image":[{"width":700,"height":800,"url":"https:\/\/hiperfilme.com\/Site-TR\/wp-content\/uploads\/2020\/10\/MVHG80ITR-balao-verde-lima.jpg","type":"image\/jpeg"}],"twitter_card":"summary_large_image","schema":{"@context":"https:\/\/schema.org","@graph":[{"@type":"Organization","@id":"https:\/\/hiperfilme.com\/Site-TR\/#organization","name":"Triangulo Requintado","url":"https:\/\/hiperfilme.com\/Site-TR\/","sameAs":[],"logo":{"@type":"ImageObject","@id":"https:\/\/hiperfilme.com\/Site-TR\/#logo","inLanguage":"pt-PT","url":"https:\/\/triangulorequintado.com\/wp-content\/uploads\/2020\/10\/logo-triangulo-requintado-color-248.png","contentUrl":"https:\/\/triangulorequintado.com\/wp-content\/uploads\/2020\/10\/logo-triangulo-requintado-color-248.png","width":248,"height":96,"caption":"Triangulo Requintado"},"image":{"@id":"https:\/\/hiperfilme.com\/Site-TR\/#logo"}},{"@type":"WebSite","@id":"https:\/\/hiperfilme.com\/Site-TR\/#website","url":"https:\/\/hiperfilme.com\/Site-TR\/","name":"Triangulo Requintado","description":"Estampagens e Brindes","publisher":{"@id":"https:\/\/hiperfilme.com\/Site-TR\/#organization"},"potentialAction":[{"@type":"SearchAction","target":{"@type":"EntryPoint","urlTemplate":"https:\/\/hiperfilme.com\/Site-TR\/?s={search_term_string}"},"query-input":"required name=search_term_string"}],"inLanguage":"pt-PT"},{"@type":"ImageObject","@id":"https:\/\/hiperfilme.com\/Site-TR\/catalogo-brindes\/festas-eventos\/balao-personalizado-varias-cores\/#primaryimage","inLanguage":"pt-PT","url":"https:\/\/hiperfilme.com\/Site-TR\/wp-content\/uploads\/2020\/10\/MVHG80ITR-balao-verde-lima.jpg","contentUrl":"https:\/\/hiperfilme.com\/Site-TR\/wp-content\/uploads\/2020\/10\/MVHG80ITR-balao-verde-lima.jpg","width":700,"height":800},{"@type":"WebPage","@id":"https:\/\/hiperfilme.com\/Site-TR\/catalogo-brindes\/festas-eventos\/balao-personalizado-varias-cores\/#webpage","url":"https:\/\/hiperfilme.com\/Site-TR\/catalogo-brindes\/festas-eventos\/balao-personalizado-varias-cores\/","name":"Bal\u00e3o para ser Personalizado em V\u00e1rias Cores | Brindes Online","isPartOf":{"@id":"https:\/\/hiperfilme.com\/Site-TR\/#website"},"primaryImageOfPage":{"@id":"https:\/\/hiperfilme.com\/Site-TR\/catalogo-brindes\/festas-eventos\/balao-personalizado-varias-cores\/#primaryimage"},"datePublished":"2020-10-26T16:12:22+00:00","dateModified":"2021-12-23T11:25:45+00:00","description":"Bal\u00e3o para ser Personalizado em V\u00e1rias Cores. Bal\u00e3o HG80i dispon\u00edvel por encomenda. Consulte-nos para informa\u00e7\u00f5es sobre pre\u00e7o e quantidades.","breadcrumb":{"@id":"https:\/\/hiperfilme.com\/Site-TR\/catalogo-brindes\/festas-eventos\/balao-personalizado-varias-cores\/#breadcrumb"},"inLanguage":"pt-PT","potentialAction":[{"@type":"ReadAction","target":["https:\/\/hiperfilme.com\/Site-TR\/catalogo-brindes\/festas-eventos\/balao-personalizado-varias-cores\/"]}]},{"@type":"BreadcrumbList","@id":"https:\/\/hiperfilme.com\/Site-TR\/catalogo-brindes\/festas-eventos\/balao-personalizado-varias-cores\/#breadcrumb","itemListElement":[{"@type":"ListItem","position":1,"name":"In\u00edcio","item":"https:\/\/hiperfilme.com\/Site-TR\/"},{"@type":"ListItem","position":2,"name":"Cat\u00e1logo de Brindes","item":"https:\/\/hiperfilme.com\/Site-TR\/catalogo-brindes\/"},{"@type":"ListItem","position":3,"name":"Bal\u00e3o para ser Personalizado em V\u00e1rias Cores"}]}]}},"_links":{"self":[{"href":"https:\/\/hiperfilme.com\/Site-TR\/wp-json\/wp\/v2\/product\/1990"}],"collection":[{"href":"https:\/\/hiperfilme.com\/Site-TR\/wp-json\/wp\/v2\/product"}],"about":[{"href":"https:\/\/hiperfilme.com\/Site-TR\/wp-json\/wp\/v2\/types\/product"}],"wp:featuredmedia":[{"embeddable":true,"href":"https:\/\/hiperfilme.com\/Site-TR\/wp-json\/wp\/v2\/media\/1992"}],"wp:attachment":[{"href":"https:\/\/hiperfilme.com\/Site-TR\/wp-json\/wp\/v2\/media?parent=1990"}],"wp:term":[{"taxonomy":"product_cat","embeddable":true,"href":"https:\/\/hiperfilme.com\/Site-TR\/wp-json\/wp\/v2\/product_cat?post=1990"},{"taxonomy":"product_tag","embeddable":true,"href":"https:\/\/hiperfilme.com\/Site-TR\/wp-json\/wp\/v2\/product_tag?post=1990"}],"curies":[{"name":"wp","href":"https:\/\/api.w.org\/{rel}","templated":true}]}}