{"id":13787,"date":"2022-04-14T15:36:09","date_gmt":"2022-04-14T15:36:09","guid":{"rendered":"https:\/\/triangulorequintado.com\/?post_type=product&#038;p=13787"},"modified":"2022-04-14T15:36:09","modified_gmt":"2022-04-14T15:36:09","slug":"caneca-ceramica-mini-sublim-personalizar","status":"publish","type":"product","link":"https:\/\/hiperfilme.com\/Site-TR\/catalogo-brindes\/liquidos\/canecas\/caneca-ceramica-mini-sublim-personalizar\/","title":{"rendered":"Caneca de cer\u00e2mica Mini Sublim para personalizar"},"content":{"rendered":"<p>Caneca de cer\u00e2mica<\/p>\n<p>Capacidade <span style=\"font-size: 1rem;\">200 ml<\/span><\/p>\n","protected":false},"excerpt":{"rendered":"<p>Caneca de cer\u00e2mica de capacidade de 200 ml com revestimento especial para sublima\u00e7\u00e3o. Embalagem individual em caixa de cart\u00e3o branca.<\/p>\n","protected":false},"featured_media":13789,"template":"","meta":[],"product_cat":[138,137],"product_tag":[245],"yoast_head":"<!-- This site is optimized with the Yoast SEO plugin v17.8 - https:\/\/yoast.com\/wordpress\/plugins\/seo\/ -->\n<title>Caneca de cer\u00e2mica Mini Sublim para personalizar | Brindes Online<\/title>\n<meta name=\"description\" content=\"Caneca de cer\u00e2mica de capacidade de 200 ml com revestimento especial para sublima\u00e7\u00e3o. Embalagem individual em caixa de cart\u00e3o branca.\" \/>\n<meta name=\"robots\" content=\"index, follow, max-snippet:-1, max-image-preview:large, max-video-preview:-1\" \/>\n<link rel=\"canonical\" href=\"https:\/\/hiperfilme.com\/Site-TR\/catalogo-brindes\/liquidos\/canecas\/caneca-ceramica-mini-sublim-personalizar\/\" \/>\n<meta property=\"og:locale\" content=\"pt_PT\" \/>\n<meta property=\"og:type\" content=\"article\" \/>\n<meta property=\"og:title\" content=\"Caneca de cer\u00e2mica Mini Sublim para personalizar | Brindes Online\" \/>\n<meta property=\"og:description\" content=\"Caneca de cer\u00e2mica de capacidade de 200 ml com revestimento especial para sublima\u00e7\u00e3o. Embalagem individual em caixa de cart\u00e3o branca.\" \/>\n<meta property=\"og:url\" content=\"https:\/\/hiperfilme.com\/Site-TR\/catalogo-brindes\/liquidos\/canecas\/caneca-ceramica-mini-sublim-personalizar\/\" \/>\n<meta property=\"og:site_name\" content=\"Hiperfilme_TR\" \/>\n<meta property=\"og:image\" content=\"https:\/\/hiperfilme.com\/Site-TR\/wp-content\/uploads\/2022\/04\/mo9244-06.jpg\" \/>\n\t<meta property=\"og:image:width\" content=\"700\" \/>\n\t<meta property=\"og:image:height\" content=\"700\" \/>\n<meta name=\"twitter:card\" content=\"summary_large_image\" \/>\n<meta name=\"twitter:label1\" content=\"Tempo estimado de leitura\" \/>\n\t<meta name=\"twitter:data1\" content=\"1 minuto\" \/>\n<script type=\"application\/ld+json\" class=\"yoast-schema-graph\">{\"@context\":\"https:\/\/schema.org\",\"@graph\":[{\"@type\":\"Organization\",\"@id\":\"https:\/\/hiperfilme.com\/Site-TR\/#organization\",\"name\":\"Triangulo Requintado\",\"url\":\"https:\/\/hiperfilme.com\/Site-TR\/\",\"sameAs\":[],\"logo\":{\"@type\":\"ImageObject\",\"@id\":\"https:\/\/hiperfilme.com\/Site-TR\/#logo\",\"inLanguage\":\"pt-PT\",\"url\":\"https:\/\/triangulorequintado.com\/wp-content\/uploads\/2020\/10\/logo-triangulo-requintado-color-248.png\",\"contentUrl\":\"https:\/\/triangulorequintado.com\/wp-content\/uploads\/2020\/10\/logo-triangulo-requintado-color-248.png\",\"width\":248,\"height\":96,\"caption\":\"Triangulo Requintado\"},\"image\":{\"@id\":\"https:\/\/hiperfilme.com\/Site-TR\/#logo\"}},{\"@type\":\"WebSite\",\"@id\":\"https:\/\/hiperfilme.com\/Site-TR\/#website\",\"url\":\"https:\/\/hiperfilme.com\/Site-TR\/\",\"name\":\"Triangulo Requintado\",\"description\":\"Estampagens e Brindes\",\"publisher\":{\"@id\":\"https:\/\/hiperfilme.com\/Site-TR\/#organization\"},\"potentialAction\":[{\"@type\":\"SearchAction\",\"target\":{\"@type\":\"EntryPoint\",\"urlTemplate\":\"https:\/\/hiperfilme.com\/Site-TR\/?s={search_term_string}\"},\"query-input\":\"required name=search_term_string\"}],\"inLanguage\":\"pt-PT\"},{\"@type\":\"ImageObject\",\"@id\":\"https:\/\/hiperfilme.com\/Site-TR\/catalogo-brindes\/liquidos\/canecas\/caneca-ceramica-mini-sublim-personalizar\/#primaryimage\",\"inLanguage\":\"pt-PT\",\"url\":\"https:\/\/hiperfilme.com\/Site-TR\/wp-content\/uploads\/2022\/04\/mo9244-06.jpg\",\"contentUrl\":\"https:\/\/hiperfilme.com\/Site-TR\/wp-content\/uploads\/2022\/04\/mo9244-06.jpg\",\"width\":700,\"height\":700},{\"@type\":\"WebPage\",\"@id\":\"https:\/\/hiperfilme.com\/Site-TR\/catalogo-brindes\/liquidos\/canecas\/caneca-ceramica-mini-sublim-personalizar\/#webpage\",\"url\":\"https:\/\/hiperfilme.com\/Site-TR\/catalogo-brindes\/liquidos\/canecas\/caneca-ceramica-mini-sublim-personalizar\/\",\"name\":\"Caneca de cer\\u00e2mica Mini Sublim para personalizar | Brindes Online\",\"isPartOf\":{\"@id\":\"https:\/\/hiperfilme.com\/Site-TR\/#website\"},\"primaryImageOfPage\":{\"@id\":\"https:\/\/hiperfilme.com\/Site-TR\/catalogo-brindes\/liquidos\/canecas\/caneca-ceramica-mini-sublim-personalizar\/#primaryimage\"},\"datePublished\":\"2022-04-14T15:36:09+00:00\",\"dateModified\":\"2022-04-14T15:36:09+00:00\",\"description\":\"Caneca de cer\\u00e2mica de capacidade de 200 ml com revestimento especial para sublima\\u00e7\\u00e3o. Embalagem individual em caixa de cart\\u00e3o branca.\",\"breadcrumb\":{\"@id\":\"https:\/\/hiperfilme.com\/Site-TR\/catalogo-brindes\/liquidos\/canecas\/caneca-ceramica-mini-sublim-personalizar\/#breadcrumb\"},\"inLanguage\":\"pt-PT\",\"potentialAction\":[{\"@type\":\"ReadAction\",\"target\":[\"https:\/\/hiperfilme.com\/Site-TR\/catalogo-brindes\/liquidos\/canecas\/caneca-ceramica-mini-sublim-personalizar\/\"]}]},{\"@type\":\"BreadcrumbList\",\"@id\":\"https:\/\/hiperfilme.com\/Site-TR\/catalogo-brindes\/liquidos\/canecas\/caneca-ceramica-mini-sublim-personalizar\/#breadcrumb\",\"itemListElement\":[{\"@type\":\"ListItem\",\"position\":1,\"name\":\"In\\u00edcio\",\"item\":\"https:\/\/hiperfilme.com\/Site-TR\/\"},{\"@type\":\"ListItem\",\"position\":2,\"name\":\"Cat\\u00e1logo de Brindes\",\"item\":\"https:\/\/hiperfilme.com\/Site-TR\/catalogo-brindes\/\"},{\"@type\":\"ListItem\",\"position\":3,\"name\":\"Caneca de cer\\u00e2mica Mini Sublim para personalizar\"}]}]}<\/script>\n<!-- \/ Yoast SEO plugin. -->","yoast_head_json":{"title":"Caneca de cer\u00e2mica Mini Sublim para personalizar | Brindes Online","description":"Caneca de cer\u00e2mica de capacidade de 200 ml com revestimento especial para sublima\u00e7\u00e3o. Embalagem individual em caixa de cart\u00e3o branca.","robots":{"index":"index","follow":"follow","max-snippet":"max-snippet:-1","max-image-preview":"max-image-preview:large","max-video-preview":"max-video-preview:-1"},"canonical":"https:\/\/hiperfilme.com\/Site-TR\/catalogo-brindes\/liquidos\/canecas\/caneca-ceramica-mini-sublim-personalizar\/","og_locale":"pt_PT","og_type":"article","og_title":"Caneca de cer\u00e2mica Mini Sublim para personalizar | Brindes Online","og_description":"Caneca de cer\u00e2mica de capacidade de 200 ml com revestimento especial para sublima\u00e7\u00e3o. Embalagem individual em caixa de cart\u00e3o branca.","og_url":"https:\/\/hiperfilme.com\/Site-TR\/catalogo-brindes\/liquidos\/canecas\/caneca-ceramica-mini-sublim-personalizar\/","og_site_name":"Hiperfilme_TR","og_image":[{"width":700,"height":700,"url":"https:\/\/hiperfilme.com\/Site-TR\/wp-content\/uploads\/2022\/04\/mo9244-06.jpg","type":"image\/jpeg"}],"twitter_card":"summary_large_image","twitter_misc":{"Tempo estimado de leitura":"1 minuto"},"schema":{"@context":"https:\/\/schema.org","@graph":[{"@type":"Organization","@id":"https:\/\/hiperfilme.com\/Site-TR\/#organization","name":"Triangulo Requintado","url":"https:\/\/hiperfilme.com\/Site-TR\/","sameAs":[],"logo":{"@type":"ImageObject","@id":"https:\/\/hiperfilme.com\/Site-TR\/#logo","inLanguage":"pt-PT","url":"https:\/\/triangulorequintado.com\/wp-content\/uploads\/2020\/10\/logo-triangulo-requintado-color-248.png","contentUrl":"https:\/\/triangulorequintado.com\/wp-content\/uploads\/2020\/10\/logo-triangulo-requintado-color-248.png","width":248,"height":96,"caption":"Triangulo Requintado"},"image":{"@id":"https:\/\/hiperfilme.com\/Site-TR\/#logo"}},{"@type":"WebSite","@id":"https:\/\/hiperfilme.com\/Site-TR\/#website","url":"https:\/\/hiperfilme.com\/Site-TR\/","name":"Triangulo Requintado","description":"Estampagens e Brindes","publisher":{"@id":"https:\/\/hiperfilme.com\/Site-TR\/#organization"},"potentialAction":[{"@type":"SearchAction","target":{"@type":"EntryPoint","urlTemplate":"https:\/\/hiperfilme.com\/Site-TR\/?s={search_term_string}"},"query-input":"required name=search_term_string"}],"inLanguage":"pt-PT"},{"@type":"ImageObject","@id":"https:\/\/hiperfilme.com\/Site-TR\/catalogo-brindes\/liquidos\/canecas\/caneca-ceramica-mini-sublim-personalizar\/#primaryimage","inLanguage":"pt-PT","url":"https:\/\/hiperfilme.com\/Site-TR\/wp-content\/uploads\/2022\/04\/mo9244-06.jpg","contentUrl":"https:\/\/hiperfilme.com\/Site-TR\/wp-content\/uploads\/2022\/04\/mo9244-06.jpg","width":700,"height":700},{"@type":"WebPage","@id":"https:\/\/hiperfilme.com\/Site-TR\/catalogo-brindes\/liquidos\/canecas\/caneca-ceramica-mini-sublim-personalizar\/#webpage","url":"https:\/\/hiperfilme.com\/Site-TR\/catalogo-brindes\/liquidos\/canecas\/caneca-ceramica-mini-sublim-personalizar\/","name":"Caneca de cer\u00e2mica Mini Sublim para personalizar | Brindes Online","isPartOf":{"@id":"https:\/\/hiperfilme.com\/Site-TR\/#website"},"primaryImageOfPage":{"@id":"https:\/\/hiperfilme.com\/Site-TR\/catalogo-brindes\/liquidos\/canecas\/caneca-ceramica-mini-sublim-personalizar\/#primaryimage"},"datePublished":"2022-04-14T15:36:09+00:00","dateModified":"2022-04-14T15:36:09+00:00","description":"Caneca de cer\u00e2mica de capacidade de 200 ml com revestimento especial para sublima\u00e7\u00e3o. Embalagem individual em caixa de cart\u00e3o branca.","breadcrumb":{"@id":"https:\/\/hiperfilme.com\/Site-TR\/catalogo-brindes\/liquidos\/canecas\/caneca-ceramica-mini-sublim-personalizar\/#breadcrumb"},"inLanguage":"pt-PT","potentialAction":[{"@type":"ReadAction","target":["https:\/\/hiperfilme.com\/Site-TR\/catalogo-brindes\/liquidos\/canecas\/caneca-ceramica-mini-sublim-personalizar\/"]}]},{"@type":"BreadcrumbList","@id":"https:\/\/hiperfilme.com\/Site-TR\/catalogo-brindes\/liquidos\/canecas\/caneca-ceramica-mini-sublim-personalizar\/#breadcrumb","itemListElement":[{"@type":"ListItem","position":1,"name":"In\u00edcio","item":"https:\/\/hiperfilme.com\/Site-TR\/"},{"@type":"ListItem","position":2,"name":"Cat\u00e1logo de Brindes","item":"https:\/\/hiperfilme.com\/Site-TR\/catalogo-brindes\/"},{"@type":"ListItem","position":3,"name":"Caneca de cer\u00e2mica Mini Sublim para personalizar"}]}]}},"_links":{"self":[{"href":"https:\/\/hiperfilme.com\/Site-TR\/wp-json\/wp\/v2\/product\/13787"}],"collection":[{"href":"https:\/\/hiperfilme.com\/Site-TR\/wp-json\/wp\/v2\/product"}],"about":[{"href":"https:\/\/hiperfilme.com\/Site-TR\/wp-json\/wp\/v2\/types\/product"}],"wp:featuredmedia":[{"embeddable":true,"href":"https:\/\/hiperfilme.com\/Site-TR\/wp-json\/wp\/v2\/media\/13789"}],"wp:attachment":[{"href":"https:\/\/hiperfilme.com\/Site-TR\/wp-json\/wp\/v2\/media?parent=13787"}],"wp:term":[{"taxonomy":"product_cat","embeddable":true,"href":"https:\/\/hiperfilme.com\/Site-TR\/wp-json\/wp\/v2\/product_cat?post=13787"},{"taxonomy":"product_tag","embeddable":true,"href":"https:\/\/hiperfilme.com\/Site-TR\/wp-json\/wp\/v2\/product_tag?post=13787"}],"curies":[{"name":"wp","href":"https:\/\/api.w.org\/{rel}","templated":true}]}}