{"id":13233,"date":"2021-09-26T16:34:55","date_gmt":"2021-09-26T16:34:55","guid":{"rendered":"https:\/\/triangulorequintado.com\/?post_type=product&#038;p=13233"},"modified":"2022-01-04T14:28:36","modified_gmt":"2022-01-04T14:28:36","slug":"agenda-diaria-rome-a5-personalizar","status":"publish","type":"product","link":"https:\/\/hiperfilme.com\/Site-TR\/catalogo-brindes\/escritorio\/agendas\/agenda-diaria-rome-a5-personalizar\/","title":{"rendered":"Agenda di\u00e1ria Rome A5 para Personalizar"},"content":{"rendered":"<div class=\"col-xs-12 col-sm-12 col-md-12 col-lg-12\">\n<div class=\"winsig_product_detail_info_tabs\">\n<div class=\"winsig_reponsive_tabs\">\n<div class=\"tab-content tabs_responsive hidden-xs hidden-sm\">\n<div id=\"product_description\" class=\"tab-pane fade active in\">\n<div class=\"\">\n<div class=\"winsig_product_detail_description\">\n<ul>\n<li class=\"caption\">Agenda A5<\/li>\n<li class=\"caption\">Capa em Papel\/PVC<\/li>\n<li class=\"caption\">Idioma principal: Portugu\u00eas e Espanhol.<\/li>\n<li class=\"caption\">Espa\u00e7o para preenchimento de dados pessoais<\/li>\n<li class=\"caption\">Feriados em lista<\/li>\n<li class=\"caption\">Plano di\u00e1rio 2022 e 2023<\/li>\n<li class=\"caption\">Espa\u00e7o para preenchimento de contactos<\/li>\n<li>Medidas: 15 x 21 cm<\/li>\n<\/ul>\n<\/div>\n<\/div>\n<\/div>\n<\/div>\n<\/div>\n<\/div>\n<\/div>\n<div class=\"col-xs-12 col-sm-12 col-md-12 col-lg-12\">\n<div class=\"winsig_buy_multiple_products\"><\/div>\n<\/div>\n","protected":false},"excerpt":{"rendered":"<p>Agenda di\u00e1ria A5, capa em Papel\/PVC. Com 336 p\u00e1ginas, em papel branco 70g. e fitilho prateado. Idioma principal: Portugu\u00eas e Espanhol.<\/p>\n<p>Valor apresentado para o Brinde n\u00e3o personalizado. Contacte-nos para or\u00e7amentos de personaliza\u00e7\u00e3o e vantagens na compra de grandes quantidades.<\/p>\n","protected":false},"featured_media":13234,"template":"","meta":[],"product_cat":[148,147],"product_tag":[],"yoast_head":"<!-- This site is optimized with the Yoast SEO plugin v17.8 - https:\/\/yoast.com\/wordpress\/plugins\/seo\/ -->\n<title>Agenda di\u00e1ria Rome A5 para Personalizar | Brindes Online<\/title>\n<meta name=\"description\" content=\"Agenda di\u00e1ria A5, capa em Papel\/PVC. Com 336 p\u00e1ginas, em papel branco 70g. e fitilho prateado. Idioma principal: Portugu\u00eas e Espanhol.\" \/>\n<meta name=\"robots\" content=\"index, follow, max-snippet:-1, max-image-preview:large, max-video-preview:-1\" \/>\n<link rel=\"canonical\" href=\"https:\/\/hiperfilme.com\/Site-TR\/catalogo-brindes\/escritorio\/agendas\/agenda-diaria-rome-a5-personalizar\/\" \/>\n<meta property=\"og:locale\" content=\"pt_PT\" \/>\n<meta property=\"og:type\" content=\"article\" \/>\n<meta property=\"og:title\" content=\"Agenda di\u00e1ria Rome A5 para Personalizar | Brindes Online\" \/>\n<meta property=\"og:description\" content=\"Agenda di\u00e1ria A5, capa em Papel\/PVC. Com 336 p\u00e1ginas, em papel branco 70g. e fitilho prateado. Idioma principal: Portugu\u00eas e Espanhol.\" \/>\n<meta property=\"og:url\" content=\"https:\/\/hiperfilme.com\/Site-TR\/catalogo-brindes\/escritorio\/agendas\/agenda-diaria-rome-a5-personalizar\/\" \/>\n<meta property=\"og:site_name\" content=\"Hiperfilme_TR\" \/>\n<meta property=\"article:modified_time\" content=\"2022-01-04T14:28:36+00:00\" \/>\n<meta property=\"og:image\" content=\"https:\/\/hiperfilme.com\/Site-TR\/wp-content\/uploads\/2021\/09\/470223TR-agenda-rome-a5-azul-marinho.jpg\" \/>\n\t<meta property=\"og:image:width\" content=\"700\" \/>\n\t<meta property=\"og:image:height\" content=\"700\" \/>\n<meta name=\"twitter:card\" content=\"summary_large_image\" \/>\n<script type=\"application\/ld+json\" class=\"yoast-schema-graph\">{\"@context\":\"https:\/\/schema.org\",\"@graph\":[{\"@type\":\"Organization\",\"@id\":\"https:\/\/hiperfilme.com\/Site-TR\/#organization\",\"name\":\"Triangulo Requintado\",\"url\":\"https:\/\/hiperfilme.com\/Site-TR\/\",\"sameAs\":[],\"logo\":{\"@type\":\"ImageObject\",\"@id\":\"https:\/\/hiperfilme.com\/Site-TR\/#logo\",\"inLanguage\":\"pt-PT\",\"url\":\"https:\/\/triangulorequintado.com\/wp-content\/uploads\/2020\/10\/logo-triangulo-requintado-color-248.png\",\"contentUrl\":\"https:\/\/triangulorequintado.com\/wp-content\/uploads\/2020\/10\/logo-triangulo-requintado-color-248.png\",\"width\":248,\"height\":96,\"caption\":\"Triangulo Requintado\"},\"image\":{\"@id\":\"https:\/\/hiperfilme.com\/Site-TR\/#logo\"}},{\"@type\":\"WebSite\",\"@id\":\"https:\/\/hiperfilme.com\/Site-TR\/#website\",\"url\":\"https:\/\/hiperfilme.com\/Site-TR\/\",\"name\":\"Triangulo Requintado\",\"description\":\"Estampagens e Brindes\",\"publisher\":{\"@id\":\"https:\/\/hiperfilme.com\/Site-TR\/#organization\"},\"potentialAction\":[{\"@type\":\"SearchAction\",\"target\":{\"@type\":\"EntryPoint\",\"urlTemplate\":\"https:\/\/hiperfilme.com\/Site-TR\/?s={search_term_string}\"},\"query-input\":\"required name=search_term_string\"}],\"inLanguage\":\"pt-PT\"},{\"@type\":\"ImageObject\",\"@id\":\"https:\/\/hiperfilme.com\/Site-TR\/catalogo-brindes\/escritorio\/agendas\/agenda-diaria-rome-a5-personalizar\/#primaryimage\",\"inLanguage\":\"pt-PT\",\"url\":\"https:\/\/hiperfilme.com\/Site-TR\/wp-content\/uploads\/2021\/09\/470223TR-agenda-rome-a5-azul-marinho.jpg\",\"contentUrl\":\"https:\/\/hiperfilme.com\/Site-TR\/wp-content\/uploads\/2021\/09\/470223TR-agenda-rome-a5-azul-marinho.jpg\",\"width\":700,\"height\":700},{\"@type\":\"WebPage\",\"@id\":\"https:\/\/hiperfilme.com\/Site-TR\/catalogo-brindes\/escritorio\/agendas\/agenda-diaria-rome-a5-personalizar\/#webpage\",\"url\":\"https:\/\/hiperfilme.com\/Site-TR\/catalogo-brindes\/escritorio\/agendas\/agenda-diaria-rome-a5-personalizar\/\",\"name\":\"Agenda di\\u00e1ria Rome A5 para Personalizar | Brindes Online\",\"isPartOf\":{\"@id\":\"https:\/\/hiperfilme.com\/Site-TR\/#website\"},\"primaryImageOfPage\":{\"@id\":\"https:\/\/hiperfilme.com\/Site-TR\/catalogo-brindes\/escritorio\/agendas\/agenda-diaria-rome-a5-personalizar\/#primaryimage\"},\"datePublished\":\"2021-09-26T16:34:55+00:00\",\"dateModified\":\"2022-01-04T14:28:36+00:00\",\"description\":\"Agenda di\\u00e1ria A5, capa em Papel\/PVC. Com 336 p\\u00e1ginas, em papel branco 70g. e fitilho prateado. Idioma principal: Portugu\\u00eas e Espanhol.\",\"breadcrumb\":{\"@id\":\"https:\/\/hiperfilme.com\/Site-TR\/catalogo-brindes\/escritorio\/agendas\/agenda-diaria-rome-a5-personalizar\/#breadcrumb\"},\"inLanguage\":\"pt-PT\",\"potentialAction\":[{\"@type\":\"ReadAction\",\"target\":[\"https:\/\/hiperfilme.com\/Site-TR\/catalogo-brindes\/escritorio\/agendas\/agenda-diaria-rome-a5-personalizar\/\"]}]},{\"@type\":\"BreadcrumbList\",\"@id\":\"https:\/\/hiperfilme.com\/Site-TR\/catalogo-brindes\/escritorio\/agendas\/agenda-diaria-rome-a5-personalizar\/#breadcrumb\",\"itemListElement\":[{\"@type\":\"ListItem\",\"position\":1,\"name\":\"In\\u00edcio\",\"item\":\"https:\/\/hiperfilme.com\/Site-TR\/\"},{\"@type\":\"ListItem\",\"position\":2,\"name\":\"Cat\\u00e1logo de Brindes\",\"item\":\"https:\/\/hiperfilme.com\/Site-TR\/catalogo-brindes\/\"},{\"@type\":\"ListItem\",\"position\":3,\"name\":\"Agenda di\\u00e1ria Rome A5 para Personalizar\"}]}]}<\/script>\n<!-- \/ Yoast SEO plugin. -->","yoast_head_json":{"title":"Agenda di\u00e1ria Rome A5 para Personalizar | Brindes Online","description":"Agenda di\u00e1ria A5, capa em Papel\/PVC. Com 336 p\u00e1ginas, em papel branco 70g. e fitilho prateado. Idioma principal: Portugu\u00eas e Espanhol.","robots":{"index":"index","follow":"follow","max-snippet":"max-snippet:-1","max-image-preview":"max-image-preview:large","max-video-preview":"max-video-preview:-1"},"canonical":"https:\/\/hiperfilme.com\/Site-TR\/catalogo-brindes\/escritorio\/agendas\/agenda-diaria-rome-a5-personalizar\/","og_locale":"pt_PT","og_type":"article","og_title":"Agenda di\u00e1ria Rome A5 para Personalizar | Brindes Online","og_description":"Agenda di\u00e1ria A5, capa em Papel\/PVC. Com 336 p\u00e1ginas, em papel branco 70g. e fitilho prateado. Idioma principal: Portugu\u00eas e Espanhol.","og_url":"https:\/\/hiperfilme.com\/Site-TR\/catalogo-brindes\/escritorio\/agendas\/agenda-diaria-rome-a5-personalizar\/","og_site_name":"Hiperfilme_TR","article_modified_time":"2022-01-04T14:28:36+00:00","og_image":[{"width":700,"height":700,"url":"https:\/\/hiperfilme.com\/Site-TR\/wp-content\/uploads\/2021\/09\/470223TR-agenda-rome-a5-azul-marinho.jpg","type":"image\/jpeg"}],"twitter_card":"summary_large_image","schema":{"@context":"https:\/\/schema.org","@graph":[{"@type":"Organization","@id":"https:\/\/hiperfilme.com\/Site-TR\/#organization","name":"Triangulo Requintado","url":"https:\/\/hiperfilme.com\/Site-TR\/","sameAs":[],"logo":{"@type":"ImageObject","@id":"https:\/\/hiperfilme.com\/Site-TR\/#logo","inLanguage":"pt-PT","url":"https:\/\/triangulorequintado.com\/wp-content\/uploads\/2020\/10\/logo-triangulo-requintado-color-248.png","contentUrl":"https:\/\/triangulorequintado.com\/wp-content\/uploads\/2020\/10\/logo-triangulo-requintado-color-248.png","width":248,"height":96,"caption":"Triangulo Requintado"},"image":{"@id":"https:\/\/hiperfilme.com\/Site-TR\/#logo"}},{"@type":"WebSite","@id":"https:\/\/hiperfilme.com\/Site-TR\/#website","url":"https:\/\/hiperfilme.com\/Site-TR\/","name":"Triangulo Requintado","description":"Estampagens e Brindes","publisher":{"@id":"https:\/\/hiperfilme.com\/Site-TR\/#organization"},"potentialAction":[{"@type":"SearchAction","target":{"@type":"EntryPoint","urlTemplate":"https:\/\/hiperfilme.com\/Site-TR\/?s={search_term_string}"},"query-input":"required name=search_term_string"}],"inLanguage":"pt-PT"},{"@type":"ImageObject","@id":"https:\/\/hiperfilme.com\/Site-TR\/catalogo-brindes\/escritorio\/agendas\/agenda-diaria-rome-a5-personalizar\/#primaryimage","inLanguage":"pt-PT","url":"https:\/\/hiperfilme.com\/Site-TR\/wp-content\/uploads\/2021\/09\/470223TR-agenda-rome-a5-azul-marinho.jpg","contentUrl":"https:\/\/hiperfilme.com\/Site-TR\/wp-content\/uploads\/2021\/09\/470223TR-agenda-rome-a5-azul-marinho.jpg","width":700,"height":700},{"@type":"WebPage","@id":"https:\/\/hiperfilme.com\/Site-TR\/catalogo-brindes\/escritorio\/agendas\/agenda-diaria-rome-a5-personalizar\/#webpage","url":"https:\/\/hiperfilme.com\/Site-TR\/catalogo-brindes\/escritorio\/agendas\/agenda-diaria-rome-a5-personalizar\/","name":"Agenda di\u00e1ria Rome A5 para Personalizar | Brindes Online","isPartOf":{"@id":"https:\/\/hiperfilme.com\/Site-TR\/#website"},"primaryImageOfPage":{"@id":"https:\/\/hiperfilme.com\/Site-TR\/catalogo-brindes\/escritorio\/agendas\/agenda-diaria-rome-a5-personalizar\/#primaryimage"},"datePublished":"2021-09-26T16:34:55+00:00","dateModified":"2022-01-04T14:28:36+00:00","description":"Agenda di\u00e1ria A5, capa em Papel\/PVC. Com 336 p\u00e1ginas, em papel branco 70g. e fitilho prateado. Idioma principal: Portugu\u00eas e Espanhol.","breadcrumb":{"@id":"https:\/\/hiperfilme.com\/Site-TR\/catalogo-brindes\/escritorio\/agendas\/agenda-diaria-rome-a5-personalizar\/#breadcrumb"},"inLanguage":"pt-PT","potentialAction":[{"@type":"ReadAction","target":["https:\/\/hiperfilme.com\/Site-TR\/catalogo-brindes\/escritorio\/agendas\/agenda-diaria-rome-a5-personalizar\/"]}]},{"@type":"BreadcrumbList","@id":"https:\/\/hiperfilme.com\/Site-TR\/catalogo-brindes\/escritorio\/agendas\/agenda-diaria-rome-a5-personalizar\/#breadcrumb","itemListElement":[{"@type":"ListItem","position":1,"name":"In\u00edcio","item":"https:\/\/hiperfilme.com\/Site-TR\/"},{"@type":"ListItem","position":2,"name":"Cat\u00e1logo de Brindes","item":"https:\/\/hiperfilme.com\/Site-TR\/catalogo-brindes\/"},{"@type":"ListItem","position":3,"name":"Agenda di\u00e1ria Rome A5 para Personalizar"}]}]}},"_links":{"self":[{"href":"https:\/\/hiperfilme.com\/Site-TR\/wp-json\/wp\/v2\/product\/13233"}],"collection":[{"href":"https:\/\/hiperfilme.com\/Site-TR\/wp-json\/wp\/v2\/product"}],"about":[{"href":"https:\/\/hiperfilme.com\/Site-TR\/wp-json\/wp\/v2\/types\/product"}],"wp:featuredmedia":[{"embeddable":true,"href":"https:\/\/hiperfilme.com\/Site-TR\/wp-json\/wp\/v2\/media\/13234"}],"wp:attachment":[{"href":"https:\/\/hiperfilme.com\/Site-TR\/wp-json\/wp\/v2\/media?parent=13233"}],"wp:term":[{"taxonomy":"product_cat","embeddable":true,"href":"https:\/\/hiperfilme.com\/Site-TR\/wp-json\/wp\/v2\/product_cat?post=13233"},{"taxonomy":"product_tag","embeddable":true,"href":"https:\/\/hiperfilme.com\/Site-TR\/wp-json\/wp\/v2\/product_tag?post=13233"}],"curies":[{"name":"wp","href":"https:\/\/api.w.org\/{rel}","templated":true}]}}