{"id":2736,"date":"2020-11-04T04:30:34","date_gmt":"2020-11-04T04:30:34","guid":{"rendered":"https:\/\/triangulorequintado.com\/?page_id=2736"},"modified":"2020-11-04T04:40:59","modified_gmt":"2020-11-04T04:40:59","slug":"cartoes-visita","status":"publish","type":"page","link":"https:\/\/hiperfilme.com\/Site-TR\/impressao\/cartoes-visita\/","title":{"rendered":"Cart\u00f5es de Visita"},"content":{"rendered":"<p>[vc_row css=&#8221;.vc_custom_1570784158772{margin-bottom: 4vh !important;}&#8221;][vc_column][vc_single_image image=&#8221;2745&#8243; img_size=&#8221;1920&#215;700&#8243; alignment=&#8221;center&#8221;][vc_column_text]<\/p>\n<p style=\"text-align: center;\">Cart\u00f5es de Visita Personalizados em diferentes materiais, cores e dimens\u00f5es.<\/p>\n<p>[\/vc_column_text][vc_empty_space][\/vc_column][vc_column width=&#8221;1\/2&#8243; offset=&#8221;vc_col-lg-3 vc_col-md-3 vc_col-xs-12&#8243;]<div id=\"kapee-info-box-75660\" class=\"kapee-element kapee-info-box icon-effect-none icon-simple icon-top color-scheme-inherit hover-color-scheme-inherit text-center\">\r\n\t<div class=\"info-box-wrap\"  >\r\n\t\t<div class=\"box-icon-wrap\">\r\n\t\t\t\t\t\t\t<div class=\"info-box-icon\"><i class=\"kp kp-edit \" aria-hidden=\"true\"><\/i><\/div>\r\n\t\t\t\t\t<\/div>\r\n\t\t<div class=\"info-box-content\">\t\t\t\r\n\t\t\t\t\t\t\t<div class=\"info-box-title mb\" >\t\t\t\t\r\n\t\t\t\t\t<h5>DESIGN &amp; CRIATIVIDADE<\/h5>\t\t\t\t\t\r\n\t\t\t\t<\/div>\r\n\t\t\t\t\t\t\t\t\t\t<div class=\"info-box-description mb\">\r\n\t\t\t\t\t<p>Fornecemos o Suporte Gr\u00e1fico e Criatividade necess\u00e1rios<\/p>\r\n\t\t\t\t<\/div>\r\n\t\t\t\t\t<\/div>\r\n\t<\/div>\r\n\t<\/div>[\/vc_column][vc_column width=&#8221;1\/2&#8243; offset=&#8221;vc_col-lg-3 vc_col-md-3 vc_col-xs-12&#8243;]<div id=\"kapee-info-box-66755\" class=\"kapee-element kapee-info-box icon-effect-none icon-simple icon-top color-scheme-inherit hover-color-scheme-inherit text-center\">\r\n\t<div class=\"info-box-wrap\"  >\r\n\t\t<div class=\"box-icon-wrap\">\r\n\t\t\t\t\t\t\t<div class=\"info-box-icon\"><i class=\"kp kp-printer \" aria-hidden=\"true\"><\/i><\/div>\r\n\t\t\t\t\t<\/div>\r\n\t\t<div class=\"info-box-content\">\t\t\t\r\n\t\t\t\t\t\t\t<div class=\"info-box-title mb\" >\t\t\t\t\r\n\t\t\t\t\t<h5>IMPRESS\u00c3O<\/h5>\t\t\t\t\t\r\n\t\t\t\t<\/div>\r\n\t\t\t\t\t\t\t\t\t\t<div class=\"info-box-description mb\">\r\n\t\t\t\t\t<p>Testada e aprovada pelos v\u00e1rios anos de experi\u00eancia e presen\u00e7a no mercado<\/p>\r\n\t\t\t\t<\/div>\r\n\t\t\t\t\t<\/div>\r\n\t<\/div>\r\n\t<\/div>[\/vc_column][vc_column width=&#8221;1\/2&#8243; offset=&#8221;vc_col-lg-3 vc_col-md-3 vc_col-xs-12&#8243;]<div id=\"kapee-info-box-62692\" class=\"kapee-element kapee-info-box icon-effect-none icon-simple icon-top color-scheme-inherit hover-color-scheme-inherit text-center\">\r\n\t<div class=\"info-box-wrap\"  >\r\n\t\t<div class=\"box-icon-wrap\">\r\n\t\t\t\t\t\t\t<div class=\"info-box-icon\"><i class=\"kp kp-delivery-truck \" aria-hidden=\"true\"><\/i><\/div>\r\n\t\t\t\t\t<\/div>\r\n\t\t<div class=\"info-box-content\">\t\t\t\r\n\t\t\t\t\t\t\t<div class=\"info-box-title mb\" >\t\t\t\t\r\n\t\t\t\t\t<h5>TRANSPORTE<\/h5>\t\t\t\t\t\r\n\t\t\t\t<\/div>\r\n\t\t\t\t\t\t\t\t\t\t<div class=\"info-box-description mb\">\r\n\t\t\t\t\t<p>Transporte e rapidez de entrega mediante confirma\u00e7\u00e3o<\/p>\r\n\t\t\t\t<\/div>\r\n\t\t\t\t\t<\/div>\r\n\t<\/div>\r\n\t<\/div>[\/vc_column][vc_column width=&#8221;1\/2&#8243; offset=&#8221;vc_col-lg-3 vc_col-md-3 vc_col-xs-12&#8243;]<div id=\"kapee-info-box-50289\" class=\"kapee-element kapee-info-box icon-effect-none icon-simple icon-top color-scheme-inherit hover-color-scheme-inherit text-center\">\r\n\t<div class=\"info-box-wrap\"  >\r\n\t\t<div class=\"box-icon-wrap\">\r\n\t\t\t\t\t\t\t<div class=\"info-box-icon\"><i class=\"kp kp-bubble \" aria-hidden=\"true\"><\/i><\/div>\r\n\t\t\t\t\t<\/div>\r\n\t\t<div class=\"info-box-content\">\t\t\t\r\n\t\t\t\t\t\t\t<div class=\"info-box-title mb\" >\t\t\t\t\r\n\t\t\t\t\t<h5>ATENDIMENTO<\/h5>\t\t\t\t\t\r\n\t\t\t\t<\/div>\r\n\t\t\t\t\t\t\t\t\t\t<div class=\"info-box-description mb\">\r\n\t\t\t\t\t<p>Suporte Dedicado. Consulte-nos para tirar todas as d\u00favidas comerciais e desafios<\/p>\r\n\t\t\t\t<\/div>\r\n\t\t\t\t\t<\/div>\r\n\t<\/div>\r\n\t<\/div>[\/vc_column][\/vc_row][vc_row css=&#8221;.vc_custom_1570784272084{margin-bottom: 4vh !important;}&#8221;][vc_column]<div id=\"kapee-header-98511\" class=\"kapee-element kapee-heading text-center kapee-width-100 separator-none separator-between-heading\">\t\r\n\t\t\t<div class=\"heading-subtitle\"> OUTROS DESTAQUES <\/div>\r\n\t\t\t\r\n\t\t\t<div class=\"heading-wrap\">\r\n\t\t\t<span class=\"separator-left\"><\/span>\r\n\t\t\t<h2 class=\"heading-title\">BRINDES DO MOMENTO <\/h2>\t\t\t<span class=\"separator-right\"><\/span>\r\n\t\t\t\t\t<\/div>\r\n\t\t\r\n    \t\t<div class=\"heading-tagline\"> Contacte-nos para mais informa\u00e7\u00f5es. <\/div>\r\n\t<\/div>[\/vc_column][vc_column width=&#8221;1\/3&#8243;]<div id=\"kapee-banner-9725\" class=\"kapee-element kapee-banner banner-zoom-out\">\r\n\t<div class=\"banner-wrapper\" >\r\n\t\t\t\t\t<div class=\"banner-image-wrap\">\t\t\t\r\n\t\t\t\t<div class=\"banner-image\">\r\n\t\t\t\t\t<img src=\"https:\/\/hiperfilme.com\/Site-TR\/wp-content\/uploads\/2020\/11\/produto-mascara-covid-2.jpg\" alt=\"\">\r\n\t\t\t\t<\/div>\t\t\t\r\n\t\t\t<\/div>\r\n\t\t\t\t\t\t\t<div class=\"banner-content-wrap text-right align-items-end justify-content-end\">\r\n\t\t\t\t<div class=\"banner-content\">\r\n\t\t\t\t\t\t\t\t\t\t\t<div class=\"banner-subtitle-wrap\">\r\n\t\t\t\t\t\t\t<span class=\"banner-subtitle\">COVID-19<\/span>\r\n\t\t\t\t\t\t<\/div>\r\n\t\t\t\t\t\t\t\t\t\t<div class=\"banner-title-wrap\">\r\n\t\t\t\t\t\t<h3 class=\"banner-title\"> M\u00c1SCARA<\/h3>\r\n\t\t\t\t\t<\/div>\t\t\t\t\r\n\t\t\t\t\t\t\t\t\t\t\t<div class=\"banner-content-text\">\r\n\t\t\t\t\t\t\t<p>CERTIFICADA<\/p>\n\t\t\t\t\t\t<\/div>\r\n\t\t\t\t\t\t\t\t\t\t\t<div class=\"banner-button kapee-button\">\r\n\t\t\t\t\t\t\t<a href=\"https:\/\/triangulorequintado.com\/catalogo-brindes\/material-protecao-seguranca-individual\/mascaras\/mascara-facial-reutilizavel-personalizada\/\" target=\"_self\" class=\"button btn-style-link btn-shape-square btn-size-normal\">VER MAIS<\/a>\r\n\t\t\t\t\t\t<\/div>\r\n\t\t\t\t\t\t\t\t\t<\/div>\r\n\t\t\t\t\r\n\t\t\t<\/div>\r\n\t\t\t<\/div>\r\n<\/div>\r\n[\/vc_column][vc_column width=&#8221;1\/3&#8243;]<div id=\"kapee-banner-1317\" class=\"kapee-element kapee-banner banner-zoom-out\">\r\n\t<div class=\"banner-wrapper\" >\r\n\t\t\t\t\t<div class=\"banner-image-wrap\">\t\t\t\r\n\t\t\t\t<div class=\"banner-image\">\r\n\t\t\t\t\t<img src=\"https:\/\/hiperfilme.com\/Site-TR\/wp-content\/uploads\/2020\/11\/produto-baixo-mochila.jpg\" alt=\"\">\r\n\t\t\t\t<\/div>\t\t\t\r\n\t\t\t<\/div>\r\n\t\t\t\t\t\t\t<div class=\"banner-content-wrap text-left align-items-start justify-content-center\">\r\n\t\t\t\t<div class=\"banner-content\">\r\n\t\t\t\t\t\t\t\t\t\t\t<div class=\"banner-subtitle-wrap\">\r\n\t\t\t\t\t\t\t<span class=\"banner-subtitle\">Mochila<\/span>\r\n\t\t\t\t\t\t<\/div>\r\n\t\t\t\t\t\t\t\t\t\t<div class=\"banner-title-wrap\">\r\n\t\t\t\t\t\t<h3 class=\"banner-title\"> PAPEL<\/h3>\r\n\t\t\t\t\t<\/div>\t\t\t\t\r\n\t\t\t\t\t\t\t\t\t\t\t<div class=\"banner-content-text\">\r\n\t\t\t\t\t\t\t<p>RECICLADO<\/p>\n\t\t\t\t\t\t<\/div>\r\n\t\t\t\t\t\t\t\t\t\t\t<div class=\"banner-button kapee-button\">\r\n\t\t\t\t\t\t\t<a href=\"https:\/\/triangulorequintado.com\/catalogo-brindes\/mochilas-sacos-bolsas\/mochilas\/mochila-papel-reciclado-personalizada\/\" target=\"_self\" class=\"button btn-style-link btn-shape-square btn-size-normal\">VER MAIS<\/a>\r\n\t\t\t\t\t\t<\/div>\r\n\t\t\t\t\t\t\t\t\t<\/div>\r\n\t\t\t\t\r\n\t\t\t<\/div>\r\n\t\t\t<\/div>\r\n<\/div>\r\n<div id=\"kapee-banner-55657\" class=\"kapee-element kapee-banner banner-zoom-out\">\r\n\t<div class=\"banner-wrapper\" >\r\n\t\t\t\t\t<div class=\"banner-image-wrap\">\t\t\t\r\n\t\t\t\t<div class=\"banner-image\">\r\n\t\t\t\t\t<img src=\"https:\/\/hiperfilme.com\/Site-TR\/wp-content\/uploads\/2020\/11\/produto-baixo-cantil.jpg\" alt=\"\">\r\n\t\t\t\t<\/div>\t\t\t\r\n\t\t\t<\/div>\r\n\t\t\t\t\t\t\t<div class=\"banner-content-wrap text-left align-items-start justify-content-center\">\r\n\t\t\t\t<div class=\"banner-content\">\r\n\t\t\t\t\t\t\t\t\t\t\t<div class=\"banner-subtitle-wrap\">\r\n\t\t\t\t\t\t\t<span class=\"banner-subtitle\">GARRAFA<\/span>\r\n\t\t\t\t\t\t<\/div>\r\n\t\t\t\t\t\t\t\t\t\t<div class=\"banner-title-wrap\">\r\n\t\t\t\t\t\t<h3 class=\"banner-title\"> INOX<\/h3>\r\n\t\t\t\t\t<\/div>\t\t\t\t\r\n\t\t\t\t\t\t\t\t\t\t\t<div class=\"banner-content-text\">\r\n\t\t\t\t\t\t\t<p>790 ML<\/p>\n\t\t\t\t\t\t<\/div>\r\n\t\t\t\t\t\t\t\t\t\t\t<div class=\"banner-button kapee-button\">\r\n\t\t\t\t\t\t\t<a href=\"https:\/\/triangulorequintado.com\/catalogo-brindes\/liquidos\/garrafas\/garrafa-inox-790ml-personalizada\/\" target=\"_self\" class=\"button btn-style-link btn-shape-square btn-size-normal\">VER MAIS<\/a>\r\n\t\t\t\t\t\t<\/div>\r\n\t\t\t\t\t\t\t\t\t<\/div>\r\n\t\t\t\t\r\n\t\t\t<\/div>\r\n\t\t\t<\/div>\r\n<\/div>\r\n[\/vc_column][vc_column width=&#8221;1\/3&#8243;]<div id=\"kapee-banner-64252\" class=\"kapee-element kapee-banner banner-zoom-out\">\r\n\t<div class=\"banner-wrapper\" >\r\n\t\t\t\t\t<div class=\"banner-image-wrap\">\t\t\t\r\n\t\t\t\t<div class=\"banner-image\">\r\n\t\t\t\t\t<img src=\"https:\/\/hiperfilme.com\/Site-TR\/wp-content\/uploads\/2020\/11\/produto-agendas-2021-2.jpg\" alt=\"\">\r\n\t\t\t\t<\/div>\t\t\t\r\n\t\t\t<\/div>\r\n\t\t\t\t\t\t\t<div class=\"banner-content-wrap text-left align-items-start justify-content-start\">\r\n\t\t\t\t<div class=\"banner-content\">\r\n\t\t\t\t\t\t\t\t\t\t\t<div class=\"banner-subtitle-wrap\">\r\n\t\t\t\t\t\t\t<span class=\"banner-subtitle\">Agendas Personalizadas<\/span>\r\n\t\t\t\t\t\t<\/div>\r\n\t\t\t\t\t\t\t\t\t\t<div class=\"banner-title-wrap\">\r\n\t\t\t\t\t\t<h3 class=\"banner-title\"> 2021<\/h3>\r\n\t\t\t\t\t<\/div>\t\t\t\t\r\n\t\t\t\t\t\t\t\t\t\t\t<div class=\"banner-content-text\">\r\n\t\t\t\t\t\t\t<p>Formato A5<\/p>\n\t\t\t\t\t\t<\/div>\r\n\t\t\t\t\t\t\t\t\t\t\t<div class=\"banner-button kapee-button\">\r\n\t\t\t\t\t\t\t<a href=\"https:\/\/triangulorequintado.com\/catalogo-brindes\/escritorio\/agendas\/agenda-diaria-a5-personalizada\/\" target=\"_self\" class=\"button btn-style-link btn-shape-square btn-size-normal\">VER MAIS<\/a>\r\n\t\t\t\t\t\t<\/div>\r\n\t\t\t\t\t\t\t\t\t<\/div>\r\n\t\t\t\t\r\n\t\t\t<\/div>\r\n\t\t\t<\/div>\r\n<\/div>\r\n[\/vc_column][\/vc_row]<\/p>\n","protected":false},"excerpt":{"rendered":"<p>[vc_row css=&#8221;.vc_custom_1570784158772{margin-bottom: 4vh !important;}&#8221;][vc_column][vc_single_image image=&#8221;2745&#8243; img_size=&#8221;1920&#215;700&#8243; alignment=&#8221;center&#8221;][vc_column_text] Cart\u00f5es de Visita Personalizados em diferentes materiais, cores e dimens\u00f5es. [\/vc_column_text][vc_empty_space][\/vc_column][vc_column width=&#8221;1\/2&#8243; offset=&#8221;vc_col-lg-3 vc_col-md-3 vc_col-xs-12&#8243;][\/vc_column][vc_column width=&#8221;1\/2&#8243; offset=&#8221;vc_col-lg-3 vc_col-md-3 vc_col-xs-12&#8243;][\/vc_column][vc_column width=&#8221;1\/2&#8243; offset=&#8221;vc_col-lg-3 vc_col-md-3 vc_col-xs-12&#8243;][\/vc_column][vc_column<\/p>\n","protected":false},"author":57,"featured_media":0,"parent":2327,"menu_order":0,"comment_status":"closed","ping_status":"closed","template":"","meta":[],"yoast_head":"<!-- This site is optimized with the Yoast SEO plugin v17.8 - https:\/\/yoast.com\/wordpress\/plugins\/seo\/ -->\n<title>Cart\u00f5es de Visita - Hiperfilme_TR<\/title>\n<meta name=\"robots\" content=\"index, follow, max-snippet:-1, max-image-preview:large, max-video-preview:-1\" \/>\n<link rel=\"canonical\" href=\"https:\/\/hiperfilme.com\/Site-TR\/impressao\/cartoes-visita\/\" \/>\n<meta property=\"og:locale\" content=\"pt_PT\" \/>\n<meta property=\"og:type\" content=\"article\" \/>\n<meta property=\"og:title\" content=\"Cart\u00f5es de Visita - Hiperfilme_TR\" \/>\n<meta property=\"og:description\" content=\"[vc_row css=&#8221;.vc_custom_1570784158772{margin-bottom: 4vh !important;}&#8221;][vc_column][vc_single_image image=&#8221;2745&#8243; img_size=&#8221;1920&#215;700&#8243; alignment=&#8221;center&#8221;][vc_column_text] Cart\u00f5es de Visita Personalizados em diferentes materiais, cores e dimens\u00f5es. [\/vc_column_text][vc_empty_space][\/vc_column][vc_column width=&#8221;1\/2&#8243; offset=&#8221;vc_col-lg-3 vc_col-md-3 vc_col-xs-12&#8243;][\/vc_column][vc_column width=&#8221;1\/2&#8243; offset=&#8221;vc_col-lg-3 vc_col-md-3 vc_col-xs-12&#8243;][\/vc_column][vc_column width=&#8221;1\/2&#8243; offset=&#8221;vc_col-lg-3 vc_col-md-3 vc_col-xs-12&#8243;][\/vc_column][vc_column\" \/>\n<meta property=\"og:url\" content=\"https:\/\/hiperfilme.com\/Site-TR\/impressao\/cartoes-visita\/\" \/>\n<meta property=\"og:site_name\" content=\"Hiperfilme_TR\" \/>\n<meta property=\"article:modified_time\" content=\"2020-11-04T04:40:59+00:00\" \/>\n<meta name=\"twitter:card\" content=\"summary_large_image\" \/>\n<meta name=\"twitter:label1\" content=\"Tempo estimado de leitura\" \/>\n\t<meta name=\"twitter:data1\" content=\"4 minutos\" \/>\n<script type=\"application\/ld+json\" class=\"yoast-schema-graph\">{\"@context\":\"https:\/\/schema.org\",\"@graph\":[{\"@type\":\"Organization\",\"@id\":\"https:\/\/hiperfilme.com\/Site-TR\/#organization\",\"name\":\"Triangulo Requintado\",\"url\":\"https:\/\/hiperfilme.com\/Site-TR\/\",\"sameAs\":[],\"logo\":{\"@type\":\"ImageObject\",\"@id\":\"https:\/\/hiperfilme.com\/Site-TR\/#logo\",\"inLanguage\":\"pt-PT\",\"url\":\"https:\/\/triangulorequintado.com\/wp-content\/uploads\/2020\/10\/logo-triangulo-requintado-color-248.png\",\"contentUrl\":\"https:\/\/triangulorequintado.com\/wp-content\/uploads\/2020\/10\/logo-triangulo-requintado-color-248.png\",\"width\":248,\"height\":96,\"caption\":\"Triangulo Requintado\"},\"image\":{\"@id\":\"https:\/\/hiperfilme.com\/Site-TR\/#logo\"}},{\"@type\":\"WebSite\",\"@id\":\"https:\/\/hiperfilme.com\/Site-TR\/#website\",\"url\":\"https:\/\/hiperfilme.com\/Site-TR\/\",\"name\":\"Triangulo Requintado\",\"description\":\"Estampagens e Brindes\",\"publisher\":{\"@id\":\"https:\/\/hiperfilme.com\/Site-TR\/#organization\"},\"potentialAction\":[{\"@type\":\"SearchAction\",\"target\":{\"@type\":\"EntryPoint\",\"urlTemplate\":\"https:\/\/hiperfilme.com\/Site-TR\/?s={search_term_string}\"},\"query-input\":\"required name=search_term_string\"}],\"inLanguage\":\"pt-PT\"},{\"@type\":\"WebPage\",\"@id\":\"https:\/\/hiperfilme.com\/Site-TR\/impressao\/cartoes-visita\/#webpage\",\"url\":\"https:\/\/hiperfilme.com\/Site-TR\/impressao\/cartoes-visita\/\",\"name\":\"Cart\\u00f5es de Visita - Hiperfilme_TR\",\"isPartOf\":{\"@id\":\"https:\/\/hiperfilme.com\/Site-TR\/#website\"},\"datePublished\":\"2020-11-04T04:30:34+00:00\",\"dateModified\":\"2020-11-04T04:40:59+00:00\",\"breadcrumb\":{\"@id\":\"https:\/\/hiperfilme.com\/Site-TR\/impressao\/cartoes-visita\/#breadcrumb\"},\"inLanguage\":\"pt-PT\",\"potentialAction\":[{\"@type\":\"ReadAction\",\"target\":[\"https:\/\/hiperfilme.com\/Site-TR\/impressao\/cartoes-visita\/\"]}]},{\"@type\":\"BreadcrumbList\",\"@id\":\"https:\/\/hiperfilme.com\/Site-TR\/impressao\/cartoes-visita\/#breadcrumb\",\"itemListElement\":[{\"@type\":\"ListItem\",\"position\":1,\"name\":\"In\\u00edcio\",\"item\":\"https:\/\/hiperfilme.com\/Site-TR\/\"},{\"@type\":\"ListItem\",\"position\":2,\"name\":\"Impress\\u00e3o\",\"item\":\"https:\/\/hiperfilme.com\/Site-TR\/impressao\/\"},{\"@type\":\"ListItem\",\"position\":3,\"name\":\"Cart\\u00f5es de Visita\"}]}]}<\/script>\n<!-- \/ Yoast SEO plugin. -->","yoast_head_json":{"title":"Cart\u00f5es de Visita - Hiperfilme_TR","robots":{"index":"index","follow":"follow","max-snippet":"max-snippet:-1","max-image-preview":"max-image-preview:large","max-video-preview":"max-video-preview:-1"},"canonical":"https:\/\/hiperfilme.com\/Site-TR\/impressao\/cartoes-visita\/","og_locale":"pt_PT","og_type":"article","og_title":"Cart\u00f5es de Visita - Hiperfilme_TR","og_description":"[vc_row css=&#8221;.vc_custom_1570784158772{margin-bottom: 4vh !important;}&#8221;][vc_column][vc_single_image image=&#8221;2745&#8243; img_size=&#8221;1920&#215;700&#8243; alignment=&#8221;center&#8221;][vc_column_text] Cart\u00f5es de Visita Personalizados em diferentes materiais, cores e dimens\u00f5es. [\/vc_column_text][vc_empty_space][\/vc_column][vc_column width=&#8221;1\/2&#8243; offset=&#8221;vc_col-lg-3 vc_col-md-3 vc_col-xs-12&#8243;][\/vc_column][vc_column width=&#8221;1\/2&#8243; offset=&#8221;vc_col-lg-3 vc_col-md-3 vc_col-xs-12&#8243;][\/vc_column][vc_column width=&#8221;1\/2&#8243; offset=&#8221;vc_col-lg-3 vc_col-md-3 vc_col-xs-12&#8243;][\/vc_column][vc_column","og_url":"https:\/\/hiperfilme.com\/Site-TR\/impressao\/cartoes-visita\/","og_site_name":"Hiperfilme_TR","article_modified_time":"2020-11-04T04:40:59+00:00","twitter_card":"summary_large_image","twitter_misc":{"Tempo estimado de leitura":"4 minutos"},"schema":{"@context":"https:\/\/schema.org","@graph":[{"@type":"Organization","@id":"https:\/\/hiperfilme.com\/Site-TR\/#organization","name":"Triangulo Requintado","url":"https:\/\/hiperfilme.com\/Site-TR\/","sameAs":[],"logo":{"@type":"ImageObject","@id":"https:\/\/hiperfilme.com\/Site-TR\/#logo","inLanguage":"pt-PT","url":"https:\/\/triangulorequintado.com\/wp-content\/uploads\/2020\/10\/logo-triangulo-requintado-color-248.png","contentUrl":"https:\/\/triangulorequintado.com\/wp-content\/uploads\/2020\/10\/logo-triangulo-requintado-color-248.png","width":248,"height":96,"caption":"Triangulo Requintado"},"image":{"@id":"https:\/\/hiperfilme.com\/Site-TR\/#logo"}},{"@type":"WebSite","@id":"https:\/\/hiperfilme.com\/Site-TR\/#website","url":"https:\/\/hiperfilme.com\/Site-TR\/","name":"Triangulo Requintado","description":"Estampagens e Brindes","publisher":{"@id":"https:\/\/hiperfilme.com\/Site-TR\/#organization"},"potentialAction":[{"@type":"SearchAction","target":{"@type":"EntryPoint","urlTemplate":"https:\/\/hiperfilme.com\/Site-TR\/?s={search_term_string}"},"query-input":"required name=search_term_string"}],"inLanguage":"pt-PT"},{"@type":"WebPage","@id":"https:\/\/hiperfilme.com\/Site-TR\/impressao\/cartoes-visita\/#webpage","url":"https:\/\/hiperfilme.com\/Site-TR\/impressao\/cartoes-visita\/","name":"Cart\u00f5es de Visita - Hiperfilme_TR","isPartOf":{"@id":"https:\/\/hiperfilme.com\/Site-TR\/#website"},"datePublished":"2020-11-04T04:30:34+00:00","dateModified":"2020-11-04T04:40:59+00:00","breadcrumb":{"@id":"https:\/\/hiperfilme.com\/Site-TR\/impressao\/cartoes-visita\/#breadcrumb"},"inLanguage":"pt-PT","potentialAction":[{"@type":"ReadAction","target":["https:\/\/hiperfilme.com\/Site-TR\/impressao\/cartoes-visita\/"]}]},{"@type":"BreadcrumbList","@id":"https:\/\/hiperfilme.com\/Site-TR\/impressao\/cartoes-visita\/#breadcrumb","itemListElement":[{"@type":"ListItem","position":1,"name":"In\u00edcio","item":"https:\/\/hiperfilme.com\/Site-TR\/"},{"@type":"ListItem","position":2,"name":"Impress\u00e3o","item":"https:\/\/hiperfilme.com\/Site-TR\/impressao\/"},{"@type":"ListItem","position":3,"name":"Cart\u00f5es de Visita"}]}]}},"_links":{"self":[{"href":"https:\/\/hiperfilme.com\/Site-TR\/wp-json\/wp\/v2\/pages\/2736"}],"collection":[{"href":"https:\/\/hiperfilme.com\/Site-TR\/wp-json\/wp\/v2\/pages"}],"about":[{"href":"https:\/\/hiperfilme.com\/Site-TR\/wp-json\/wp\/v2\/types\/page"}],"author":[{"embeddable":true,"href":"https:\/\/hiperfilme.com\/Site-TR\/wp-json\/wp\/v2\/users\/57"}],"replies":[{"embeddable":true,"href":"https:\/\/hiperfilme.com\/Site-TR\/wp-json\/wp\/v2\/comments?post=2736"}],"version-history":[{"count":2,"href":"https:\/\/hiperfilme.com\/Site-TR\/wp-json\/wp\/v2\/pages\/2736\/revisions"}],"predecessor-version":[{"id":2746,"href":"https:\/\/hiperfilme.com\/Site-TR\/wp-json\/wp\/v2\/pages\/2736\/revisions\/2746"}],"up":[{"embeddable":true,"href":"https:\/\/hiperfilme.com\/Site-TR\/wp-json\/wp\/v2\/pages\/2327"}],"wp:attachment":[{"href":"https:\/\/hiperfilme.com\/Site-TR\/wp-json\/wp\/v2\/media?parent=2736"}],"curies":[{"name":"wp","href":"https:\/\/api.w.org\/{rel}","templated":true}]}}